{"id":98,"date":"2012-10-15T17:52:16","date_gmt":"2012-10-15T15:52:16","guid":{"rendered":"https:\/\/www.t4franquicias.com\/?page_id=98"},"modified":"2025-05-29T14:03:34","modified_gmt":"2025-05-29T12:03:34","slug":"investidores","status":"publish","type":"page","link":"https:\/\/www.t4franquicias.com\/pt\/servicos-para-franquias\/investidores\/","title":{"rendered":"Investidores"},"content":{"rendered":"<div id=\"the_content\" class=\"row\"><div class=\"cell bg12\"><h3 style=\"text-align: left;\">Atrav\u00e9s do nosso Departamento de Investimento, oferecemos aos franchisadores solu\u00e7\u00f5es tanto para o crescimento como para o desinvestimento.<\/h3>\n<p>O nosso servi\u00e7o est\u00e1 preparado para angariar os recursos necess\u00e1rios para aumentar o ritmo de crescimento, bem como para efetuar opera\u00e7\u00f5es de transfer\u00eancia total ou parcial da empresa, em fun\u00e7\u00e3o das necessidades e interesses dos nossos clientes.<\/p>\n<p>Os servi\u00e7os que oferecemos ao franchisador s\u00e3o:<\/p>\n<ul>\n<li>Aconselhamento e procura de capital de expans\u00e3o para financiar o crescimento org\u00e2nico e\/ou inorg\u00e2nico (compras e aquisi\u00e7\u00f5es)<\/li>\n<li>Aconselhamento em processos de venda de ac\u00e7\u00f5es, filiais e\/ou unidades de neg\u00f3cio<\/li>\n<li>Aconselhamento em processos de compra de empresas e\/ou franchisados<\/li>\n<li>Processo de avalia\u00e7\u00e3o de empresas ou unidades de neg\u00f3cio<\/li>\n<li>Aconselhamento no refinanciamento de d\u00edvidas banc\u00e1rias<\/li>\n<li>Aconselhamento em aspectos relacionados com a mudan\u00e7a geracional na participa\u00e7\u00e3o.<\/li>\n<\/ul>\n<p>Tudo isto \u00e9 gerido por uma equipa especializada em opera\u00e7\u00f5es deste tipo:<\/p>\n<p><strong>1. Angaria\u00e7\u00e3o de recursos financeiros e transfer\u00eancia de empresas:<\/strong>Procuramos e encontramos compradores, totais ou parciais, para empres\u00e1rios de franchising, quer o seu desejo seja a obten\u00e7\u00e3o de uma mais-valia ou a entrada de um parceiro financeiro ou estrat\u00e9gico que melhore a situa\u00e7\u00e3o da empresa, melhorando-a com vista ao seu crescimento, atrav\u00e9s da inje\u00e7\u00e3o dos recursos necess\u00e1rios. Todas as opera\u00e7\u00f5es s\u00e3o tratadas tecnicamente de forma a valorizar a empresa e determinar a troca de ac\u00e7\u00f5es em troca dos recursos obtidos.<\/p>\n<ul>\n<li><strong>Clube de Investidores:<\/strong> O Franchise Investors Club \u00e9 uma rede de Business Angels especializada em projectos de franchising. Somos um grupo de investidores com o objetivo de ligar empreendedores que t\u00eam um plano de neg\u00f3cios ou um projeto em curso numa fase muito inicial e que vai ser desenvolvido sob o sistema de franchising, para contribuir com recursos financeiros, tempo e experi\u00eancia.<\/li>\n<li><strong>Financiamento especializado: <\/strong>Tratamos de outras alternativas de financiamento baseadas em instrumentos financeiros adaptados \u00e0s necessidades das empresas de franchising e que n\u00e3o requerem a entrada de acionistas.<\/li>\n<\/ul>\n<p><strong>2. Fus\u00f5es e aquisi\u00e7\u00f5es:<\/strong>Procuramos parceiros de capital, efectuamos fus\u00f5es e aquisi\u00e7\u00f5es, avaliamos e vendemos empresas e damos apoio em processos negociais desta natureza. Os servi\u00e7os prestados pela T4 Franchises nesta \u00e1rea s\u00e3o os seguintes:<\/p>\n<ul>\n<li>Procura sistem\u00e1tica de potenciais compradores \/ parceiros de capital.<\/li>\n<li>Prepara\u00e7\u00e3o de dossiers t\u00e9cnicos para opera\u00e7\u00f5es de venda.<\/li>\n<li>Determina\u00e7\u00e3o do valor de transfer\u00eancia do neg\u00f3cio.<\/li>\n<li>An\u00e1lise de eventuais conting\u00eancias fiscais e laborais.<\/li>\n<li>Aconselhamento e apoio nos processos de negocia\u00e7\u00e3o.<\/li>\n<li>Implementa\u00e7\u00e3o legal e fiscal das opera\u00e7\u00f5es.<\/li>\n<li>Procura de solu\u00e7\u00f5es para problemas de continuidade de gest\u00e3o.<\/li>\n<li>Assessoria em Joint Venture e Alian\u00e7as Estrat\u00e9gicas.<\/li>\n<\/ul>\n<p>Todos os nossos servi\u00e7os s\u00e3o globais, incluindo todo o trabalho t\u00e9cnico (financeiro e jur\u00eddico), comercial (procura de investidores) e de negocia\u00e7\u00e3o para concluir com \u00eaxito cada uma das opera\u00e7\u00f5es que gerimos.<\/p>\n<\/div><\/div>","protected":false},"excerpt":{"rendered":"<p>Atrav\u00e9s do nosso Departamento de Investimento, oferecemos aos franchisadores solu\u00e7\u00f5es tanto para o crescimento como para o desinvestimento. O nosso servi\u00e7o est\u00e1 preparado para angariar os recursos necess\u00e1rios para aumentar o ritmo de crescimento, bem como para efetuar opera\u00e7\u00f5es de transfer\u00eancia total ou parcial da empresa, em fun\u00e7\u00e3o das necessidades e interesses dos nossos clientes. [&hellip;]<\/p>\n","protected":false},"author":1,"featured_media":0,"parent":17,"menu_order":9,"comment_status":"closed","ping_status":"closed","template":"","meta":{"_acf_changed":false,"footnotes":""},"class_list":["post-98","page","type-page","status-publish","hentry"],"acf":[],"yoast_head":"<!-- This site is optimized with the Yoast SEO Premium plugin v27.2 (Yoast SEO v27.2) - https:\/\/yoast.com\/product\/yoast-seo-premium-wordpress\/ -->\n<title>Inversores para empresas de franquicias<\/title>\n<meta name=\"description\" content=\"Servicio para captar los recursos econ\u00f3micos con los que aumentar el de crecimiento y para realizar operaciones de transmisi\u00f3n total o parcial de la compa\u00f1\u00eda\" \/>\n<meta name=\"robots\" content=\"index, follow, max-snippet:-1, max-image-preview:large, max-video-preview:-1\" \/>\n<link rel=\"canonical\" href=\"https:\/\/www.t4franquicias.com\/pt\/servicos-para-franquias\/investidores\/\" \/>\n<meta property=\"og:locale\" content=\"es_ES\" \/>\n<meta property=\"og:type\" content=\"article\" \/>\n<meta property=\"og:title\" content=\"Investidores\" \/>\n<meta property=\"og:description\" content=\"Servicio para captar los recursos econ\u00f3micos con los que aumentar el de crecimiento y para realizar operaciones de transmisi\u00f3n total o parcial de la compa\u00f1\u00eda\" \/>\n<meta property=\"og:url\" content=\"https:\/\/www.t4franquicias.com\/pt\/servicos-para-franquias\/investidores\/\" \/>\n<meta property=\"og:site_name\" content=\"T4franquicias.com [pt]\" \/>\n<meta property=\"article:publisher\" content=\"https:\/\/www.facebook.com\/T4-Franquicias-270127153112770\/\" \/>\n<meta property=\"article:modified_time\" content=\"2025-05-29T12:03:34+00:00\" \/>\n<meta property=\"og:image\" content=\"https:\/\/i0.wp.com\/www.t4franquicias.com\/wp-content\/uploads\/sites\/4\/2015\/10\/T4FRANQUICIAS_web2.png\" \/>\n\t<meta property=\"og:image:width\" content=\"200\" \/>\n\t<meta property=\"og:image:height\" content=\"176\" \/>\n\t<meta property=\"og:image:type\" content=\"image\/png\" \/>\n<meta name=\"twitter:card\" content=\"summary_large_image\" \/>\n<meta name=\"twitter:site\" content=\"@T4Franquicias\" \/>\n<meta name=\"twitter:label1\" content=\"Tiempo de lectura\" \/>\n\t<meta name=\"twitter:data1\" content=\"2 minutos\" \/>\n<script type=\"application\/ld+json\" class=\"yoast-schema-graph\">{\"@context\":\"https:\/\/schema.org\",\"@graph\":[{\"@type\":\"WebPage\",\"@id\":\"https:\/\/www.t4franquicias.com\/pt\/servicos-para-franquias\/investidores\/\",\"url\":\"https:\/\/www.t4franquicias.com\/pt\/servicos-para-franquias\/investidores\/\",\"name\":\"Inversores para empresas de franquicias\",\"isPartOf\":{\"@id\":\"https:\/\/www.t4franquicias.com\/pt\/#website\"},\"datePublished\":\"2012-10-15T15:52:16+00:00\",\"dateModified\":\"2025-05-29T12:03:34+00:00\",\"description\":\"Servicio para captar los recursos econ\u00f3micos con los que aumentar el de crecimiento y para realizar operaciones de transmisi\u00f3n total o parcial de la compa\u00f1\u00eda\",\"breadcrumb\":{\"@id\":\"https:\/\/www.t4franquicias.com\/pt\/servicos-para-franquias\/investidores\/#breadcrumb\"},\"inLanguage\":\"es\",\"potentialAction\":[{\"@type\":\"ReadAction\",\"target\":[\"https:\/\/www.t4franquicias.com\/pt\/servicos-para-franquias\/investidores\/\"]}]},{\"@type\":\"BreadcrumbList\",\"@id\":\"https:\/\/www.t4franquicias.com\/pt\/servicos-para-franquias\/investidores\/#breadcrumb\",\"itemListElement\":[{\"@type\":\"ListItem\",\"position\":1,\"name\":\"Portada\",\"item\":\"https:\/\/www.t4franquicias.com\/pt\/\"},{\"@type\":\"ListItem\",\"position\":2,\"name\":\"Servi\u00e7os para franquias\",\"item\":\"https:\/\/www.t4franquicias.com\/pt\/servicos-para-franquias\/\"},{\"@type\":\"ListItem\",\"position\":3,\"name\":\"Investidores\"}]},{\"@type\":\"WebSite\",\"@id\":\"https:\/\/www.t4franquicias.com\/pt\/#website\",\"url\":\"https:\/\/www.t4franquicias.com\/pt\/\",\"name\":\"T4 Franquicias\",\"description\":\" Assessores e Consultores de Franquias\",\"publisher\":{\"@id\":\"https:\/\/www.t4franquicias.com\/pt\/#organization\"},\"alternateName\":\"T4 Franquicias\",\"potentialAction\":[{\"@type\":\"SearchAction\",\"target\":{\"@type\":\"EntryPoint\",\"urlTemplate\":\"https:\/\/www.t4franquicias.com\/pt\/?s={search_term_string}\"},\"query-input\":{\"@type\":\"PropertyValueSpecification\",\"valueRequired\":true,\"valueName\":\"search_term_string\"}}],\"inLanguage\":\"es\"},{\"@type\":\"Organization\",\"@id\":\"https:\/\/www.t4franquicias.com\/pt\/#organization\",\"name\":\"T4 Fraqnuicias\",\"alternateName\":\"T4 Franquicias\",\"url\":\"https:\/\/www.t4franquicias.com\/pt\/\",\"logo\":{\"@type\":\"ImageObject\",\"inLanguage\":\"es\",\"@id\":\"https:\/\/www.t4franquicias.com\/pt\/#\/schema\/logo\/image\/\",\"url\":\"https:\/\/www.t4franquicias.com\/wp-content\/uploads\/2018\/04\/t4-logo.svg\",\"contentUrl\":\"https:\/\/www.t4franquicias.com\/wp-content\/uploads\/2018\/04\/t4-logo.svg\",\"width\":1,\"height\":1,\"caption\":\"T4 Fraqnuicias\"},\"image\":{\"@id\":\"https:\/\/www.t4franquicias.com\/pt\/#\/schema\/logo\/image\/\"},\"sameAs\":[\"https:\/\/www.facebook.com\/T4-Franquicias-270127153112770\/\",\"https:\/\/x.com\/T4Franquicias\",\"https:\/\/www.instagram.com\/t4franquicias\/\",\"https:\/\/www.linkedin.com\/authwall?trk=gf&amp;amp;amp;amp;amp;trkInfo=AQG83SA0TyN3UQAAAWMYAdeghPMLtp364yC1mwjqOVe3ltdrpkNISDeFPIu5JnOXZabpHhOck9v-kKJi00EkvJPzGLSsSKwe2E0JZHQKhoOz7ZyIDeTOPiKeS5bj4J2m9m1iR_M=&amp;amp;amp;amp;amp;originalReferer=http:\/\/www.t4franquicias.com\/&amp;amp;amp;amp;amp;sessionRedirect=https:\/\/www.linkedin.com\/company\/t4-franquicias?trk=tyah\"]}]}<\/script>\n<!-- \/ Yoast SEO Premium plugin. -->","yoast_head_json":{"title":"Inversores para empresas de franquicias","description":"Servicio para captar los recursos econ\u00f3micos con los que aumentar el de crecimiento y para realizar operaciones de transmisi\u00f3n total o parcial de la compa\u00f1\u00eda","robots":{"index":"index","follow":"follow","max-snippet":"max-snippet:-1","max-image-preview":"max-image-preview:large","max-video-preview":"max-video-preview:-1"},"canonical":"https:\/\/www.t4franquicias.com\/pt\/servicos-para-franquias\/investidores\/","og_locale":"es_ES","og_type":"article","og_title":"Investidores","og_description":"Servicio para captar los recursos econ\u00f3micos con los que aumentar el de crecimiento y para realizar operaciones de transmisi\u00f3n total o parcial de la compa\u00f1\u00eda","og_url":"https:\/\/www.t4franquicias.com\/pt\/servicos-para-franquias\/investidores\/","og_site_name":"T4franquicias.com [pt]","article_publisher":"https:\/\/www.facebook.com\/T4-Franquicias-270127153112770\/","article_modified_time":"2025-05-29T12:03:34+00:00","og_image":[{"width":200,"height":176,"url":"https:\/\/i0.wp.com\/www.t4franquicias.com\/wp-content\/uploads\/sites\/4\/2015\/10\/T4FRANQUICIAS_web2.png","type":"image\/png"}],"twitter_card":"summary_large_image","twitter_site":"@T4Franquicias","twitter_misc":{"Tiempo de lectura":"2 minutos"},"schema":{"@context":"https:\/\/schema.org","@graph":[{"@type":"WebPage","@id":"https:\/\/www.t4franquicias.com\/pt\/servicos-para-franquias\/investidores\/","url":"https:\/\/www.t4franquicias.com\/pt\/servicos-para-franquias\/investidores\/","name":"Inversores para empresas de franquicias","isPartOf":{"@id":"https:\/\/www.t4franquicias.com\/pt\/#website"},"datePublished":"2012-10-15T15:52:16+00:00","dateModified":"2025-05-29T12:03:34+00:00","description":"Servicio para captar los recursos econ\u00f3micos con los que aumentar el de crecimiento y para realizar operaciones de transmisi\u00f3n total o parcial de la compa\u00f1\u00eda","breadcrumb":{"@id":"https:\/\/www.t4franquicias.com\/pt\/servicos-para-franquias\/investidores\/#breadcrumb"},"inLanguage":"es","potentialAction":[{"@type":"ReadAction","target":["https:\/\/www.t4franquicias.com\/pt\/servicos-para-franquias\/investidores\/"]}]},{"@type":"BreadcrumbList","@id":"https:\/\/www.t4franquicias.com\/pt\/servicos-para-franquias\/investidores\/#breadcrumb","itemListElement":[{"@type":"ListItem","position":1,"name":"Portada","item":"https:\/\/www.t4franquicias.com\/pt\/"},{"@type":"ListItem","position":2,"name":"Servi\u00e7os para franquias","item":"https:\/\/www.t4franquicias.com\/pt\/servicos-para-franquias\/"},{"@type":"ListItem","position":3,"name":"Investidores"}]},{"@type":"WebSite","@id":"https:\/\/www.t4franquicias.com\/pt\/#website","url":"https:\/\/www.t4franquicias.com\/pt\/","name":"T4 Franquicias","description":" Assessores e Consultores de Franquias","publisher":{"@id":"https:\/\/www.t4franquicias.com\/pt\/#organization"},"alternateName":"T4 Franquicias","potentialAction":[{"@type":"SearchAction","target":{"@type":"EntryPoint","urlTemplate":"https:\/\/www.t4franquicias.com\/pt\/?s={search_term_string}"},"query-input":{"@type":"PropertyValueSpecification","valueRequired":true,"valueName":"search_term_string"}}],"inLanguage":"es"},{"@type":"Organization","@id":"https:\/\/www.t4franquicias.com\/pt\/#organization","name":"T4 Fraqnuicias","alternateName":"T4 Franquicias","url":"https:\/\/www.t4franquicias.com\/pt\/","logo":{"@type":"ImageObject","inLanguage":"es","@id":"https:\/\/www.t4franquicias.com\/pt\/#\/schema\/logo\/image\/","url":"https:\/\/www.t4franquicias.com\/wp-content\/uploads\/2018\/04\/t4-logo.svg","contentUrl":"https:\/\/www.t4franquicias.com\/wp-content\/uploads\/2018\/04\/t4-logo.svg","width":1,"height":1,"caption":"T4 Fraqnuicias"},"image":{"@id":"https:\/\/www.t4franquicias.com\/pt\/#\/schema\/logo\/image\/"},"sameAs":["https:\/\/www.facebook.com\/T4-Franquicias-270127153112770\/","https:\/\/x.com\/T4Franquicias","https:\/\/www.instagram.com\/t4franquicias\/","https:\/\/www.linkedin.com\/authwall?trk=gf&amp;amp;amp;amp;amp;trkInfo=AQG83SA0TyN3UQAAAWMYAdeghPMLtp364yC1mwjqOVe3ltdrpkNISDeFPIu5JnOXZabpHhOck9v-kKJi00EkvJPzGLSsSKwe2E0JZHQKhoOz7ZyIDeTOPiKeS5bj4J2m9m1iR_M=&amp;amp;amp;amp;amp;originalReferer=http:\/\/www.t4franquicias.com\/&amp;amp;amp;amp;amp;sessionRedirect=https:\/\/www.linkedin.com\/company\/t4-franquicias?trk=tyah"]}]}},"_links":{"self":[{"href":"https:\/\/www.t4franquicias.com\/pt\/wp-json\/wp\/v2\/pages\/98","targetHints":{"allow":["GET"]}}],"collection":[{"href":"https:\/\/www.t4franquicias.com\/pt\/wp-json\/wp\/v2\/pages"}],"about":[{"href":"https:\/\/www.t4franquicias.com\/pt\/wp-json\/wp\/v2\/types\/page"}],"author":[{"embeddable":true,"href":"https:\/\/www.t4franquicias.com\/pt\/wp-json\/wp\/v2\/users\/1"}],"replies":[{"embeddable":true,"href":"https:\/\/www.t4franquicias.com\/pt\/wp-json\/wp\/v2\/comments?post=98"}],"version-history":[{"count":0,"href":"https:\/\/www.t4franquicias.com\/pt\/wp-json\/wp\/v2\/pages\/98\/revisions"}],"up":[{"embeddable":true,"href":"https:\/\/www.t4franquicias.com\/pt\/wp-json\/wp\/v2\/pages\/17"}],"wp:attachment":[{"href":"https:\/\/www.t4franquicias.com\/pt\/wp-json\/wp\/v2\/media?parent=98"}],"curies":[{"name":"wp","href":"https:\/\/api.w.org\/{rel}","templated":true}]}}