{"id":95,"date":"2012-10-15T17:51:47","date_gmt":"2012-10-15T15:51:47","guid":{"rendered":"https:\/\/www.t4franquicias.com\/?page_id=95"},"modified":"2025-05-19T17:58:15","modified_gmt":"2025-05-19T15:58:15","slug":"servicios-juridicos-para-franquicias","status":"publish","type":"page","link":"https:\/\/www.t4franquicias.com\/pt\/servicos-para-franquias\/servicios-juridicos-para-franquicias\/","title":{"rendered":"Servi\u00e7os jur\u00eddicos para franquias"},"content":{"rendered":"<div id=\"the_content\" class=\"row\"><div class=\"cell bg12\"><h3 class=\"\" data-start=\"185\" data-end=\"222\">Servi\u00e7os jur\u00eddicos para franquias<\/h3>\n<p class=\"\" data-start=\"224\" data-end=\"375\"><strong>Dispor de um apoio jur\u00eddico adequado \u00e9 essencial para qualquer empresa franqueadora, pois constitui a base para garantir a estabilidade da organiza\u00e7\u00e3o.<\/strong><\/p>\n<p class=\"\" data-start=\"377\" data-end=\"555\">As particularidades do sistema de franquia nesta \u00e1rea tornam indispens\u00e1vel contar com profissionais especializados, capazes de lidar com todo o tipo de situa\u00e7\u00f5es e conting\u00eancias.<\/p>\n<p class=\"\" data-start=\"557\" data-end=\"637\">Neste sentido, as principais necessidades jur\u00eddicas de uma rede de franquia s\u00e3o:<\/p>\n<ul data-start=\"639\" data-end=\"1208\">\n<li class=\"\" data-start=\"639\" data-end=\"821\">\n<p class=\"\" data-start=\"641\" data-end=\"821\"><strong>Resolu\u00e7\u00e3o de conflitos internos de diversa gravidade,<\/strong> que v\u00e3o desde incumprimentos contratuais ligeiros at\u00e9 \u00e0 falta de pagamento de royalties ou de outras obriga\u00e7\u00f5es financeiras.<\/p>\n<\/li>\n<li class=\"\" data-start=\"822\" data-end=\"984\">\n<p class=\"\" data-start=\"824\" data-end=\"984\"><strong>Reda\u00e7\u00e3o de contratos de franquia e de documenta\u00e7\u00e3o jur\u00eddica,<\/strong> n\u00e3o apenas no \u00e2mbito das rela\u00e7\u00f5es com os franqueados, mas tamb\u00e9m com fornecedores e\/ou parceiros.<\/p>\n<\/li>\n<li class=\"\" data-start=\"985\" data-end=\"1102\">\n<p class=\"\" data-start=\"987\" data-end=\"1102\"><strong>Adapta\u00e7\u00e3o da documenta\u00e7\u00e3o jur\u00eddica<\/strong> \u00e0s mudan\u00e7as e novidades que v\u00e3o surgindo no enquadramento legal e empresarial.<\/p>\n<\/li>\n<li class=\"\" data-start=\"1103\" data-end=\"1208\">\n<p class=\"\" data-start=\"1105\" data-end=\"1208\">Representa\u00e7\u00e3o em tribunal para a resolu\u00e7\u00e3o de lit\u00edgios que n\u00e3o puderam ser resolvidos por via negocial.<\/p>\n<\/li>\n<\/ul>\n<p class=\"\" data-start=\"1210\" data-end=\"1424\">Um tratamento adequado de todas estas situa\u00e7\u00f5es \u00e9 fundamental para manter, em perman\u00eancia, uma posi\u00e7\u00e3o firme e de lideran\u00e7a \u2014 o que permitir\u00e1 dispor da base de neg\u00f3cio certa para desenvolver e expandir a sua marca.<\/p>\n<p class=\"\" data-start=\"1426\" data-end=\"1572\">Na <strong>T4 Franquias<\/strong>, desenvolvemos in\u00fameros contratos de parceria comercial e particip\u00e1mos ativamente na preven\u00e7\u00e3o de conflitos em m\u00faltiplas empresas.<\/p>\n<\/div><\/div>","protected":false},"excerpt":{"rendered":"<p>Servi\u00e7os jur\u00eddicos para franquias Dispor de um apoio jur\u00eddico adequado \u00e9 essencial para qualquer empresa franqueadora, pois constitui a base para garantir a estabilidade da organiza\u00e7\u00e3o. As particularidades do sistema de franquia nesta \u00e1rea tornam indispens\u00e1vel contar com profissionais especializados, capazes de lidar com todo o tipo de situa\u00e7\u00f5es e conting\u00eancias. Neste sentido, as principais [&hellip;]<\/p>\n","protected":false},"author":1,"featured_media":0,"parent":17,"menu_order":7,"comment_status":"closed","ping_status":"closed","template":"","meta":{"_acf_changed":false,"footnotes":""},"class_list":["post-95","page","type-page","status-publish","hentry"],"acf":[],"yoast_head":"<!-- This site is optimized with the Yoast SEO Premium plugin v27.2 (Yoast SEO v27.2) - https:\/\/yoast.com\/product\/yoast-seo-premium-wordpress\/ -->\n<title>Servi\u00e7os jur\u00eddicos para franquias - T4 Franquicias<\/title>\n<meta name=\"description\" content=\"Oferecemos servi\u00e7os jur\u00eddicos para franquias, como a resolu\u00e7\u00e3o de conflitos internos e a reda\u00e7\u00e3o e adapta\u00e7\u00e3o de contratos.\" \/>\n<meta name=\"robots\" content=\"index, follow, max-snippet:-1, max-image-preview:large, max-video-preview:-1\" \/>\n<link rel=\"canonical\" href=\"https:\/\/www.t4franquicias.com\/pt\/servicos-para-franquias\/servicios-juridicos-para-franquicias\/\" \/>\n<meta property=\"og:locale\" content=\"es_ES\" \/>\n<meta property=\"og:type\" content=\"article\" \/>\n<meta property=\"og:title\" content=\"Servi\u00e7os jur\u00eddicos para franquias\" \/>\n<meta property=\"og:description\" content=\"Oferecemos servi\u00e7os jur\u00eddicos para franquias, como a resolu\u00e7\u00e3o de conflitos internos e a reda\u00e7\u00e3o e adapta\u00e7\u00e3o de contratos.\" \/>\n<meta property=\"og:url\" content=\"https:\/\/www.t4franquicias.com\/pt\/servicos-para-franquias\/servicios-juridicos-para-franquicias\/\" \/>\n<meta property=\"og:site_name\" content=\"T4franquicias.com [pt]\" \/>\n<meta property=\"article:publisher\" content=\"https:\/\/www.facebook.com\/T4-Franquicias-270127153112770\/\" \/>\n<meta property=\"article:modified_time\" content=\"2025-05-19T15:58:15+00:00\" \/>\n<meta property=\"og:image\" content=\"https:\/\/i0.wp.com\/www.t4franquicias.com\/wp-content\/uploads\/sites\/4\/2015\/10\/T4FRANQUICIAS_web2.png\" \/>\n\t<meta property=\"og:image:width\" content=\"200\" \/>\n\t<meta property=\"og:image:height\" content=\"176\" \/>\n\t<meta property=\"og:image:type\" content=\"image\/png\" \/>\n<meta name=\"twitter:card\" content=\"summary_large_image\" \/>\n<meta name=\"twitter:site\" content=\"@T4Franquicias\" \/>\n<meta name=\"twitter:label1\" content=\"Tiempo de lectura\" \/>\n\t<meta name=\"twitter:data1\" content=\"1 minuto\" \/>\n<script type=\"application\/ld+json\" class=\"yoast-schema-graph\">{\"@context\":\"https:\/\/schema.org\",\"@graph\":[{\"@type\":\"WebPage\",\"@id\":\"https:\/\/www.t4franquicias.com\/pt\/servicos-para-franquias\/servicios-juridicos-para-franquicias\/\",\"url\":\"https:\/\/www.t4franquicias.com\/pt\/servicos-para-franquias\/servicios-juridicos-para-franquicias\/\",\"name\":\"Servi\u00e7os jur\u00eddicos para franquias - T4 Franquicias\",\"isPartOf\":{\"@id\":\"https:\/\/www.t4franquicias.com\/pt\/#website\"},\"datePublished\":\"2012-10-15T15:51:47+00:00\",\"dateModified\":\"2025-05-19T15:58:15+00:00\",\"description\":\"Oferecemos servi\u00e7os jur\u00eddicos para franquias, como a resolu\u00e7\u00e3o de conflitos internos e a reda\u00e7\u00e3o e adapta\u00e7\u00e3o de contratos.\",\"breadcrumb\":{\"@id\":\"https:\/\/www.t4franquicias.com\/pt\/servicos-para-franquias\/servicios-juridicos-para-franquicias\/#breadcrumb\"},\"inLanguage\":\"es\",\"potentialAction\":[{\"@type\":\"ReadAction\",\"target\":[\"https:\/\/www.t4franquicias.com\/pt\/servicos-para-franquias\/servicios-juridicos-para-franquicias\/\"]}]},{\"@type\":\"BreadcrumbList\",\"@id\":\"https:\/\/www.t4franquicias.com\/pt\/servicos-para-franquias\/servicios-juridicos-para-franquicias\/#breadcrumb\",\"itemListElement\":[{\"@type\":\"ListItem\",\"position\":1,\"name\":\"Portada\",\"item\":\"https:\/\/www.t4franquicias.com\/pt\/\"},{\"@type\":\"ListItem\",\"position\":2,\"name\":\"Servi\u00e7os para franquias\",\"item\":\"https:\/\/www.t4franquicias.com\/pt\/servicos-para-franquias\/\"},{\"@type\":\"ListItem\",\"position\":3,\"name\":\"Servi\u00e7os jur\u00eddicos para franquias\"}]},{\"@type\":\"WebSite\",\"@id\":\"https:\/\/www.t4franquicias.com\/pt\/#website\",\"url\":\"https:\/\/www.t4franquicias.com\/pt\/\",\"name\":\"T4 Franquicias\",\"description\":\" Assessores e Consultores de Franquias\",\"publisher\":{\"@id\":\"https:\/\/www.t4franquicias.com\/pt\/#organization\"},\"alternateName\":\"T4 Franquicias\",\"potentialAction\":[{\"@type\":\"SearchAction\",\"target\":{\"@type\":\"EntryPoint\",\"urlTemplate\":\"https:\/\/www.t4franquicias.com\/pt\/?s={search_term_string}\"},\"query-input\":{\"@type\":\"PropertyValueSpecification\",\"valueRequired\":true,\"valueName\":\"search_term_string\"}}],\"inLanguage\":\"es\"},{\"@type\":\"Organization\",\"@id\":\"https:\/\/www.t4franquicias.com\/pt\/#organization\",\"name\":\"T4 Fraqnuicias\",\"alternateName\":\"T4 Franquicias\",\"url\":\"https:\/\/www.t4franquicias.com\/pt\/\",\"logo\":{\"@type\":\"ImageObject\",\"inLanguage\":\"es\",\"@id\":\"https:\/\/www.t4franquicias.com\/pt\/#\/schema\/logo\/image\/\",\"url\":\"https:\/\/www.t4franquicias.com\/wp-content\/uploads\/2018\/04\/t4-logo.svg\",\"contentUrl\":\"https:\/\/www.t4franquicias.com\/wp-content\/uploads\/2018\/04\/t4-logo.svg\",\"width\":1,\"height\":1,\"caption\":\"T4 Fraqnuicias\"},\"image\":{\"@id\":\"https:\/\/www.t4franquicias.com\/pt\/#\/schema\/logo\/image\/\"},\"sameAs\":[\"https:\/\/www.facebook.com\/T4-Franquicias-270127153112770\/\",\"https:\/\/x.com\/T4Franquicias\",\"https:\/\/www.instagram.com\/t4franquicias\/\",\"https:\/\/www.linkedin.com\/authwall?trk=gf&amp;amp;amp;amp;amp;trkInfo=AQG83SA0TyN3UQAAAWMYAdeghPMLtp364yC1mwjqOVe3ltdrpkNISDeFPIu5JnOXZabpHhOck9v-kKJi00EkvJPzGLSsSKwe2E0JZHQKhoOz7ZyIDeTOPiKeS5bj4J2m9m1iR_M=&amp;amp;amp;amp;amp;originalReferer=http:\/\/www.t4franquicias.com\/&amp;amp;amp;amp;amp;sessionRedirect=https:\/\/www.linkedin.com\/company\/t4-franquicias?trk=tyah\"]}]}<\/script>\n<!-- \/ Yoast SEO Premium plugin. -->","yoast_head_json":{"title":"Servi\u00e7os jur\u00eddicos para franquias - T4 Franquicias","description":"Oferecemos servi\u00e7os jur\u00eddicos para franquias, como a resolu\u00e7\u00e3o de conflitos internos e a reda\u00e7\u00e3o e adapta\u00e7\u00e3o de contratos.","robots":{"index":"index","follow":"follow","max-snippet":"max-snippet:-1","max-image-preview":"max-image-preview:large","max-video-preview":"max-video-preview:-1"},"canonical":"https:\/\/www.t4franquicias.com\/pt\/servicos-para-franquias\/servicios-juridicos-para-franquicias\/","og_locale":"es_ES","og_type":"article","og_title":"Servi\u00e7os jur\u00eddicos para franquias","og_description":"Oferecemos servi\u00e7os jur\u00eddicos para franquias, como a resolu\u00e7\u00e3o de conflitos internos e a reda\u00e7\u00e3o e adapta\u00e7\u00e3o de contratos.","og_url":"https:\/\/www.t4franquicias.com\/pt\/servicos-para-franquias\/servicios-juridicos-para-franquicias\/","og_site_name":"T4franquicias.com [pt]","article_publisher":"https:\/\/www.facebook.com\/T4-Franquicias-270127153112770\/","article_modified_time":"2025-05-19T15:58:15+00:00","og_image":[{"width":200,"height":176,"url":"https:\/\/i0.wp.com\/www.t4franquicias.com\/wp-content\/uploads\/sites\/4\/2015\/10\/T4FRANQUICIAS_web2.png","type":"image\/png"}],"twitter_card":"summary_large_image","twitter_site":"@T4Franquicias","twitter_misc":{"Tiempo de lectura":"1 minuto"},"schema":{"@context":"https:\/\/schema.org","@graph":[{"@type":"WebPage","@id":"https:\/\/www.t4franquicias.com\/pt\/servicos-para-franquias\/servicios-juridicos-para-franquicias\/","url":"https:\/\/www.t4franquicias.com\/pt\/servicos-para-franquias\/servicios-juridicos-para-franquicias\/","name":"Servi\u00e7os jur\u00eddicos para franquias - T4 Franquicias","isPartOf":{"@id":"https:\/\/www.t4franquicias.com\/pt\/#website"},"datePublished":"2012-10-15T15:51:47+00:00","dateModified":"2025-05-19T15:58:15+00:00","description":"Oferecemos servi\u00e7os jur\u00eddicos para franquias, como a resolu\u00e7\u00e3o de conflitos internos e a reda\u00e7\u00e3o e adapta\u00e7\u00e3o de contratos.","breadcrumb":{"@id":"https:\/\/www.t4franquicias.com\/pt\/servicos-para-franquias\/servicios-juridicos-para-franquicias\/#breadcrumb"},"inLanguage":"es","potentialAction":[{"@type":"ReadAction","target":["https:\/\/www.t4franquicias.com\/pt\/servicos-para-franquias\/servicios-juridicos-para-franquicias\/"]}]},{"@type":"BreadcrumbList","@id":"https:\/\/www.t4franquicias.com\/pt\/servicos-para-franquias\/servicios-juridicos-para-franquicias\/#breadcrumb","itemListElement":[{"@type":"ListItem","position":1,"name":"Portada","item":"https:\/\/www.t4franquicias.com\/pt\/"},{"@type":"ListItem","position":2,"name":"Servi\u00e7os para franquias","item":"https:\/\/www.t4franquicias.com\/pt\/servicos-para-franquias\/"},{"@type":"ListItem","position":3,"name":"Servi\u00e7os jur\u00eddicos para franquias"}]},{"@type":"WebSite","@id":"https:\/\/www.t4franquicias.com\/pt\/#website","url":"https:\/\/www.t4franquicias.com\/pt\/","name":"T4 Franquicias","description":" Assessores e Consultores de Franquias","publisher":{"@id":"https:\/\/www.t4franquicias.com\/pt\/#organization"},"alternateName":"T4 Franquicias","potentialAction":[{"@type":"SearchAction","target":{"@type":"EntryPoint","urlTemplate":"https:\/\/www.t4franquicias.com\/pt\/?s={search_term_string}"},"query-input":{"@type":"PropertyValueSpecification","valueRequired":true,"valueName":"search_term_string"}}],"inLanguage":"es"},{"@type":"Organization","@id":"https:\/\/www.t4franquicias.com\/pt\/#organization","name":"T4 Fraqnuicias","alternateName":"T4 Franquicias","url":"https:\/\/www.t4franquicias.com\/pt\/","logo":{"@type":"ImageObject","inLanguage":"es","@id":"https:\/\/www.t4franquicias.com\/pt\/#\/schema\/logo\/image\/","url":"https:\/\/www.t4franquicias.com\/wp-content\/uploads\/2018\/04\/t4-logo.svg","contentUrl":"https:\/\/www.t4franquicias.com\/wp-content\/uploads\/2018\/04\/t4-logo.svg","width":1,"height":1,"caption":"T4 Fraqnuicias"},"image":{"@id":"https:\/\/www.t4franquicias.com\/pt\/#\/schema\/logo\/image\/"},"sameAs":["https:\/\/www.facebook.com\/T4-Franquicias-270127153112770\/","https:\/\/x.com\/T4Franquicias","https:\/\/www.instagram.com\/t4franquicias\/","https:\/\/www.linkedin.com\/authwall?trk=gf&amp;amp;amp;amp;amp;trkInfo=AQG83SA0TyN3UQAAAWMYAdeghPMLtp364yC1mwjqOVe3ltdrpkNISDeFPIu5JnOXZabpHhOck9v-kKJi00EkvJPzGLSsSKwe2E0JZHQKhoOz7ZyIDeTOPiKeS5bj4J2m9m1iR_M=&amp;amp;amp;amp;amp;originalReferer=http:\/\/www.t4franquicias.com\/&amp;amp;amp;amp;amp;sessionRedirect=https:\/\/www.linkedin.com\/company\/t4-franquicias?trk=tyah"]}]}},"_links":{"self":[{"href":"https:\/\/www.t4franquicias.com\/pt\/wp-json\/wp\/v2\/pages\/95","targetHints":{"allow":["GET"]}}],"collection":[{"href":"https:\/\/www.t4franquicias.com\/pt\/wp-json\/wp\/v2\/pages"}],"about":[{"href":"https:\/\/www.t4franquicias.com\/pt\/wp-json\/wp\/v2\/types\/page"}],"author":[{"embeddable":true,"href":"https:\/\/www.t4franquicias.com\/pt\/wp-json\/wp\/v2\/users\/1"}],"replies":[{"embeddable":true,"href":"https:\/\/www.t4franquicias.com\/pt\/wp-json\/wp\/v2\/comments?post=95"}],"version-history":[{"count":0,"href":"https:\/\/www.t4franquicias.com\/pt\/wp-json\/wp\/v2\/pages\/95\/revisions"}],"up":[{"embeddable":true,"href":"https:\/\/www.t4franquicias.com\/pt\/wp-json\/wp\/v2\/pages\/17"}],"wp:attachment":[{"href":"https:\/\/www.t4franquicias.com\/pt\/wp-json\/wp\/v2\/media?parent=95"}],"curies":[{"name":"wp","href":"https:\/\/api.w.org\/{rel}","templated":true}]}}