{"id":8930,"date":"2020-01-28T13:56:04","date_gmt":"2020-01-28T12:56:04","guid":{"rendered":"https:\/\/www.t4franquicias.com\/?page_id=8930"},"modified":"2025-05-29T13:44:17","modified_gmt":"2025-05-29T11:44:17","slug":"aconselhamento-personalizado-de-franquias","status":"publish","type":"page","link":"https:\/\/www.t4franquicias.com\/pt\/servicos-para-franquias\/aconselhamento-personalizado-de-franquias\/","title":{"rendered":"Aconselhamento personalizado de franquias"},"content":{"rendered":"<div id=\"the_content\" class=\"row\"><div class=\"cell bg12\"><p data-start=\"0\" data-end=\"424\">Quando um investidor decide escolher entre diferentes marcas de franquia, um dos primeiros obst\u00e1culos \u2014 e, ao mesmo tempo, uma das grandes vantagens \u2014 \u00e9 a vasta oferta existente. Uma decis\u00e3o t\u00e3o importante como integrar-se numa rede de franquias exige um processo de an\u00e1lise completo. Ao longo deste processo, ser\u00e1 poss\u00edvel recolher a informa\u00e7\u00e3o mais relevante e refletir sobre as reais possibilidades de integra\u00e7\u00e3o na rede.<\/p>\n<p data-start=\"426\" data-end=\"985\">Atualmente, existem em Portugal mais de 1.700 cadeias de franquia. Nem todas representam as mesmas oportunidades de neg\u00f3cio, nem oferecem as mesmas garantias de futuro. Muitas s\u00e3o neg\u00f3cios emergentes, ainda pouco conhecidos, mas com um enorme potencial. Por isso, na <strong data-start=\"693\" data-end=\"709\">T4 Franquias<\/strong> oferecemos o servi\u00e7o de <strong data-start=\"734\" data-end=\"779\">Aconselhamento Personalizado em Franquias<\/strong>, com o objetivo de facilitar a sua integra\u00e7\u00e3o bem-sucedida e com garantias numa rede de franchising, prestando-lhe em todos os momentos o apoio e a assist\u00eancia de que qualquer futuro franchisado necessita.<\/p>\n<p data-start=\"987\" data-end=\"1408\">Gra\u00e7as \u00e0 experi\u00eancia adquirida atrav\u00e9s dos in\u00fameros projetos realizados e ao nosso contacto e envolvimento permanente com o mundo do franchising, conseguimos oferecer acesso \u00e0 informa\u00e7\u00e3o mais completa do setor. Este servi\u00e7o de <strong data-start=\"1214\" data-end=\"1246\">Aconselhamento Personalizado<\/strong> ajud\u00e1-lo-\u00e1 a identificar os setores de atividade mais adequados e, dentro destes, as franquias mais alinhadas com as suas necessidades, com a m\u00e1xima fiabilidade.<\/p>\n<p data-start=\"1410\" data-end=\"1450\"><strong data-start=\"1410\" data-end=\"1450\">Acompanhamos todo o processo consigo<\/strong><\/p>\n<p data-start=\"1452\" data-end=\"1932\">O nosso conhecimento do setor permite-nos apresentar-lhe <strong data-start=\"1509\" data-end=\"1548\">oportunidades de neg\u00f3cio exclusivas<\/strong>, redes de franquia consolidadas e setores emergentes, assim como dar-lhe a conhecer m\u00faltiplas op\u00e7\u00f5es e possibilidades de investimento que talvez desconhe\u00e7a. Estaremos sempre ao seu lado, oferecendo-lhe apoio cont\u00ednuo. Com o servi\u00e7o de Aconselhamento Personalizado, acompanh\u00e1-lo-emos desde a sele\u00e7\u00e3o das franquias mais adequadas aos seus interesses at\u00e9 \u00e0 sua total integra\u00e7\u00e3o na rede.<\/p>\n<p data-start=\"1934\" data-end=\"2122\" data-is-last-node=\"\" data-is-only-node=\"\">Dispomos de toda a informa\u00e7\u00e3o necess\u00e1ria: bases de dados, relat\u00f3rios que analisam e avaliam cada franquia e, em geral, a documenta\u00e7\u00e3o mais completa para garantir que tome a melhor decis\u00e3o.<\/p>\n<\/div><\/div>","protected":false},"excerpt":{"rendered":"<p>Quando um investidor decide escolher entre diferentes marcas de franquia, um dos primeiros obst\u00e1culos \u2014 e, ao mesmo tempo, uma das grandes vantagens \u2014 \u00e9 a vasta oferta existente. Uma decis\u00e3o t\u00e3o importante como integrar-se numa rede de franquias exige um processo de an\u00e1lise completo. Ao longo deste processo, ser\u00e1 poss\u00edvel recolher a informa\u00e7\u00e3o mais [&hellip;]<\/p>\n","protected":false},"author":1,"featured_media":8682,"parent":17,"menu_order":4,"comment_status":"closed","ping_status":"closed","template":"","meta":{"_acf_changed":false,"footnotes":""},"class_list":["post-8930","page","type-page","status-publish","has-post-thumbnail","hentry"],"acf":[],"yoast_head":"<!-- This site is optimized with the Yoast SEO Premium plugin v27.2 (Yoast SEO v27.2) - https:\/\/yoast.com\/product\/yoast-seo-premium-wordpress\/ -->\n<title>Aconselhamento personalizado de franquias<\/title>\n<meta name=\"description\" content=\"T4 Franquias oferecemos o servi\u00e7o de Aconselhamento Personalizado em Franquias. Consulte-nos sem compromisso para mais informa\u00e7\u00f5es.\" \/>\n<meta name=\"robots\" content=\"index, follow, max-snippet:-1, max-image-preview:large, max-video-preview:-1\" \/>\n<link rel=\"canonical\" href=\"https:\/\/www.t4franquicias.com\/pt\/servicos-para-franquias\/aconselhamento-personalizado-de-franquias\/\" \/>\n<meta property=\"og:locale\" content=\"es_ES\" \/>\n<meta property=\"og:type\" content=\"article\" \/>\n<meta property=\"og:title\" content=\"Aconselhamento personalizado de franquias\" \/>\n<meta property=\"og:description\" content=\"T4 Franquias oferecemos o servi\u00e7o de Aconselhamento Personalizado em Franquias. Consulte-nos sem compromisso para mais informa\u00e7\u00f5es.\" \/>\n<meta property=\"og:url\" content=\"https:\/\/www.t4franquicias.com\/pt\/servicos-para-franquias\/aconselhamento-personalizado-de-franquias\/\" \/>\n<meta property=\"og:site_name\" content=\"T4franquicias.com [pt]\" \/>\n<meta property=\"article:publisher\" content=\"https:\/\/www.facebook.com\/T4-Franquicias-270127153112770\/\" \/>\n<meta property=\"article:modified_time\" content=\"2025-05-29T11:44:17+00:00\" \/>\n<meta property=\"og:image\" content=\"https:\/\/www.t4franquicias.com\/pt\/wp-content\/uploads\/sites\/4\/2019\/10\/Foto-web.jpg\" \/>\n\t<meta property=\"og:image:width\" content=\"2437\" \/>\n\t<meta property=\"og:image:height\" content=\"2470\" \/>\n\t<meta property=\"og:image:type\" content=\"image\/jpeg\" \/>\n<meta name=\"twitter:card\" content=\"summary_large_image\" \/>\n<meta name=\"twitter:site\" content=\"@T4Franquicias\" \/>\n<meta name=\"twitter:label1\" content=\"Tiempo de lectura\" \/>\n\t<meta name=\"twitter:data1\" content=\"2 minutos\" \/>\n<script type=\"application\/ld+json\" class=\"yoast-schema-graph\">{\"@context\":\"https:\/\/schema.org\",\"@graph\":[{\"@type\":\"WebPage\",\"@id\":\"https:\/\/www.t4franquicias.com\/pt\/servicos-para-franquias\/aconselhamento-personalizado-de-franquias\/\",\"url\":\"https:\/\/www.t4franquicias.com\/pt\/servicos-para-franquias\/aconselhamento-personalizado-de-franquias\/\",\"name\":\"Aconselhamento personalizado de franquias\",\"isPartOf\":{\"@id\":\"https:\/\/www.t4franquicias.com\/pt\/#website\"},\"primaryImageOfPage\":{\"@id\":\"https:\/\/www.t4franquicias.com\/pt\/servicos-para-franquias\/aconselhamento-personalizado-de-franquias\/#primaryimage\"},\"image\":{\"@id\":\"https:\/\/www.t4franquicias.com\/pt\/servicos-para-franquias\/aconselhamento-personalizado-de-franquias\/#primaryimage\"},\"thumbnailUrl\":\"https:\/\/i0.wp.com\/www.t4franquicias.com\/wp-content\/uploads\/sites\/4\/2019\/10\/Foto-web.jpg\",\"datePublished\":\"2020-01-28T12:56:04+00:00\",\"dateModified\":\"2025-05-29T11:44:17+00:00\",\"description\":\"T4 Franquias oferecemos o servi\u00e7o de Aconselhamento Personalizado em Franquias. Consulte-nos sem compromisso para mais informa\u00e7\u00f5es.\",\"breadcrumb\":{\"@id\":\"https:\/\/www.t4franquicias.com\/pt\/servicos-para-franquias\/aconselhamento-personalizado-de-franquias\/#breadcrumb\"},\"inLanguage\":\"es\",\"potentialAction\":[{\"@type\":\"ReadAction\",\"target\":[\"https:\/\/www.t4franquicias.com\/pt\/servicos-para-franquias\/aconselhamento-personalizado-de-franquias\/\"]}]},{\"@type\":\"ImageObject\",\"inLanguage\":\"es\",\"@id\":\"https:\/\/www.t4franquicias.com\/pt\/servicos-para-franquias\/aconselhamento-personalizado-de-franquias\/#primaryimage\",\"url\":\"https:\/\/i0.wp.com\/www.t4franquicias.com\/wp-content\/uploads\/sites\/4\/2019\/10\/Foto-web.jpg\",\"contentUrl\":\"https:\/\/i0.wp.com\/www.t4franquicias.com\/wp-content\/uploads\/sites\/4\/2019\/10\/Foto-web.jpg\",\"width\":2437,\"height\":2470,\"caption\":\"Asesoramiento personal de franquicias de T4 Franquicias\"},{\"@type\":\"BreadcrumbList\",\"@id\":\"https:\/\/www.t4franquicias.com\/pt\/servicos-para-franquias\/aconselhamento-personalizado-de-franquias\/#breadcrumb\",\"itemListElement\":[{\"@type\":\"ListItem\",\"position\":1,\"name\":\"Portada\",\"item\":\"https:\/\/www.t4franquicias.com\/pt\/\"},{\"@type\":\"ListItem\",\"position\":2,\"name\":\"Servi\u00e7os para franquias\",\"item\":\"https:\/\/www.t4franquicias.com\/pt\/servicos-para-franquias\/\"},{\"@type\":\"ListItem\",\"position\":3,\"name\":\"Aconselhamento personalizado de franquias\"}]},{\"@type\":\"WebSite\",\"@id\":\"https:\/\/www.t4franquicias.com\/pt\/#website\",\"url\":\"https:\/\/www.t4franquicias.com\/pt\/\",\"name\":\"T4 Franquicias\",\"description\":\" Assessores e Consultores de Franquias\",\"publisher\":{\"@id\":\"https:\/\/www.t4franquicias.com\/pt\/#organization\"},\"alternateName\":\"T4 Franquicias\",\"potentialAction\":[{\"@type\":\"SearchAction\",\"target\":{\"@type\":\"EntryPoint\",\"urlTemplate\":\"https:\/\/www.t4franquicias.com\/pt\/?s={search_term_string}\"},\"query-input\":{\"@type\":\"PropertyValueSpecification\",\"valueRequired\":true,\"valueName\":\"search_term_string\"}}],\"inLanguage\":\"es\"},{\"@type\":\"Organization\",\"@id\":\"https:\/\/www.t4franquicias.com\/pt\/#organization\",\"name\":\"T4 Fraqnuicias\",\"alternateName\":\"T4 Franquicias\",\"url\":\"https:\/\/www.t4franquicias.com\/pt\/\",\"logo\":{\"@type\":\"ImageObject\",\"inLanguage\":\"es\",\"@id\":\"https:\/\/www.t4franquicias.com\/pt\/#\/schema\/logo\/image\/\",\"url\":\"https:\/\/www.t4franquicias.com\/wp-content\/uploads\/2018\/04\/t4-logo.svg\",\"contentUrl\":\"https:\/\/www.t4franquicias.com\/wp-content\/uploads\/2018\/04\/t4-logo.svg\",\"width\":1,\"height\":1,\"caption\":\"T4 Fraqnuicias\"},\"image\":{\"@id\":\"https:\/\/www.t4franquicias.com\/pt\/#\/schema\/logo\/image\/\"},\"sameAs\":[\"https:\/\/www.facebook.com\/T4-Franquicias-270127153112770\/\",\"https:\/\/x.com\/T4Franquicias\",\"https:\/\/www.instagram.com\/t4franquicias\/\",\"https:\/\/www.linkedin.com\/authwall?trk=gf&amp;amp;amp;amp;amp;trkInfo=AQG83SA0TyN3UQAAAWMYAdeghPMLtp364yC1mwjqOVe3ltdrpkNISDeFPIu5JnOXZabpHhOck9v-kKJi00EkvJPzGLSsSKwe2E0JZHQKhoOz7ZyIDeTOPiKeS5bj4J2m9m1iR_M=&amp;amp;amp;amp;amp;originalReferer=http:\/\/www.t4franquicias.com\/&amp;amp;amp;amp;amp;sessionRedirect=https:\/\/www.linkedin.com\/company\/t4-franquicias?trk=tyah\"]}]}<\/script>\n<!-- \/ Yoast SEO Premium plugin. -->","yoast_head_json":{"title":"Aconselhamento personalizado de franquias","description":"T4 Franquias oferecemos o servi\u00e7o de Aconselhamento Personalizado em Franquias. Consulte-nos sem compromisso para mais informa\u00e7\u00f5es.","robots":{"index":"index","follow":"follow","max-snippet":"max-snippet:-1","max-image-preview":"max-image-preview:large","max-video-preview":"max-video-preview:-1"},"canonical":"https:\/\/www.t4franquicias.com\/pt\/servicos-para-franquias\/aconselhamento-personalizado-de-franquias\/","og_locale":"es_ES","og_type":"article","og_title":"Aconselhamento personalizado de franquias","og_description":"T4 Franquias oferecemos o servi\u00e7o de Aconselhamento Personalizado em Franquias. Consulte-nos sem compromisso para mais informa\u00e7\u00f5es.","og_url":"https:\/\/www.t4franquicias.com\/pt\/servicos-para-franquias\/aconselhamento-personalizado-de-franquias\/","og_site_name":"T4franquicias.com [pt]","article_publisher":"https:\/\/www.facebook.com\/T4-Franquicias-270127153112770\/","article_modified_time":"2025-05-29T11:44:17+00:00","og_image":[{"width":2437,"height":2470,"url":"https:\/\/www.t4franquicias.com\/pt\/wp-content\/uploads\/sites\/4\/2019\/10\/Foto-web.jpg","type":"image\/jpeg"}],"twitter_card":"summary_large_image","twitter_site":"@T4Franquicias","twitter_misc":{"Tiempo de lectura":"2 minutos"},"schema":{"@context":"https:\/\/schema.org","@graph":[{"@type":"WebPage","@id":"https:\/\/www.t4franquicias.com\/pt\/servicos-para-franquias\/aconselhamento-personalizado-de-franquias\/","url":"https:\/\/www.t4franquicias.com\/pt\/servicos-para-franquias\/aconselhamento-personalizado-de-franquias\/","name":"Aconselhamento personalizado de franquias","isPartOf":{"@id":"https:\/\/www.t4franquicias.com\/pt\/#website"},"primaryImageOfPage":{"@id":"https:\/\/www.t4franquicias.com\/pt\/servicos-para-franquias\/aconselhamento-personalizado-de-franquias\/#primaryimage"},"image":{"@id":"https:\/\/www.t4franquicias.com\/pt\/servicos-para-franquias\/aconselhamento-personalizado-de-franquias\/#primaryimage"},"thumbnailUrl":"https:\/\/i0.wp.com\/www.t4franquicias.com\/wp-content\/uploads\/sites\/4\/2019\/10\/Foto-web.jpg","datePublished":"2020-01-28T12:56:04+00:00","dateModified":"2025-05-29T11:44:17+00:00","description":"T4 Franquias oferecemos o servi\u00e7o de Aconselhamento Personalizado em Franquias. Consulte-nos sem compromisso para mais informa\u00e7\u00f5es.","breadcrumb":{"@id":"https:\/\/www.t4franquicias.com\/pt\/servicos-para-franquias\/aconselhamento-personalizado-de-franquias\/#breadcrumb"},"inLanguage":"es","potentialAction":[{"@type":"ReadAction","target":["https:\/\/www.t4franquicias.com\/pt\/servicos-para-franquias\/aconselhamento-personalizado-de-franquias\/"]}]},{"@type":"ImageObject","inLanguage":"es","@id":"https:\/\/www.t4franquicias.com\/pt\/servicos-para-franquias\/aconselhamento-personalizado-de-franquias\/#primaryimage","url":"https:\/\/i0.wp.com\/www.t4franquicias.com\/wp-content\/uploads\/sites\/4\/2019\/10\/Foto-web.jpg","contentUrl":"https:\/\/i0.wp.com\/www.t4franquicias.com\/wp-content\/uploads\/sites\/4\/2019\/10\/Foto-web.jpg","width":2437,"height":2470,"caption":"Asesoramiento personal de franquicias de T4 Franquicias"},{"@type":"BreadcrumbList","@id":"https:\/\/www.t4franquicias.com\/pt\/servicos-para-franquias\/aconselhamento-personalizado-de-franquias\/#breadcrumb","itemListElement":[{"@type":"ListItem","position":1,"name":"Portada","item":"https:\/\/www.t4franquicias.com\/pt\/"},{"@type":"ListItem","position":2,"name":"Servi\u00e7os para franquias","item":"https:\/\/www.t4franquicias.com\/pt\/servicos-para-franquias\/"},{"@type":"ListItem","position":3,"name":"Aconselhamento personalizado de franquias"}]},{"@type":"WebSite","@id":"https:\/\/www.t4franquicias.com\/pt\/#website","url":"https:\/\/www.t4franquicias.com\/pt\/","name":"T4 Franquicias","description":" Assessores e Consultores de Franquias","publisher":{"@id":"https:\/\/www.t4franquicias.com\/pt\/#organization"},"alternateName":"T4 Franquicias","potentialAction":[{"@type":"SearchAction","target":{"@type":"EntryPoint","urlTemplate":"https:\/\/www.t4franquicias.com\/pt\/?s={search_term_string}"},"query-input":{"@type":"PropertyValueSpecification","valueRequired":true,"valueName":"search_term_string"}}],"inLanguage":"es"},{"@type":"Organization","@id":"https:\/\/www.t4franquicias.com\/pt\/#organization","name":"T4 Fraqnuicias","alternateName":"T4 Franquicias","url":"https:\/\/www.t4franquicias.com\/pt\/","logo":{"@type":"ImageObject","inLanguage":"es","@id":"https:\/\/www.t4franquicias.com\/pt\/#\/schema\/logo\/image\/","url":"https:\/\/www.t4franquicias.com\/wp-content\/uploads\/2018\/04\/t4-logo.svg","contentUrl":"https:\/\/www.t4franquicias.com\/wp-content\/uploads\/2018\/04\/t4-logo.svg","width":1,"height":1,"caption":"T4 Fraqnuicias"},"image":{"@id":"https:\/\/www.t4franquicias.com\/pt\/#\/schema\/logo\/image\/"},"sameAs":["https:\/\/www.facebook.com\/T4-Franquicias-270127153112770\/","https:\/\/x.com\/T4Franquicias","https:\/\/www.instagram.com\/t4franquicias\/","https:\/\/www.linkedin.com\/authwall?trk=gf&amp;amp;amp;amp;amp;trkInfo=AQG83SA0TyN3UQAAAWMYAdeghPMLtp364yC1mwjqOVe3ltdrpkNISDeFPIu5JnOXZabpHhOck9v-kKJi00EkvJPzGLSsSKwe2E0JZHQKhoOz7ZyIDeTOPiKeS5bj4J2m9m1iR_M=&amp;amp;amp;amp;amp;originalReferer=http:\/\/www.t4franquicias.com\/&amp;amp;amp;amp;amp;sessionRedirect=https:\/\/www.linkedin.com\/company\/t4-franquicias?trk=tyah"]}]}},"_links":{"self":[{"href":"https:\/\/www.t4franquicias.com\/pt\/wp-json\/wp\/v2\/pages\/8930","targetHints":{"allow":["GET"]}}],"collection":[{"href":"https:\/\/www.t4franquicias.com\/pt\/wp-json\/wp\/v2\/pages"}],"about":[{"href":"https:\/\/www.t4franquicias.com\/pt\/wp-json\/wp\/v2\/types\/page"}],"author":[{"embeddable":true,"href":"https:\/\/www.t4franquicias.com\/pt\/wp-json\/wp\/v2\/users\/1"}],"replies":[{"embeddable":true,"href":"https:\/\/www.t4franquicias.com\/pt\/wp-json\/wp\/v2\/comments?post=8930"}],"version-history":[{"count":0,"href":"https:\/\/www.t4franquicias.com\/pt\/wp-json\/wp\/v2\/pages\/8930\/revisions"}],"up":[{"embeddable":true,"href":"https:\/\/www.t4franquicias.com\/pt\/wp-json\/wp\/v2\/pages\/17"}],"wp:featuredmedia":[{"embeddable":true,"href":"https:\/\/www.t4franquicias.com\/pt\/wp-json\/wp\/v2\/media\/8682"}],"wp:attachment":[{"href":"https:\/\/www.t4franquicias.com\/pt\/wp-json\/wp\/v2\/media?parent=8930"}],"curies":[{"name":"wp","href":"https:\/\/api.w.org\/{rel}","templated":true}]}}