{"id":7358,"date":"2019-03-27T12:17:58","date_gmt":"2019-03-27T11:17:58","guid":{"rendered":"https:\/\/www.t4franquicias.com\/?page_id=7358"},"modified":"2025-05-29T13:40:39","modified_gmt":"2025-05-29T11:40:39","slug":"por-que-escolher-um-assessor-de-franquia","status":"publish","type":"page","link":"https:\/\/www.t4franquicias.com\/pt\/por-que-escolher-um-assessor-de-franquia\/","title":{"rendered":"Por que escolher um assessor de franquia?"},"content":{"rendered":"<div id=\"the_content\" class=\"row\"><div class=\"cell bg12\"><h3 class=\"\" data-start=\"199\" data-end=\"225\">Assessores de franquia<\/h3> <p class=\"\" data-start=\"227\" data-end=\"466\"><strong data-start=\"227\" data-end=\"272\">Por que escolher um assessor de franquia?<\/strong><br data-start=\"272\" data-end=\"275\" \/>Se est\u00e1s a pensar empreender atrav\u00e9s de uma franquia e queres garantir que minimizas os riscos e aumentas as probabilidades de sucesso, deves recorrer a assessores especializados em franquia.<\/p> <p class=\"\" data-start=\"468\" data-end=\"697\">Estes profissionais ajudam-te a conduzir corretamente o teu projeto empresarial, n\u00e3o s\u00f3 na escolha da franquia certa, mas tamb\u00e9m nas condi\u00e7\u00f5es de entrada, atrav\u00e9s de uma an\u00e1lise exaustiva do teu perfil em todas as suas vari\u00e1veis.<\/p> <p class=\"\" data-start=\"699\" data-end=\"918\">Atrav\u00e9s de uma an\u00e1lise completa \u00e0s tuas caracter\u00edsticas e compet\u00eancias como empreendedor, a T4 Franquias disponibiliza-te centenas de oportunidades de neg\u00f3cio e franquias, de acordo com a tua capacidade de investimento.<\/p> <p class=\"\" data-start=\"920\" data-end=\"1121\">Gra\u00e7as aos nossos assessores e consultores especializados, tens \u00e0 tua disposi\u00e7\u00e3o a possibilidade de iniciares o teu pr\u00f3prio neg\u00f3cio com todas as garantias e seguran\u00e7a que o sistema de franquia oferece.<\/p> <p class=\"\" data-start=\"1123\" data-end=\"1300\">Os nossos especialistas n\u00e3o avaliam apenas o teu perfil econ\u00f3mico e financeiro, mas tamb\u00e9m a tua experi\u00eancia profissional e prefer\u00eancias quanto ao setor em que desejas investir.<\/p> <p class=\"\" data-start=\"1302\" data-end=\"1461\">De seguida, selecionaremos uma lista com as franquias mais adequadas \u00e0s tuas caracter\u00edsticas \u2014 modelos de neg\u00f3cio que j\u00e1 demonstraram ser rent\u00e1veis e eficazes.<\/p> <p class=\"\" data-start=\"1463\" data-end=\"1739\">Posteriormente, os nossos profissionais, com mais de 20 anos de experi\u00eancia, ajudar-te-\u00e3o a negociar as melhores condi\u00e7\u00f5es com a marca escolhida, tendo em conta que cada franquia tem as suas particularidades, tanto na forma de operar como nos aspetos de investimento e custos.<\/p> <p data-start=\"1463\" data-end=\"1739\"><img loading=\"lazy\" decoding=\"async\" class=\"aligncenter size-full wp-image-7363\" src=\"https:\/\/www.t4franquicias.com\/wp-content\/uploads\/2019\/03\/business-2884023_960_720.jpg\" alt=\"\u00bfPor qu\u00e9 elegir un asesor de franquicia?\" width=\"960\" height=\"610\" srcset=\"https:\/\/www.t4franquicias.com\/pt\/wp-content\/uploads\/sites\/4\/2019\/03\/business-2884023_960_720.jpg 960w, https:\/\/www.t4franquicias.com\/pt\/wp-content\/uploads\/sites\/4\/2019\/03\/business-2884023_960_720-300x191.jpg 300w, https:\/\/www.t4franquicias.com\/pt\/wp-content\/uploads\/sites\/4\/2019\/03\/business-2884023_960_720-768x488.jpg 768w\" sizes=\"auto, (max-width: 960px) 100vw, 960px\" \/><\/p> <h3 class=\"\" data-start=\"1746\" data-end=\"1809\">5 raz\u00f5es para trabalhares com um assessor de franquia da T4<\/h3> <p class=\"\" data-start=\"1811\" data-end=\"2433\"><strong data-start=\"1811\" data-end=\"1866\">1. Experi\u00eancia pr\u00e1tica e conhecimento especializado<\/strong><br data-start=\"1866\" data-end=\"1869\" \/>O sistema de franquias \u00e9 um mercado complexo, amplo e com caracter\u00edsticas muito pr\u00f3prias. Por isso, deve ser gerido de forma distinta em rela\u00e7\u00e3o a um neg\u00f3cio tradicional. Os assessores de franquia t\u00eam a experi\u00eancia e o conhecimento que os empreendedores ou empresas iniciantes ainda n\u00e3o adquiriram.<br data-start=\"2167\" data-end=\"2170\" \/>Com a ajuda destes profissionais, poder\u00e1s definir uma estrat\u00e9gia adequada, realizar estudos financeiros, captar franqueados, desenvolver a\u00e7\u00f5es de marketing e comunica\u00e7\u00e3o, estruturar a expans\u00e3o internacional e tratar dos aspetos legais e contratuais, entre outros.<\/p> <p class=\"\" data-start=\"2435\" data-end=\"2743\"><strong data-start=\"2435\" data-end=\"2461\">2. Resultados vis\u00edveis<\/strong><br data-start=\"2461\" data-end=\"2464\" \/>Ao contar com um assessor de franquia, ter\u00e1s um apoio externo que traz uma vis\u00e3o objetiva e novas solu\u00e7\u00f5es para o teu projeto.<br data-start=\"2590\" data-end=\"2593\" \/>Um consultor externo \u00e9 fundamental para orientar todo o processo com foco em resultados reais, promovendo melhorias concretas na tua marca ou empresa.<\/p> <p class=\"\" data-start=\"2745\" data-end=\"3347\"><strong data-start=\"2745\" data-end=\"2777\">3. Seguran\u00e7a e tranquilidade<\/strong><br data-start=\"2777\" data-end=\"2780\" \/>Recorrer a assessores especializados em franquia \u00e9 um investimento inteligente, que transmite confian\u00e7a aos colaboradores, clientes e parceiros.<br data-start=\"2924\" data-end=\"2927\" \/>Os candidatos a franqueado sentir\u00e3o o apoio de uma consultora especializada por tr\u00e1s do projeto, o que refor\u00e7a a sua seguran\u00e7a.<br data-start=\"3054\" data-end=\"3057\" \/>Esta confian\u00e7a projeta-se n\u00e3o s\u00f3 no c\u00edrculo mais pr\u00f3ximo, mas tamb\u00e9m perante bancos, investidores, meios de comunica\u00e7\u00e3o, associa\u00e7\u00f5es e o mercado em geral.<br data-start=\"3211\" data-end=\"3214\" \/>Assim, facilita-se o acesso a financiamento, negocia\u00e7\u00e3o com fornecedores, fortalecimento da imagem da marca e reconhecimento p\u00fablico.<\/p> <p class=\"\" data-start=\"3349\" data-end=\"3770\"><strong data-start=\"3349\" data-end=\"3372\">4. Redu\u00e7\u00e3o de risco<\/strong><br data-start=\"3372\" data-end=\"3375\" \/>Contar com apoio especializado \u00e9 uma forma eficaz de reduzir o risco de falhar.<br data-start=\"3454\" data-end=\"3457\" \/>Entrar num novo mercado implica riscos causados pelo desconhecimento ou falta de experi\u00eancia. Mesmo que o trabalho interno seja s\u00f3lido, \u00e9 sempre valioso obter a opini\u00e3o de um assessor de franquia para validar ou corrigir o caminho tra\u00e7ado.<br data-start=\"3696\" data-end=\"3699\" \/>Estes profissionais conhecem os erros mais comuns e ajudam a evit\u00e1-los.<\/p> <p class=\"\" data-start=\"3772\" data-end=\"4441\"><strong data-start=\"3772\" data-end=\"3807\">5. Poupan\u00e7a de tempo e dinheiro<\/strong><br data-start=\"3807\" data-end=\"3810\" \/>Por fim, sem o apoio de um consultor, tanto empreendedores como empresas podem atingir os seus objetivos \u2014 mas levar\u00e3o muito mais tempo, o que inevitavelmente resulta em maiores custos.<br data-start=\"3995\" data-end=\"3998\" \/>N\u00e3o investir em consultoria \u00e9 um erro comum que pode comprometer toda a estrutura do projeto de expans\u00e3o.<br data-start=\"4103\" data-end=\"4106\" \/>Contratar assessores especializados \u00e9, muitas vezes, a melhor poupan\u00e7a e o melhor investimento que um candidato a franqueado ou uma empresa que pretende expandir poder\u00e1 fazer.<br data-start=\"4281\" data-end=\"4284\" \/>A forma de criar uma franquia verdadeiramente competitiva \u00e9 combinar os recursos e a vis\u00e3o da empresa com a experi\u00eancia e o know-how do assessor de franquia.<\/p><\/div><\/div>","protected":false},"excerpt":{"rendered":"<p>Assessores de franquia Por que escolher um assessor de franquia?Se est\u00e1s a pensar empreender atrav\u00e9s de uma franquia e queres garantir que minimizas os riscos e aumentas as probabilidades de sucesso, deves recorrer a assessores especializados em franquia. Estes profissionais ajudam-te a conduzir corretamente o teu projeto empresarial, n\u00e3o s\u00f3 na escolha da franquia certa, [&hellip;]<\/p>\n","protected":false},"author":1,"featured_media":7363,"parent":0,"menu_order":0,"comment_status":"closed","ping_status":"closed","template":"","meta":{"_acf_changed":false,"footnotes":""},"class_list":["post-7358","page","type-page","status-publish","has-post-thumbnail","hentry"],"acf":[],"yoast_head":"<!-- This site is optimized with the Yoast SEO Premium plugin v27.2 (Yoast SEO v27.2) - https:\/\/yoast.com\/product\/yoast-seo-premium-wordpress\/ -->\n<title>Por que escolher um assessor de franquia? \u2013 T4 Franquicias<\/title>\n<meta name=\"description\" content=\"Por que escolher um assessor de franquia?Se est\u00e1s a pensar em empreender atrav\u00e9s de uma franquia, deves entrar em contacto com assessores especializados em franquia.\" \/>\n<meta name=\"robots\" content=\"index, follow, max-snippet:-1, max-image-preview:large, max-video-preview:-1\" \/>\n<link rel=\"canonical\" href=\"https:\/\/www.t4franquicias.com\/pt\/por-que-escolher-um-assessor-de-franquia\/\" \/>\n<meta property=\"og:locale\" content=\"es_ES\" \/>\n<meta property=\"og:type\" content=\"article\" \/>\n<meta property=\"og:title\" content=\"Por que escolher um assessor de franquia?\" \/>\n<meta property=\"og:description\" content=\"Por que escolher um assessor de franquia?Se est\u00e1s a pensar em empreender atrav\u00e9s de uma franquia, deves entrar em contacto com assessores especializados em franquia.\" \/>\n<meta property=\"og:url\" content=\"https:\/\/www.t4franquicias.com\/pt\/por-que-escolher-um-assessor-de-franquia\/\" \/>\n<meta property=\"og:site_name\" content=\"T4franquicias.com [pt]\" \/>\n<meta property=\"article:publisher\" content=\"https:\/\/www.facebook.com\/T4-Franquicias-270127153112770\/\" \/>\n<meta property=\"article:modified_time\" content=\"2025-05-29T11:40:39+00:00\" \/>\n<meta property=\"og:image\" content=\"https:\/\/www.t4franquicias.com\/pt\/wp-content\/uploads\/sites\/4\/2019\/03\/business-2884023_960_720.jpg\" \/>\n\t<meta property=\"og:image:width\" content=\"960\" \/>\n\t<meta property=\"og:image:height\" content=\"610\" \/>\n\t<meta property=\"og:image:type\" content=\"image\/jpeg\" \/>\n<meta name=\"twitter:card\" content=\"summary_large_image\" \/>\n<meta name=\"twitter:site\" content=\"@T4Franquicias\" \/>\n<meta name=\"twitter:label1\" content=\"Tiempo de lectura\" \/>\n\t<meta name=\"twitter:data1\" content=\"4 minutos\" \/>\n<script type=\"application\/ld+json\" class=\"yoast-schema-graph\">{\"@context\":\"https:\/\/schema.org\",\"@graph\":[{\"@type\":\"WebPage\",\"@id\":\"https:\/\/www.t4franquicias.com\/pt\/por-que-escolher-um-assessor-de-franquia\/\",\"url\":\"https:\/\/www.t4franquicias.com\/pt\/por-que-escolher-um-assessor-de-franquia\/\",\"name\":\"Por que escolher um assessor de franquia? \u2013 T4 Franquicias\",\"isPartOf\":{\"@id\":\"https:\/\/www.t4franquicias.com\/pt\/#website\"},\"primaryImageOfPage\":{\"@id\":\"https:\/\/www.t4franquicias.com\/pt\/por-que-escolher-um-assessor-de-franquia\/#primaryimage\"},\"image\":{\"@id\":\"https:\/\/www.t4franquicias.com\/pt\/por-que-escolher-um-assessor-de-franquia\/#primaryimage\"},\"thumbnailUrl\":\"https:\/\/i0.wp.com\/www.t4franquicias.com\/wp-content\/uploads\/sites\/4\/2019\/03\/business-2884023_960_720.jpg\",\"datePublished\":\"2019-03-27T11:17:58+00:00\",\"dateModified\":\"2025-05-29T11:40:39+00:00\",\"description\":\"Por que escolher um assessor de franquia?Se est\u00e1s a pensar em empreender atrav\u00e9s de uma franquia, deves entrar em contacto com assessores especializados em franquia.\",\"breadcrumb\":{\"@id\":\"https:\/\/www.t4franquicias.com\/pt\/por-que-escolher-um-assessor-de-franquia\/#breadcrumb\"},\"inLanguage\":\"es\",\"potentialAction\":[{\"@type\":\"ReadAction\",\"target\":[\"https:\/\/www.t4franquicias.com\/pt\/por-que-escolher-um-assessor-de-franquia\/\"]}]},{\"@type\":\"ImageObject\",\"inLanguage\":\"es\",\"@id\":\"https:\/\/www.t4franquicias.com\/pt\/por-que-escolher-um-assessor-de-franquia\/#primaryimage\",\"url\":\"https:\/\/i0.wp.com\/www.t4franquicias.com\/wp-content\/uploads\/sites\/4\/2019\/03\/business-2884023_960_720.jpg\",\"contentUrl\":\"https:\/\/i0.wp.com\/www.t4franquicias.com\/wp-content\/uploads\/sites\/4\/2019\/03\/business-2884023_960_720.jpg\",\"width\":960,\"height\":610,\"caption\":\"\u00bfPor qu\u00e9 elegir un asesor de franquicia?\"},{\"@type\":\"BreadcrumbList\",\"@id\":\"https:\/\/www.t4franquicias.com\/pt\/por-que-escolher-um-assessor-de-franquia\/#breadcrumb\",\"itemListElement\":[{\"@type\":\"ListItem\",\"position\":1,\"name\":\"Portada\",\"item\":\"https:\/\/www.t4franquicias.com\/pt\/\"},{\"@type\":\"ListItem\",\"position\":2,\"name\":\"Por que escolher um assessor de franquia?\"}]},{\"@type\":\"WebSite\",\"@id\":\"https:\/\/www.t4franquicias.com\/pt\/#website\",\"url\":\"https:\/\/www.t4franquicias.com\/pt\/\",\"name\":\"T4 Franquicias\",\"description\":\" Assessores e Consultores de Franquias\",\"publisher\":{\"@id\":\"https:\/\/www.t4franquicias.com\/pt\/#organization\"},\"alternateName\":\"T4 Franquicias\",\"potentialAction\":[{\"@type\":\"SearchAction\",\"target\":{\"@type\":\"EntryPoint\",\"urlTemplate\":\"https:\/\/www.t4franquicias.com\/pt\/?s={search_term_string}\"},\"query-input\":{\"@type\":\"PropertyValueSpecification\",\"valueRequired\":true,\"valueName\":\"search_term_string\"}}],\"inLanguage\":\"es\"},{\"@type\":\"Organization\",\"@id\":\"https:\/\/www.t4franquicias.com\/pt\/#organization\",\"name\":\"T4 Fraqnuicias\",\"alternateName\":\"T4 Franquicias\",\"url\":\"https:\/\/www.t4franquicias.com\/pt\/\",\"logo\":{\"@type\":\"ImageObject\",\"inLanguage\":\"es\",\"@id\":\"https:\/\/www.t4franquicias.com\/pt\/#\/schema\/logo\/image\/\",\"url\":\"https:\/\/www.t4franquicias.com\/wp-content\/uploads\/2018\/04\/t4-logo.svg\",\"contentUrl\":\"https:\/\/www.t4franquicias.com\/wp-content\/uploads\/2018\/04\/t4-logo.svg\",\"width\":1,\"height\":1,\"caption\":\"T4 Fraqnuicias\"},\"image\":{\"@id\":\"https:\/\/www.t4franquicias.com\/pt\/#\/schema\/logo\/image\/\"},\"sameAs\":[\"https:\/\/www.facebook.com\/T4-Franquicias-270127153112770\/\",\"https:\/\/x.com\/T4Franquicias\",\"https:\/\/www.instagram.com\/t4franquicias\/\",\"https:\/\/www.linkedin.com\/authwall?trk=gf&amp;amp;amp;amp;amp;trkInfo=AQG83SA0TyN3UQAAAWMYAdeghPMLtp364yC1mwjqOVe3ltdrpkNISDeFPIu5JnOXZabpHhOck9v-kKJi00EkvJPzGLSsSKwe2E0JZHQKhoOz7ZyIDeTOPiKeS5bj4J2m9m1iR_M=&amp;amp;amp;amp;amp;originalReferer=http:\/\/www.t4franquicias.com\/&amp;amp;amp;amp;amp;sessionRedirect=https:\/\/www.linkedin.com\/company\/t4-franquicias?trk=tyah\"]}]}<\/script>\n<!-- \/ Yoast SEO Premium plugin. -->","yoast_head_json":{"title":"Por que escolher um assessor de franquia? \u2013 T4 Franquicias","description":"Por que escolher um assessor de franquia?Se est\u00e1s a pensar em empreender atrav\u00e9s de uma franquia, deves entrar em contacto com assessores especializados em franquia.","robots":{"index":"index","follow":"follow","max-snippet":"max-snippet:-1","max-image-preview":"max-image-preview:large","max-video-preview":"max-video-preview:-1"},"canonical":"https:\/\/www.t4franquicias.com\/pt\/por-que-escolher-um-assessor-de-franquia\/","og_locale":"es_ES","og_type":"article","og_title":"Por que escolher um assessor de franquia?","og_description":"Por que escolher um assessor de franquia?Se est\u00e1s a pensar em empreender atrav\u00e9s de uma franquia, deves entrar em contacto com assessores especializados em franquia.","og_url":"https:\/\/www.t4franquicias.com\/pt\/por-que-escolher-um-assessor-de-franquia\/","og_site_name":"T4franquicias.com [pt]","article_publisher":"https:\/\/www.facebook.com\/T4-Franquicias-270127153112770\/","article_modified_time":"2025-05-29T11:40:39+00:00","og_image":[{"width":960,"height":610,"url":"https:\/\/www.t4franquicias.com\/pt\/wp-content\/uploads\/sites\/4\/2019\/03\/business-2884023_960_720.jpg","type":"image\/jpeg"}],"twitter_card":"summary_large_image","twitter_site":"@T4Franquicias","twitter_misc":{"Tiempo de lectura":"4 minutos"},"schema":{"@context":"https:\/\/schema.org","@graph":[{"@type":"WebPage","@id":"https:\/\/www.t4franquicias.com\/pt\/por-que-escolher-um-assessor-de-franquia\/","url":"https:\/\/www.t4franquicias.com\/pt\/por-que-escolher-um-assessor-de-franquia\/","name":"Por que escolher um assessor de franquia? \u2013 T4 Franquicias","isPartOf":{"@id":"https:\/\/www.t4franquicias.com\/pt\/#website"},"primaryImageOfPage":{"@id":"https:\/\/www.t4franquicias.com\/pt\/por-que-escolher-um-assessor-de-franquia\/#primaryimage"},"image":{"@id":"https:\/\/www.t4franquicias.com\/pt\/por-que-escolher-um-assessor-de-franquia\/#primaryimage"},"thumbnailUrl":"https:\/\/i0.wp.com\/www.t4franquicias.com\/wp-content\/uploads\/sites\/4\/2019\/03\/business-2884023_960_720.jpg","datePublished":"2019-03-27T11:17:58+00:00","dateModified":"2025-05-29T11:40:39+00:00","description":"Por que escolher um assessor de franquia?Se est\u00e1s a pensar em empreender atrav\u00e9s de uma franquia, deves entrar em contacto com assessores especializados em franquia.","breadcrumb":{"@id":"https:\/\/www.t4franquicias.com\/pt\/por-que-escolher-um-assessor-de-franquia\/#breadcrumb"},"inLanguage":"es","potentialAction":[{"@type":"ReadAction","target":["https:\/\/www.t4franquicias.com\/pt\/por-que-escolher-um-assessor-de-franquia\/"]}]},{"@type":"ImageObject","inLanguage":"es","@id":"https:\/\/www.t4franquicias.com\/pt\/por-que-escolher-um-assessor-de-franquia\/#primaryimage","url":"https:\/\/i0.wp.com\/www.t4franquicias.com\/wp-content\/uploads\/sites\/4\/2019\/03\/business-2884023_960_720.jpg","contentUrl":"https:\/\/i0.wp.com\/www.t4franquicias.com\/wp-content\/uploads\/sites\/4\/2019\/03\/business-2884023_960_720.jpg","width":960,"height":610,"caption":"\u00bfPor qu\u00e9 elegir un asesor de franquicia?"},{"@type":"BreadcrumbList","@id":"https:\/\/www.t4franquicias.com\/pt\/por-que-escolher-um-assessor-de-franquia\/#breadcrumb","itemListElement":[{"@type":"ListItem","position":1,"name":"Portada","item":"https:\/\/www.t4franquicias.com\/pt\/"},{"@type":"ListItem","position":2,"name":"Por que escolher um assessor de franquia?"}]},{"@type":"WebSite","@id":"https:\/\/www.t4franquicias.com\/pt\/#website","url":"https:\/\/www.t4franquicias.com\/pt\/","name":"T4 Franquicias","description":" Assessores e Consultores de Franquias","publisher":{"@id":"https:\/\/www.t4franquicias.com\/pt\/#organization"},"alternateName":"T4 Franquicias","potentialAction":[{"@type":"SearchAction","target":{"@type":"EntryPoint","urlTemplate":"https:\/\/www.t4franquicias.com\/pt\/?s={search_term_string}"},"query-input":{"@type":"PropertyValueSpecification","valueRequired":true,"valueName":"search_term_string"}}],"inLanguage":"es"},{"@type":"Organization","@id":"https:\/\/www.t4franquicias.com\/pt\/#organization","name":"T4 Fraqnuicias","alternateName":"T4 Franquicias","url":"https:\/\/www.t4franquicias.com\/pt\/","logo":{"@type":"ImageObject","inLanguage":"es","@id":"https:\/\/www.t4franquicias.com\/pt\/#\/schema\/logo\/image\/","url":"https:\/\/www.t4franquicias.com\/wp-content\/uploads\/2018\/04\/t4-logo.svg","contentUrl":"https:\/\/www.t4franquicias.com\/wp-content\/uploads\/2018\/04\/t4-logo.svg","width":1,"height":1,"caption":"T4 Fraqnuicias"},"image":{"@id":"https:\/\/www.t4franquicias.com\/pt\/#\/schema\/logo\/image\/"},"sameAs":["https:\/\/www.facebook.com\/T4-Franquicias-270127153112770\/","https:\/\/x.com\/T4Franquicias","https:\/\/www.instagram.com\/t4franquicias\/","https:\/\/www.linkedin.com\/authwall?trk=gf&amp;amp;amp;amp;amp;trkInfo=AQG83SA0TyN3UQAAAWMYAdeghPMLtp364yC1mwjqOVe3ltdrpkNISDeFPIu5JnOXZabpHhOck9v-kKJi00EkvJPzGLSsSKwe2E0JZHQKhoOz7ZyIDeTOPiKeS5bj4J2m9m1iR_M=&amp;amp;amp;amp;amp;originalReferer=http:\/\/www.t4franquicias.com\/&amp;amp;amp;amp;amp;sessionRedirect=https:\/\/www.linkedin.com\/company\/t4-franquicias?trk=tyah"]}]}},"_links":{"self":[{"href":"https:\/\/www.t4franquicias.com\/pt\/wp-json\/wp\/v2\/pages\/7358","targetHints":{"allow":["GET"]}}],"collection":[{"href":"https:\/\/www.t4franquicias.com\/pt\/wp-json\/wp\/v2\/pages"}],"about":[{"href":"https:\/\/www.t4franquicias.com\/pt\/wp-json\/wp\/v2\/types\/page"}],"author":[{"embeddable":true,"href":"https:\/\/www.t4franquicias.com\/pt\/wp-json\/wp\/v2\/users\/1"}],"replies":[{"embeddable":true,"href":"https:\/\/www.t4franquicias.com\/pt\/wp-json\/wp\/v2\/comments?post=7358"}],"version-history":[{"count":0,"href":"https:\/\/www.t4franquicias.com\/pt\/wp-json\/wp\/v2\/pages\/7358\/revisions"}],"wp:featuredmedia":[{"embeddable":true,"href":"https:\/\/www.t4franquicias.com\/pt\/wp-json\/wp\/v2\/media\/7363"}],"wp:attachment":[{"href":"https:\/\/www.t4franquicias.com\/pt\/wp-json\/wp\/v2\/media?parent=7358"}],"curies":[{"name":"wp","href":"https:\/\/api.w.org\/{rel}","templated":true}]}}