{"id":43,"date":"2012-10-07T10:46:02","date_gmt":"2012-10-07T08:46:02","guid":{"rendered":"https:\/\/www.t4franquicias.com\/?page_id=43"},"modified":"2025-05-29T13:43:20","modified_gmt":"2025-05-29T11:43:20","slug":"franquear-uma-empresa","status":"publish","type":"page","link":"https:\/\/www.t4franquicias.com\/pt\/servicos-para-franquias\/franquear-uma-empresa\/","title":{"rendered":"Franquear uma empresa"},"content":{"rendered":"<div id=\"the_content\" class=\"row\"><div class=\"cell bg12\"><h3 style=\"text-align: left;\">Quer franquear uma empresa. A franquia \u00e9 um processo de transforma\u00e7\u00e3o empresarial atrav\u00e9s do qual preparamos um neg\u00f3cio para tornar poss\u00edveis todos os seus desafios de crescimento.<\/h3>\n<p style=\"text-align: left;\"><strong>Quer franquear uma empresa. A franquia \u00e9 um processo de transforma\u00e7\u00e3o empresarial atrav\u00e9s do qual preparamos um neg\u00f3cio para tornar poss\u00edveis todos os seus desafios de crescimento.<\/strong><\/p>\n<p data-start=\"0\" data-end=\"574\">A franquia n\u00e3o \u00e9 apenas mais uma op\u00e7\u00e3o de crescimento \u2014 \u00e9 a op\u00e7\u00e3o de crescimento mais difundida e bem-sucedida no mundo da distribui\u00e7\u00e3o. Transformou o panorama comercial nos \u00faltimos quarenta anos e dinamizou-o at\u00e9 limites que, h\u00e1 alguns anos, pareciam impens\u00e1veis. Para todos os empres\u00e1rios interessados em crescer, ser\u00e1 muito esclarecedor conhecer algumas das chaves do processo de franquear uma empresa, que partilhamos consigo a partir da T4 Franquias, para que possa avaliar o que esta f\u00f3rmula pode representar em rela\u00e7\u00e3o \u00e0s suas expectativas de crescimento empresarial:<\/p>\n<p data-start=\"576\" data-end=\"828\" data-is-last-node=\"\" data-is-only-node=\"\">Trata-se da <strong data-start=\"588\" data-end=\"624\">estrutura documental do trabalho<\/strong> que regista a transforma\u00e7\u00e3o de uma empresa numa franquia. \u00c9 composta por um conjunto de ferramentas com um esquema altamente pr\u00e1tico, personalizado e adaptado \u00e0s necessidades espec\u00edficas de cada neg\u00f3cio.<\/p>\n<h2 style=\"text-align: left;\"><strong>CONTE\u00daDO E EXPLICA\u00c7\u00c3O DO PROGRAMA DE FRANQUEAR UMA EMPRESA E DO QUE \u00c9 CONSTITU\u00cdDO<\/strong><\/h2>\n<ol>\n<li>\n<p data-start=\"0\" data-end=\"45\"><strong data-start=\"0\" data-end=\"45\">Como desenvolver um programa de franquia:<\/strong><\/p>\n<p data-start=\"47\" data-end=\"245\"><strong data-start=\"47\" data-end=\"61\">Dedica\u00e7\u00e3o:<\/strong> O tempo necess\u00e1rio para desenvolv\u00ea-lo em toda a sua dimens\u00e3o \u00e9 muito intensivo, devido ao rigor e ao n\u00edvel de detalhe exigidos, se realmente se pretende que cumpra com o seu objetivo.<\/p>\n<p data-start=\"247\" data-end=\"399\"><strong data-start=\"247\" data-end=\"266\">Especializa\u00e7\u00e3o:<\/strong> O programa \u00e9 composto por documentos e ferramentas de diversas \u00e1reas e especialidades, como as jur\u00eddicas, econ\u00f3micas e operacionais.<\/p>\n<p data-start=\"401\" data-end=\"571\"><strong data-start=\"401\" data-end=\"411\">Vis\u00e3o:<\/strong> A parte estrat\u00e9gica exige capacidade de definir as diretrizes pelas quais deve evoluir o neg\u00f3cio no \u00e2mbito do franchising e transformar-se num caso de sucesso.<\/p>\n<p data-start=\"573\" data-end=\"809\">Por estes motivos, recomendamos a participa\u00e7\u00e3o de uma equipa multidisciplinar na elabora\u00e7\u00e3o de um programa de franquia, que tenha tamb\u00e9m experi\u00eancia em diversos setores de atividade, caso se pretenda garantir toda a efic\u00e1cia necess\u00e1ria.<\/p>\n<\/li>\n<li>\n<p data-start=\"573\" data-end=\"809\"><strong data-start=\"816\" data-end=\"877\">Que caracter\u00edsticas deve ter um bom programa de franquia:<\/strong><\/p>\n<p data-start=\"879\" data-end=\"1079\"><strong data-start=\"879\" data-end=\"891\">Pr\u00e1tico:<\/strong> Deve apresentar solu\u00e7\u00f5es concretas para cada uma das necessidades da empresa no momento de planear a sua expans\u00e3o em franchising \u2014 principalmente necessidades estrat\u00e9gicas e operacionais.<\/p>\n<p data-start=\"1081\" data-end=\"1176\"><strong data-start=\"1081\" data-end=\"1099\">Personalizado:<\/strong> As estrat\u00e9gias que funcionam para um neg\u00f3cio podem n\u00e3o funcionar para outro.<\/p>\n<\/li>\n<li>\n<p data-start=\"1081\" data-end=\"1176\"><strong data-start=\"1183\" data-end=\"1241\">Como evoluiu o programa de franquia ao longo do tempo:<\/strong><br data-start=\"1241\" data-end=\"1244\" \/>Nos prim\u00f3rdios, os manuais eram considerados o n\u00facleo do programa de franquia: a compila\u00e7\u00e3o do know-how para a sua posterior transmiss\u00e3o a terceiros era o eixo principal do projeto. Nesta fase inicial da difus\u00e3o do franchising, o baixo n\u00edvel de concorr\u00eancia fazia com que as necessidades operacionais fossem as mais solicitadas. No entanto, \u00e0 medida que a concorr\u00eancia se foi intensificando, ganharam protagonismo os elementos com maior valor acrescentado \u2014 primeiro o contrato, e depois o planeamento estrat\u00e9gico \u2014 que s\u00e3o ferramentas imprescind\u00edveis para triunfar em ambientes mais competitivos.<\/p>\n<\/li>\n<li>\n<p data-start=\"1081\" data-end=\"1176\"><strong data-start=\"1848\" data-end=\"1921\">Por que \u00e9 necess\u00e1rio um programa de franquia e o que ele proporciona:<\/strong><br data-start=\"1921\" data-end=\"1924\" \/>Simplesmente, sem programa de franquia, n\u00e3o existe franquia. Sem estrat\u00e9gia, sem planeamento, sem calend\u00e1rio, sem know-how e sem contrato, n\u00e3o podemos afirmar que existe uma verdadeira organiza\u00e7\u00e3o de franchising. O programa estrutura o desenvolvimento posterior da rede, d\u00e1-lhe forma, define os prazos e permite que a empresa tenha sucesso ao proteger o seu know-how e transmiti-lo a terceiros com todas as garantias.<\/p>\n<p data-start=\"2345\" data-end=\"2744\">Se uma franquia \u00e9 a repeti\u00e7\u00e3o de um sucesso comercial, uma grande parte desse sucesso depender\u00e1 dos m\u00e9todos utilizados para o reproduzir e transmitir aos franchisados. Estamos, portanto, perante uma necessidade operacional imperativa. A identifica\u00e7\u00e3o do know-how das franquias constitui uma exig\u00eancia legal. Esse conhecimento \u00e9 recolhido nos Manuais de Neg\u00f3cio, que descrevem a f\u00f3rmula do sucesso.<\/p>\n<p data-start=\"2746\" data-end=\"2972\">Por conseguinte, o know-how n\u00e3o \u00e9 algo intang\u00edvel. O franchisado deve ter acesso a documenta\u00e7\u00e3o \u00e0 qual possa recorrer a qualquer momento de forma simples.<br data-start=\"2900\" data-end=\"2903\" \/>Estes documentos classificam-se em <strong data-start=\"2938\" data-end=\"2954\">informativos<\/strong> e <strong data-start=\"2957\" data-end=\"2971\">formativos<\/strong>.<\/p>\n<\/li>\n<li>\n<p data-start=\"2746\" data-end=\"2972\"><strong data-start=\"2979\" data-end=\"3008\">De que partes \u00e9 composto:<\/strong><br data-start=\"3008\" data-end=\"3011\" \/>\u00c9 constitu\u00eddo por quatro pilares, cada um com uma fun\u00e7\u00e3o e objetivo espec\u00edfico, satisfazendo uma necessidade concreta e desempenhando um papel determinado:<\/p>\n<ul data-start=\"3168\" data-end=\"3262\" data-is-last-node=\"\" data-is-only-node=\"\">\n<li data-start=\"3168\" data-end=\"3186\">\n<p data-start=\"3170\" data-end=\"3186\"><strong data-start=\"3170\" data-end=\"3184\">Estrat\u00e9gia<\/strong><\/p>\n<\/li>\n<li data-start=\"3187\" data-end=\"3218\">\n<p data-start=\"3189\" data-end=\"3218\"><strong data-start=\"3189\" data-end=\"3216\">Documentos Informativos<\/strong><\/p>\n<\/li>\n<li data-start=\"3219\" data-end=\"3234\">\n<p data-start=\"3221\" data-end=\"3234\"><strong data-start=\"3221\" data-end=\"3232\">Manuais<\/strong><\/p>\n<\/li>\n<li data-start=\"3235\" data-end=\"3262\" data-is-last-node=\"\">\n<p data-start=\"3237\" data-end=\"3262\" data-is-last-node=\"\"><strong data-start=\"3237\" data-end=\"3262\" data-is-last-node=\"\">Documenta\u00e7\u00e3o Jur\u00eddica<\/strong><\/p>\n<\/li>\n<\/ul>\n<\/li>\n<\/ol>\n<\/div><\/div>","protected":false},"excerpt":{"rendered":"<p>Quer franquear uma empresa. A franquia \u00e9 um processo de transforma\u00e7\u00e3o empresarial atrav\u00e9s do qual preparamos um neg\u00f3cio para tornar poss\u00edveis todos os seus desafios de crescimento. Quer franquear uma empresa. A franquia \u00e9 um processo de transforma\u00e7\u00e3o empresarial atrav\u00e9s do qual preparamos um neg\u00f3cio para tornar poss\u00edveis todos os seus desafios de crescimento. A [&hellip;]<\/p>\n","protected":false},"author":1,"featured_media":0,"parent":17,"menu_order":1,"comment_status":"closed","ping_status":"closed","template":"","meta":{"_acf_changed":false,"footnotes":""},"class_list":["post-43","page","type-page","status-publish","hentry"],"acf":[],"yoast_head":"<!-- This site is optimized with the Yoast SEO Premium plugin v27.2 (Yoast SEO v27.2) - https:\/\/yoast.com\/product\/yoast-seo-premium-wordpress\/ -->\n<title>Franquear uma empresa \u2013 Como franquear o meu neg\u00f3cio?<\/title>\n<meta name=\"description\" content=\"Descubra como transformar a sua empresa numa franquia. Se disp\u00f5e de um bom modelo de neg\u00f3cio, o franchising \u00e9 o melhor m\u00e9todo para expandir com sucesso.\" \/>\n<meta name=\"robots\" content=\"index, follow, max-snippet:-1, max-image-preview:large, max-video-preview:-1\" \/>\n<link rel=\"canonical\" href=\"https:\/\/www.t4franquicias.com\/pt\/servicos-para-franquias\/franquear-uma-empresa\/\" \/>\n<meta property=\"og:locale\" content=\"es_ES\" \/>\n<meta property=\"og:type\" content=\"article\" \/>\n<meta property=\"og:title\" content=\"Franquear uma empresa\" \/>\n<meta property=\"og:description\" content=\"Descubra como transformar a sua empresa numa franquia. Se disp\u00f5e de um bom modelo de neg\u00f3cio, o franchising \u00e9 o melhor m\u00e9todo para expandir com sucesso.\" \/>\n<meta property=\"og:url\" content=\"https:\/\/www.t4franquicias.com\/pt\/servicos-para-franquias\/franquear-uma-empresa\/\" \/>\n<meta property=\"og:site_name\" content=\"T4franquicias.com [pt]\" \/>\n<meta property=\"article:publisher\" content=\"https:\/\/www.facebook.com\/T4-Franquicias-270127153112770\/\" \/>\n<meta property=\"article:modified_time\" content=\"2025-05-29T11:43:20+00:00\" \/>\n<meta property=\"og:image\" content=\"https:\/\/i0.wp.com\/www.t4franquicias.com\/wp-content\/uploads\/sites\/4\/2015\/10\/T4FRANQUICIAS_web2.png\" \/>\n\t<meta property=\"og:image:width\" content=\"200\" \/>\n\t<meta property=\"og:image:height\" content=\"176\" \/>\n\t<meta property=\"og:image:type\" content=\"image\/png\" \/>\n<meta name=\"twitter:card\" content=\"summary_large_image\" \/>\n<meta name=\"twitter:site\" content=\"@T4Franquicias\" \/>\n<meta name=\"twitter:label1\" content=\"Tiempo de lectura\" \/>\n\t<meta name=\"twitter:data1\" content=\"3 minutos\" \/>\n<script type=\"application\/ld+json\" class=\"yoast-schema-graph\">{\"@context\":\"https:\/\/schema.org\",\"@graph\":[{\"@type\":\"WebPage\",\"@id\":\"https:\/\/www.t4franquicias.com\/pt\/servicos-para-franquias\/franquear-uma-empresa\/\",\"url\":\"https:\/\/www.t4franquicias.com\/pt\/servicos-para-franquias\/franquear-uma-empresa\/\",\"name\":\"Franquear uma empresa \u2013 Como franquear o meu neg\u00f3cio?\",\"isPartOf\":{\"@id\":\"https:\/\/www.t4franquicias.com\/pt\/#website\"},\"datePublished\":\"2012-10-07T08:46:02+00:00\",\"dateModified\":\"2025-05-29T11:43:20+00:00\",\"description\":\"Descubra como transformar a sua empresa numa franquia. Se disp\u00f5e de um bom modelo de neg\u00f3cio, o franchising \u00e9 o melhor m\u00e9todo para expandir com sucesso.\",\"breadcrumb\":{\"@id\":\"https:\/\/www.t4franquicias.com\/pt\/servicos-para-franquias\/franquear-uma-empresa\/#breadcrumb\"},\"inLanguage\":\"es\",\"potentialAction\":[{\"@type\":\"ReadAction\",\"target\":[\"https:\/\/www.t4franquicias.com\/pt\/servicos-para-franquias\/franquear-uma-empresa\/\"]}]},{\"@type\":\"BreadcrumbList\",\"@id\":\"https:\/\/www.t4franquicias.com\/pt\/servicos-para-franquias\/franquear-uma-empresa\/#breadcrumb\",\"itemListElement\":[{\"@type\":\"ListItem\",\"position\":1,\"name\":\"Portada\",\"item\":\"https:\/\/www.t4franquicias.com\/pt\/\"},{\"@type\":\"ListItem\",\"position\":2,\"name\":\"Servi\u00e7os para franquias\",\"item\":\"https:\/\/www.t4franquicias.com\/pt\/servicos-para-franquias\/\"},{\"@type\":\"ListItem\",\"position\":3,\"name\":\"Franquear uma empresa\"}]},{\"@type\":\"WebSite\",\"@id\":\"https:\/\/www.t4franquicias.com\/pt\/#website\",\"url\":\"https:\/\/www.t4franquicias.com\/pt\/\",\"name\":\"T4 Franquicias\",\"description\":\" Assessores e Consultores de Franquias\",\"publisher\":{\"@id\":\"https:\/\/www.t4franquicias.com\/pt\/#organization\"},\"alternateName\":\"T4 Franquicias\",\"potentialAction\":[{\"@type\":\"SearchAction\",\"target\":{\"@type\":\"EntryPoint\",\"urlTemplate\":\"https:\/\/www.t4franquicias.com\/pt\/?s={search_term_string}\"},\"query-input\":{\"@type\":\"PropertyValueSpecification\",\"valueRequired\":true,\"valueName\":\"search_term_string\"}}],\"inLanguage\":\"es\"},{\"@type\":\"Organization\",\"@id\":\"https:\/\/www.t4franquicias.com\/pt\/#organization\",\"name\":\"T4 Fraqnuicias\",\"alternateName\":\"T4 Franquicias\",\"url\":\"https:\/\/www.t4franquicias.com\/pt\/\",\"logo\":{\"@type\":\"ImageObject\",\"inLanguage\":\"es\",\"@id\":\"https:\/\/www.t4franquicias.com\/pt\/#\/schema\/logo\/image\/\",\"url\":\"https:\/\/www.t4franquicias.com\/wp-content\/uploads\/2018\/04\/t4-logo.svg\",\"contentUrl\":\"https:\/\/www.t4franquicias.com\/wp-content\/uploads\/2018\/04\/t4-logo.svg\",\"width\":1,\"height\":1,\"caption\":\"T4 Fraqnuicias\"},\"image\":{\"@id\":\"https:\/\/www.t4franquicias.com\/pt\/#\/schema\/logo\/image\/\"},\"sameAs\":[\"https:\/\/www.facebook.com\/T4-Franquicias-270127153112770\/\",\"https:\/\/x.com\/T4Franquicias\",\"https:\/\/www.instagram.com\/t4franquicias\/\",\"https:\/\/www.linkedin.com\/authwall?trk=gf&amp;amp;amp;amp;amp;trkInfo=AQG83SA0TyN3UQAAAWMYAdeghPMLtp364yC1mwjqOVe3ltdrpkNISDeFPIu5JnOXZabpHhOck9v-kKJi00EkvJPzGLSsSKwe2E0JZHQKhoOz7ZyIDeTOPiKeS5bj4J2m9m1iR_M=&amp;amp;amp;amp;amp;originalReferer=http:\/\/www.t4franquicias.com\/&amp;amp;amp;amp;amp;sessionRedirect=https:\/\/www.linkedin.com\/company\/t4-franquicias?trk=tyah\"]}]}<\/script>\n<!-- \/ Yoast SEO Premium plugin. -->","yoast_head_json":{"title":"Franquear uma empresa \u2013 Como franquear o meu neg\u00f3cio?","description":"Descubra como transformar a sua empresa numa franquia. Se disp\u00f5e de um bom modelo de neg\u00f3cio, o franchising \u00e9 o melhor m\u00e9todo para expandir com sucesso.","robots":{"index":"index","follow":"follow","max-snippet":"max-snippet:-1","max-image-preview":"max-image-preview:large","max-video-preview":"max-video-preview:-1"},"canonical":"https:\/\/www.t4franquicias.com\/pt\/servicos-para-franquias\/franquear-uma-empresa\/","og_locale":"es_ES","og_type":"article","og_title":"Franquear uma empresa","og_description":"Descubra como transformar a sua empresa numa franquia. Se disp\u00f5e de um bom modelo de neg\u00f3cio, o franchising \u00e9 o melhor m\u00e9todo para expandir com sucesso.","og_url":"https:\/\/www.t4franquicias.com\/pt\/servicos-para-franquias\/franquear-uma-empresa\/","og_site_name":"T4franquicias.com [pt]","article_publisher":"https:\/\/www.facebook.com\/T4-Franquicias-270127153112770\/","article_modified_time":"2025-05-29T11:43:20+00:00","og_image":[{"width":200,"height":176,"url":"https:\/\/i0.wp.com\/www.t4franquicias.com\/wp-content\/uploads\/sites\/4\/2015\/10\/T4FRANQUICIAS_web2.png","type":"image\/png"}],"twitter_card":"summary_large_image","twitter_site":"@T4Franquicias","twitter_misc":{"Tiempo de lectura":"3 minutos"},"schema":{"@context":"https:\/\/schema.org","@graph":[{"@type":"WebPage","@id":"https:\/\/www.t4franquicias.com\/pt\/servicos-para-franquias\/franquear-uma-empresa\/","url":"https:\/\/www.t4franquicias.com\/pt\/servicos-para-franquias\/franquear-uma-empresa\/","name":"Franquear uma empresa \u2013 Como franquear o meu neg\u00f3cio?","isPartOf":{"@id":"https:\/\/www.t4franquicias.com\/pt\/#website"},"datePublished":"2012-10-07T08:46:02+00:00","dateModified":"2025-05-29T11:43:20+00:00","description":"Descubra como transformar a sua empresa numa franquia. Se disp\u00f5e de um bom modelo de neg\u00f3cio, o franchising \u00e9 o melhor m\u00e9todo para expandir com sucesso.","breadcrumb":{"@id":"https:\/\/www.t4franquicias.com\/pt\/servicos-para-franquias\/franquear-uma-empresa\/#breadcrumb"},"inLanguage":"es","potentialAction":[{"@type":"ReadAction","target":["https:\/\/www.t4franquicias.com\/pt\/servicos-para-franquias\/franquear-uma-empresa\/"]}]},{"@type":"BreadcrumbList","@id":"https:\/\/www.t4franquicias.com\/pt\/servicos-para-franquias\/franquear-uma-empresa\/#breadcrumb","itemListElement":[{"@type":"ListItem","position":1,"name":"Portada","item":"https:\/\/www.t4franquicias.com\/pt\/"},{"@type":"ListItem","position":2,"name":"Servi\u00e7os para franquias","item":"https:\/\/www.t4franquicias.com\/pt\/servicos-para-franquias\/"},{"@type":"ListItem","position":3,"name":"Franquear uma empresa"}]},{"@type":"WebSite","@id":"https:\/\/www.t4franquicias.com\/pt\/#website","url":"https:\/\/www.t4franquicias.com\/pt\/","name":"T4 Franquicias","description":" Assessores e Consultores de Franquias","publisher":{"@id":"https:\/\/www.t4franquicias.com\/pt\/#organization"},"alternateName":"T4 Franquicias","potentialAction":[{"@type":"SearchAction","target":{"@type":"EntryPoint","urlTemplate":"https:\/\/www.t4franquicias.com\/pt\/?s={search_term_string}"},"query-input":{"@type":"PropertyValueSpecification","valueRequired":true,"valueName":"search_term_string"}}],"inLanguage":"es"},{"@type":"Organization","@id":"https:\/\/www.t4franquicias.com\/pt\/#organization","name":"T4 Fraqnuicias","alternateName":"T4 Franquicias","url":"https:\/\/www.t4franquicias.com\/pt\/","logo":{"@type":"ImageObject","inLanguage":"es","@id":"https:\/\/www.t4franquicias.com\/pt\/#\/schema\/logo\/image\/","url":"https:\/\/www.t4franquicias.com\/wp-content\/uploads\/2018\/04\/t4-logo.svg","contentUrl":"https:\/\/www.t4franquicias.com\/wp-content\/uploads\/2018\/04\/t4-logo.svg","width":1,"height":1,"caption":"T4 Fraqnuicias"},"image":{"@id":"https:\/\/www.t4franquicias.com\/pt\/#\/schema\/logo\/image\/"},"sameAs":["https:\/\/www.facebook.com\/T4-Franquicias-270127153112770\/","https:\/\/x.com\/T4Franquicias","https:\/\/www.instagram.com\/t4franquicias\/","https:\/\/www.linkedin.com\/authwall?trk=gf&amp;amp;amp;amp;amp;trkInfo=AQG83SA0TyN3UQAAAWMYAdeghPMLtp364yC1mwjqOVe3ltdrpkNISDeFPIu5JnOXZabpHhOck9v-kKJi00EkvJPzGLSsSKwe2E0JZHQKhoOz7ZyIDeTOPiKeS5bj4J2m9m1iR_M=&amp;amp;amp;amp;amp;originalReferer=http:\/\/www.t4franquicias.com\/&amp;amp;amp;amp;amp;sessionRedirect=https:\/\/www.linkedin.com\/company\/t4-franquicias?trk=tyah"]}]}},"_links":{"self":[{"href":"https:\/\/www.t4franquicias.com\/pt\/wp-json\/wp\/v2\/pages\/43","targetHints":{"allow":["GET"]}}],"collection":[{"href":"https:\/\/www.t4franquicias.com\/pt\/wp-json\/wp\/v2\/pages"}],"about":[{"href":"https:\/\/www.t4franquicias.com\/pt\/wp-json\/wp\/v2\/types\/page"}],"author":[{"embeddable":true,"href":"https:\/\/www.t4franquicias.com\/pt\/wp-json\/wp\/v2\/users\/1"}],"replies":[{"embeddable":true,"href":"https:\/\/www.t4franquicias.com\/pt\/wp-json\/wp\/v2\/comments?post=43"}],"version-history":[{"count":0,"href":"https:\/\/www.t4franquicias.com\/pt\/wp-json\/wp\/v2\/pages\/43\/revisions"}],"up":[{"embeddable":true,"href":"https:\/\/www.t4franquicias.com\/pt\/wp-json\/wp\/v2\/pages\/17"}],"wp:attachment":[{"href":"https:\/\/www.t4franquicias.com\/pt\/wp-json\/wp\/v2\/media?parent=43"}],"curies":[{"name":"wp","href":"https:\/\/api.w.org\/{rel}","templated":true}]}}