{"id":4217,"date":"2017-12-20T18:12:01","date_gmt":"2017-12-20T17:12:01","guid":{"rendered":"https:\/\/www.t4franquicias.com\/?page_id=4217"},"modified":"2025-05-29T14:00:19","modified_gmt":"2025-05-29T12:00:19","slug":"royalties-de-franquia-e-outras-rubricas-de-receitas","status":"publish","type":"page","link":"https:\/\/www.t4franquicias.com\/pt\/informacion\/royalties-de-franquia-e-outras-rubricas-de-receitas\/","title":{"rendered":"Royalties de franquia e outras rubricas de receitas"},"content":{"rendered":"<div id=\"the_content\" class=\"row\"><div class=\"cell bg12\"><h2><strong>O royalty de franquia e as outras linhas de rendimento de uma rede de franquia. Op\u00e7\u00f5es e possibilidades de rentabilizar a atividade de franchising.<\/strong><\/h2> <p>A configura\u00e7\u00e3o do royalty do franchising. Com esta sec\u00e7\u00e3o, pretendemos que todas as empresas que pretendam utilizar <a href=\"https:\/\/www.t4franquicias.com\/informacion\/los-5-pasos-para-franquiciar-una-empresa\/\">o franchising como modelo de crescimento do neg\u00f3cio<\/a>, tenham uma ideia clara de todas as possibilidades de que disp\u00f5em para maximizar a rentabilidade da sua atividade de franchising.<\/p> <p><img loading=\"lazy\" decoding=\"async\" class=\"wp-image-4218 alignleft\" title=\"Royalty de Franquicia\" src=\"https:\/\/www.t4franquicias.com\/wp-content\/uploads\/2017\/12\/Royalty-de-franquicia.png\" alt=\"Royalty de franquicia\" width=\"481\" height=\"321\" srcset=\"https:\/\/www.t4franquicias.com\/pt\/wp-content\/uploads\/sites\/4\/2017\/12\/Royalty-de-franquicia.png 885w, https:\/\/www.t4franquicias.com\/pt\/wp-content\/uploads\/sites\/4\/2017\/12\/Royalty-de-franquicia-300x200.png 300w, https:\/\/www.t4franquicias.com\/pt\/wp-content\/uploads\/sites\/4\/2017\/12\/Royalty-de-franquicia-768x513.png 768w\" sizes=\"auto, (max-width: 481px) 100vw, 481px\" \/><\/p> <p>Logicamente, todo o universo de possibilidades que vamos descrever a seguir n\u00e3o est\u00e1 dispon\u00edvel para todos os tipos de empresas. E, claro, estas linhas de receitas t\u00eam custos associados (\u00e9 o que definimos como F<a href=\"https:\/\/www.t4franquicias.com\/la-organizacion-en-las-redes-de-franquicia\/\">ranchise Central<\/a>). \u00c9 importante determinar estes \u201cdrivers\u201d de custos associados a cada linha de receitas para tra\u00e7ar a estrat\u00e9gia de rentabilidade mais adequada a cada modelo de franchising.<\/p> <p>Tentaremos associar estas linhas \u00e0s actividades\/sectores em que s\u00e3o mais comuns.<\/p> <h3>A rentabilidade de uma rede de franquias pode provir de diferentes fontes (e n\u00e3o apenas dos direitos de franquia).<\/h3> <p>Antes de mais, gostar\u00edamos de desmistificar um clich\u00e9 sobre o franchising. Existe a ideia errada de que \u00e9 muito mais rent\u00e1vel ser propriet\u00e1rio de centros do que franchisado. Isto n\u00e3o \u00e9 inteiramente verdade. O franchising gera linhas de rendimento constantes:<\/p> <ul> <li>sem necessidade de efetuar o investimento e<\/li> <li>sem correr o risco de gerir o neg\u00f3cio.<\/li> <\/ul> <p>E, no fim de contas, a rentabilidade deve ser colocada em rela\u00e7\u00e3o com o montante do investimento.<\/p> <p>Ser\u00e1 rent\u00e1vel ganhar um pouco menos, sem ter de investir e correndo muito menos riscos? N\u00f3s pensamos que sim, assim como milhares de franchisadores em todo o mundo. Uma ou duas pessoas acham que n\u00e3o. Tire as suas pr\u00f3prias conclus\u00f5es e, acima de tudo, analise os n\u00fameros:<\/p> <h5>1.- Royalties de explora\u00e7\u00e3o (Franchise Royalty):<\/h5> <p>Este \u00e9 um dos fluxos de receitas mais t\u00edpicos nas rela\u00e7\u00f5es de franchising. \u00c9 um erro operar por mimetismo em rela\u00e7\u00e3o ao que as outras marcas fazem. A rentabilidade nunca \u00e9 comprometida e as obriga\u00e7\u00f5es financeiras devem ser perfeitamente definidas de forma a manter o equil\u00edbrio na rela\u00e7\u00e3o franchisador-franchisado.<\/p> <p>Tipologia dos royalties de franchising:<\/p> <ul> <li><strong><em>Royalty de franquia fixa:<\/em><\/strong> S\u00e3o royalties que estabelecem um montante fixo de rendimento para o franqueado. Este tipo de royalty \u00e9 normalmente utilizado em duas ocasi\u00f5es:<br \/> Quando \u00e9 dif\u00edcil determinar o valor das vendas do franchisado ou o valor das vendas agrupa receitas de diferentes fontes e com diferentes margens, o que dificulta o estabelecimento de crit\u00e9rios homog\u00e9neos.<br \/> Quando \u00e9 pago um servi\u00e7o pelo franchisador cuja valoriza\u00e7\u00e3o \u00e9 simples e est\u00e1vel, o que torna aconselh\u00e1vel rentabiliz\u00e1-lo atrav\u00e9s de um montante fixo em vez de um montante vari\u00e1vel.<\/li> <li><em><strong>Os royalties de franquia vari\u00e1veis:<\/strong><\/em> s\u00e3o aqueles que s\u00e3o estabelecidos como uma percentagem de um item espec\u00edfico. A mais comum de todas \u00e9 sobre as vendas do franchisado. Embora tamb\u00e9m possa incidir sobre as compras, ou apenas sobre uma parte das vendas. \u00c9 a obriga\u00e7\u00e3o financeira mais comum e popular nas redes de franchising. Normalmente recompensa os servi\u00e7os de apoio e outros benef\u00edcios (como a utiliza\u00e7\u00e3o da marca) prestados pelo franchisador ao franchisado.<\/li> <li><em><strong>Royalties de franquia mistas:<\/strong><\/em> s\u00e3o aquelas que combinam paralelamente as modalidades anteriores, uma % das vendas e um montante fixo. N\u00e3o s\u00e3o muito comuns.<\/li> <\/ul> <h5>2.- Os corredores r\u00e1pidos dos fornecedores:<\/h5> <p>Em certos sectores, tais como o sector da restaura\u00e7\u00e3o, constituem uma das principais fontes de receitas para os franqueadores. Normalmente, os volumes de consumo previstos e a percentagem do desconto a conceder ao franqueador s\u00e3o acordados com o fornecedor em fun\u00e7\u00e3o do n\u00edvel de consumo.<\/p> <h5>3.- Central de compras:<\/h5> <p>\u00c9 um facto comprovado que muitos franchisings evolu\u00edram para este estatuto partindo de abordagens muito mais b\u00e1sicas como a central de compras. Progressivamente, foram incorporando servi\u00e7os e benef\u00edcios. Em todo o caso, a central de compras \u00e9 uma das formas de rentabilizar a atividade de franchising e tem algumas modalidades assimiladas. A central de compras n\u00e3o \u00e9 um rendimento em si, mas o desconto obtido pela economia de escala \u00e9. Os benef\u00edcios destes descontos s\u00e3o normalmente partilhados em partes iguais com os franchisados. O objetivo final \u00e9 que o impacto deste benef\u00edcio seja uma vantagem de integra\u00e7\u00e3o na organiza\u00e7\u00e3o.<\/p> <ul> <li><em>Centro de negocia\u00e7\u00e3o:<\/em> Ao contr\u00e1rio do centro de compras, neste caso o centro de franchising n\u00e3o compra o produto. Apenas negoceia um modelo de condi\u00e7\u00f5es a que os franchisados aderem. A sede pode receber as encomendas. Ou pode acordar que as encomendas sejam feitas diretamente aos fornecedores com base nestas condi\u00e7\u00f5es. O risco e as fun\u00e7\u00f5es a realizar s\u00e3o menores neste caso<\/li> <li><em>Encomendas centrais:<\/em> Este \u00e9 um n\u00edvel inferior.<\/li> <\/ul> <h5>4.- Direito de entrada:<\/h5> <p>Juntamente com o royalty de franquia, \u00e9 a linha de receita mais conhecida. \u00c9 o montante que o franchisado paga ao franchisador e que o recompensa pelos servi\u00e7os e servi\u00e7os de integra\u00e7\u00e3o prestados nesta fase inicial. Entre outros, normalmente paga os seguintes itens:<\/p> <p>Possibilidade de utiliza\u00e7\u00e3o da marca do franchisador; a sua identidade materializada na decora\u00e7\u00e3o e apetrechamento das instala\u00e7\u00f5es. Tamb\u00e9m a sua imagem gr\u00e1fica.<\/p> <ul> <li>Forma\u00e7\u00e3o necess\u00e1ria para a aquisi\u00e7\u00e3o do saber-fazer da franquia. Disponibiliza\u00e7\u00e3o de toda a base documental contendo esse know-how.<\/li> <li>Apoio na procura de instala\u00e7\u00f5es, para que estas re\u00fanam as carater\u00edsticas exigidas pela marca e nas negocia\u00e7\u00f5es com o senhorio.<\/li> <li>Apoio na procura de financiamento (normalmente atrav\u00e9s de acordos banc\u00e1rios).<\/li> <li>Colabora\u00e7\u00e3o na identifica\u00e7\u00e3o das necessidades de pessoal e na sele\u00e7\u00e3o do pessoal inicial.<\/li> <li>Cobertura inicial de marketing.<\/li> <li>Sistema de informa\u00e7\u00e3o.<\/li> <li>Protocolos de trabalho em todas as \u00e1reas da empresa.<\/li> <li>Assessoria em \u00e1reas administrativas de interesse.<\/li> <\/ul> <p>Quanto mais elevado for o valor dos activos acima descritos, mais elevada ser\u00e1 a taxa de inscri\u00e7\u00e3o.<\/p> <h5>5.- Pain\u00e9is publicit\u00e1rios:<\/h5> <p>Normalmente, ao contr\u00e1rio da royalty de franquia, a royalty de publicidade \u00e9 uma rubrica de reinvestimento. Tamb\u00e9m precisa de ser justificada aos franchisados. No entanto, por vezes, a negocia\u00e7\u00e3o de grandes rubricas publicit\u00e1rias pode conduzir a rappels para o franchisador. O nosso conselho \u00e9 reinvestir estas margens, mas elas podem perfeitamente ser consideradas como um lucro para remunerar os esfor\u00e7os feitos nesta \u00e1rea.<\/p> <h5>6.- Margem sobre a venda de produtos aos franchisados:<\/h5> <p>Em certas organiza\u00e7\u00f5es, \u00e9 o principal e mesmo o \u00fanico lucro. As empresas de moda ou as cadeias de restaurantes s\u00e3o alguns dos exemplos mais comuns que utilizam este canal para rentabilizar a atividade de franchising. Fornecem produtos aos seus franchisados (sejam eles fabricantes ou n\u00e3o) e beneficiam deste trabalho de distribui\u00e7\u00e3o.<\/p> <h5>7.- Centraliza\u00e7\u00e3o dos servi\u00e7os:<\/h5> <p>H\u00e1 actividades que s\u00e3o muito suscept\u00edveis de utilizar este meio como forma de obter rendimentos. \u00c9 muito comum em organiza\u00e7\u00f5es onde o franchisado tem uma fun\u00e7\u00e3o eminentemente comercial, mas o servi\u00e7o \u00e9 prestado a partir da organiza\u00e7\u00e3o central (repara\u00e7\u00f5es complexas, armazenamento de produtos de grande volume, servi\u00e7os jur\u00eddicos, servi\u00e7os telef\u00f3nicos). Nas organiza\u00e7\u00f5es em que o franqueado n\u00e3o disp\u00f5e de recursos, forma\u00e7\u00e3o ou compet\u00eancias para realizar determinadas actividades, estas s\u00e3o realizadas pela sede da franquia, que paga os honor\u00e1rios correspondentes pela sua realiza\u00e7\u00e3o.<\/p> <h5>8.- Patroc\u00ednio:<\/h5> <p>Esta \u00e9 uma das linhas de rendimento que se pode qualificar de invulgar ou marginal. Pode ser utilizada nas empresas em que um fornecedor que deseja desempenhar um papel de lideran\u00e7a na empresa, para al\u00e9m da sua presen\u00e7a enquanto tal, negoceia o desenvolvimento de eventos espec\u00edficos (festas tem\u00e1ticas, por exemplo) ou de publicidade espec\u00edfica, tanto no ponto de venda como nas campanhas publicit\u00e1rias do franchising (por exemplo, um fornecedor de cerveja, de caf\u00e9 ou de uma bebida energ\u00e9tica ou alco\u00f3lica, que deseja estar mais associado a uma marca atrav\u00e9s desta f\u00f3rmula).<\/p> <h5><strong>9.- At\u00edpicos:<\/strong><\/h5> <p>Este grupo inclui todas as linhas de receitas que n\u00e3o se enquadram nas rubricas anteriores. Ou porque se trata de um rendimento pontual ou porque n\u00e3o se enquadra nestas rubricas. Alguns exemplos s\u00e3o a subloca\u00e7\u00e3o de instala\u00e7\u00f5es ao franchisado ou o aluguer tempor\u00e1rio de equipamento para o desenvolvimento de determinados trabalhos.<\/p> <p>Em suma, o nosso objetivo \u00e9 considerar todas as possibilidades de rendimento num centro de franchising, para al\u00e9m das mais cl\u00e1ssicas e comuns, como os royalties do franchising.<\/p> <h3>Alguns conselhos pr\u00e1ticos sobre as royalties de franquia (e os outros fluxos de receitas)<\/h3> <ul> <li>Avaliar todas as possibilidades existentes. N\u00e3o se concentre na situa\u00e7\u00e3o e nas capacidades actuais. Projecte todas as possibilidades e estruture a rela\u00e7\u00e3o de franchising para as alcan\u00e7ar.<\/li> <li>Muitos franchisadores est\u00e3o a perder oportunidades de rendimento por esta raz\u00e3o. N\u00e3o sabem que podem expandir as suas possibilidades modificando a estrutura da sua rela\u00e7\u00e3o de franchising.<\/li> <li>N\u00e3o se concentrar demasiado no que os outros est\u00e3o a fazer. Isto afasta a criatividade e, por conseguinte, a perda de op\u00e7\u00f5es.<\/li> <li>N\u00e3o planear linhas de receitas se os recursos que delas dependem n\u00e3o estiverem prontos.<\/li> <li>N\u00e3o quantificar obriga\u00e7\u00f5es financeiras de qualquer tipo. Antes de o fazer, verificar quais os recursos necess\u00e1rios para as gerar e o seu custo.<\/li> <\/ul> <h3>Erros a evitar relativamente \u00e0 royalty de franquia (e \u00e0s outras linhas de receitas)<\/h3> <ul> <li>Tentar ser \u201ccomercial\u201d com as minhas linhas de receitas, reduzindo-as para tornar o neg\u00f3cio mais atrativo em detrimento da sua rentabilidade.<\/li> <li>N\u00e3o avaliar adequadamente os recursos necess\u00e1rios (e, portanto, os custos) para realizar os servi\u00e7os derivados da atividade de franchising.<\/li> <li>N\u00e3o ter em conta todas as possibilidades ao nosso alcance para rentabilizar o centro de franchising.<\/li> <\/ul><\/div><\/div>","protected":false},"excerpt":{"rendered":"<p>O royalty de franquia e as outras linhas de rendimento de uma rede de franquia. Op\u00e7\u00f5es e possibilidades de rentabilizar a atividade de franchising. A configura\u00e7\u00e3o do royalty do franchising. Com esta sec\u00e7\u00e3o, pretendemos que todas as empresas que pretendam utilizar o franchising como modelo de crescimento do neg\u00f3cio, tenham uma ideia clara de todas [&hellip;]<\/p>\n","protected":false},"author":1,"featured_media":0,"parent":25,"menu_order":5,"comment_status":"closed","ping_status":"closed","template":"","meta":{"_acf_changed":false,"footnotes":""},"class_list":["post-4217","page","type-page","status-publish","hentry"],"acf":[],"yoast_head":"<!-- This site is optimized with the Yoast SEO Premium plugin v27.2 (Yoast SEO v27.2) - https:\/\/yoast.com\/product\/yoast-seo-premium-wordpress\/ -->\n<title>Royalty de franquicia y otras l\u00edneas de ingresos de franquicias<\/title>\n<meta name=\"description\" content=\"La configuraci\u00f3n del royalty de franquicia. Conozca todas las opciones que tienen las empresas que quieren franquiciar para ser rentables.\" \/>\n<meta name=\"robots\" content=\"index, follow, max-snippet:-1, max-image-preview:large, max-video-preview:-1\" \/>\n<link rel=\"canonical\" href=\"https:\/\/www.t4franquicias.com\/pt\/informacion\/royalties-de-franquia-e-outras-rubricas-de-receitas\/\" \/>\n<meta property=\"og:locale\" content=\"es_ES\" \/>\n<meta property=\"og:type\" content=\"article\" \/>\n<meta property=\"og:title\" content=\"Royalties de franquia e outras rubricas de receitas\" \/>\n<meta property=\"og:description\" content=\"La configuraci\u00f3n del royalty de franquicia. Conozca todas las opciones que tienen las empresas que quieren franquiciar para ser rentables.\" \/>\n<meta property=\"og:url\" content=\"https:\/\/www.t4franquicias.com\/pt\/informacion\/royalties-de-franquia-e-outras-rubricas-de-receitas\/\" \/>\n<meta property=\"og:site_name\" content=\"T4franquicias.com [pt]\" \/>\n<meta property=\"article:publisher\" content=\"https:\/\/www.facebook.com\/T4-Franquicias-270127153112770\/\" \/>\n<meta property=\"article:modified_time\" content=\"2025-05-29T12:00:19+00:00\" \/>\n<meta property=\"og:image\" content=\"https:\/\/i0.wp.com\/www.t4franquicias.com\/wp-content\/uploads\/sites\/4\/2017\/12\/Royalty-de-franquicia.png\" \/>\n\t<meta property=\"og:image:width\" content=\"885\" \/>\n\t<meta property=\"og:image:height\" content=\"591\" \/>\n\t<meta property=\"og:image:type\" content=\"image\/png\" \/>\n<meta name=\"twitter:card\" content=\"summary_large_image\" \/>\n<meta name=\"twitter:site\" content=\"@T4Franquicias\" \/>\n<meta name=\"twitter:label1\" content=\"Tiempo de lectura\" \/>\n\t<meta name=\"twitter:data1\" content=\"8 minutos\" \/>\n<script type=\"application\/ld+json\" class=\"yoast-schema-graph\">{\"@context\":\"https:\/\/schema.org\",\"@graph\":[{\"@type\":\"WebPage\",\"@id\":\"https:\/\/www.t4franquicias.com\/pt\/informacion\/royalties-de-franquia-e-outras-rubricas-de-receitas\/\",\"url\":\"https:\/\/www.t4franquicias.com\/pt\/informacion\/royalties-de-franquia-e-outras-rubricas-de-receitas\/\",\"name\":\"Royalty de franquicia y otras l\u00edneas de ingresos de franquicias\",\"isPartOf\":{\"@id\":\"https:\/\/www.t4franquicias.com\/pt\/#website\"},\"primaryImageOfPage\":{\"@id\":\"https:\/\/www.t4franquicias.com\/pt\/informacion\/royalties-de-franquia-e-outras-rubricas-de-receitas\/#primaryimage\"},\"image\":{\"@id\":\"https:\/\/www.t4franquicias.com\/pt\/informacion\/royalties-de-franquia-e-outras-rubricas-de-receitas\/#primaryimage\"},\"thumbnailUrl\":\"https:\/\/www.t4franquicias.com\/wp-content\/uploads\/2017\/12\/Royalty-de-franquicia.png\",\"datePublished\":\"2017-12-20T17:12:01+00:00\",\"dateModified\":\"2025-05-29T12:00:19+00:00\",\"description\":\"La configuraci\u00f3n del royalty de franquicia. Conozca todas las opciones que tienen las empresas que quieren franquiciar para ser rentables.\",\"breadcrumb\":{\"@id\":\"https:\/\/www.t4franquicias.com\/pt\/informacion\/royalties-de-franquia-e-outras-rubricas-de-receitas\/#breadcrumb\"},\"inLanguage\":\"es\",\"potentialAction\":[{\"@type\":\"ReadAction\",\"target\":[\"https:\/\/www.t4franquicias.com\/pt\/informacion\/royalties-de-franquia-e-outras-rubricas-de-receitas\/\"]}]},{\"@type\":\"ImageObject\",\"inLanguage\":\"es\",\"@id\":\"https:\/\/www.t4franquicias.com\/pt\/informacion\/royalties-de-franquia-e-outras-rubricas-de-receitas\/#primaryimage\",\"url\":\"https:\/\/www.t4franquicias.com\/wp-content\/uploads\/2017\/12\/Royalty-de-franquicia.png\",\"contentUrl\":\"https:\/\/www.t4franquicias.com\/wp-content\/uploads\/2017\/12\/Royalty-de-franquicia.png\"},{\"@type\":\"BreadcrumbList\",\"@id\":\"https:\/\/www.t4franquicias.com\/pt\/informacion\/royalties-de-franquia-e-outras-rubricas-de-receitas\/#breadcrumb\",\"itemListElement\":[{\"@type\":\"ListItem\",\"position\":1,\"name\":\"Portada\",\"item\":\"https:\/\/www.t4franquicias.com\/pt\/\"},{\"@type\":\"ListItem\",\"position\":2,\"name\":\"Informa\u00e7\u00f5es\",\"item\":\"https:\/\/www.t4franquicias.com\/pt\/informacion\/\"},{\"@type\":\"ListItem\",\"position\":3,\"name\":\"Royalties de franquia e outras rubricas de receitas\"}]},{\"@type\":\"WebSite\",\"@id\":\"https:\/\/www.t4franquicias.com\/pt\/#website\",\"url\":\"https:\/\/www.t4franquicias.com\/pt\/\",\"name\":\"T4 Franquicias\",\"description\":\" Assessores e Consultores de Franquias\",\"publisher\":{\"@id\":\"https:\/\/www.t4franquicias.com\/pt\/#organization\"},\"alternateName\":\"T4 Franquicias\",\"potentialAction\":[{\"@type\":\"SearchAction\",\"target\":{\"@type\":\"EntryPoint\",\"urlTemplate\":\"https:\/\/www.t4franquicias.com\/pt\/?s={search_term_string}\"},\"query-input\":{\"@type\":\"PropertyValueSpecification\",\"valueRequired\":true,\"valueName\":\"search_term_string\"}}],\"inLanguage\":\"es\"},{\"@type\":\"Organization\",\"@id\":\"https:\/\/www.t4franquicias.com\/pt\/#organization\",\"name\":\"T4 Fraqnuicias\",\"alternateName\":\"T4 Franquicias\",\"url\":\"https:\/\/www.t4franquicias.com\/pt\/\",\"logo\":{\"@type\":\"ImageObject\",\"inLanguage\":\"es\",\"@id\":\"https:\/\/www.t4franquicias.com\/pt\/#\/schema\/logo\/image\/\",\"url\":\"https:\/\/www.t4franquicias.com\/wp-content\/uploads\/2018\/04\/t4-logo.svg\",\"contentUrl\":\"https:\/\/www.t4franquicias.com\/wp-content\/uploads\/2018\/04\/t4-logo.svg\",\"width\":1,\"height\":1,\"caption\":\"T4 Fraqnuicias\"},\"image\":{\"@id\":\"https:\/\/www.t4franquicias.com\/pt\/#\/schema\/logo\/image\/\"},\"sameAs\":[\"https:\/\/www.facebook.com\/T4-Franquicias-270127153112770\/\",\"https:\/\/x.com\/T4Franquicias\",\"https:\/\/www.instagram.com\/t4franquicias\/\",\"https:\/\/www.linkedin.com\/authwall?trk=gf&amp;amp;amp;amp;amp;trkInfo=AQG83SA0TyN3UQAAAWMYAdeghPMLtp364yC1mwjqOVe3ltdrpkNISDeFPIu5JnOXZabpHhOck9v-kKJi00EkvJPzGLSsSKwe2E0JZHQKhoOz7ZyIDeTOPiKeS5bj4J2m9m1iR_M=&amp;amp;amp;amp;amp;originalReferer=http:\/\/www.t4franquicias.com\/&amp;amp;amp;amp;amp;sessionRedirect=https:\/\/www.linkedin.com\/company\/t4-franquicias?trk=tyah\"]}]}<\/script>\n<!-- \/ Yoast SEO Premium plugin. -->","yoast_head_json":{"title":"Royalty de franquicia y otras l\u00edneas de ingresos de franquicias","description":"La configuraci\u00f3n del royalty de franquicia. Conozca todas las opciones que tienen las empresas que quieren franquiciar para ser rentables.","robots":{"index":"index","follow":"follow","max-snippet":"max-snippet:-1","max-image-preview":"max-image-preview:large","max-video-preview":"max-video-preview:-1"},"canonical":"https:\/\/www.t4franquicias.com\/pt\/informacion\/royalties-de-franquia-e-outras-rubricas-de-receitas\/","og_locale":"es_ES","og_type":"article","og_title":"Royalties de franquia e outras rubricas de receitas","og_description":"La configuraci\u00f3n del royalty de franquicia. Conozca todas las opciones que tienen las empresas que quieren franquiciar para ser rentables.","og_url":"https:\/\/www.t4franquicias.com\/pt\/informacion\/royalties-de-franquia-e-outras-rubricas-de-receitas\/","og_site_name":"T4franquicias.com [pt]","article_publisher":"https:\/\/www.facebook.com\/T4-Franquicias-270127153112770\/","article_modified_time":"2025-05-29T12:00:19+00:00","og_image":[{"width":885,"height":591,"url":"https:\/\/i0.wp.com\/www.t4franquicias.com\/wp-content\/uploads\/sites\/4\/2017\/12\/Royalty-de-franquicia.png","type":"image\/png"}],"twitter_card":"summary_large_image","twitter_site":"@T4Franquicias","twitter_misc":{"Tiempo de lectura":"8 minutos"},"schema":{"@context":"https:\/\/schema.org","@graph":[{"@type":"WebPage","@id":"https:\/\/www.t4franquicias.com\/pt\/informacion\/royalties-de-franquia-e-outras-rubricas-de-receitas\/","url":"https:\/\/www.t4franquicias.com\/pt\/informacion\/royalties-de-franquia-e-outras-rubricas-de-receitas\/","name":"Royalty de franquicia y otras l\u00edneas de ingresos de franquicias","isPartOf":{"@id":"https:\/\/www.t4franquicias.com\/pt\/#website"},"primaryImageOfPage":{"@id":"https:\/\/www.t4franquicias.com\/pt\/informacion\/royalties-de-franquia-e-outras-rubricas-de-receitas\/#primaryimage"},"image":{"@id":"https:\/\/www.t4franquicias.com\/pt\/informacion\/royalties-de-franquia-e-outras-rubricas-de-receitas\/#primaryimage"},"thumbnailUrl":"https:\/\/www.t4franquicias.com\/wp-content\/uploads\/2017\/12\/Royalty-de-franquicia.png","datePublished":"2017-12-20T17:12:01+00:00","dateModified":"2025-05-29T12:00:19+00:00","description":"La configuraci\u00f3n del royalty de franquicia. Conozca todas las opciones que tienen las empresas que quieren franquiciar para ser rentables.","breadcrumb":{"@id":"https:\/\/www.t4franquicias.com\/pt\/informacion\/royalties-de-franquia-e-outras-rubricas-de-receitas\/#breadcrumb"},"inLanguage":"es","potentialAction":[{"@type":"ReadAction","target":["https:\/\/www.t4franquicias.com\/pt\/informacion\/royalties-de-franquia-e-outras-rubricas-de-receitas\/"]}]},{"@type":"ImageObject","inLanguage":"es","@id":"https:\/\/www.t4franquicias.com\/pt\/informacion\/royalties-de-franquia-e-outras-rubricas-de-receitas\/#primaryimage","url":"https:\/\/www.t4franquicias.com\/wp-content\/uploads\/2017\/12\/Royalty-de-franquicia.png","contentUrl":"https:\/\/www.t4franquicias.com\/wp-content\/uploads\/2017\/12\/Royalty-de-franquicia.png"},{"@type":"BreadcrumbList","@id":"https:\/\/www.t4franquicias.com\/pt\/informacion\/royalties-de-franquia-e-outras-rubricas-de-receitas\/#breadcrumb","itemListElement":[{"@type":"ListItem","position":1,"name":"Portada","item":"https:\/\/www.t4franquicias.com\/pt\/"},{"@type":"ListItem","position":2,"name":"Informa\u00e7\u00f5es","item":"https:\/\/www.t4franquicias.com\/pt\/informacion\/"},{"@type":"ListItem","position":3,"name":"Royalties de franquia e outras rubricas de receitas"}]},{"@type":"WebSite","@id":"https:\/\/www.t4franquicias.com\/pt\/#website","url":"https:\/\/www.t4franquicias.com\/pt\/","name":"T4 Franquicias","description":" Assessores e Consultores de Franquias","publisher":{"@id":"https:\/\/www.t4franquicias.com\/pt\/#organization"},"alternateName":"T4 Franquicias","potentialAction":[{"@type":"SearchAction","target":{"@type":"EntryPoint","urlTemplate":"https:\/\/www.t4franquicias.com\/pt\/?s={search_term_string}"},"query-input":{"@type":"PropertyValueSpecification","valueRequired":true,"valueName":"search_term_string"}}],"inLanguage":"es"},{"@type":"Organization","@id":"https:\/\/www.t4franquicias.com\/pt\/#organization","name":"T4 Fraqnuicias","alternateName":"T4 Franquicias","url":"https:\/\/www.t4franquicias.com\/pt\/","logo":{"@type":"ImageObject","inLanguage":"es","@id":"https:\/\/www.t4franquicias.com\/pt\/#\/schema\/logo\/image\/","url":"https:\/\/www.t4franquicias.com\/wp-content\/uploads\/2018\/04\/t4-logo.svg","contentUrl":"https:\/\/www.t4franquicias.com\/wp-content\/uploads\/2018\/04\/t4-logo.svg","width":1,"height":1,"caption":"T4 Fraqnuicias"},"image":{"@id":"https:\/\/www.t4franquicias.com\/pt\/#\/schema\/logo\/image\/"},"sameAs":["https:\/\/www.facebook.com\/T4-Franquicias-270127153112770\/","https:\/\/x.com\/T4Franquicias","https:\/\/www.instagram.com\/t4franquicias\/","https:\/\/www.linkedin.com\/authwall?trk=gf&amp;amp;amp;amp;amp;trkInfo=AQG83SA0TyN3UQAAAWMYAdeghPMLtp364yC1mwjqOVe3ltdrpkNISDeFPIu5JnOXZabpHhOck9v-kKJi00EkvJPzGLSsSKwe2E0JZHQKhoOz7ZyIDeTOPiKeS5bj4J2m9m1iR_M=&amp;amp;amp;amp;amp;originalReferer=http:\/\/www.t4franquicias.com\/&amp;amp;amp;amp;amp;sessionRedirect=https:\/\/www.linkedin.com\/company\/t4-franquicias?trk=tyah"]}]}},"_links":{"self":[{"href":"https:\/\/www.t4franquicias.com\/pt\/wp-json\/wp\/v2\/pages\/4217","targetHints":{"allow":["GET"]}}],"collection":[{"href":"https:\/\/www.t4franquicias.com\/pt\/wp-json\/wp\/v2\/pages"}],"about":[{"href":"https:\/\/www.t4franquicias.com\/pt\/wp-json\/wp\/v2\/types\/page"}],"author":[{"embeddable":true,"href":"https:\/\/www.t4franquicias.com\/pt\/wp-json\/wp\/v2\/users\/1"}],"replies":[{"embeddable":true,"href":"https:\/\/www.t4franquicias.com\/pt\/wp-json\/wp\/v2\/comments?post=4217"}],"version-history":[{"count":0,"href":"https:\/\/www.t4franquicias.com\/pt\/wp-json\/wp\/v2\/pages\/4217\/revisions"}],"up":[{"embeddable":true,"href":"https:\/\/www.t4franquicias.com\/pt\/wp-json\/wp\/v2\/pages\/25"}],"wp:attachment":[{"href":"https:\/\/www.t4franquicias.com\/pt\/wp-json\/wp\/v2\/media?parent=4217"}],"curies":[{"name":"wp","href":"https:\/\/api.w.org\/{rel}","templated":true}]}}