{"id":41,"date":"2012-10-07T10:45:23","date_gmt":"2012-10-07T08:45:23","guid":{"rendered":"https:\/\/www.t4franquicias.com\/?page_id=41"},"modified":"2025-05-29T14:03:44","modified_gmt":"2025-05-29T12:03:44","slug":"expansao-internacional-das-franquias","status":"publish","type":"page","link":"https:\/\/www.t4franquicias.com\/pt\/servicos-para-franquias\/expansao-internacional-das-franquias\/","title":{"rendered":"Expans\u00e3o internacional das franquias"},"content":{"rendered":"<div id=\"the_content\" class=\"row\"><div class=\"cell bg12\"><p>A expans\u00e3o internacional das <strong>franquias<\/strong>, o acesso a novos mercados internacionais \u00e9 um passo na evolu\u00e7\u00e3o da maioria das redes de franquias, mas esta evolu\u00e7\u00e3o requer uma prepara\u00e7\u00e3o em diferentes \u00e1reas e uma adapta\u00e7\u00e3o de diferentes elementos. Para al\u00e9m das necessidades habituais do sistema de franchising, existem tamb\u00e9m as necessidades espec\u00edficas e particulares de cada mercado internacional, tanto no \u00e2mbito empresarial, como as relacionadas com o sector espec\u00edfico de atividade ou com a regulamenta\u00e7\u00e3o local de franchising e com\u00e9rcio.<\/p>\n<p>A exist\u00eancia de instrumentos e <strong>ve\u00edculos adequados<\/strong> para a sua implementa\u00e7\u00e3o n\u00e3o s\u00f3 torna esta tarefa poss\u00edvel e mais f\u00e1cil, como tamb\u00e9m mais segura e isenta de potenciais riscos, aumentando ainda a confian\u00e7a dos futuros investidores e potenciais franchisados nesses mercados.<\/p>\n<p>Para al\u00e9m da an\u00e1lise e defini\u00e7\u00e3o do formato de franchising e das ferramentas necess\u00e1rias ao desenvolvimento internacional, o nosso servi\u00e7o nesta \u00e1rea tem como objetivo encontrar investidores em cada um dos mercados alvo.<\/p>\n<h3>O nosso trabalho \u00e9 efectuado nas seguintes fases<\/h3>\n<ol>\n<li><strong>Conhecimento das carater\u00edsticas do mercado-alvo e adapta\u00e7\u00e3o do conceito em conformidade.<\/strong> Ajudamos a definir a estrat\u00e9gia mais adequada para a expans\u00e3o nos mercados internacionais. Nesta fase, criamos tamb\u00e9m o Quadro Legal para a Expans\u00e3o Internacional, o contrato de franchising e o contrato de master franchise.<\/li>\n<li><strong>Avalia\u00e7\u00e3o dos direitos do mestre.<\/strong><\/li>\n<li><strong>Cria\u00e7\u00e3o de ferramentas de marketing.<\/strong> Atrair investidores em cada mercado.<\/li>\n<li><strong>Procura de investidores.<\/strong> Angaria\u00e7\u00e3o ativa de investidores atrav\u00e9s da nossa base de dados nos diferentes pa\u00edses em que estamos presentes, bem como a gera\u00e7\u00e3o de refer\u00eancias com os nossos pr\u00f3prios recursos. Cri\u00e1mos, atrav\u00e9s do Plano de A\u00e7\u00e3o de Desenvolvimento, as ferramentas mais eficazes para gerar candidaturas nos principais mercados de destino das franquias espanholas, dando cobertura com escrit\u00f3rios e estrutura pr\u00f3pria nesses mercados.<\/li>\n<li><strong>Apresenta\u00e7\u00f5es e negocia\u00e7\u00f5es com os candidatos.<\/strong> Utilizando as nossas plataformas locais e as nossas pr\u00f3prias equipas.<\/li>\n<\/ol>\n<\/div><\/div>","protected":false},"excerpt":{"rendered":"<p>A expans\u00e3o internacional das franquias, o acesso a novos mercados internacionais \u00e9 um passo na evolu\u00e7\u00e3o da maioria das redes de franquias, mas esta evolu\u00e7\u00e3o requer uma prepara\u00e7\u00e3o em diferentes \u00e1reas e uma adapta\u00e7\u00e3o de diferentes elementos. Para al\u00e9m das necessidades habituais do sistema de franchising, existem tamb\u00e9m as necessidades espec\u00edficas e particulares de cada [&hellip;]<\/p>\n","protected":false},"author":1,"featured_media":0,"parent":17,"menu_order":8,"comment_status":"closed","ping_status":"closed","template":"","meta":{"_acf_changed":false,"footnotes":""},"class_list":["post-41","page","type-page","status-publish","hentry"],"acf":[],"yoast_head":"<!-- This site is optimized with the Yoast SEO Premium plugin v27.2 (Yoast SEO v27.2) - https:\/\/yoast.com\/product\/yoast-seo-premium-wordpress\/ -->\n<title>Servicios de expansi\u00f3n internacional de franquicias<\/title>\n<meta name=\"description\" content=\"El servicio tiene como objetivo, definir el formato de franquicia, las herramientas para afrontar la internacionalizaci\u00f3n y conseguir inversores en los mercados\" \/>\n<meta name=\"robots\" content=\"index, follow, max-snippet:-1, max-image-preview:large, max-video-preview:-1\" \/>\n<link rel=\"canonical\" href=\"https:\/\/www.t4franquicias.com\/pt\/servicos-para-franquias\/expansao-internacional-das-franquias\/\" \/>\n<meta property=\"og:locale\" content=\"es_ES\" \/>\n<meta property=\"og:type\" content=\"article\" \/>\n<meta property=\"og:title\" content=\"Expans\u00e3o internacional das franquias\" \/>\n<meta property=\"og:description\" content=\"El servicio tiene como objetivo, definir el formato de franquicia, las herramientas para afrontar la internacionalizaci\u00f3n y conseguir inversores en los mercados\" \/>\n<meta property=\"og:url\" content=\"https:\/\/www.t4franquicias.com\/pt\/servicos-para-franquias\/expansao-internacional-das-franquias\/\" \/>\n<meta property=\"og:site_name\" content=\"T4franquicias.com [pt]\" \/>\n<meta property=\"article:publisher\" content=\"https:\/\/www.facebook.com\/T4-Franquicias-270127153112770\/\" \/>\n<meta property=\"article:modified_time\" content=\"2025-05-29T12:03:44+00:00\" \/>\n<meta property=\"og:image\" content=\"https:\/\/i0.wp.com\/www.t4franquicias.com\/wp-content\/uploads\/sites\/4\/2015\/10\/T4FRANQUICIAS_web2.png\" \/>\n\t<meta property=\"og:image:width\" content=\"200\" \/>\n\t<meta property=\"og:image:height\" content=\"176\" \/>\n\t<meta property=\"og:image:type\" content=\"image\/png\" \/>\n<meta name=\"twitter:card\" content=\"summary_large_image\" \/>\n<meta name=\"twitter:site\" content=\"@T4Franquicias\" \/>\n<meta name=\"twitter:label1\" content=\"Tiempo de lectura\" \/>\n\t<meta name=\"twitter:data1\" content=\"2 minutos\" \/>\n<script type=\"application\/ld+json\" class=\"yoast-schema-graph\">{\"@context\":\"https:\/\/schema.org\",\"@graph\":[{\"@type\":\"WebPage\",\"@id\":\"https:\/\/www.t4franquicias.com\/pt\/servicos-para-franquias\/expansao-internacional-das-franquias\/\",\"url\":\"https:\/\/www.t4franquicias.com\/pt\/servicos-para-franquias\/expansao-internacional-das-franquias\/\",\"name\":\"Servicios de expansi\u00f3n internacional de franquicias\",\"isPartOf\":{\"@id\":\"https:\/\/www.t4franquicias.com\/pt\/#website\"},\"datePublished\":\"2012-10-07T08:45:23+00:00\",\"dateModified\":\"2025-05-29T12:03:44+00:00\",\"description\":\"El servicio tiene como objetivo, definir el formato de franquicia, las herramientas para afrontar la internacionalizaci\u00f3n y conseguir inversores en los mercados\",\"breadcrumb\":{\"@id\":\"https:\/\/www.t4franquicias.com\/pt\/servicos-para-franquias\/expansao-internacional-das-franquias\/#breadcrumb\"},\"inLanguage\":\"es\",\"potentialAction\":[{\"@type\":\"ReadAction\",\"target\":[\"https:\/\/www.t4franquicias.com\/pt\/servicos-para-franquias\/expansao-internacional-das-franquias\/\"]}]},{\"@type\":\"BreadcrumbList\",\"@id\":\"https:\/\/www.t4franquicias.com\/pt\/servicos-para-franquias\/expansao-internacional-das-franquias\/#breadcrumb\",\"itemListElement\":[{\"@type\":\"ListItem\",\"position\":1,\"name\":\"Portada\",\"item\":\"https:\/\/www.t4franquicias.com\/pt\/\"},{\"@type\":\"ListItem\",\"position\":2,\"name\":\"Servi\u00e7os para franquias\",\"item\":\"https:\/\/www.t4franquicias.com\/pt\/servicos-para-franquias\/\"},{\"@type\":\"ListItem\",\"position\":3,\"name\":\"Expans\u00e3o internacional das franquias\"}]},{\"@type\":\"WebSite\",\"@id\":\"https:\/\/www.t4franquicias.com\/pt\/#website\",\"url\":\"https:\/\/www.t4franquicias.com\/pt\/\",\"name\":\"T4 Franquicias\",\"description\":\" Assessores e Consultores de Franquias\",\"publisher\":{\"@id\":\"https:\/\/www.t4franquicias.com\/pt\/#organization\"},\"alternateName\":\"T4 Franquicias\",\"potentialAction\":[{\"@type\":\"SearchAction\",\"target\":{\"@type\":\"EntryPoint\",\"urlTemplate\":\"https:\/\/www.t4franquicias.com\/pt\/?s={search_term_string}\"},\"query-input\":{\"@type\":\"PropertyValueSpecification\",\"valueRequired\":true,\"valueName\":\"search_term_string\"}}],\"inLanguage\":\"es\"},{\"@type\":\"Organization\",\"@id\":\"https:\/\/www.t4franquicias.com\/pt\/#organization\",\"name\":\"T4 Fraqnuicias\",\"alternateName\":\"T4 Franquicias\",\"url\":\"https:\/\/www.t4franquicias.com\/pt\/\",\"logo\":{\"@type\":\"ImageObject\",\"inLanguage\":\"es\",\"@id\":\"https:\/\/www.t4franquicias.com\/pt\/#\/schema\/logo\/image\/\",\"url\":\"https:\/\/www.t4franquicias.com\/wp-content\/uploads\/2018\/04\/t4-logo.svg\",\"contentUrl\":\"https:\/\/www.t4franquicias.com\/wp-content\/uploads\/2018\/04\/t4-logo.svg\",\"width\":1,\"height\":1,\"caption\":\"T4 Fraqnuicias\"},\"image\":{\"@id\":\"https:\/\/www.t4franquicias.com\/pt\/#\/schema\/logo\/image\/\"},\"sameAs\":[\"https:\/\/www.facebook.com\/T4-Franquicias-270127153112770\/\",\"https:\/\/x.com\/T4Franquicias\",\"https:\/\/www.instagram.com\/t4franquicias\/\",\"https:\/\/www.linkedin.com\/authwall?trk=gf&amp;amp;amp;amp;amp;trkInfo=AQG83SA0TyN3UQAAAWMYAdeghPMLtp364yC1mwjqOVe3ltdrpkNISDeFPIu5JnOXZabpHhOck9v-kKJi00EkvJPzGLSsSKwe2E0JZHQKhoOz7ZyIDeTOPiKeS5bj4J2m9m1iR_M=&amp;amp;amp;amp;amp;originalReferer=http:\/\/www.t4franquicias.com\/&amp;amp;amp;amp;amp;sessionRedirect=https:\/\/www.linkedin.com\/company\/t4-franquicias?trk=tyah\"]}]}<\/script>\n<!-- \/ Yoast SEO Premium plugin. -->","yoast_head_json":{"title":"Servicios de expansi\u00f3n internacional de franquicias","description":"El servicio tiene como objetivo, definir el formato de franquicia, las herramientas para afrontar la internacionalizaci\u00f3n y conseguir inversores en los mercados","robots":{"index":"index","follow":"follow","max-snippet":"max-snippet:-1","max-image-preview":"max-image-preview:large","max-video-preview":"max-video-preview:-1"},"canonical":"https:\/\/www.t4franquicias.com\/pt\/servicos-para-franquias\/expansao-internacional-das-franquias\/","og_locale":"es_ES","og_type":"article","og_title":"Expans\u00e3o internacional das franquias","og_description":"El servicio tiene como objetivo, definir el formato de franquicia, las herramientas para afrontar la internacionalizaci\u00f3n y conseguir inversores en los mercados","og_url":"https:\/\/www.t4franquicias.com\/pt\/servicos-para-franquias\/expansao-internacional-das-franquias\/","og_site_name":"T4franquicias.com [pt]","article_publisher":"https:\/\/www.facebook.com\/T4-Franquicias-270127153112770\/","article_modified_time":"2025-05-29T12:03:44+00:00","og_image":[{"width":200,"height":176,"url":"https:\/\/i0.wp.com\/www.t4franquicias.com\/wp-content\/uploads\/sites\/4\/2015\/10\/T4FRANQUICIAS_web2.png","type":"image\/png"}],"twitter_card":"summary_large_image","twitter_site":"@T4Franquicias","twitter_misc":{"Tiempo de lectura":"2 minutos"},"schema":{"@context":"https:\/\/schema.org","@graph":[{"@type":"WebPage","@id":"https:\/\/www.t4franquicias.com\/pt\/servicos-para-franquias\/expansao-internacional-das-franquias\/","url":"https:\/\/www.t4franquicias.com\/pt\/servicos-para-franquias\/expansao-internacional-das-franquias\/","name":"Servicios de expansi\u00f3n internacional de franquicias","isPartOf":{"@id":"https:\/\/www.t4franquicias.com\/pt\/#website"},"datePublished":"2012-10-07T08:45:23+00:00","dateModified":"2025-05-29T12:03:44+00:00","description":"El servicio tiene como objetivo, definir el formato de franquicia, las herramientas para afrontar la internacionalizaci\u00f3n y conseguir inversores en los mercados","breadcrumb":{"@id":"https:\/\/www.t4franquicias.com\/pt\/servicos-para-franquias\/expansao-internacional-das-franquias\/#breadcrumb"},"inLanguage":"es","potentialAction":[{"@type":"ReadAction","target":["https:\/\/www.t4franquicias.com\/pt\/servicos-para-franquias\/expansao-internacional-das-franquias\/"]}]},{"@type":"BreadcrumbList","@id":"https:\/\/www.t4franquicias.com\/pt\/servicos-para-franquias\/expansao-internacional-das-franquias\/#breadcrumb","itemListElement":[{"@type":"ListItem","position":1,"name":"Portada","item":"https:\/\/www.t4franquicias.com\/pt\/"},{"@type":"ListItem","position":2,"name":"Servi\u00e7os para franquias","item":"https:\/\/www.t4franquicias.com\/pt\/servicos-para-franquias\/"},{"@type":"ListItem","position":3,"name":"Expans\u00e3o internacional das franquias"}]},{"@type":"WebSite","@id":"https:\/\/www.t4franquicias.com\/pt\/#website","url":"https:\/\/www.t4franquicias.com\/pt\/","name":"T4 Franquicias","description":" Assessores e Consultores de Franquias","publisher":{"@id":"https:\/\/www.t4franquicias.com\/pt\/#organization"},"alternateName":"T4 Franquicias","potentialAction":[{"@type":"SearchAction","target":{"@type":"EntryPoint","urlTemplate":"https:\/\/www.t4franquicias.com\/pt\/?s={search_term_string}"},"query-input":{"@type":"PropertyValueSpecification","valueRequired":true,"valueName":"search_term_string"}}],"inLanguage":"es"},{"@type":"Organization","@id":"https:\/\/www.t4franquicias.com\/pt\/#organization","name":"T4 Fraqnuicias","alternateName":"T4 Franquicias","url":"https:\/\/www.t4franquicias.com\/pt\/","logo":{"@type":"ImageObject","inLanguage":"es","@id":"https:\/\/www.t4franquicias.com\/pt\/#\/schema\/logo\/image\/","url":"https:\/\/www.t4franquicias.com\/wp-content\/uploads\/2018\/04\/t4-logo.svg","contentUrl":"https:\/\/www.t4franquicias.com\/wp-content\/uploads\/2018\/04\/t4-logo.svg","width":1,"height":1,"caption":"T4 Fraqnuicias"},"image":{"@id":"https:\/\/www.t4franquicias.com\/pt\/#\/schema\/logo\/image\/"},"sameAs":["https:\/\/www.facebook.com\/T4-Franquicias-270127153112770\/","https:\/\/x.com\/T4Franquicias","https:\/\/www.instagram.com\/t4franquicias\/","https:\/\/www.linkedin.com\/authwall?trk=gf&amp;amp;amp;amp;amp;trkInfo=AQG83SA0TyN3UQAAAWMYAdeghPMLtp364yC1mwjqOVe3ltdrpkNISDeFPIu5JnOXZabpHhOck9v-kKJi00EkvJPzGLSsSKwe2E0JZHQKhoOz7ZyIDeTOPiKeS5bj4J2m9m1iR_M=&amp;amp;amp;amp;amp;originalReferer=http:\/\/www.t4franquicias.com\/&amp;amp;amp;amp;amp;sessionRedirect=https:\/\/www.linkedin.com\/company\/t4-franquicias?trk=tyah"]}]}},"_links":{"self":[{"href":"https:\/\/www.t4franquicias.com\/pt\/wp-json\/wp\/v2\/pages\/41","targetHints":{"allow":["GET"]}}],"collection":[{"href":"https:\/\/www.t4franquicias.com\/pt\/wp-json\/wp\/v2\/pages"}],"about":[{"href":"https:\/\/www.t4franquicias.com\/pt\/wp-json\/wp\/v2\/types\/page"}],"author":[{"embeddable":true,"href":"https:\/\/www.t4franquicias.com\/pt\/wp-json\/wp\/v2\/users\/1"}],"replies":[{"embeddable":true,"href":"https:\/\/www.t4franquicias.com\/pt\/wp-json\/wp\/v2\/comments?post=41"}],"version-history":[{"count":0,"href":"https:\/\/www.t4franquicias.com\/pt\/wp-json\/wp\/v2\/pages\/41\/revisions"}],"up":[{"embeddable":true,"href":"https:\/\/www.t4franquicias.com\/pt\/wp-json\/wp\/v2\/pages\/17"}],"wp:attachment":[{"href":"https:\/\/www.t4franquicias.com\/pt\/wp-json\/wp\/v2\/media?parent=41"}],"curies":[{"name":"wp","href":"https:\/\/api.w.org\/{rel}","templated":true}]}}