{"id":4096,"date":"2017-10-11T11:26:13","date_gmt":"2017-10-11T09:26:13","guid":{"rendered":"https:\/\/www.t4franquicias.com\/?page_id=4096"},"modified":"2025-04-21T12:35:43","modified_gmt":"2025-04-21T10:35:43","slug":"que-es-franquiciar-una-empresa-4-consejos-practicos","status":"publish","type":"page","link":"https:\/\/www.t4franquicias.com\/pt\/informacion\/que-es-franquiciar-una-empresa-4-consejos-practicos\/","title":{"rendered":"Franchisar, 4 dicas para o sucesso"},"content":{"rendered":"<div id=\"the_content\" class=\"row\"><div class=\"cell bg12\"><h2><u>O que \u00e9 franchisar uma empresa, 4 conselhos pr\u00e1ticos para o sucesso<\/u><\/h2> <p><strong>O que significa realmente franchising, o que \u00e9 franchising de uma empresa (ou de um neg\u00f3cio)?<\/strong><\/p> <p>Se quer saber o que \u00e9 o franchising de uma empresa ou de um neg\u00f3cio, as linhas seguintes ser-lhe-\u00e3o \u00fateis. Elas fornecer-lhe-\u00e3o uma s\u00e9rie de conselhos pr\u00e1ticos para enfrentar a transforma\u00e7\u00e3o da sua empresa num franchising com garantias. Desta forma, poder\u00e1 ter sucesso com esta f\u00f3rmula de acordos comerciais.<\/p> <p><img loading=\"lazy\" decoding=\"async\" class=\"alignnone wp-image-4097 size-full\" title=\"C\u00f3mo franquiciar una empresa, 4 consejos pr\u00e1cticos\" src=\"https:\/\/www.t4franquicias.com\/wp-content\/uploads\/2017\/10\/4-consejos-pr\u00e1cticos-para-franquiciar-una-empresa.jpg\" alt=\"C\u00f3mo franquiciar una empresa, 4 consejos pr\u00e1cticos\" width=\"435\" height=\"116\" srcset=\"https:\/\/www.t4franquicias.com\/pt\/wp-content\/uploads\/sites\/4\/2017\/10\/4-consejos-pr\u00e1cticos-para-franquiciar-una-empresa.jpg 435w, https:\/\/www.t4franquicias.com\/pt\/wp-content\/uploads\/sites\/4\/2017\/10\/4-consejos-pr\u00e1cticos-para-franquiciar-una-empresa-300x80.jpg 300w\" sizes=\"auto, (max-width: 435px) 100vw, 435px\" \/><\/p> <p>A ess\u00eancia do franchise reside no facto de:<\/p> <ul> <li>o <strong>modelo de neg\u00f3cio:<\/strong> no m\u00ednimo, deve ser <strong>rent\u00e1vel<\/strong><\/li> <li>mas tamb\u00e9m no empres\u00e1rio que o criou: a sua <strong>voca\u00e7\u00e3o de crescimento<\/strong> deve ser indiscut\u00edvel<\/li> <li>e na <strong>organiza\u00e7\u00e3o<\/strong> que o mant\u00e9m: deve ser capaz de cumprir as suas <strong>miss\u00f5es de franchisador.<\/strong><\/li> <\/ul> <p>A sua proje\u00e7\u00e3o constante \u00e9 o que mant\u00e9m a proposta de valor relevante no mercado e atractiva para os clientes, potenciais franchisados e franchisados.<\/p> <p>Mas antes de come\u00e7ar a franchisar um neg\u00f3cio, que dicas deve ter em conta?<\/p> <h3><strong>1.- Posso fazer um franchising da minha empresa? Verificar<\/strong><\/h3> <p>S\u00e3o a chave para verificar a possibilidade de franquia do modelo de neg\u00f3cio:<\/p> <ul> <li><em>Rentabilidade e sucesso do modelo de neg\u00f3cio:<\/em> Um axioma invari\u00e1vel \u00e9 que apenas os neg\u00f3cios de sucesso podem ser franchisados. Neg\u00f3cios que trazem valor ao mercado que n\u00e3o existe. Conceitos que permitem amortizar os investimentos em prazos mais curtos do que numa empresa convencional. Esta n\u00e3o \u00e9 certamente a \u00fanica vari\u00e1vel que um investidor considera, mas \u00e9 uma das mais valorizadas.<\/li> <li><em>Replicabilidade noutros ambientes:<\/em> \u00c9 essencial que o modelo possa ser desenvolvido noutros mercados, em suma, que n\u00e3o responda \u00e0s circunst\u00e2ncias espec\u00edficas de um ambiente, sem o qual o sucesso comercial n\u00e3o seria poss\u00edvel.<\/li> <li><em>Transferibilidade do saber-fazer:<\/em> O conceito n\u00e3o deve estar ancorado nas compet\u00eancias pessoais do empres\u00e1rio que o criou; deve ser capaz de alcan\u00e7ar resultados semelhantes ou melhores nas m\u00e3os de pessoas com forma\u00e7\u00e3o e compet\u00eancias adequadas, mas n\u00e3o deve exigir perfis particularmente dif\u00edceis de alcan\u00e7ar. As actividades que dependem demasiado do seu fundador dificilmente ser\u00e3o bem sucedidas nas m\u00e3os de terceiros e, nestes casos, o franchising n\u00e3o \u00e9 um instrumento muito \u00fatil.<\/li> <\/ul> <h3><strong>2.- O que \u00e9 o franchising de uma empresa e o que significa para mim enquanto empres\u00e1rio?<\/strong><\/h3> <p>Franquear uma empresa \u00e9 mudar completamente o foco do neg\u00f3cio. Trata-se de abrir um \u00e2ngulo para novos perfis de clientes, franchisados e futuros franchisados.<\/p> <p>Trata-se de uma mudan\u00e7a na organiza\u00e7\u00e3o, de modificar as miss\u00f5es da empresa e de as alargar para responder \u00e0s novas necessidades exigidas pelo sistema de franchising. Entre estas, podemos destacar as seguintes:<\/p> <ul> <li>Crescimento, atra\u00e7\u00e3o de franchisados: Aumentar o n\u00famero de unidades de neg\u00f3cio, atrav\u00e9s da exposi\u00e7\u00e3o do nosso modelo de neg\u00f3cio e da atra\u00e7\u00e3o de candidatos interessados no mesmo.<\/li> <li>Assistir, prestar servi\u00e7os aos franchisados: para alcan\u00e7ar os resultados econ\u00f3micos esperados e o n\u00edvel de qualidade esperado.<\/li> <li>Forma\u00e7\u00e3o, fornecendo conhecimentos para colmatar as lacunas dos franchisados em rela\u00e7\u00e3o ao modelo de neg\u00f3cio.<\/li> <li>Supervisionar e controlar a aplica\u00e7\u00e3o do saber-fazer nas condi\u00e7\u00f5es previstas, identificando poss\u00edveis desvios e distor\u00e7\u00f5es do saber-fazer.<\/li> <li>Fornecer, fornecer os produtos e servi\u00e7os de que os franchisados necessitam para desenvolver o seu modelo de neg\u00f3cio.<\/li> <\/ul> <p>Tudo isto n\u00e3o do ponto de vista dos trabalhadores mas dos \u201cparceiros\u201d, com os quais estas fun\u00e7\u00f5es assumem uma nova dimens\u00e3o.<\/p> <h3><strong>3.- Avaliar a sua capacidade para enfrentar o desafio do franquear<\/strong><\/h3> <p>N\u00e3o \u00e9 t\u00e3o importante ter em conta a situa\u00e7\u00e3o atual como a vis\u00e3o, a vontade e as possibilidades de adaptar esta estrutura \u00e0s necessidades futuras do modelo de neg\u00f3cio.<\/p> <p>A partir do momento em que um empres\u00e1rio decide enveredar pelo caminho do franchising da sua empresa, este \u00e9 o primeiro elemento que deve ser verificado, pois determinar\u00e1 se o projeto tem as bases certas ou se ficar\u00e1 pelo caminho.<\/p> <p>Isto significa assumir que todos os operadores, franchisados, que se juntam \u00e0 organiza\u00e7\u00e3o t\u00eam necessidades espec\u00edficas que devem ser satisfeitas pela sede do franchising. Estou disposto a fornec\u00ea-las?<\/p> <h3><strong>4.- Acompanhar-se de profissionais<\/strong><\/h3> <p class=\"\" data-start=\"108\" data-end=\"262\">Franchisar uma empresa implica alinhar diferentes \u00e1reas do mundo empresarial: marketing, aspetos legais, estrat\u00e9gicos, econ\u00f3micos, gr\u00e1ficos, entre outros.<\/p> <p data-start=\"264\" data-end=\"610\"><span class=\"_fadeIn_4f9by_7\">Para <\/span><span class=\"_fadeIn_4f9by_7\">alcan\u00e7ar <\/span><span class=\"_fadeIn_4f9by_7\">o <\/span><span class=\"_fadeIn_4f9by_7\">mais <\/span><span class=\"_fadeIn_4f9by_7\">alto <\/span><span class=\"_fadeIn_4f9by_7\">n\u00edvel <\/span><span class=\"_fadeIn_4f9by_7\">de <\/span><span class=\"_fadeIn_4f9by_7\">desempenho <\/span><span class=\"_fadeIn_4f9by_7\">em <\/span><span class=\"_fadeIn_4f9by_7\">cada <\/span><span class=\"_fadeIn_4f9by_7\">uma <\/span><span class=\"_fadeIn_4f9by_7\">destas <\/span><span class=\"_fadeIn_4f9by_7\">\u00e1reas<\/span><span class=\"_fadeIn_4f9by_7\">, <\/span><span class=\"_fadeIn_4f9by_7\">\u00e9 <\/span><span class=\"_fadeIn_4f9by_7\">essencial <\/span><span class=\"_fadeIn_4f9by_7\">contar <\/span><span class=\"_fadeIn_4f9by_7\">com <\/span><span class=\"_fadeIn_4f9by_7\">o <\/span><span class=\"_fadeIn_4f9by_7\">acompanhamento <\/span><span class=\"_fadeIn_4f9by_7\">de <\/span><span class=\"_fadeIn_4f9by_7\">especialistas <\/span><span class=\"_fadeIn_4f9by_7\">ao <\/span><span class=\"_fadeIn_4f9by_7\">longo <\/span><span class=\"_fadeIn_4f9by_7\">do <\/span><span class=\"_fadeIn_4f9by_7\">processo<\/span><span class=\"_fadeIn_4f9by_7\">. <\/span><span class=\"_fadeIn_4f9by_7\">Esse <\/span><span class=\"_fadeIn_4f9by_7\">apoio <\/span><span class=\"_fadeIn_4f9by_7\">pode <\/span><span class=\"_fadeIn_4f9by_7\">ser <\/span><span class=\"_fadeIn_4f9by_7\">dado <\/span><span class=\"_fadeIn_4f9by_7\">atrav\u00e9s <\/span><span class=\"_fadeIn_4f9by_7\">de <\/span><span class=\"_fadeIn_4f9by_7\">consultoria <\/span><span class=\"_fadeIn_4f9by_7\">ou <\/span><span class=\"_fadeIn_4f9by_7\">assumindo <\/span><span class=\"_fadeIn_4f9by_7\">diretamente <\/span><span class=\"_fadeIn_4f9by_7\">determinadas <\/span><span class=\"_fadeIn_4f9by_7\">tarefas<\/span><span class=\"_fadeIn_4f9by_7\">, <\/span><span class=\"_fadeIn_4f9by_7\">como <\/span><span class=\"_fadeIn_4f9by_7\">a <\/span><span class=\"_fadeIn_4f9by_7\">capta\u00e7\u00e3o <\/span><span class=\"_fadeIn_4f9by_7\">de <\/span><span class=\"_fadeIn_4f9by_7\">candidatos <\/span><span class=\"_fadeIn_4f9by_7\">a <\/span><span class=\"_fadeIn_4f9by_7\">franchisados<\/span><span class=\"_fadeIn_4f9by_7\">, <\/span><span class=\"_fadeIn_4f9by_7\">a <\/span><span class=\"_fadeIn_4f9by_7\">reda\u00e7\u00e3o <\/span><span class=\"_fadeIn_4f9by_7\">do <\/span><span class=\"_fadeIn_4f9by_7\">contrato<\/span><span class=\"_fadeIn_4f9by_7\">, <\/span><span class=\"_fadeIn_4f9by_7\">a <\/span><span class=\"_fadeIn_4f9by_7\">cria\u00e7\u00e3o <\/span><span class=\"_fadeIn_4f9by_7\">dos <\/span><span class=\"_fadeIn_4f9by_7\">manuais <\/span><span class=\"_fadeIn_4f9by_7\">de <\/span><span class=\"_fadeIn_4f9by_7\">franch<\/span><\/p> <p>Se precisar de mais informa\u00e7\u00f5es sobre como franchisar uma empresa, pode consult\u00e1-las <a href=\"https:\/\/www.t4franquicias.com\/informacion\/los-5-pasos-para-franquiciar-una-empresa\/\">nos cinco passos para franchisar uma empresa.<\/a><\/p><\/div><\/div>","protected":false},"excerpt":{"rendered":"<p>O que \u00e9 franchisar uma empresa, 4 conselhos pr\u00e1ticos para o sucesso O que significa realmente franchising, o que \u00e9 franchising de uma empresa (ou de um neg\u00f3cio)? Se quer saber o que \u00e9 o franchising de uma empresa ou de um neg\u00f3cio, as linhas seguintes ser-lhe-\u00e3o \u00fateis. Elas fornecer-lhe-\u00e3o uma s\u00e9rie de conselhos pr\u00e1ticos [&hellip;]<\/p>\n","protected":false},"author":1,"featured_media":0,"parent":25,"menu_order":7,"comment_status":"closed","ping_status":"closed","template":"","meta":{"_acf_changed":false,"footnotes":""},"class_list":["post-4096","page","type-page","status-publish","hentry"],"acf":[],"yoast_head":"<!-- This site is optimized with the Yoast SEO Premium plugin v27.2 (Yoast SEO v27.2) - https:\/\/yoast.com\/product\/yoast-seo-premium-wordpress\/ -->\n<title>Qu\u00e9 es franquiciar una empresa, 4 consejos pr\u00e1cticos<\/title>\n<meta name=\"description\" content=\"Si quiere saber qu\u00e9 es franquiciar una empresa o un negocio, las siguientes l\u00edneas le proporcionar\u00e1n consejos pr\u00e1cticos para conseguirlo con \u00e9xito\" \/>\n<meta name=\"robots\" content=\"index, follow, max-snippet:-1, max-image-preview:large, max-video-preview:-1\" \/>\n<link rel=\"canonical\" href=\"https:\/\/www.t4franquicias.com\/pt\/informacion\/que-es-franquiciar-una-empresa-4-consejos-practicos\/\" \/>\n<meta property=\"og:locale\" content=\"es_ES\" \/>\n<meta property=\"og:type\" content=\"article\" \/>\n<meta property=\"og:title\" content=\"Franchisar, 4 dicas para o sucesso\" \/>\n<meta property=\"og:description\" content=\"Si quiere saber qu\u00e9 es franquiciar una empresa o un negocio, las siguientes l\u00edneas le proporcionar\u00e1n consejos pr\u00e1cticos para conseguirlo con \u00e9xito\" \/>\n<meta property=\"og:url\" content=\"https:\/\/www.t4franquicias.com\/pt\/informacion\/que-es-franquiciar-una-empresa-4-consejos-practicos\/\" \/>\n<meta property=\"og:site_name\" content=\"T4franquicias.com [pt]\" \/>\n<meta property=\"article:publisher\" content=\"https:\/\/www.facebook.com\/T4-Franquicias-270127153112770\/\" \/>\n<meta property=\"article:modified_time\" content=\"2025-04-21T10:35:43+00:00\" \/>\n<meta property=\"og:image\" content=\"https:\/\/i0.wp.com\/www.t4franquicias.com\/wp-content\/uploads\/sites\/4\/2015\/10\/T4FRANQUICIAS_web2.png\" \/>\n\t<meta property=\"og:image:width\" content=\"200\" \/>\n\t<meta property=\"og:image:height\" content=\"176\" \/>\n\t<meta property=\"og:image:type\" content=\"image\/png\" \/>\n<meta name=\"twitter:card\" content=\"summary_large_image\" \/>\n<meta name=\"twitter:site\" content=\"@T4Franquicias\" \/>\n<meta name=\"twitter:label1\" content=\"Tiempo de lectura\" \/>\n\t<meta name=\"twitter:data1\" content=\"4 minutos\" \/>\n<script type=\"application\/ld+json\" class=\"yoast-schema-graph\">{\"@context\":\"https:\/\/schema.org\",\"@graph\":[{\"@type\":\"WebPage\",\"@id\":\"https:\/\/www.t4franquicias.com\/pt\/informacion\/que-es-franquiciar-una-empresa-4-consejos-practicos\/\",\"url\":\"https:\/\/www.t4franquicias.com\/pt\/informacion\/que-es-franquiciar-una-empresa-4-consejos-practicos\/\",\"name\":\"Qu\u00e9 es franquiciar una empresa, 4 consejos pr\u00e1cticos\",\"isPartOf\":{\"@id\":\"https:\/\/www.t4franquicias.com\/pt\/#website\"},\"datePublished\":\"2017-10-11T09:26:13+00:00\",\"dateModified\":\"2025-04-21T10:35:43+00:00\",\"description\":\"Si quiere saber qu\u00e9 es franquiciar una empresa o un negocio, las siguientes l\u00edneas le proporcionar\u00e1n consejos pr\u00e1cticos para conseguirlo con \u00e9xito\",\"breadcrumb\":{\"@id\":\"https:\/\/www.t4franquicias.com\/pt\/informacion\/que-es-franquiciar-una-empresa-4-consejos-practicos\/#breadcrumb\"},\"inLanguage\":\"es\",\"potentialAction\":[{\"@type\":\"ReadAction\",\"target\":[\"https:\/\/www.t4franquicias.com\/pt\/informacion\/que-es-franquiciar-una-empresa-4-consejos-practicos\/\"]}]},{\"@type\":\"BreadcrumbList\",\"@id\":\"https:\/\/www.t4franquicias.com\/pt\/informacion\/que-es-franquiciar-una-empresa-4-consejos-practicos\/#breadcrumb\",\"itemListElement\":[{\"@type\":\"ListItem\",\"position\":1,\"name\":\"Portada\",\"item\":\"https:\/\/www.t4franquicias.com\/pt\/\"},{\"@type\":\"ListItem\",\"position\":2,\"name\":\"Informa\u00e7\u00f5es\",\"item\":\"https:\/\/www.t4franquicias.com\/pt\/informacion\/\"},{\"@type\":\"ListItem\",\"position\":3,\"name\":\"Franchisar, 4 dicas para o sucesso\"}]},{\"@type\":\"WebSite\",\"@id\":\"https:\/\/www.t4franquicias.com\/pt\/#website\",\"url\":\"https:\/\/www.t4franquicias.com\/pt\/\",\"name\":\"T4 Franquicias\",\"description\":\" Assessores e Consultores de Franquias\",\"publisher\":{\"@id\":\"https:\/\/www.t4franquicias.com\/pt\/#organization\"},\"alternateName\":\"T4 Franquicias\",\"potentialAction\":[{\"@type\":\"SearchAction\",\"target\":{\"@type\":\"EntryPoint\",\"urlTemplate\":\"https:\/\/www.t4franquicias.com\/pt\/?s={search_term_string}\"},\"query-input\":{\"@type\":\"PropertyValueSpecification\",\"valueRequired\":true,\"valueName\":\"search_term_string\"}}],\"inLanguage\":\"es\"},{\"@type\":\"Organization\",\"@id\":\"https:\/\/www.t4franquicias.com\/pt\/#organization\",\"name\":\"T4 Fraqnuicias\",\"alternateName\":\"T4 Franquicias\",\"url\":\"https:\/\/www.t4franquicias.com\/pt\/\",\"logo\":{\"@type\":\"ImageObject\",\"inLanguage\":\"es\",\"@id\":\"https:\/\/www.t4franquicias.com\/pt\/#\/schema\/logo\/image\/\",\"url\":\"https:\/\/www.t4franquicias.com\/wp-content\/uploads\/2018\/04\/t4-logo.svg\",\"contentUrl\":\"https:\/\/www.t4franquicias.com\/wp-content\/uploads\/2018\/04\/t4-logo.svg\",\"width\":1,\"height\":1,\"caption\":\"T4 Fraqnuicias\"},\"image\":{\"@id\":\"https:\/\/www.t4franquicias.com\/pt\/#\/schema\/logo\/image\/\"},\"sameAs\":[\"https:\/\/www.facebook.com\/T4-Franquicias-270127153112770\/\",\"https:\/\/x.com\/T4Franquicias\",\"https:\/\/www.instagram.com\/t4franquicias\/\",\"https:\/\/www.linkedin.com\/authwall?trk=gf&amp;amp;amp;amp;amp;trkInfo=AQG83SA0TyN3UQAAAWMYAdeghPMLtp364yC1mwjqOVe3ltdrpkNISDeFPIu5JnOXZabpHhOck9v-kKJi00EkvJPzGLSsSKwe2E0JZHQKhoOz7ZyIDeTOPiKeS5bj4J2m9m1iR_M=&amp;amp;amp;amp;amp;originalReferer=http:\/\/www.t4franquicias.com\/&amp;amp;amp;amp;amp;sessionRedirect=https:\/\/www.linkedin.com\/company\/t4-franquicias?trk=tyah\"]}]}<\/script>\n<!-- \/ Yoast SEO Premium plugin. -->","yoast_head_json":{"title":"Qu\u00e9 es franquiciar una empresa, 4 consejos pr\u00e1cticos","description":"Si quiere saber qu\u00e9 es franquiciar una empresa o un negocio, las siguientes l\u00edneas le proporcionar\u00e1n consejos pr\u00e1cticos para conseguirlo con \u00e9xito","robots":{"index":"index","follow":"follow","max-snippet":"max-snippet:-1","max-image-preview":"max-image-preview:large","max-video-preview":"max-video-preview:-1"},"canonical":"https:\/\/www.t4franquicias.com\/pt\/informacion\/que-es-franquiciar-una-empresa-4-consejos-practicos\/","og_locale":"es_ES","og_type":"article","og_title":"Franchisar, 4 dicas para o sucesso","og_description":"Si quiere saber qu\u00e9 es franquiciar una empresa o un negocio, las siguientes l\u00edneas le proporcionar\u00e1n consejos pr\u00e1cticos para conseguirlo con \u00e9xito","og_url":"https:\/\/www.t4franquicias.com\/pt\/informacion\/que-es-franquiciar-una-empresa-4-consejos-practicos\/","og_site_name":"T4franquicias.com [pt]","article_publisher":"https:\/\/www.facebook.com\/T4-Franquicias-270127153112770\/","article_modified_time":"2025-04-21T10:35:43+00:00","og_image":[{"width":200,"height":176,"url":"https:\/\/i0.wp.com\/www.t4franquicias.com\/wp-content\/uploads\/sites\/4\/2015\/10\/T4FRANQUICIAS_web2.png","type":"image\/png"}],"twitter_card":"summary_large_image","twitter_site":"@T4Franquicias","twitter_misc":{"Tiempo de lectura":"4 minutos"},"schema":{"@context":"https:\/\/schema.org","@graph":[{"@type":"WebPage","@id":"https:\/\/www.t4franquicias.com\/pt\/informacion\/que-es-franquiciar-una-empresa-4-consejos-practicos\/","url":"https:\/\/www.t4franquicias.com\/pt\/informacion\/que-es-franquiciar-una-empresa-4-consejos-practicos\/","name":"Qu\u00e9 es franquiciar una empresa, 4 consejos pr\u00e1cticos","isPartOf":{"@id":"https:\/\/www.t4franquicias.com\/pt\/#website"},"datePublished":"2017-10-11T09:26:13+00:00","dateModified":"2025-04-21T10:35:43+00:00","description":"Si quiere saber qu\u00e9 es franquiciar una empresa o un negocio, las siguientes l\u00edneas le proporcionar\u00e1n consejos pr\u00e1cticos para conseguirlo con \u00e9xito","breadcrumb":{"@id":"https:\/\/www.t4franquicias.com\/pt\/informacion\/que-es-franquiciar-una-empresa-4-consejos-practicos\/#breadcrumb"},"inLanguage":"es","potentialAction":[{"@type":"ReadAction","target":["https:\/\/www.t4franquicias.com\/pt\/informacion\/que-es-franquiciar-una-empresa-4-consejos-practicos\/"]}]},{"@type":"BreadcrumbList","@id":"https:\/\/www.t4franquicias.com\/pt\/informacion\/que-es-franquiciar-una-empresa-4-consejos-practicos\/#breadcrumb","itemListElement":[{"@type":"ListItem","position":1,"name":"Portada","item":"https:\/\/www.t4franquicias.com\/pt\/"},{"@type":"ListItem","position":2,"name":"Informa\u00e7\u00f5es","item":"https:\/\/www.t4franquicias.com\/pt\/informacion\/"},{"@type":"ListItem","position":3,"name":"Franchisar, 4 dicas para o sucesso"}]},{"@type":"WebSite","@id":"https:\/\/www.t4franquicias.com\/pt\/#website","url":"https:\/\/www.t4franquicias.com\/pt\/","name":"T4 Franquicias","description":" Assessores e Consultores de Franquias","publisher":{"@id":"https:\/\/www.t4franquicias.com\/pt\/#organization"},"alternateName":"T4 Franquicias","potentialAction":[{"@type":"SearchAction","target":{"@type":"EntryPoint","urlTemplate":"https:\/\/www.t4franquicias.com\/pt\/?s={search_term_string}"},"query-input":{"@type":"PropertyValueSpecification","valueRequired":true,"valueName":"search_term_string"}}],"inLanguage":"es"},{"@type":"Organization","@id":"https:\/\/www.t4franquicias.com\/pt\/#organization","name":"T4 Fraqnuicias","alternateName":"T4 Franquicias","url":"https:\/\/www.t4franquicias.com\/pt\/","logo":{"@type":"ImageObject","inLanguage":"es","@id":"https:\/\/www.t4franquicias.com\/pt\/#\/schema\/logo\/image\/","url":"https:\/\/www.t4franquicias.com\/wp-content\/uploads\/2018\/04\/t4-logo.svg","contentUrl":"https:\/\/www.t4franquicias.com\/wp-content\/uploads\/2018\/04\/t4-logo.svg","width":1,"height":1,"caption":"T4 Fraqnuicias"},"image":{"@id":"https:\/\/www.t4franquicias.com\/pt\/#\/schema\/logo\/image\/"},"sameAs":["https:\/\/www.facebook.com\/T4-Franquicias-270127153112770\/","https:\/\/x.com\/T4Franquicias","https:\/\/www.instagram.com\/t4franquicias\/","https:\/\/www.linkedin.com\/authwall?trk=gf&amp;amp;amp;amp;amp;trkInfo=AQG83SA0TyN3UQAAAWMYAdeghPMLtp364yC1mwjqOVe3ltdrpkNISDeFPIu5JnOXZabpHhOck9v-kKJi00EkvJPzGLSsSKwe2E0JZHQKhoOz7ZyIDeTOPiKeS5bj4J2m9m1iR_M=&amp;amp;amp;amp;amp;originalReferer=http:\/\/www.t4franquicias.com\/&amp;amp;amp;amp;amp;sessionRedirect=https:\/\/www.linkedin.com\/company\/t4-franquicias?trk=tyah"]}]}},"_links":{"self":[{"href":"https:\/\/www.t4franquicias.com\/pt\/wp-json\/wp\/v2\/pages\/4096","targetHints":{"allow":["GET"]}}],"collection":[{"href":"https:\/\/www.t4franquicias.com\/pt\/wp-json\/wp\/v2\/pages"}],"about":[{"href":"https:\/\/www.t4franquicias.com\/pt\/wp-json\/wp\/v2\/types\/page"}],"author":[{"embeddable":true,"href":"https:\/\/www.t4franquicias.com\/pt\/wp-json\/wp\/v2\/users\/1"}],"replies":[{"embeddable":true,"href":"https:\/\/www.t4franquicias.com\/pt\/wp-json\/wp\/v2\/comments?post=4096"}],"version-history":[{"count":0,"href":"https:\/\/www.t4franquicias.com\/pt\/wp-json\/wp\/v2\/pages\/4096\/revisions"}],"up":[{"embeddable":true,"href":"https:\/\/www.t4franquicias.com\/pt\/wp-json\/wp\/v2\/pages\/25"}],"wp:attachment":[{"href":"https:\/\/www.t4franquicias.com\/pt\/wp-json\/wp\/v2\/media?parent=4096"}],"curies":[{"name":"wp","href":"https:\/\/api.w.org\/{rel}","templated":true}]}}