{"id":37,"date":"2012-10-07T10:24:19","date_gmt":"2012-10-07T08:24:19","guid":{"rendered":"https:\/\/www.t4franquicias.com\/?page_id=37"},"modified":"2025-05-23T14:03:26","modified_gmt":"2025-05-23T12:03:26","slug":"crescimento-desenvolvimento-rede-franquias","status":"publish","type":"page","link":"https:\/\/www.t4franquicias.com\/pt\/servicos-para-franquias\/crescimento-desenvolvimento-rede-franquias\/","title":{"rendered":"Crescimento e desenvolvimento de uma rede de franquias"},"content":{"rendered":"<div id=\"the_content\" class=\"row\"><div class=\"cell bg12\"><div class=\"flex max-w-full flex-col grow\">\n<div class=\"min-h-8 text-message relative flex w-full flex-col items-end gap-2 text-start break-words whitespace-normal [.text-message+&amp;]:mt-5\" dir=\"auto\" data-message-author-role=\"assistant\" data-message-id=\"e09ca239-611d-4016-aac7-fe83fa799d30\" data-message-model-slug=\"gpt-4o\">\n<div class=\"flex w-full flex-col gap-1 empty:hidden first:pt-[3px]\">\n<div class=\"markdown prose dark:prose-invert w-full break-words light\">\n<p data-start=\"0\" data-end=\"144\"><strong data-start=\"0\" data-end=\"58\">Crescimento e desenvolvimento de uma rede de franquias<\/strong><br data-start=\"58\" data-end=\"61\" \/><strong data-start=\"61\" data-end=\"144\">Como alcan\u00e7ar um crescimento significativo e sustent\u00e1vel numa rede de franquias<\/strong><\/p>\n<p data-start=\"146\" data-end=\"423\">As mudan\u00e7as ocorridas no \u00e2mbito da expans\u00e3o de redes de franquia exigem cada vez mais a profissionaliza\u00e7\u00e3o e sistematiza\u00e7\u00e3o dos processos nesta \u00e1rea. \u00c9 essencial gerir um n\u00famero crescente de contactos e refer\u00eancias, bem como melhorar os resultados na sua gest\u00e3o e qualifica\u00e7\u00e3o.<\/p>\n<p data-start=\"425\" data-end=\"611\">A nossa abordagem neste campo baseia-se na externaliza\u00e7\u00e3o do departamento de expans\u00e3o, assim como no refor\u00e7o das estruturas internas com o apoio dos nossos executivos de desenvolvimento.<\/p>\n<p data-start=\"613\" data-end=\"777\">Em ambos os casos, contamos com profissionais altamente especializados, metodologia de trabalho pr\u00f3pria e tecnologia espec\u00edfica para a gest\u00e3o eficaz de refer\u00eancias.<\/p>\n<p data-start=\"779\" data-end=\"1072\"><strong data-start=\"779\" data-end=\"837\">1. Capta\u00e7\u00e3o de franchisados (candidatos a franchisado)<\/strong><br data-start=\"837\" data-end=\"840\" \/>O principal objetivo desta fase \u00e9 gerar o maior n\u00famero poss\u00edvel de refer\u00eancias qualificadas, tanto em termos de volume como de qualidade, utilizando os meios mais adequados segundo os or\u00e7amentos e objetivos definidos por cada marca.<\/p>\n<p data-start=\"1074\" data-end=\"1223\">Identificamos os canais ideais para atrair empreendedores e investidores para cada conceito de neg\u00f3cio, adaptando-nos \u00e0 sua realidade e mercado-alvo.<\/p>\n<p data-start=\"1225\" data-end=\"1514\">Complementamos os investimentos das marcas com os nossos Meios Pr\u00f3prios (como o portal <em data-start=\"1312\" data-end=\"1329\">laFranquicia.es<\/em>), realizamos m\u00faltiplas apresenta\u00e7\u00f5es locais por toda a Espanha e contamos com o apoio da nossa rede de 9 escrit\u00f3rios nacionais especializados na gest\u00e3o e capta\u00e7\u00e3o de candidatos locais.<\/p>\n<p data-start=\"1516\" data-end=\"1771\"><strong data-start=\"1516\" data-end=\"1571\">2. Gest\u00e3o de refer\u00eancias (candidatos a franchisado)<\/strong><br data-start=\"1571\" data-end=\"1574\" \/>Assumimos a responsabilidade pela gest\u00e3o e acompanhamento das refer\u00eancias comerciais at\u00e9 ao ponto em que a presen\u00e7a direta da marca seja indispens\u00e1vel para finalizar a negocia\u00e7\u00e3o com os candidatos.<\/p>\n<p data-start=\"1773\" data-end=\"1992\">Podemos externalizar completamente o departamento de expans\u00e3o ou, se preferir, fornecer uma estrutura comercial complementar, identificando perfis qualificados e acompanhando-os at\u00e9 \u00e0 assinatura do contrato de franquia.<\/p>\n<p data-start=\"1994\" data-end=\"2320\">Para isso, utilizamos tecnologia pr\u00f3pria para gerir refer\u00eancias em grande volume, com rapidez e efici\u00eancia, uma equipa especializada em negocia\u00e7\u00f5es e desenvolvimento comercial de redes e uma cobertura nacional, com 9 operadores locais em toda a geografia espanhola, garantindo proximidade e acompanhamento direto ao candidato.<\/p>\n<p data-start=\"2322\" data-end=\"2458\" data-is-last-node=\"\" data-is-only-node=\"\">Este modelo permite \u00e0s marcas franquear com agilidade, qualidade e seguran\u00e7a, otimizando os recursos e acelerando o crescimento da rede.<\/p>\n<\/div>\n<\/div>\n<\/div>\n<\/div>\n<\/div><\/div>","protected":false},"excerpt":{"rendered":"<p>Crescimento e desenvolvimento de uma rede de franquiasComo alcan\u00e7ar um crescimento significativo e sustent\u00e1vel numa rede de franquias As mudan\u00e7as ocorridas no \u00e2mbito da expans\u00e3o de redes de franquia exigem cada vez mais a profissionaliza\u00e7\u00e3o e sistematiza\u00e7\u00e3o dos processos nesta \u00e1rea. \u00c9 essencial gerir um n\u00famero crescente de contactos e refer\u00eancias, bem como melhorar os [&hellip;]<\/p>\n","protected":false},"author":1,"featured_media":0,"parent":17,"menu_order":2,"comment_status":"closed","ping_status":"closed","template":"","meta":{"_acf_changed":false,"footnotes":""},"class_list":["post-37","page","type-page","status-publish","hentry"],"acf":[],"yoast_head":"<!-- This site is optimized with the Yoast SEO Premium plugin v27.2 (Yoast SEO v27.2) - https:\/\/yoast.com\/product\/yoast-seo-premium-wordpress\/ -->\n<title>Crescimento e desenvolvimento de redes de franquia<\/title>\n<meta name=\"description\" content=\"Conseguir e gerir o maior n\u00famero poss\u00edvel de candidatos a franchisado qualificados, atrav\u00e9s de diferentes meios, com base nos or\u00e7amentos dispon\u00edveis e nos objetivos estabelecidos.\" \/>\n<meta name=\"robots\" content=\"index, follow, max-snippet:-1, max-image-preview:large, max-video-preview:-1\" \/>\n<link rel=\"canonical\" href=\"https:\/\/www.t4franquicias.com\/pt\/servicos-para-franquias\/crescimento-desenvolvimento-rede-franquias\/\" \/>\n<meta property=\"og:locale\" content=\"es_ES\" \/>\n<meta property=\"og:type\" content=\"article\" \/>\n<meta property=\"og:title\" content=\"Crescimento e desenvolvimento de uma rede de franquias\" \/>\n<meta property=\"og:description\" content=\"Conseguir e gerir o maior n\u00famero poss\u00edvel de candidatos a franchisado qualificados, atrav\u00e9s de diferentes meios, com base nos or\u00e7amentos dispon\u00edveis e nos objetivos estabelecidos.\" \/>\n<meta property=\"og:url\" content=\"https:\/\/www.t4franquicias.com\/pt\/servicos-para-franquias\/crescimento-desenvolvimento-rede-franquias\/\" \/>\n<meta property=\"og:site_name\" content=\"T4franquicias.com [pt]\" \/>\n<meta property=\"article:publisher\" content=\"https:\/\/www.facebook.com\/T4-Franquicias-270127153112770\/\" \/>\n<meta property=\"article:modified_time\" content=\"2025-05-23T12:03:26+00:00\" \/>\n<meta property=\"og:image\" content=\"https:\/\/i0.wp.com\/www.t4franquicias.com\/wp-content\/uploads\/sites\/4\/2015\/10\/T4FRANQUICIAS_web2.png\" \/>\n\t<meta property=\"og:image:width\" content=\"200\" \/>\n\t<meta property=\"og:image:height\" content=\"176\" \/>\n\t<meta property=\"og:image:type\" content=\"image\/png\" \/>\n<meta name=\"twitter:card\" content=\"summary_large_image\" \/>\n<meta name=\"twitter:site\" content=\"@T4Franquicias\" \/>\n<meta name=\"twitter:label1\" content=\"Tiempo de lectura\" \/>\n\t<meta name=\"twitter:data1\" content=\"2 minutos\" \/>\n<script type=\"application\/ld+json\" class=\"yoast-schema-graph\">{\"@context\":\"https:\/\/schema.org\",\"@graph\":[{\"@type\":\"WebPage\",\"@id\":\"https:\/\/www.t4franquicias.com\/pt\/servicos-para-franquias\/crescimento-desenvolvimento-rede-franquias\/\",\"url\":\"https:\/\/www.t4franquicias.com\/pt\/servicos-para-franquias\/crescimento-desenvolvimento-rede-franquias\/\",\"name\":\"Crescimento e desenvolvimento de redes de franquia\",\"isPartOf\":{\"@id\":\"https:\/\/www.t4franquicias.com\/pt\/#website\"},\"datePublished\":\"2012-10-07T08:24:19+00:00\",\"dateModified\":\"2025-05-23T12:03:26+00:00\",\"description\":\"Conseguir e gerir o maior n\u00famero poss\u00edvel de candidatos a franchisado qualificados, atrav\u00e9s de diferentes meios, com base nos or\u00e7amentos dispon\u00edveis e nos objetivos estabelecidos.\",\"breadcrumb\":{\"@id\":\"https:\/\/www.t4franquicias.com\/pt\/servicos-para-franquias\/crescimento-desenvolvimento-rede-franquias\/#breadcrumb\"},\"inLanguage\":\"es\",\"potentialAction\":[{\"@type\":\"ReadAction\",\"target\":[\"https:\/\/www.t4franquicias.com\/pt\/servicos-para-franquias\/crescimento-desenvolvimento-rede-franquias\/\"]}]},{\"@type\":\"BreadcrumbList\",\"@id\":\"https:\/\/www.t4franquicias.com\/pt\/servicos-para-franquias\/crescimento-desenvolvimento-rede-franquias\/#breadcrumb\",\"itemListElement\":[{\"@type\":\"ListItem\",\"position\":1,\"name\":\"Portada\",\"item\":\"https:\/\/www.t4franquicias.com\/pt\/\"},{\"@type\":\"ListItem\",\"position\":2,\"name\":\"Servi\u00e7os para franquias\",\"item\":\"https:\/\/www.t4franquicias.com\/pt\/servicos-para-franquias\/\"},{\"@type\":\"ListItem\",\"position\":3,\"name\":\"Crescimento e desenvolvimento de uma rede de franquias\"}]},{\"@type\":\"WebSite\",\"@id\":\"https:\/\/www.t4franquicias.com\/pt\/#website\",\"url\":\"https:\/\/www.t4franquicias.com\/pt\/\",\"name\":\"T4 Franquicias\",\"description\":\" Assessores e Consultores de Franquias\",\"publisher\":{\"@id\":\"https:\/\/www.t4franquicias.com\/pt\/#organization\"},\"alternateName\":\"T4 Franquicias\",\"potentialAction\":[{\"@type\":\"SearchAction\",\"target\":{\"@type\":\"EntryPoint\",\"urlTemplate\":\"https:\/\/www.t4franquicias.com\/pt\/?s={search_term_string}\"},\"query-input\":{\"@type\":\"PropertyValueSpecification\",\"valueRequired\":true,\"valueName\":\"search_term_string\"}}],\"inLanguage\":\"es\"},{\"@type\":\"Organization\",\"@id\":\"https:\/\/www.t4franquicias.com\/pt\/#organization\",\"name\":\"T4 Fraqnuicias\",\"alternateName\":\"T4 Franquicias\",\"url\":\"https:\/\/www.t4franquicias.com\/pt\/\",\"logo\":{\"@type\":\"ImageObject\",\"inLanguage\":\"es\",\"@id\":\"https:\/\/www.t4franquicias.com\/pt\/#\/schema\/logo\/image\/\",\"url\":\"https:\/\/www.t4franquicias.com\/wp-content\/uploads\/2018\/04\/t4-logo.svg\",\"contentUrl\":\"https:\/\/www.t4franquicias.com\/wp-content\/uploads\/2018\/04\/t4-logo.svg\",\"width\":1,\"height\":1,\"caption\":\"T4 Fraqnuicias\"},\"image\":{\"@id\":\"https:\/\/www.t4franquicias.com\/pt\/#\/schema\/logo\/image\/\"},\"sameAs\":[\"https:\/\/www.facebook.com\/T4-Franquicias-270127153112770\/\",\"https:\/\/x.com\/T4Franquicias\",\"https:\/\/www.instagram.com\/t4franquicias\/\",\"https:\/\/www.linkedin.com\/authwall?trk=gf&amp;amp;amp;amp;amp;trkInfo=AQG83SA0TyN3UQAAAWMYAdeghPMLtp364yC1mwjqOVe3ltdrpkNISDeFPIu5JnOXZabpHhOck9v-kKJi00EkvJPzGLSsSKwe2E0JZHQKhoOz7ZyIDeTOPiKeS5bj4J2m9m1iR_M=&amp;amp;amp;amp;amp;originalReferer=http:\/\/www.t4franquicias.com\/&amp;amp;amp;amp;amp;sessionRedirect=https:\/\/www.linkedin.com\/company\/t4-franquicias?trk=tyah\"]}]}<\/script>\n<!-- \/ Yoast SEO Premium plugin. -->","yoast_head_json":{"title":"Crescimento e desenvolvimento de redes de franquia","description":"Conseguir e gerir o maior n\u00famero poss\u00edvel de candidatos a franchisado qualificados, atrav\u00e9s de diferentes meios, com base nos or\u00e7amentos dispon\u00edveis e nos objetivos estabelecidos.","robots":{"index":"index","follow":"follow","max-snippet":"max-snippet:-1","max-image-preview":"max-image-preview:large","max-video-preview":"max-video-preview:-1"},"canonical":"https:\/\/www.t4franquicias.com\/pt\/servicos-para-franquias\/crescimento-desenvolvimento-rede-franquias\/","og_locale":"es_ES","og_type":"article","og_title":"Crescimento e desenvolvimento de uma rede de franquias","og_description":"Conseguir e gerir o maior n\u00famero poss\u00edvel de candidatos a franchisado qualificados, atrav\u00e9s de diferentes meios, com base nos or\u00e7amentos dispon\u00edveis e nos objetivos estabelecidos.","og_url":"https:\/\/www.t4franquicias.com\/pt\/servicos-para-franquias\/crescimento-desenvolvimento-rede-franquias\/","og_site_name":"T4franquicias.com [pt]","article_publisher":"https:\/\/www.facebook.com\/T4-Franquicias-270127153112770\/","article_modified_time":"2025-05-23T12:03:26+00:00","og_image":[{"width":200,"height":176,"url":"https:\/\/i0.wp.com\/www.t4franquicias.com\/wp-content\/uploads\/sites\/4\/2015\/10\/T4FRANQUICIAS_web2.png","type":"image\/png"}],"twitter_card":"summary_large_image","twitter_site":"@T4Franquicias","twitter_misc":{"Tiempo de lectura":"2 minutos"},"schema":{"@context":"https:\/\/schema.org","@graph":[{"@type":"WebPage","@id":"https:\/\/www.t4franquicias.com\/pt\/servicos-para-franquias\/crescimento-desenvolvimento-rede-franquias\/","url":"https:\/\/www.t4franquicias.com\/pt\/servicos-para-franquias\/crescimento-desenvolvimento-rede-franquias\/","name":"Crescimento e desenvolvimento de redes de franquia","isPartOf":{"@id":"https:\/\/www.t4franquicias.com\/pt\/#website"},"datePublished":"2012-10-07T08:24:19+00:00","dateModified":"2025-05-23T12:03:26+00:00","description":"Conseguir e gerir o maior n\u00famero poss\u00edvel de candidatos a franchisado qualificados, atrav\u00e9s de diferentes meios, com base nos or\u00e7amentos dispon\u00edveis e nos objetivos estabelecidos.","breadcrumb":{"@id":"https:\/\/www.t4franquicias.com\/pt\/servicos-para-franquias\/crescimento-desenvolvimento-rede-franquias\/#breadcrumb"},"inLanguage":"es","potentialAction":[{"@type":"ReadAction","target":["https:\/\/www.t4franquicias.com\/pt\/servicos-para-franquias\/crescimento-desenvolvimento-rede-franquias\/"]}]},{"@type":"BreadcrumbList","@id":"https:\/\/www.t4franquicias.com\/pt\/servicos-para-franquias\/crescimento-desenvolvimento-rede-franquias\/#breadcrumb","itemListElement":[{"@type":"ListItem","position":1,"name":"Portada","item":"https:\/\/www.t4franquicias.com\/pt\/"},{"@type":"ListItem","position":2,"name":"Servi\u00e7os para franquias","item":"https:\/\/www.t4franquicias.com\/pt\/servicos-para-franquias\/"},{"@type":"ListItem","position":3,"name":"Crescimento e desenvolvimento de uma rede de franquias"}]},{"@type":"WebSite","@id":"https:\/\/www.t4franquicias.com\/pt\/#website","url":"https:\/\/www.t4franquicias.com\/pt\/","name":"T4 Franquicias","description":" Assessores e Consultores de Franquias","publisher":{"@id":"https:\/\/www.t4franquicias.com\/pt\/#organization"},"alternateName":"T4 Franquicias","potentialAction":[{"@type":"SearchAction","target":{"@type":"EntryPoint","urlTemplate":"https:\/\/www.t4franquicias.com\/pt\/?s={search_term_string}"},"query-input":{"@type":"PropertyValueSpecification","valueRequired":true,"valueName":"search_term_string"}}],"inLanguage":"es"},{"@type":"Organization","@id":"https:\/\/www.t4franquicias.com\/pt\/#organization","name":"T4 Fraqnuicias","alternateName":"T4 Franquicias","url":"https:\/\/www.t4franquicias.com\/pt\/","logo":{"@type":"ImageObject","inLanguage":"es","@id":"https:\/\/www.t4franquicias.com\/pt\/#\/schema\/logo\/image\/","url":"https:\/\/www.t4franquicias.com\/wp-content\/uploads\/2018\/04\/t4-logo.svg","contentUrl":"https:\/\/www.t4franquicias.com\/wp-content\/uploads\/2018\/04\/t4-logo.svg","width":1,"height":1,"caption":"T4 Fraqnuicias"},"image":{"@id":"https:\/\/www.t4franquicias.com\/pt\/#\/schema\/logo\/image\/"},"sameAs":["https:\/\/www.facebook.com\/T4-Franquicias-270127153112770\/","https:\/\/x.com\/T4Franquicias","https:\/\/www.instagram.com\/t4franquicias\/","https:\/\/www.linkedin.com\/authwall?trk=gf&amp;amp;amp;amp;amp;trkInfo=AQG83SA0TyN3UQAAAWMYAdeghPMLtp364yC1mwjqOVe3ltdrpkNISDeFPIu5JnOXZabpHhOck9v-kKJi00EkvJPzGLSsSKwe2E0JZHQKhoOz7ZyIDeTOPiKeS5bj4J2m9m1iR_M=&amp;amp;amp;amp;amp;originalReferer=http:\/\/www.t4franquicias.com\/&amp;amp;amp;amp;amp;sessionRedirect=https:\/\/www.linkedin.com\/company\/t4-franquicias?trk=tyah"]}]}},"_links":{"self":[{"href":"https:\/\/www.t4franquicias.com\/pt\/wp-json\/wp\/v2\/pages\/37","targetHints":{"allow":["GET"]}}],"collection":[{"href":"https:\/\/www.t4franquicias.com\/pt\/wp-json\/wp\/v2\/pages"}],"about":[{"href":"https:\/\/www.t4franquicias.com\/pt\/wp-json\/wp\/v2\/types\/page"}],"author":[{"embeddable":true,"href":"https:\/\/www.t4franquicias.com\/pt\/wp-json\/wp\/v2\/users\/1"}],"replies":[{"embeddable":true,"href":"https:\/\/www.t4franquicias.com\/pt\/wp-json\/wp\/v2\/comments?post=37"}],"version-history":[{"count":0,"href":"https:\/\/www.t4franquicias.com\/pt\/wp-json\/wp\/v2\/pages\/37\/revisions"}],"up":[{"embeddable":true,"href":"https:\/\/www.t4franquicias.com\/pt\/wp-json\/wp\/v2\/pages\/17"}],"wp:attachment":[{"href":"https:\/\/www.t4franquicias.com\/pt\/wp-json\/wp\/v2\/media?parent=37"}],"curies":[{"name":"wp","href":"https:\/\/api.w.org\/{rel}","templated":true}]}}