{"id":35,"date":"2012-10-07T10:24:00","date_gmt":"2012-10-07T08:24:00","guid":{"rendered":"https:\/\/www.t4franquicias.com\/?page_id=35"},"modified":"2025-05-29T13:43:56","modified_gmt":"2025-05-29T11:43:56","slug":"captacao-de-franchisados","status":"publish","type":"page","link":"https:\/\/www.t4franquicias.com\/pt\/servicos-para-franquias\/captacao-de-franchisados\/","title":{"rendered":"Capta\u00e7\u00e3o de franchisados"},"content":{"rendered":"<div id=\"the_content\" class=\"row\"><div class=\"cell bg12\"><p data-start=\"0\" data-end=\"28\"><strong data-start=\"0\" data-end=\"28\">Capta\u00e7\u00e3o de franchisados<\/strong><\/p>\n<p data-start=\"30\" data-end=\"148\">Na T4 Franquicias dispomos das melhores ferramentas para a capta\u00e7\u00e3o de candidatos a franchisado para redes de franquias.<\/p>\n<p data-start=\"150\" data-end=\"205\"><strong data-start=\"150\" data-end=\"205\">Plataformas e meios para a capta\u00e7\u00e3o de franchisados<\/strong><\/p>\n<p data-start=\"207\" data-end=\"328\">Um dos principais desafios das franquias em fase inicial \u00e9 a capta\u00e7\u00e3o de candidatos e, sobretudo, a qualidade dos mesmos.<\/p>\n<p data-start=\"330\" data-end=\"739\">A partir da nossa plataforma web <a class=\"\" href=\"http:\/\/www.lafranquicia.es\" target=\"_new\" rel=\"noopener\" data-start=\"363\" data-end=\"412\">www.lafranquicia.es<\/a>, que atualmente \u00e9 um dos portais l\u00edderes no mercado espanhol, at\u00e9 \u00e0s nossas delega\u00e7\u00f5es regionais (9 escrit\u00f3rios que cobrem toda a Espanha e realizam a\u00e7\u00f5es cont\u00ednuas de identifica\u00e7\u00e3o de investidores), passando pelas apresenta\u00e7\u00f5es de marcas que organizamos regularmente \u2014 eventos que re\u00fanem dezenas de candidatos todos os meses.<\/p>\n<p data-start=\"741\" data-end=\"897\">Cri\u00e1mos um sistema de trabalho para a capta\u00e7\u00e3o de refer\u00eancias que garante um fluxo constante e eficaz de contactos para qualquer organiza\u00e7\u00e3o de franchising.<\/p>\n<p data-start=\"899\" data-end=\"950\">Utilizamos diversas a\u00e7\u00f5es e ferramentas, tais como:<\/p>\n<ul data-start=\"951\" data-end=\"1222\">\n<li data-start=\"951\" data-end=\"1005\">\n<p data-start=\"953\" data-end=\"1005\">Otimiza\u00e7\u00e3o do posicionamento digital de cada marca<\/p>\n<\/li>\n<li data-start=\"1006\" data-end=\"1051\">\n<p data-start=\"1008\" data-end=\"1051\">Utiliza\u00e7\u00e3o de bases de dados qualificadas<\/p>\n<\/li>\n<li data-start=\"1052\" data-end=\"1107\">\n<p data-start=\"1054\" data-end=\"1107\">Participa\u00e7\u00e3o em feiras sectoriais e multissetoriais<\/p>\n<\/li>\n<li data-start=\"1108\" data-end=\"1158\">\n<p data-start=\"1110\" data-end=\"1158\">A\u00e7\u00f5es diretas sobre p\u00fablicos-alvo estrat\u00e9gicos<\/p>\n<\/li>\n<li data-start=\"1159\" data-end=\"1222\">\n<p data-start=\"1161\" data-end=\"1222\">Comunica\u00e7\u00e3o orientada a investidores e perfis profissionais<\/p>\n<\/li>\n<\/ul>\n<p data-start=\"1224\" data-end=\"1377\">Desta forma, tra\u00e7amos um plano que nos permite abranger todas as possibilidades dispon\u00edveis e chegar eficazmente ao p\u00fablico-alvo definido para cada rede.<\/p>\n<p data-start=\"1379\" data-end=\"1537\">Tudo isto em condi\u00e7\u00f5es imbat\u00edveis, estreitamente relacionadas com o n\u00famero de candidatos gerados e a sua qualidade, adaptada ao perfil ideal de cada franquia.<\/p>\n<p data-start=\"1539\" data-end=\"1731\">A capta\u00e7\u00e3o de candidatos de qualidade \u00e9 apenas o primeiro passo para o desenvolvimento de uma rede de franquias \u2014 um processo que se completa com a convers\u00e3o desses candidatos em franchisados.<\/p>\n<p data-start=\"1733\" data-end=\"1924\">Neste ponto, entram em jogo outros fatores fundamentais: a equipa comercial, a tecnologia e as ferramentas de gest\u00e3o e negocia\u00e7\u00e3o que colocamos ao dispor das marcas para completar o processo.<\/p>\n<p data-start=\"1926\" data-end=\"2097\" data-is-last-node=\"\" data-is-only-node=\"\">Se pretende obter refer\u00eancias de qualidade, entre em contacto connosco. Iremos desenvolver um plano de a\u00e7\u00f5es personalizado, com a garantia dos resultados que nos avalizam.<\/p>\n<\/div><\/div>","protected":false},"excerpt":{"rendered":"<p>Capta\u00e7\u00e3o de franchisados Na T4 Franquicias dispomos das melhores ferramentas para a capta\u00e7\u00e3o de candidatos a franchisado para redes de franquias. Plataformas e meios para a capta\u00e7\u00e3o de franchisados Um dos principais desafios das franquias em fase inicial \u00e9 a capta\u00e7\u00e3o de candidatos e, sobretudo, a qualidade dos mesmos. A partir da nossa plataforma web [&hellip;]<\/p>\n","protected":false},"author":1,"featured_media":0,"parent":17,"menu_order":3,"comment_status":"closed","ping_status":"closed","template":"","meta":{"_acf_changed":false,"footnotes":""},"class_list":["post-35","page","type-page","status-publish","hentry"],"acf":[],"yoast_head":"<!-- This site is optimized with the Yoast SEO Premium plugin v27.2 (Yoast SEO v27.2) - https:\/\/yoast.com\/product\/yoast-seo-premium-wordpress\/ -->\n<title>Asesores de Franquicias: Captaci\u00f3n de candidatos.<\/title>\n<meta name=\"description\" content=\"Na T4 Franquicias dispomos das melhores ferramentas para a capta\u00e7\u00e3o de candidatos, refer\u00eancias e leads a franchisado para redes de franquias.\" \/>\n<meta name=\"robots\" content=\"index, follow, max-snippet:-1, max-image-preview:large, max-video-preview:-1\" \/>\n<link rel=\"canonical\" href=\"https:\/\/www.t4franquicias.com\/pt\/servicos-para-franquias\/captacao-de-franchisados\/\" \/>\n<meta property=\"og:locale\" content=\"es_ES\" \/>\n<meta property=\"og:type\" content=\"article\" \/>\n<meta property=\"og:title\" content=\"Capta\u00e7\u00e3o de franchisados\" \/>\n<meta property=\"og:description\" content=\"Na T4 Franquicias dispomos das melhores ferramentas para a capta\u00e7\u00e3o de candidatos, refer\u00eancias e leads a franchisado para redes de franquias.\" \/>\n<meta property=\"og:url\" content=\"https:\/\/www.t4franquicias.com\/pt\/servicos-para-franquias\/captacao-de-franchisados\/\" \/>\n<meta property=\"og:site_name\" content=\"T4franquicias.com [pt]\" \/>\n<meta property=\"article:publisher\" content=\"https:\/\/www.facebook.com\/T4-Franquicias-270127153112770\/\" \/>\n<meta property=\"article:modified_time\" content=\"2025-05-29T11:43:56+00:00\" \/>\n<meta property=\"og:image\" content=\"https:\/\/i0.wp.com\/www.t4franquicias.com\/wp-content\/uploads\/sites\/4\/2015\/10\/T4FRANQUICIAS_web2.png\" \/>\n\t<meta property=\"og:image:width\" content=\"200\" \/>\n\t<meta property=\"og:image:height\" content=\"176\" \/>\n\t<meta property=\"og:image:type\" content=\"image\/png\" \/>\n<meta name=\"twitter:card\" content=\"summary_large_image\" \/>\n<meta name=\"twitter:site\" content=\"@T4Franquicias\" \/>\n<meta name=\"twitter:label1\" content=\"Tiempo de lectura\" \/>\n\t<meta name=\"twitter:data1\" content=\"2 minutos\" \/>\n<script type=\"application\/ld+json\" class=\"yoast-schema-graph\">{\"@context\":\"https:\/\/schema.org\",\"@graph\":[{\"@type\":\"WebPage\",\"@id\":\"https:\/\/www.t4franquicias.com\/pt\/servicos-para-franquias\/captacao-de-franchisados\/\",\"url\":\"https:\/\/www.t4franquicias.com\/pt\/servicos-para-franquias\/captacao-de-franchisados\/\",\"name\":\"Asesores de Franquicias: Captaci\u00f3n de candidatos.\",\"isPartOf\":{\"@id\":\"https:\/\/www.t4franquicias.com\/pt\/#website\"},\"datePublished\":\"2012-10-07T08:24:00+00:00\",\"dateModified\":\"2025-05-29T11:43:56+00:00\",\"description\":\"Na T4 Franquicias dispomos das melhores ferramentas para a capta\u00e7\u00e3o de candidatos, refer\u00eancias e leads a franchisado para redes de franquias.\",\"breadcrumb\":{\"@id\":\"https:\/\/www.t4franquicias.com\/pt\/servicos-para-franquias\/captacao-de-franchisados\/#breadcrumb\"},\"inLanguage\":\"es\",\"potentialAction\":[{\"@type\":\"ReadAction\",\"target\":[\"https:\/\/www.t4franquicias.com\/pt\/servicos-para-franquias\/captacao-de-franchisados\/\"]}]},{\"@type\":\"BreadcrumbList\",\"@id\":\"https:\/\/www.t4franquicias.com\/pt\/servicos-para-franquias\/captacao-de-franchisados\/#breadcrumb\",\"itemListElement\":[{\"@type\":\"ListItem\",\"position\":1,\"name\":\"Portada\",\"item\":\"https:\/\/www.t4franquicias.com\/pt\/\"},{\"@type\":\"ListItem\",\"position\":2,\"name\":\"Servi\u00e7os para franquias\",\"item\":\"https:\/\/www.t4franquicias.com\/pt\/servicos-para-franquias\/\"},{\"@type\":\"ListItem\",\"position\":3,\"name\":\"Capta\u00e7\u00e3o de franchisados\"}]},{\"@type\":\"WebSite\",\"@id\":\"https:\/\/www.t4franquicias.com\/pt\/#website\",\"url\":\"https:\/\/www.t4franquicias.com\/pt\/\",\"name\":\"T4 Franquicias\",\"description\":\" Assessores e Consultores de Franquias\",\"publisher\":{\"@id\":\"https:\/\/www.t4franquicias.com\/pt\/#organization\"},\"alternateName\":\"T4 Franquicias\",\"potentialAction\":[{\"@type\":\"SearchAction\",\"target\":{\"@type\":\"EntryPoint\",\"urlTemplate\":\"https:\/\/www.t4franquicias.com\/pt\/?s={search_term_string}\"},\"query-input\":{\"@type\":\"PropertyValueSpecification\",\"valueRequired\":true,\"valueName\":\"search_term_string\"}}],\"inLanguage\":\"es\"},{\"@type\":\"Organization\",\"@id\":\"https:\/\/www.t4franquicias.com\/pt\/#organization\",\"name\":\"T4 Fraqnuicias\",\"alternateName\":\"T4 Franquicias\",\"url\":\"https:\/\/www.t4franquicias.com\/pt\/\",\"logo\":{\"@type\":\"ImageObject\",\"inLanguage\":\"es\",\"@id\":\"https:\/\/www.t4franquicias.com\/pt\/#\/schema\/logo\/image\/\",\"url\":\"https:\/\/www.t4franquicias.com\/wp-content\/uploads\/2018\/04\/t4-logo.svg\",\"contentUrl\":\"https:\/\/www.t4franquicias.com\/wp-content\/uploads\/2018\/04\/t4-logo.svg\",\"width\":1,\"height\":1,\"caption\":\"T4 Fraqnuicias\"},\"image\":{\"@id\":\"https:\/\/www.t4franquicias.com\/pt\/#\/schema\/logo\/image\/\"},\"sameAs\":[\"https:\/\/www.facebook.com\/T4-Franquicias-270127153112770\/\",\"https:\/\/x.com\/T4Franquicias\",\"https:\/\/www.instagram.com\/t4franquicias\/\",\"https:\/\/www.linkedin.com\/authwall?trk=gf&amp;amp;amp;amp;amp;trkInfo=AQG83SA0TyN3UQAAAWMYAdeghPMLtp364yC1mwjqOVe3ltdrpkNISDeFPIu5JnOXZabpHhOck9v-kKJi00EkvJPzGLSsSKwe2E0JZHQKhoOz7ZyIDeTOPiKeS5bj4J2m9m1iR_M=&amp;amp;amp;amp;amp;originalReferer=http:\/\/www.t4franquicias.com\/&amp;amp;amp;amp;amp;sessionRedirect=https:\/\/www.linkedin.com\/company\/t4-franquicias?trk=tyah\"]}]}<\/script>\n<!-- \/ Yoast SEO Premium plugin. -->","yoast_head_json":{"title":"Asesores de Franquicias: Captaci\u00f3n de candidatos.","description":"Na T4 Franquicias dispomos das melhores ferramentas para a capta\u00e7\u00e3o de candidatos, refer\u00eancias e leads a franchisado para redes de franquias.","robots":{"index":"index","follow":"follow","max-snippet":"max-snippet:-1","max-image-preview":"max-image-preview:large","max-video-preview":"max-video-preview:-1"},"canonical":"https:\/\/www.t4franquicias.com\/pt\/servicos-para-franquias\/captacao-de-franchisados\/","og_locale":"es_ES","og_type":"article","og_title":"Capta\u00e7\u00e3o de franchisados","og_description":"Na T4 Franquicias dispomos das melhores ferramentas para a capta\u00e7\u00e3o de candidatos, refer\u00eancias e leads a franchisado para redes de franquias.","og_url":"https:\/\/www.t4franquicias.com\/pt\/servicos-para-franquias\/captacao-de-franchisados\/","og_site_name":"T4franquicias.com [pt]","article_publisher":"https:\/\/www.facebook.com\/T4-Franquicias-270127153112770\/","article_modified_time":"2025-05-29T11:43:56+00:00","og_image":[{"width":200,"height":176,"url":"https:\/\/i0.wp.com\/www.t4franquicias.com\/wp-content\/uploads\/sites\/4\/2015\/10\/T4FRANQUICIAS_web2.png","type":"image\/png"}],"twitter_card":"summary_large_image","twitter_site":"@T4Franquicias","twitter_misc":{"Tiempo de lectura":"2 minutos"},"schema":{"@context":"https:\/\/schema.org","@graph":[{"@type":"WebPage","@id":"https:\/\/www.t4franquicias.com\/pt\/servicos-para-franquias\/captacao-de-franchisados\/","url":"https:\/\/www.t4franquicias.com\/pt\/servicos-para-franquias\/captacao-de-franchisados\/","name":"Asesores de Franquicias: Captaci\u00f3n de candidatos.","isPartOf":{"@id":"https:\/\/www.t4franquicias.com\/pt\/#website"},"datePublished":"2012-10-07T08:24:00+00:00","dateModified":"2025-05-29T11:43:56+00:00","description":"Na T4 Franquicias dispomos das melhores ferramentas para a capta\u00e7\u00e3o de candidatos, refer\u00eancias e leads a franchisado para redes de franquias.","breadcrumb":{"@id":"https:\/\/www.t4franquicias.com\/pt\/servicos-para-franquias\/captacao-de-franchisados\/#breadcrumb"},"inLanguage":"es","potentialAction":[{"@type":"ReadAction","target":["https:\/\/www.t4franquicias.com\/pt\/servicos-para-franquias\/captacao-de-franchisados\/"]}]},{"@type":"BreadcrumbList","@id":"https:\/\/www.t4franquicias.com\/pt\/servicos-para-franquias\/captacao-de-franchisados\/#breadcrumb","itemListElement":[{"@type":"ListItem","position":1,"name":"Portada","item":"https:\/\/www.t4franquicias.com\/pt\/"},{"@type":"ListItem","position":2,"name":"Servi\u00e7os para franquias","item":"https:\/\/www.t4franquicias.com\/pt\/servicos-para-franquias\/"},{"@type":"ListItem","position":3,"name":"Capta\u00e7\u00e3o de franchisados"}]},{"@type":"WebSite","@id":"https:\/\/www.t4franquicias.com\/pt\/#website","url":"https:\/\/www.t4franquicias.com\/pt\/","name":"T4 Franquicias","description":" Assessores e Consultores de Franquias","publisher":{"@id":"https:\/\/www.t4franquicias.com\/pt\/#organization"},"alternateName":"T4 Franquicias","potentialAction":[{"@type":"SearchAction","target":{"@type":"EntryPoint","urlTemplate":"https:\/\/www.t4franquicias.com\/pt\/?s={search_term_string}"},"query-input":{"@type":"PropertyValueSpecification","valueRequired":true,"valueName":"search_term_string"}}],"inLanguage":"es"},{"@type":"Organization","@id":"https:\/\/www.t4franquicias.com\/pt\/#organization","name":"T4 Fraqnuicias","alternateName":"T4 Franquicias","url":"https:\/\/www.t4franquicias.com\/pt\/","logo":{"@type":"ImageObject","inLanguage":"es","@id":"https:\/\/www.t4franquicias.com\/pt\/#\/schema\/logo\/image\/","url":"https:\/\/www.t4franquicias.com\/wp-content\/uploads\/2018\/04\/t4-logo.svg","contentUrl":"https:\/\/www.t4franquicias.com\/wp-content\/uploads\/2018\/04\/t4-logo.svg","width":1,"height":1,"caption":"T4 Fraqnuicias"},"image":{"@id":"https:\/\/www.t4franquicias.com\/pt\/#\/schema\/logo\/image\/"},"sameAs":["https:\/\/www.facebook.com\/T4-Franquicias-270127153112770\/","https:\/\/x.com\/T4Franquicias","https:\/\/www.instagram.com\/t4franquicias\/","https:\/\/www.linkedin.com\/authwall?trk=gf&amp;amp;amp;amp;amp;trkInfo=AQG83SA0TyN3UQAAAWMYAdeghPMLtp364yC1mwjqOVe3ltdrpkNISDeFPIu5JnOXZabpHhOck9v-kKJi00EkvJPzGLSsSKwe2E0JZHQKhoOz7ZyIDeTOPiKeS5bj4J2m9m1iR_M=&amp;amp;amp;amp;amp;originalReferer=http:\/\/www.t4franquicias.com\/&amp;amp;amp;amp;amp;sessionRedirect=https:\/\/www.linkedin.com\/company\/t4-franquicias?trk=tyah"]}]}},"_links":{"self":[{"href":"https:\/\/www.t4franquicias.com\/pt\/wp-json\/wp\/v2\/pages\/35","targetHints":{"allow":["GET"]}}],"collection":[{"href":"https:\/\/www.t4franquicias.com\/pt\/wp-json\/wp\/v2\/pages"}],"about":[{"href":"https:\/\/www.t4franquicias.com\/pt\/wp-json\/wp\/v2\/types\/page"}],"author":[{"embeddable":true,"href":"https:\/\/www.t4franquicias.com\/pt\/wp-json\/wp\/v2\/users\/1"}],"replies":[{"embeddable":true,"href":"https:\/\/www.t4franquicias.com\/pt\/wp-json\/wp\/v2\/comments?post=35"}],"version-history":[{"count":0,"href":"https:\/\/www.t4franquicias.com\/pt\/wp-json\/wp\/v2\/pages\/35\/revisions"}],"up":[{"embeddable":true,"href":"https:\/\/www.t4franquicias.com\/pt\/wp-json\/wp\/v2\/pages\/17"}],"wp:attachment":[{"href":"https:\/\/www.t4franquicias.com\/pt\/wp-json\/wp\/v2\/media?parent=35"}],"curies":[{"name":"wp","href":"https:\/\/api.w.org\/{rel}","templated":true}]}}