{"id":3335,"date":"2016-12-13T13:36:13","date_gmt":"2016-12-13T12:36:13","guid":{"rendered":"https:\/\/www.t4franquicias.com\/?page_id=3335"},"modified":"2025-05-29T13:55:55","modified_gmt":"2025-05-29T11:55:55","slug":"como-montar-uma-franquia","status":"publish","type":"page","link":"https:\/\/www.t4franquicias.com\/pt\/informacion\/como-montar-uma-franquia\/","title":{"rendered":"Como montar uma franquia"},"content":{"rendered":"<div id=\"the_content\" class=\"row\"><div class=\"cell bg12\"><h2>Como montar uma franquia com sucesso<\/h2>\n<p>Va a convertirse en franquiciado, quiere saber c\u00f3mo montar una franquicia, y adem\u00e1s de una serie de consideraciones b\u00e1sicas que debo tener en cuenta, es importante conocer lo que este hecho supone:<\/p>\n<ul>\n<li>desde la perspectiva de las implicaciones empresariales<\/li>\n<li>el punto de vista de las obligaciones y derechos que voy a asumir con la formalizaci\u00f3n del contrato de franquicia y<\/li>\n<li>las exigencias comerciales.<\/li>\n<\/ul>\n<p>Si lo que quieres es convertirse en franquiciador, probablemente le interese m\u00e1s la<a href=\"https:\/\/www.t4franquicias.com\/informacion\/los-5-pasos-para-franquiciar-una-empresa\/\"> siguiente informaci\u00f3n <\/a>que te ofrecemos desde <a href=\"https:\/\/www.t4franquicias.com\/\" target=\"_blank\" rel=\"noopener\">T4 Franquicias<\/a>.<\/p>\n<p>Vai tornar-se franchisado, quer saber como criar um franchising e, para al\u00e9m de uma s\u00e9rie de considera\u00e7\u00f5es b\u00e1sicas a ter em conta, \u00e9 importante saber o que isso implica:<\/p>\n<ul>\n<li>do ponto de vista das implica\u00e7\u00f5es comerciais<\/li>\n<li>do ponto de vista das obriga\u00e7\u00f5es e direitos que vou assumir com a formaliza\u00e7\u00e3o do contrato de franquia, e<\/li>\n<li>os requisitos comerciais.<\/li>\n<\/ul>\n<p>Se pretende tornar-se um franchisador, provavelmente estar\u00e1 mais interessado <a href=\"https:\/\/www.t4franquicias.com\/informacion\/los-5-pasos-para-franquiciar-una-empresa\/\">nas seguintes informa\u00e7\u00f5es<\/a> que lhe oferecemos da <a href=\"https:\/\/www.t4franquicias.com\/pt\/\">T4 Franquicias.<\/a><\/p>\n<h3>Os passos a dar para criar uma franquia<\/h3>\n<p>A.- Antes do in\u00edcio da pesquisa<\/p>\n<ul>\n<li>Saber o que significa ser um empres\u00e1rio<\/li>\n<li>O franchise corresponde \u00e0s minhas expectativas<\/li>\n<li>Criar um plano de a\u00e7\u00e3o<\/li>\n<\/ul>\n<p>B.- Uma vez iniciada a pesquisa<\/p>\n<ul>\n<li>Objectivos e perfil<\/li>\n<li>Op\u00e7\u00f5es existentes<\/li>\n<li>Recolha de informa\u00e7\u00f5es<\/li>\n<li>Visita ao franchisador<\/li>\n<li>Avaliar a informa\u00e7\u00e3o e compar\u00e1-la com a de outros franchisados<\/li>\n<li>Escolha, negocia\u00e7\u00e3o e tomada de decis\u00e3o<\/li>\n<\/ul>\n<h3>Quais s\u00e3o os tra\u00e7os que devem caraterizar um empres\u00e1rio na cria\u00e7\u00e3o de uma franquia?<\/h3>\n<p>A lista que se segue n\u00e3o pretende ser exaustiva, mas representa um perfil gen\u00e9rico aplic\u00e1vel \u00e0 generalidade dos franchisados, sendo certo que existem muitas qualidades adicionais exigidas, nomeadamente em rela\u00e7\u00e3o \u00e0 atividade a desenvolver, que devem complementar as carater\u00edsticas abaixo descritas.<\/p>\n<ul>\n<li><strong>CAR\u00c1CTER EMPRESARIAL<\/strong><\/li>\n<li><strong>LEALDADE<\/strong><\/li>\n<li><strong>TEMPERAN\u00c7A<\/strong><\/li>\n<li><strong>COMPET\u00caNCIAS DE COMUNICA\u00c7\u00c3O<\/strong><\/li>\n<li><strong>AS ESPEC\u00cdFICAS DA ACTIVIDADE QUE VAI DESENVOLVER<\/strong><\/li>\n<\/ul>\n<p>Em qualquer caso, se quiser conhecer a sua aptid\u00e3o para ser franchisado, pode fazer um teste para avaliar essa capacidade e conhecer os seus pontos fortes e fracos.<\/p>\n<h3>Teste para determinar a minha aptid\u00e3o como franqueado para abrir uma franquia<\/h3>\n<p>Existem muitos testes para ajudar os franchisados a avaliarem o seu pr\u00f3prio perfil. Abaixo est\u00e1 um modelo muito simples e \u00fatil baseado na an\u00e1lise das seguintes carater\u00edsticas:<\/p>\n<h5>CARACTER\u00cdSTICAS PESSOAIS<\/h5>\n<ul>\n<li>Sei bem em que consiste a rela\u00e7\u00e3o de franquia e quais os compromissos que tenho de assumir?<\/li>\n<li>Li o contrato, compreendi-o e assumi todas as obriga\u00e7\u00f5es nele contidas?<\/li>\n<li>Estou disposto a submeter-me ao regime de trabalho de terceiros e a ver a minha autonomia limitada?<\/li>\n<li>Tenho um ambiente familiar est\u00e1vel?<\/li>\n<li>A minha fam\u00edlia apoia-me na cria\u00e7\u00e3o da empresa?<\/li>\n<li>Tenho total disponibilidade do meu tempo?<\/li>\n<li>Quanto tempo estou disposto a dedicar a esta atividade, mais do que um dia normal de trabalho?<\/li>\n<li>Estou disposto a assumir o risco empresarial?<\/li>\n<li>Estou disposto a passar um ou mais meses sem ser pago?<\/li>\n<li>Estou entusiasmado com a ideia de neg\u00f3cio a que estou a pensar aderir?<\/li>\n<\/ul>\n<h5>CARACTER\u00cdSTICAS PROFISSIONAIS<\/h5>\n<ul>\n<li>Tenho experi\u00eancia na gest\u00e3o de uma empresa?<\/li>\n<li>Tenho experi\u00eancia anterior na gest\u00e3o de uma franquia?<\/li>\n<li>Tenho experi\u00eancia, de qualquer tipo, no sector de atividade que estou a selecionar?<\/li>\n<li>J\u00e1 geri equipas?<\/li>\n<li>Tenho forma\u00e7\u00e3o suficiente para lidar com a atividade selecionada?<\/li>\n<li>As minhas compet\u00eancias correspondem \u00e0s do franchising ou franchisings selecionados?<\/li>\n<\/ul>\n<h5>CARACTER\u00cdSTICAS DO IM\u00d3VEL<\/h5>\n<ul>\n<li>Estou ciente do custo de implementa\u00e7\u00e3o da(s) franquia(s) que selecionei?<\/li>\n<li>Fiz um plano de investimento para verificar esta informa\u00e7\u00e3o?<\/li>\n<li>Qual \u00e9 o montante de financiamento de que disponho?<\/li>\n<li>Tenho outros activos que posso liquidar rapidamente?<\/li>\n<li>Estes fundos representam mais de 60% das minhas necessidades totais?<\/li>\n<li>Tenho acesso ao resto do financiamento?<\/li>\n<\/ul>\n<p>80% das respostas \u00e0s 22 perguntas anteriores devem ser positivas se quisermos tornar-nos franchisados, e uma delas deve ser positiva em qualquer caso, a que se refere a assumir o risco empresarial, sem esta qualidade, n\u00e3o somos empres\u00e1rios.<\/p>\n<h3>Obriga\u00e7\u00f5es e compromissos mais comuns numa rela\u00e7\u00e3o de franquia para o franqueado<\/h3>\n<p>Na cria\u00e7\u00e3o de um franchising, os mais comuns s\u00e3o os seguintes. Embora a sua dimens\u00e3o exacta dependa do modelo relacional que cada marca concebeu. Em todo o caso, o cen\u00e1rio seguinte d\u00e1-nos uma vis\u00e3o muito completa do tipo de obriga\u00e7\u00f5es que um franchisado deve assumir.<\/p>\n<ol>\n<li><strong>Respeitar a zona:<\/strong> Ou seja, a \u00e1rea geogr\u00e1fica de influ\u00eancia determinada pelo franchisador, fora da qual o franchisado n\u00e3o pode desenvolver ac\u00e7\u00f5es activas de capta\u00e7\u00e3o de clientes.<\/li>\n<li><strong>Cuidar da oferta:<\/strong> Incorporar apenas os produtos e servi\u00e7os determinados pelo franchisador.<\/li>\n<li><strong>Trabalhar com fornecedores:<\/strong> Com as limita\u00e7\u00f5es impostas pela regulamenta\u00e7\u00e3o europeia \u00e0s rela\u00e7\u00f5es de mais de cinco anos. Estes fornecedores podem ser terceiros impostos pela sede ou pelo pr\u00f3prio franchisador.<\/li>\n<li><strong>Manter a imagem:<\/strong> Tanto no ponto de venda como nas comunica\u00e7\u00f5es efectuadas a terceiros.<\/li>\n<li>Cumprir as opera\u00e7\u00f5es: ou seja, todas as diretrizes e procedimentos de trabalho (marketing, atendimento ao cliente, vendas, gest\u00e3o, fornecimento, etc.).<\/li>\n<li><strong>Assumir pagamentos:<\/strong> os relativos a royalties, fornecimentos e terceiros (quer sejam fornecedores aprovados ou n\u00e3o).<\/li>\n<\/ol>\n<h3>Perigos da cria\u00e7\u00e3o de uma franquia<\/h3>\n<ul>\n<li>O maior perigo neste dom\u00ednio \u00e9 analisar o neg\u00f3cio independentemente do seu perfil e das suas necessidades, o que resulta sempre em obriga\u00e7\u00f5es que n\u00e3o estamos em condi\u00e7\u00f5es de assumir por falta de capacidade ou de vontade. O neg\u00f3cio pode convencer-nos, mas pode n\u00e3o ser o neg\u00f3cio para o qual estamos vocacionados.<\/li>\n<\/ul>\n<h3>Conselhos pr\u00e1ticos para a cria\u00e7\u00e3o de uma franquia<\/h3>\n<ul>\n<li>Conhecer em pormenor os compromissos espec\u00edficos exigidos pela marca a que pretendo aderir.<\/li>\n<li>Verificar todos estes compromissos com outros franchisados para ter uma ideia de como se concretizam no dia a dia.<\/li>\n<li>Analisar a nossa capacidade de assumir todas estas obriga\u00e7\u00f5es, nomeadamente as financeiras.<\/li>\n<li>Realizar um teste que nos permita conhecer melhor o nosso perfil de empres\u00e1rio em geral e de franchisado em particular.<\/li>\n<li>Em caso algum assinar um <a href=\"https:\/\/www.t4franquicias.com\/informacion\/contrato-de-franquicia-12-apartados-basicos\/\">contrato de franchising<\/a> sem ter estudado o documento legal, sem o ter compreendido e sem ter a certeza de que as obriga\u00e7\u00f5es dele decorrentes s\u00e3o perfeitamente exequ\u00edveis para o futuro franchisado.<\/li>\n<li>N\u00e3o se iluda e encare este processo de forma realista, sem avaliar erradamente as suas capacidades pessoais.<\/li>\n<\/ul>\n<\/div><\/div>","protected":false},"excerpt":{"rendered":"<p>Como montar uma franquia com sucesso Va a convertirse en franquiciado, quiere saber c\u00f3mo montar una franquicia, y adem\u00e1s de una serie de consideraciones b\u00e1sicas que debo tener en cuenta, es importante conocer lo que este hecho supone: desde la perspectiva de las implicaciones empresariales el punto de vista de las obligaciones y derechos que [&hellip;]<\/p>\n","protected":false},"author":1,"featured_media":0,"parent":25,"menu_order":7,"comment_status":"closed","ping_status":"closed","template":"","meta":{"_acf_changed":false,"footnotes":""},"class_list":["post-3335","page","type-page","status-publish","hentry"],"acf":[],"yoast_head":"<!-- This site is optimized with the Yoast SEO Premium plugin v27.2 (Yoast SEO v27.2) - https:\/\/yoast.com\/product\/yoast-seo-premium-wordpress\/ -->\n<title>C\u00f3mo montar una franquicia - T4 Franquicias<\/title>\n<meta name=\"description\" content=\"\u00bfQuieres saber c\u00f3mo montar una franquicia con \u00e9xito? Conoce todos los secretos para montar una franquicia. Ll\u00e1manos ahora.\" \/>\n<meta name=\"robots\" content=\"index, follow, max-snippet:-1, max-image-preview:large, max-video-preview:-1\" \/>\n<link rel=\"canonical\" href=\"https:\/\/www.t4franquicias.com\/pt\/informacion\/como-montar-uma-franquia\/\" \/>\n<meta property=\"og:locale\" content=\"es_ES\" \/>\n<meta property=\"og:type\" content=\"article\" \/>\n<meta property=\"og:title\" content=\"Como montar uma franquia\" \/>\n<meta property=\"og:description\" content=\"\u00bfQuieres saber c\u00f3mo montar una franquicia con \u00e9xito? Conoce todos los secretos para montar una franquicia. Ll\u00e1manos ahora.\" \/>\n<meta property=\"og:url\" content=\"https:\/\/www.t4franquicias.com\/pt\/informacion\/como-montar-uma-franquia\/\" \/>\n<meta property=\"og:site_name\" content=\"T4franquicias.com [pt]\" \/>\n<meta property=\"article:publisher\" content=\"https:\/\/www.facebook.com\/T4-Franquicias-270127153112770\/\" \/>\n<meta property=\"article:modified_time\" content=\"2025-05-29T11:55:55+00:00\" \/>\n<meta property=\"og:image\" content=\"https:\/\/i0.wp.com\/www.t4franquicias.com\/wp-content\/uploads\/sites\/4\/2015\/10\/T4FRANQUICIAS_web2.png\" \/>\n\t<meta property=\"og:image:width\" content=\"200\" \/>\n\t<meta property=\"og:image:height\" content=\"176\" \/>\n\t<meta property=\"og:image:type\" content=\"image\/png\" \/>\n<meta name=\"twitter:card\" content=\"summary_large_image\" \/>\n<meta name=\"twitter:site\" content=\"@T4Franquicias\" \/>\n<meta name=\"twitter:label1\" content=\"Tiempo de lectura\" \/>\n\t<meta name=\"twitter:data1\" content=\"5 minutos\" \/>\n<script type=\"application\/ld+json\" class=\"yoast-schema-graph\">{\"@context\":\"https:\/\/schema.org\",\"@graph\":[{\"@type\":\"WebPage\",\"@id\":\"https:\/\/www.t4franquicias.com\/pt\/informacion\/como-montar-uma-franquia\/\",\"url\":\"https:\/\/www.t4franquicias.com\/pt\/informacion\/como-montar-uma-franquia\/\",\"name\":\"C\u00f3mo montar una franquicia - T4 Franquicias\",\"isPartOf\":{\"@id\":\"https:\/\/www.t4franquicias.com\/pt\/#website\"},\"datePublished\":\"2016-12-13T12:36:13+00:00\",\"dateModified\":\"2025-05-29T11:55:55+00:00\",\"description\":\"\u00bfQuieres saber c\u00f3mo montar una franquicia con \u00e9xito? Conoce todos los secretos para montar una franquicia. Ll\u00e1manos ahora.\",\"breadcrumb\":{\"@id\":\"https:\/\/www.t4franquicias.com\/pt\/informacion\/como-montar-uma-franquia\/#breadcrumb\"},\"inLanguage\":\"es\",\"potentialAction\":[{\"@type\":\"ReadAction\",\"target\":[\"https:\/\/www.t4franquicias.com\/pt\/informacion\/como-montar-uma-franquia\/\"]}]},{\"@type\":\"BreadcrumbList\",\"@id\":\"https:\/\/www.t4franquicias.com\/pt\/informacion\/como-montar-uma-franquia\/#breadcrumb\",\"itemListElement\":[{\"@type\":\"ListItem\",\"position\":1,\"name\":\"Portada\",\"item\":\"https:\/\/www.t4franquicias.com\/pt\/\"},{\"@type\":\"ListItem\",\"position\":2,\"name\":\"Informa\u00e7\u00f5es\",\"item\":\"https:\/\/www.t4franquicias.com\/pt\/informacion\/\"},{\"@type\":\"ListItem\",\"position\":3,\"name\":\"Como montar uma franquia\"}]},{\"@type\":\"WebSite\",\"@id\":\"https:\/\/www.t4franquicias.com\/pt\/#website\",\"url\":\"https:\/\/www.t4franquicias.com\/pt\/\",\"name\":\"T4 Franquicias\",\"description\":\" Assessores e Consultores de Franquias\",\"publisher\":{\"@id\":\"https:\/\/www.t4franquicias.com\/pt\/#organization\"},\"alternateName\":\"T4 Franquicias\",\"potentialAction\":[{\"@type\":\"SearchAction\",\"target\":{\"@type\":\"EntryPoint\",\"urlTemplate\":\"https:\/\/www.t4franquicias.com\/pt\/?s={search_term_string}\"},\"query-input\":{\"@type\":\"PropertyValueSpecification\",\"valueRequired\":true,\"valueName\":\"search_term_string\"}}],\"inLanguage\":\"es\"},{\"@type\":\"Organization\",\"@id\":\"https:\/\/www.t4franquicias.com\/pt\/#organization\",\"name\":\"T4 Fraqnuicias\",\"alternateName\":\"T4 Franquicias\",\"url\":\"https:\/\/www.t4franquicias.com\/pt\/\",\"logo\":{\"@type\":\"ImageObject\",\"inLanguage\":\"es\",\"@id\":\"https:\/\/www.t4franquicias.com\/pt\/#\/schema\/logo\/image\/\",\"url\":\"https:\/\/www.t4franquicias.com\/wp-content\/uploads\/2018\/04\/t4-logo.svg\",\"contentUrl\":\"https:\/\/www.t4franquicias.com\/wp-content\/uploads\/2018\/04\/t4-logo.svg\",\"width\":1,\"height\":1,\"caption\":\"T4 Fraqnuicias\"},\"image\":{\"@id\":\"https:\/\/www.t4franquicias.com\/pt\/#\/schema\/logo\/image\/\"},\"sameAs\":[\"https:\/\/www.facebook.com\/T4-Franquicias-270127153112770\/\",\"https:\/\/x.com\/T4Franquicias\",\"https:\/\/www.instagram.com\/t4franquicias\/\",\"https:\/\/www.linkedin.com\/authwall?trk=gf&amp;amp;amp;amp;amp;trkInfo=AQG83SA0TyN3UQAAAWMYAdeghPMLtp364yC1mwjqOVe3ltdrpkNISDeFPIu5JnOXZabpHhOck9v-kKJi00EkvJPzGLSsSKwe2E0JZHQKhoOz7ZyIDeTOPiKeS5bj4J2m9m1iR_M=&amp;amp;amp;amp;amp;originalReferer=http:\/\/www.t4franquicias.com\/&amp;amp;amp;amp;amp;sessionRedirect=https:\/\/www.linkedin.com\/company\/t4-franquicias?trk=tyah\"]}]}<\/script>\n<!-- \/ Yoast SEO Premium plugin. -->","yoast_head_json":{"title":"C\u00f3mo montar una franquicia - T4 Franquicias","description":"\u00bfQuieres saber c\u00f3mo montar una franquicia con \u00e9xito? Conoce todos los secretos para montar una franquicia. Ll\u00e1manos ahora.","robots":{"index":"index","follow":"follow","max-snippet":"max-snippet:-1","max-image-preview":"max-image-preview:large","max-video-preview":"max-video-preview:-1"},"canonical":"https:\/\/www.t4franquicias.com\/pt\/informacion\/como-montar-uma-franquia\/","og_locale":"es_ES","og_type":"article","og_title":"Como montar uma franquia","og_description":"\u00bfQuieres saber c\u00f3mo montar una franquicia con \u00e9xito? Conoce todos los secretos para montar una franquicia. Ll\u00e1manos ahora.","og_url":"https:\/\/www.t4franquicias.com\/pt\/informacion\/como-montar-uma-franquia\/","og_site_name":"T4franquicias.com [pt]","article_publisher":"https:\/\/www.facebook.com\/T4-Franquicias-270127153112770\/","article_modified_time":"2025-05-29T11:55:55+00:00","og_image":[{"width":200,"height":176,"url":"https:\/\/i0.wp.com\/www.t4franquicias.com\/wp-content\/uploads\/sites\/4\/2015\/10\/T4FRANQUICIAS_web2.png","type":"image\/png"}],"twitter_card":"summary_large_image","twitter_site":"@T4Franquicias","twitter_misc":{"Tiempo de lectura":"5 minutos"},"schema":{"@context":"https:\/\/schema.org","@graph":[{"@type":"WebPage","@id":"https:\/\/www.t4franquicias.com\/pt\/informacion\/como-montar-uma-franquia\/","url":"https:\/\/www.t4franquicias.com\/pt\/informacion\/como-montar-uma-franquia\/","name":"C\u00f3mo montar una franquicia - T4 Franquicias","isPartOf":{"@id":"https:\/\/www.t4franquicias.com\/pt\/#website"},"datePublished":"2016-12-13T12:36:13+00:00","dateModified":"2025-05-29T11:55:55+00:00","description":"\u00bfQuieres saber c\u00f3mo montar una franquicia con \u00e9xito? Conoce todos los secretos para montar una franquicia. Ll\u00e1manos ahora.","breadcrumb":{"@id":"https:\/\/www.t4franquicias.com\/pt\/informacion\/como-montar-uma-franquia\/#breadcrumb"},"inLanguage":"es","potentialAction":[{"@type":"ReadAction","target":["https:\/\/www.t4franquicias.com\/pt\/informacion\/como-montar-uma-franquia\/"]}]},{"@type":"BreadcrumbList","@id":"https:\/\/www.t4franquicias.com\/pt\/informacion\/como-montar-uma-franquia\/#breadcrumb","itemListElement":[{"@type":"ListItem","position":1,"name":"Portada","item":"https:\/\/www.t4franquicias.com\/pt\/"},{"@type":"ListItem","position":2,"name":"Informa\u00e7\u00f5es","item":"https:\/\/www.t4franquicias.com\/pt\/informacion\/"},{"@type":"ListItem","position":3,"name":"Como montar uma franquia"}]},{"@type":"WebSite","@id":"https:\/\/www.t4franquicias.com\/pt\/#website","url":"https:\/\/www.t4franquicias.com\/pt\/","name":"T4 Franquicias","description":" Assessores e Consultores de Franquias","publisher":{"@id":"https:\/\/www.t4franquicias.com\/pt\/#organization"},"alternateName":"T4 Franquicias","potentialAction":[{"@type":"SearchAction","target":{"@type":"EntryPoint","urlTemplate":"https:\/\/www.t4franquicias.com\/pt\/?s={search_term_string}"},"query-input":{"@type":"PropertyValueSpecification","valueRequired":true,"valueName":"search_term_string"}}],"inLanguage":"es"},{"@type":"Organization","@id":"https:\/\/www.t4franquicias.com\/pt\/#organization","name":"T4 Fraqnuicias","alternateName":"T4 Franquicias","url":"https:\/\/www.t4franquicias.com\/pt\/","logo":{"@type":"ImageObject","inLanguage":"es","@id":"https:\/\/www.t4franquicias.com\/pt\/#\/schema\/logo\/image\/","url":"https:\/\/www.t4franquicias.com\/wp-content\/uploads\/2018\/04\/t4-logo.svg","contentUrl":"https:\/\/www.t4franquicias.com\/wp-content\/uploads\/2018\/04\/t4-logo.svg","width":1,"height":1,"caption":"T4 Fraqnuicias"},"image":{"@id":"https:\/\/www.t4franquicias.com\/pt\/#\/schema\/logo\/image\/"},"sameAs":["https:\/\/www.facebook.com\/T4-Franquicias-270127153112770\/","https:\/\/x.com\/T4Franquicias","https:\/\/www.instagram.com\/t4franquicias\/","https:\/\/www.linkedin.com\/authwall?trk=gf&amp;amp;amp;amp;amp;trkInfo=AQG83SA0TyN3UQAAAWMYAdeghPMLtp364yC1mwjqOVe3ltdrpkNISDeFPIu5JnOXZabpHhOck9v-kKJi00EkvJPzGLSsSKwe2E0JZHQKhoOz7ZyIDeTOPiKeS5bj4J2m9m1iR_M=&amp;amp;amp;amp;amp;originalReferer=http:\/\/www.t4franquicias.com\/&amp;amp;amp;amp;amp;sessionRedirect=https:\/\/www.linkedin.com\/company\/t4-franquicias?trk=tyah"]}]}},"_links":{"self":[{"href":"https:\/\/www.t4franquicias.com\/pt\/wp-json\/wp\/v2\/pages\/3335","targetHints":{"allow":["GET"]}}],"collection":[{"href":"https:\/\/www.t4franquicias.com\/pt\/wp-json\/wp\/v2\/pages"}],"about":[{"href":"https:\/\/www.t4franquicias.com\/pt\/wp-json\/wp\/v2\/types\/page"}],"author":[{"embeddable":true,"href":"https:\/\/www.t4franquicias.com\/pt\/wp-json\/wp\/v2\/users\/1"}],"replies":[{"embeddable":true,"href":"https:\/\/www.t4franquicias.com\/pt\/wp-json\/wp\/v2\/comments?post=3335"}],"version-history":[{"count":0,"href":"https:\/\/www.t4franquicias.com\/pt\/wp-json\/wp\/v2\/pages\/3335\/revisions"}],"up":[{"embeddable":true,"href":"https:\/\/www.t4franquicias.com\/pt\/wp-json\/wp\/v2\/pages\/25"}],"wp:attachment":[{"href":"https:\/\/www.t4franquicias.com\/pt\/wp-json\/wp\/v2\/media?parent=3335"}],"curies":[{"name":"wp","href":"https:\/\/api.w.org\/{rel}","templated":true}]}}