{"id":3310,"date":"2016-11-30T10:53:05","date_gmt":"2016-11-30T09:53:05","guid":{"rendered":"https:\/\/www.t4franquicias.com\/?page_id=3310"},"modified":"2025-05-29T14:02:54","modified_gmt":"2025-05-29T12:02:54","slug":"departamento-de-restauracao-de-franquias","status":"publish","type":"page","link":"https:\/\/www.t4franquicias.com\/pt\/servicos-para-franquias\/departamento-de-restauracao-de-franquias\/","title":{"rendered":"Departamento de Restaura\u00e7\u00e3o de Franquias"},"content":{"rendered":"<div id=\"the_content\" class=\"row\"><div class=\"cell bg12\"><h2 style=\"text-align: justify;\">Departamento de Restaura\u00e7\u00e3o de Franquias<\/h2>\n<p>O Departamento de Franchise Catering nasce da necessidade de alargar as solu\u00e7\u00f5es que oferecemos aos nossos clientes, de modo a proporcionar uma gama de servi\u00e7os que cubra, numa vis\u00e3o totalmente operacional, todas as necessidades que possam surgir a qualquer hoteleiro.<\/p>\n<p>Os nossos servi\u00e7os destinam-se principalmente aos empres\u00e1rios do sector hoteleiro e da restaura\u00e7\u00e3o que sentem a necessidade de reorganizar o seu neg\u00f3cio e prepar\u00e1-lo para um crescimento futuro de forma organizada e sustent\u00e1vel no tempo. Tamb\u00e9m nos dirigimos aos empres\u00e1rios que pretendem iniciar uma atividade no canal Horeca. A \u201cManualiza\u00e7\u00e3o\u201d que levamos a cabo de todos os processos garante a organiza\u00e7\u00e3o da empresa e a homogeneiza\u00e7\u00e3o dos sistemas, sendo o cumprimento destes protocolos cr\u00edtico para a concretiza\u00e7\u00e3o dos objectivos.<\/p>\n<h3 style=\"text-align: justify;\">Empres\u00e1rios activos do sector da hotelaria e restaura\u00e7\u00e3o<\/h3>\n<ul>\n<li>Diagn\u00f3stico preliminar do estado da empresa. Analisamos a situa\u00e7\u00e3o inicial e recomendamos as seguintes ac\u00e7\u00f5es.<\/li>\n<li>Consultoria operacional. Analisamos todos os processos envolvidos no neg\u00f3cio de um ponto de vista absolutamente pr\u00e1tico.<\/li>\n<li>Manualiza\u00e7\u00e3o dos processos na sala. Uma vez verificada a forma de execu\u00e7\u00e3o na sala de jantar, ajustamos os processos e manualizamo-los da mesma forma que na cozinha.<\/li>\n<li>Manualiza\u00e7\u00e3o dos processos da cozinha.<\/li>\n<li>Protocolos de abertura, fecho, limpeza, etc.<\/li>\n<li>Cria\u00e7\u00e3o e desenvolvimento de raiz de novos conceitos e marcas.<\/li>\n<li>Departamento de opera\u00e7\u00f5es. Actuamos como um departamento de opera\u00e7\u00f5es externo que analisa, atrav\u00e9s de um acompanhamento exaustivo, o cumprimento ou eventuais desvios dos protocolos implementados.<\/li>\n<\/ul>\n<h3>\u00a0Empres\u00e1rios empenhados no sector da hotelaria e restaura\u00e7\u00e3o<\/h3>\n<ul>\n<li>An\u00e1lise preliminar do conceito e modelo de neg\u00f3cio ou cria\u00e7\u00e3o do mesmo.<\/li>\n<li>Localiza\u00e7\u00e3o das instala\u00e7\u00f5es (Ap\u00f3s a defini\u00e7\u00e3o do modelo, encarregamo-nos de definir e procurar a tipologia e tipo de localiza\u00e7\u00f5es para o mesmo).<\/li>\n<li>Sele\u00e7\u00e3o de pessoal (Definimos e seleccionamos o pessoal com as qualifica\u00e7\u00f5es necess\u00e1rias para cada modelo de neg\u00f3cio).<\/li>\n<li>Forma\u00e7\u00e3o. Tratamos da forma\u00e7\u00e3o espec\u00edfica do gestor nas ferramentas de gest\u00e3o que utilizamos.<\/li>\n<li>Negociamos e recomendamos as propostas de valor mais favor\u00e1veis para o neg\u00f3cio.<\/li>\n<li>Plano de marketing de acordo com os objectivos definidos.<\/li>\n<li>Arranque. Acompanhamos os nossos clientes na abertura das instala\u00e7\u00f5es e, posteriormente, oferecemos a possibilidade de atuar como o seu pr\u00f3prio departamento de opera\u00e7\u00f5es, monitorizando e, se necess\u00e1rio, corrigindo os desvios que possam ocorrer.<\/li>\n<\/ul>\n<\/div><\/div>","protected":false},"excerpt":{"rendered":"<p>Departamento de Restaura\u00e7\u00e3o de Franquias O Departamento de Franchise Catering nasce da necessidade de alargar as solu\u00e7\u00f5es que oferecemos aos nossos clientes, de modo a proporcionar uma gama de servi\u00e7os que cubra, numa vis\u00e3o totalmente operacional, todas as necessidades que possam surgir a qualquer hoteleiro. Os nossos servi\u00e7os destinam-se principalmente aos empres\u00e1rios do sector hoteleiro [&hellip;]<\/p>\n","protected":false},"author":1,"featured_media":0,"parent":17,"menu_order":11,"comment_status":"closed","ping_status":"closed","template":"","meta":{"_acf_changed":false,"footnotes":""},"class_list":["post-3310","page","type-page","status-publish","hentry"],"acf":[],"yoast_head":"<!-- This site is optimized with the Yoast SEO Premium plugin v27.2 (Yoast SEO v27.2) - https:\/\/yoast.com\/product\/yoast-seo-premium-wordpress\/ -->\n<title>Departamento Restauraci\u00f3n<\/title>\n<meta name=\"description\" content=\"El Departamento de Restauraci\u00f3n surge ante la necesidad de ampliar las soluciones que ofrecemos a los clientes para brindar una carta de servicios que cubra\" \/>\n<meta name=\"robots\" content=\"index, follow, max-snippet:-1, max-image-preview:large, max-video-preview:-1\" \/>\n<link rel=\"canonical\" href=\"https:\/\/www.t4franquicias.com\/pt\/servicos-para-franquias\/departamento-de-restauracao-de-franquias\/\" \/>\n<meta property=\"og:locale\" content=\"es_ES\" \/>\n<meta property=\"og:type\" content=\"article\" \/>\n<meta property=\"og:title\" content=\"Departamento de Restaura\u00e7\u00e3o de Franquias\" \/>\n<meta property=\"og:description\" content=\"El Departamento de Restauraci\u00f3n surge ante la necesidad de ampliar las soluciones que ofrecemos a los clientes para brindar una carta de servicios que cubra\" \/>\n<meta property=\"og:url\" content=\"https:\/\/www.t4franquicias.com\/pt\/servicos-para-franquias\/departamento-de-restauracao-de-franquias\/\" \/>\n<meta property=\"og:site_name\" content=\"T4franquicias.com [pt]\" \/>\n<meta property=\"article:publisher\" content=\"https:\/\/www.facebook.com\/T4-Franquicias-270127153112770\/\" \/>\n<meta property=\"article:modified_time\" content=\"2025-05-29T12:02:54+00:00\" \/>\n<meta property=\"og:image\" content=\"https:\/\/i0.wp.com\/www.t4franquicias.com\/wp-content\/uploads\/sites\/4\/2015\/10\/T4FRANQUICIAS_web2.png\" \/>\n\t<meta property=\"og:image:width\" content=\"200\" \/>\n\t<meta property=\"og:image:height\" content=\"176\" \/>\n\t<meta property=\"og:image:type\" content=\"image\/png\" \/>\n<meta name=\"twitter:card\" content=\"summary_large_image\" \/>\n<meta name=\"twitter:site\" content=\"@T4Franquicias\" \/>\n<meta name=\"twitter:label1\" content=\"Tiempo de lectura\" \/>\n\t<meta name=\"twitter:data1\" content=\"2 minutos\" \/>\n<script type=\"application\/ld+json\" class=\"yoast-schema-graph\">{\"@context\":\"https:\/\/schema.org\",\"@graph\":[{\"@type\":\"WebPage\",\"@id\":\"https:\/\/www.t4franquicias.com\/pt\/servicos-para-franquias\/departamento-de-restauracao-de-franquias\/\",\"url\":\"https:\/\/www.t4franquicias.com\/pt\/servicos-para-franquias\/departamento-de-restauracao-de-franquias\/\",\"name\":\"Departamento Restauraci\u00f3n\",\"isPartOf\":{\"@id\":\"https:\/\/www.t4franquicias.com\/pt\/#website\"},\"datePublished\":\"2016-11-30T09:53:05+00:00\",\"dateModified\":\"2025-05-29T12:02:54+00:00\",\"description\":\"El Departamento de Restauraci\u00f3n surge ante la necesidad de ampliar las soluciones que ofrecemos a los clientes para brindar una carta de servicios que cubra\",\"breadcrumb\":{\"@id\":\"https:\/\/www.t4franquicias.com\/pt\/servicos-para-franquias\/departamento-de-restauracao-de-franquias\/#breadcrumb\"},\"inLanguage\":\"es\",\"potentialAction\":[{\"@type\":\"ReadAction\",\"target\":[\"https:\/\/www.t4franquicias.com\/pt\/servicos-para-franquias\/departamento-de-restauracao-de-franquias\/\"]}]},{\"@type\":\"BreadcrumbList\",\"@id\":\"https:\/\/www.t4franquicias.com\/pt\/servicos-para-franquias\/departamento-de-restauracao-de-franquias\/#breadcrumb\",\"itemListElement\":[{\"@type\":\"ListItem\",\"position\":1,\"name\":\"Portada\",\"item\":\"https:\/\/www.t4franquicias.com\/pt\/\"},{\"@type\":\"ListItem\",\"position\":2,\"name\":\"Servi\u00e7os para franquias\",\"item\":\"https:\/\/www.t4franquicias.com\/pt\/servicos-para-franquias\/\"},{\"@type\":\"ListItem\",\"position\":3,\"name\":\"Departamento de Restaura\u00e7\u00e3o de Franquias\"}]},{\"@type\":\"WebSite\",\"@id\":\"https:\/\/www.t4franquicias.com\/pt\/#website\",\"url\":\"https:\/\/www.t4franquicias.com\/pt\/\",\"name\":\"T4 Franquicias\",\"description\":\" Assessores e Consultores de Franquias\",\"publisher\":{\"@id\":\"https:\/\/www.t4franquicias.com\/pt\/#organization\"},\"alternateName\":\"T4 Franquicias\",\"potentialAction\":[{\"@type\":\"SearchAction\",\"target\":{\"@type\":\"EntryPoint\",\"urlTemplate\":\"https:\/\/www.t4franquicias.com\/pt\/?s={search_term_string}\"},\"query-input\":{\"@type\":\"PropertyValueSpecification\",\"valueRequired\":true,\"valueName\":\"search_term_string\"}}],\"inLanguage\":\"es\"},{\"@type\":\"Organization\",\"@id\":\"https:\/\/www.t4franquicias.com\/pt\/#organization\",\"name\":\"T4 Fraqnuicias\",\"alternateName\":\"T4 Franquicias\",\"url\":\"https:\/\/www.t4franquicias.com\/pt\/\",\"logo\":{\"@type\":\"ImageObject\",\"inLanguage\":\"es\",\"@id\":\"https:\/\/www.t4franquicias.com\/pt\/#\/schema\/logo\/image\/\",\"url\":\"https:\/\/www.t4franquicias.com\/wp-content\/uploads\/2018\/04\/t4-logo.svg\",\"contentUrl\":\"https:\/\/www.t4franquicias.com\/wp-content\/uploads\/2018\/04\/t4-logo.svg\",\"width\":1,\"height\":1,\"caption\":\"T4 Fraqnuicias\"},\"image\":{\"@id\":\"https:\/\/www.t4franquicias.com\/pt\/#\/schema\/logo\/image\/\"},\"sameAs\":[\"https:\/\/www.facebook.com\/T4-Franquicias-270127153112770\/\",\"https:\/\/x.com\/T4Franquicias\",\"https:\/\/www.instagram.com\/t4franquicias\/\",\"https:\/\/www.linkedin.com\/authwall?trk=gf&amp;amp;amp;amp;amp;trkInfo=AQG83SA0TyN3UQAAAWMYAdeghPMLtp364yC1mwjqOVe3ltdrpkNISDeFPIu5JnOXZabpHhOck9v-kKJi00EkvJPzGLSsSKwe2E0JZHQKhoOz7ZyIDeTOPiKeS5bj4J2m9m1iR_M=&amp;amp;amp;amp;amp;originalReferer=http:\/\/www.t4franquicias.com\/&amp;amp;amp;amp;amp;sessionRedirect=https:\/\/www.linkedin.com\/company\/t4-franquicias?trk=tyah\"]}]}<\/script>\n<!-- \/ Yoast SEO Premium plugin. -->","yoast_head_json":{"title":"Departamento Restauraci\u00f3n","description":"El Departamento de Restauraci\u00f3n surge ante la necesidad de ampliar las soluciones que ofrecemos a los clientes para brindar una carta de servicios que cubra","robots":{"index":"index","follow":"follow","max-snippet":"max-snippet:-1","max-image-preview":"max-image-preview:large","max-video-preview":"max-video-preview:-1"},"canonical":"https:\/\/www.t4franquicias.com\/pt\/servicos-para-franquias\/departamento-de-restauracao-de-franquias\/","og_locale":"es_ES","og_type":"article","og_title":"Departamento de Restaura\u00e7\u00e3o de Franquias","og_description":"El Departamento de Restauraci\u00f3n surge ante la necesidad de ampliar las soluciones que ofrecemos a los clientes para brindar una carta de servicios que cubra","og_url":"https:\/\/www.t4franquicias.com\/pt\/servicos-para-franquias\/departamento-de-restauracao-de-franquias\/","og_site_name":"T4franquicias.com [pt]","article_publisher":"https:\/\/www.facebook.com\/T4-Franquicias-270127153112770\/","article_modified_time":"2025-05-29T12:02:54+00:00","og_image":[{"width":200,"height":176,"url":"https:\/\/i0.wp.com\/www.t4franquicias.com\/wp-content\/uploads\/sites\/4\/2015\/10\/T4FRANQUICIAS_web2.png","type":"image\/png"}],"twitter_card":"summary_large_image","twitter_site":"@T4Franquicias","twitter_misc":{"Tiempo de lectura":"2 minutos"},"schema":{"@context":"https:\/\/schema.org","@graph":[{"@type":"WebPage","@id":"https:\/\/www.t4franquicias.com\/pt\/servicos-para-franquias\/departamento-de-restauracao-de-franquias\/","url":"https:\/\/www.t4franquicias.com\/pt\/servicos-para-franquias\/departamento-de-restauracao-de-franquias\/","name":"Departamento Restauraci\u00f3n","isPartOf":{"@id":"https:\/\/www.t4franquicias.com\/pt\/#website"},"datePublished":"2016-11-30T09:53:05+00:00","dateModified":"2025-05-29T12:02:54+00:00","description":"El Departamento de Restauraci\u00f3n surge ante la necesidad de ampliar las soluciones que ofrecemos a los clientes para brindar una carta de servicios que cubra","breadcrumb":{"@id":"https:\/\/www.t4franquicias.com\/pt\/servicos-para-franquias\/departamento-de-restauracao-de-franquias\/#breadcrumb"},"inLanguage":"es","potentialAction":[{"@type":"ReadAction","target":["https:\/\/www.t4franquicias.com\/pt\/servicos-para-franquias\/departamento-de-restauracao-de-franquias\/"]}]},{"@type":"BreadcrumbList","@id":"https:\/\/www.t4franquicias.com\/pt\/servicos-para-franquias\/departamento-de-restauracao-de-franquias\/#breadcrumb","itemListElement":[{"@type":"ListItem","position":1,"name":"Portada","item":"https:\/\/www.t4franquicias.com\/pt\/"},{"@type":"ListItem","position":2,"name":"Servi\u00e7os para franquias","item":"https:\/\/www.t4franquicias.com\/pt\/servicos-para-franquias\/"},{"@type":"ListItem","position":3,"name":"Departamento de Restaura\u00e7\u00e3o de Franquias"}]},{"@type":"WebSite","@id":"https:\/\/www.t4franquicias.com\/pt\/#website","url":"https:\/\/www.t4franquicias.com\/pt\/","name":"T4 Franquicias","description":" Assessores e Consultores de Franquias","publisher":{"@id":"https:\/\/www.t4franquicias.com\/pt\/#organization"},"alternateName":"T4 Franquicias","potentialAction":[{"@type":"SearchAction","target":{"@type":"EntryPoint","urlTemplate":"https:\/\/www.t4franquicias.com\/pt\/?s={search_term_string}"},"query-input":{"@type":"PropertyValueSpecification","valueRequired":true,"valueName":"search_term_string"}}],"inLanguage":"es"},{"@type":"Organization","@id":"https:\/\/www.t4franquicias.com\/pt\/#organization","name":"T4 Fraqnuicias","alternateName":"T4 Franquicias","url":"https:\/\/www.t4franquicias.com\/pt\/","logo":{"@type":"ImageObject","inLanguage":"es","@id":"https:\/\/www.t4franquicias.com\/pt\/#\/schema\/logo\/image\/","url":"https:\/\/www.t4franquicias.com\/wp-content\/uploads\/2018\/04\/t4-logo.svg","contentUrl":"https:\/\/www.t4franquicias.com\/wp-content\/uploads\/2018\/04\/t4-logo.svg","width":1,"height":1,"caption":"T4 Fraqnuicias"},"image":{"@id":"https:\/\/www.t4franquicias.com\/pt\/#\/schema\/logo\/image\/"},"sameAs":["https:\/\/www.facebook.com\/T4-Franquicias-270127153112770\/","https:\/\/x.com\/T4Franquicias","https:\/\/www.instagram.com\/t4franquicias\/","https:\/\/www.linkedin.com\/authwall?trk=gf&amp;amp;amp;amp;amp;trkInfo=AQG83SA0TyN3UQAAAWMYAdeghPMLtp364yC1mwjqOVe3ltdrpkNISDeFPIu5JnOXZabpHhOck9v-kKJi00EkvJPzGLSsSKwe2E0JZHQKhoOz7ZyIDeTOPiKeS5bj4J2m9m1iR_M=&amp;amp;amp;amp;amp;originalReferer=http:\/\/www.t4franquicias.com\/&amp;amp;amp;amp;amp;sessionRedirect=https:\/\/www.linkedin.com\/company\/t4-franquicias?trk=tyah"]}]}},"_links":{"self":[{"href":"https:\/\/www.t4franquicias.com\/pt\/wp-json\/wp\/v2\/pages\/3310","targetHints":{"allow":["GET"]}}],"collection":[{"href":"https:\/\/www.t4franquicias.com\/pt\/wp-json\/wp\/v2\/pages"}],"about":[{"href":"https:\/\/www.t4franquicias.com\/pt\/wp-json\/wp\/v2\/types\/page"}],"author":[{"embeddable":true,"href":"https:\/\/www.t4franquicias.com\/pt\/wp-json\/wp\/v2\/users\/1"}],"replies":[{"embeddable":true,"href":"https:\/\/www.t4franquicias.com\/pt\/wp-json\/wp\/v2\/comments?post=3310"}],"version-history":[{"count":0,"href":"https:\/\/www.t4franquicias.com\/pt\/wp-json\/wp\/v2\/pages\/3310\/revisions"}],"up":[{"embeddable":true,"href":"https:\/\/www.t4franquicias.com\/pt\/wp-json\/wp\/v2\/pages\/17"}],"wp:attachment":[{"href":"https:\/\/www.t4franquicias.com\/pt\/wp-json\/wp\/v2\/media?parent=3310"}],"curies":[{"name":"wp","href":"https:\/\/api.w.org\/{rel}","templated":true}]}}