{"id":2757,"date":"2015-11-16T01:00:09","date_gmt":"2015-11-16T00:00:09","guid":{"rendered":"https:\/\/www.t4franquicias.com\/?page_id=2757"},"modified":"2025-05-29T13:38:50","modified_gmt":"2025-05-29T11:38:50","slug":"junta-te-a-t4-2","status":"publish","type":"page","link":"https:\/\/www.t4franquicias.com\/pt\/junta-te-a-t4-2\/","title":{"rendered":"Junta-te \u00e0 T4"},"content":{"rendered":"<div id=\"the_content\" class=\"row\"><div class=\"cell bg12\"><p>Na <strong>T4 Franquicias<\/strong> contamos com uma ampla rede de consultores especializados no desenvolvimento de redes, com experi\u00eancia na expans\u00e3o de cadeias de franquia de todos os setores.<\/p> <article class=\"text-token-text-primary w-full\" dir=\"auto\" data-testid=\"conversation-turn-66\" data-scroll-anchor=\"true\"> <div class=\"text-base my-auto mx-auto py-5 [--thread-content-margin:--spacing(4)] @[37rem]:[--thread-content-margin:--spacing(6)] @[72rem]:[--thread-content-margin:--spacing(16)] px-(--thread-content-margin)\"> <div class=\"[--thread-content-max-width:32rem] @[34rem]:[--thread-content-max-width:40rem] @[64rem]:[--thread-content-max-width:48rem] mx-auto flex max-w-(--thread-content-max-width) flex-1 text-base gap-4 md:gap-5 lg:gap-6 group\/turn-messages focus-visible:outline-hidden\" tabindex=\"-1\"> <div class=\"group\/conversation-turn relative flex w-full min-w-0 flex-col agent-turn\"> <div class=\"relative flex-col gap-1 md:gap-3\"> <div class=\"flex max-w-full flex-col grow\"> <div class=\"min-h-8 text-message relative flex w-full flex-col items-end gap-2 text-start break-words whitespace-normal [.text-message+&amp;]:mt-5\" dir=\"auto\" data-message-author-role=\"assistant\" data-message-id=\"f590dbca-841b-4d88-8b00-712d1d128d8b\" data-message-model-slug=\"gpt-4o\"> <div class=\"flex w-full flex-col gap-1 empty:hidden first:pt-[3px]\"> <div class=\"markdown prose dark:prose-invert w-full break-words light\"> <p class=\"\" data-start=\"327\" data-end=\"517\">Estes consultores est\u00e3o distribu\u00eddos pelas diferentes comunidades aut\u00f3nomas, o que nos permite oferecer os nossos servi\u00e7os de forma mais global e especializada em todo o territ\u00f3rio espanhol.<\/p> <p class=\"\" data-start=\"519\" data-end=\"846\">Na <strong>T4 Franquicias<\/strong> oferecemos aos nossos colaboradores uma marca reconhecida no mercado, com uma metodologia de trabalho totalmente diferenciada, baseada na obten\u00e7\u00e3o de resultados e no crescimento empresarial. A partir da sede, damos aos consultores apoio comercial e operacional, disponibilizando-lhes m\u00faltiplas ferramentas como:<\/p> <ul data-start=\"848\" data-end=\"1010\"> <li class=\"\" data-start=\"848\" data-end=\"875\"> <p class=\"\" data-start=\"850\" data-end=\"875\">Semin\u00e1rios Empresariais<\/p> <\/li> <li class=\"\" data-start=\"876\" data-end=\"898\"> <p class=\"\" data-start=\"878\" data-end=\"898\">Plataformas Online<\/p> <\/li> <li class=\"\" data-start=\"899\" data-end=\"911\"> <p class=\"\" data-start=\"901\" data-end=\"911\">Folhetos<\/p> <\/li> <li class=\"\" data-start=\"912\" data-end=\"922\"> <p class=\"\" data-start=\"914\" data-end=\"922\">Portal<\/p> <\/li> <li class=\"\" data-start=\"923\" data-end=\"952\"> <p class=\"\" data-start=\"925\" data-end=\"952\">Departamento de Marketing<\/p> <\/li> <li class=\"\" data-start=\"953\" data-end=\"980\"> <p class=\"\" data-start=\"955\" data-end=\"980\">Gabinete de Comunica\u00e7\u00e3o<\/p> <\/li> <li class=\"\" data-start=\"981\" data-end=\"996\"> <p class=\"\" data-start=\"983\" data-end=\"996\">Call Center<\/p> <\/li> <li class=\"\" data-start=\"997\" data-end=\"1004\"> <p class=\"\" data-start=\"999\" data-end=\"1004\">CRM<\/p> <\/li> <li class=\"\" data-start=\"1005\" data-end=\"1010\"> <p class=\"\" data-start=\"1007\" data-end=\"1010\">&#8230;<\/p> <\/li> <\/ul> <p class=\"\" data-start=\"1012\" data-end=\"1182\">Procuramos pessoas j\u00e1 inseridas no tecido empresarial da sua cidade de atua\u00e7\u00e3o, com capacidade para gerar networking, proativas e com experi\u00eancia neste modelo de neg\u00f3cio.<\/p> <\/div> <p data-start=\"1012\" data-end=\"1182\"><img loading=\"lazy\" decoding=\"async\" class=\"aligncenter wp-image-3246 size-full\" src=\"https:\/\/www.t4franquicias.com\/wp-content\/uploads\/2015\/11\/mapa-sedes-T4.jpg\" alt=\"mapa-sedes-t4\" width=\"510\" height=\"360\" srcset=\"https:\/\/www.t4franquicias.com\/pt\/wp-content\/uploads\/sites\/4\/2015\/11\/mapa-sedes-T4.jpg 510w, https:\/\/www.t4franquicias.com\/pt\/wp-content\/uploads\/sites\/4\/2015\/11\/mapa-sedes-T4-300x212.jpg 300w\" sizes=\"auto, (max-width: 510px) 100vw, 510px\" \/><\/p> <div class=\"markdown prose dark:prose-invert w-full break-words light\"> <h3 style=\"text-align: center;\" data-start=\"1184\" data-end=\"1211\"><strong data-start=\"1184\" data-end=\"1211\">Queres juntar-te a n\u00f3s?<\/strong><\/h3> <p class=\"\" style=\"text-align: center;\" data-start=\"1213\" data-end=\"1298\"><strong>Os nossos dados de contacto:<\/strong><br data-start=\"1241\" data-end=\"1244\" \/>Alberto Salvador<br data-start=\"1264\" data-end=\"1267\" \/><a class=\"cursor-pointer\" href=\"mailto:asalvador@t4franquicias.com\" rel=\"noopener\" data-start=\"1269\" data-end=\"1296\">asalvador@t4franquicias.com<\/a><\/p> <\/div> <\/div> <\/div> <\/div> <\/div> <\/div> <\/div> <\/div> <\/article><\/div><\/div>","protected":false},"excerpt":{"rendered":"<p>Na T4 Franquicias contamos com uma ampla rede de consultores especializados no desenvolvimento de redes, com experi\u00eancia na expans\u00e3o de cadeias de franquia de todos os setores. Estes consultores est\u00e3o distribu\u00eddos pelas diferentes comunidades aut\u00f3nomas, o que nos permite oferecer os nossos servi\u00e7os de forma mais global e especializada em todo o territ\u00f3rio espanhol. Na [&hellip;]<\/p>\n","protected":false},"author":1,"featured_media":0,"parent":0,"menu_order":0,"comment_status":"closed","ping_status":"closed","template":"","meta":{"_acf_changed":false,"footnotes":""},"class_list":["post-2757","page","type-page","status-publish","hentry"],"acf":[],"yoast_head":"<!-- This site is optimized with the Yoast SEO Premium plugin v27.2 (Yoast SEO v27.2) - https:\/\/yoast.com\/product\/yoast-seo-premium-wordpress\/ -->\n<title>Junta-te \u00e0 T4 Franquicias<\/title>\n<meta name=\"description\" content=\"Se quiseres ser representante local da T4 Franquias em alguma zona de Espanha, entra em contacto connosco.\" \/>\n<meta name=\"robots\" content=\"index, follow, max-snippet:-1, max-image-preview:large, max-video-preview:-1\" \/>\n<link rel=\"canonical\" href=\"https:\/\/www.t4franquicias.com\/pt\/junta-te-a-t4-2\/\" \/>\n<meta property=\"og:locale\" content=\"es_ES\" \/>\n<meta property=\"og:type\" content=\"article\" \/>\n<meta property=\"og:title\" content=\"Junta-te \u00e0 T4\" \/>\n<meta property=\"og:description\" content=\"Se quiseres ser representante local da T4 Franquias em alguma zona de Espanha, entra em contacto connosco.\" \/>\n<meta property=\"og:url\" content=\"https:\/\/www.t4franquicias.com\/pt\/junta-te-a-t4-2\/\" \/>\n<meta property=\"og:site_name\" content=\"T4franquicias.com [pt]\" \/>\n<meta property=\"article:publisher\" content=\"https:\/\/www.facebook.com\/T4-Franquicias-270127153112770\/\" \/>\n<meta property=\"article:modified_time\" content=\"2025-05-29T11:38:50+00:00\" \/>\n<meta property=\"og:image\" content=\"https:\/\/i0.wp.com\/www.t4franquicias.com\/wp-content\/uploads\/sites\/4\/2015\/11\/mapa-sedes-T4.jpg\" \/>\n\t<meta property=\"og:image:width\" content=\"510\" \/>\n\t<meta property=\"og:image:height\" content=\"360\" \/>\n\t<meta property=\"og:image:type\" content=\"image\/jpeg\" \/>\n<meta name=\"twitter:card\" content=\"summary_large_image\" \/>\n<meta name=\"twitter:site\" content=\"@T4Franquicias\" \/>\n<meta name=\"twitter:label1\" content=\"Tiempo de lectura\" \/>\n\t<meta name=\"twitter:data1\" content=\"1 minuto\" \/>\n<script type=\"application\/ld+json\" class=\"yoast-schema-graph\">{\"@context\":\"https:\/\/schema.org\",\"@graph\":[{\"@type\":\"WebPage\",\"@id\":\"https:\/\/www.t4franquicias.com\/pt\/junta-te-a-t4-2\/\",\"url\":\"https:\/\/www.t4franquicias.com\/pt\/junta-te-a-t4-2\/\",\"name\":\"Junta-te \u00e0 T4 Franquicias\",\"isPartOf\":{\"@id\":\"https:\/\/www.t4franquicias.com\/pt\/#website\"},\"primaryImageOfPage\":{\"@id\":\"https:\/\/www.t4franquicias.com\/pt\/junta-te-a-t4-2\/#primaryimage\"},\"image\":{\"@id\":\"https:\/\/www.t4franquicias.com\/pt\/junta-te-a-t4-2\/#primaryimage\"},\"thumbnailUrl\":\"https:\/\/www.t4franquicias.com\/wp-content\/uploads\/2015\/11\/mapa-sedes-T4.jpg\",\"datePublished\":\"2015-11-16T00:00:09+00:00\",\"dateModified\":\"2025-05-29T11:38:50+00:00\",\"description\":\"Se quiseres ser representante local da T4 Franquias em alguma zona de Espanha, entra em contacto connosco.\",\"breadcrumb\":{\"@id\":\"https:\/\/www.t4franquicias.com\/pt\/junta-te-a-t4-2\/#breadcrumb\"},\"inLanguage\":\"es\",\"potentialAction\":[{\"@type\":\"ReadAction\",\"target\":[\"https:\/\/www.t4franquicias.com\/pt\/junta-te-a-t4-2\/\"]}]},{\"@type\":\"ImageObject\",\"inLanguage\":\"es\",\"@id\":\"https:\/\/www.t4franquicias.com\/pt\/junta-te-a-t4-2\/#primaryimage\",\"url\":\"https:\/\/www.t4franquicias.com\/wp-content\/uploads\/2015\/11\/mapa-sedes-T4.jpg\",\"contentUrl\":\"https:\/\/www.t4franquicias.com\/wp-content\/uploads\/2015\/11\/mapa-sedes-T4.jpg\"},{\"@type\":\"BreadcrumbList\",\"@id\":\"https:\/\/www.t4franquicias.com\/pt\/junta-te-a-t4-2\/#breadcrumb\",\"itemListElement\":[{\"@type\":\"ListItem\",\"position\":1,\"name\":\"Portada\",\"item\":\"https:\/\/www.t4franquicias.com\/pt\/\"},{\"@type\":\"ListItem\",\"position\":2,\"name\":\"Junta-te \u00e0 T4\"}]},{\"@type\":\"WebSite\",\"@id\":\"https:\/\/www.t4franquicias.com\/pt\/#website\",\"url\":\"https:\/\/www.t4franquicias.com\/pt\/\",\"name\":\"T4 Franquicias\",\"description\":\" Assessores e Consultores de Franquias\",\"publisher\":{\"@id\":\"https:\/\/www.t4franquicias.com\/pt\/#organization\"},\"alternateName\":\"T4 Franquicias\",\"potentialAction\":[{\"@type\":\"SearchAction\",\"target\":{\"@type\":\"EntryPoint\",\"urlTemplate\":\"https:\/\/www.t4franquicias.com\/pt\/?s={search_term_string}\"},\"query-input\":{\"@type\":\"PropertyValueSpecification\",\"valueRequired\":true,\"valueName\":\"search_term_string\"}}],\"inLanguage\":\"es\"},{\"@type\":\"Organization\",\"@id\":\"https:\/\/www.t4franquicias.com\/pt\/#organization\",\"name\":\"T4 Fraqnuicias\",\"alternateName\":\"T4 Franquicias\",\"url\":\"https:\/\/www.t4franquicias.com\/pt\/\",\"logo\":{\"@type\":\"ImageObject\",\"inLanguage\":\"es\",\"@id\":\"https:\/\/www.t4franquicias.com\/pt\/#\/schema\/logo\/image\/\",\"url\":\"https:\/\/www.t4franquicias.com\/wp-content\/uploads\/2018\/04\/t4-logo.svg\",\"contentUrl\":\"https:\/\/www.t4franquicias.com\/wp-content\/uploads\/2018\/04\/t4-logo.svg\",\"width\":1,\"height\":1,\"caption\":\"T4 Fraqnuicias\"},\"image\":{\"@id\":\"https:\/\/www.t4franquicias.com\/pt\/#\/schema\/logo\/image\/\"},\"sameAs\":[\"https:\/\/www.facebook.com\/T4-Franquicias-270127153112770\/\",\"https:\/\/x.com\/T4Franquicias\",\"https:\/\/www.instagram.com\/t4franquicias\/\",\"https:\/\/www.linkedin.com\/authwall?trk=gf&amp;amp;amp;amp;amp;trkInfo=AQG83SA0TyN3UQAAAWMYAdeghPMLtp364yC1mwjqOVe3ltdrpkNISDeFPIu5JnOXZabpHhOck9v-kKJi00EkvJPzGLSsSKwe2E0JZHQKhoOz7ZyIDeTOPiKeS5bj4J2m9m1iR_M=&amp;amp;amp;amp;amp;originalReferer=http:\/\/www.t4franquicias.com\/&amp;amp;amp;amp;amp;sessionRedirect=https:\/\/www.linkedin.com\/company\/t4-franquicias?trk=tyah\"]}]}<\/script>\n<!-- \/ Yoast SEO Premium plugin. -->","yoast_head_json":{"title":"Junta-te \u00e0 T4 Franquicias","description":"Se quiseres ser representante local da T4 Franquias em alguma zona de Espanha, entra em contacto connosco.","robots":{"index":"index","follow":"follow","max-snippet":"max-snippet:-1","max-image-preview":"max-image-preview:large","max-video-preview":"max-video-preview:-1"},"canonical":"https:\/\/www.t4franquicias.com\/pt\/junta-te-a-t4-2\/","og_locale":"es_ES","og_type":"article","og_title":"Junta-te \u00e0 T4","og_description":"Se quiseres ser representante local da T4 Franquias em alguma zona de Espanha, entra em contacto connosco.","og_url":"https:\/\/www.t4franquicias.com\/pt\/junta-te-a-t4-2\/","og_site_name":"T4franquicias.com [pt]","article_publisher":"https:\/\/www.facebook.com\/T4-Franquicias-270127153112770\/","article_modified_time":"2025-05-29T11:38:50+00:00","og_image":[{"width":510,"height":360,"url":"https:\/\/i0.wp.com\/www.t4franquicias.com\/wp-content\/uploads\/sites\/4\/2015\/11\/mapa-sedes-T4.jpg","type":"image\/jpeg"}],"twitter_card":"summary_large_image","twitter_site":"@T4Franquicias","twitter_misc":{"Tiempo de lectura":"1 minuto"},"schema":{"@context":"https:\/\/schema.org","@graph":[{"@type":"WebPage","@id":"https:\/\/www.t4franquicias.com\/pt\/junta-te-a-t4-2\/","url":"https:\/\/www.t4franquicias.com\/pt\/junta-te-a-t4-2\/","name":"Junta-te \u00e0 T4 Franquicias","isPartOf":{"@id":"https:\/\/www.t4franquicias.com\/pt\/#website"},"primaryImageOfPage":{"@id":"https:\/\/www.t4franquicias.com\/pt\/junta-te-a-t4-2\/#primaryimage"},"image":{"@id":"https:\/\/www.t4franquicias.com\/pt\/junta-te-a-t4-2\/#primaryimage"},"thumbnailUrl":"https:\/\/www.t4franquicias.com\/wp-content\/uploads\/2015\/11\/mapa-sedes-T4.jpg","datePublished":"2015-11-16T00:00:09+00:00","dateModified":"2025-05-29T11:38:50+00:00","description":"Se quiseres ser representante local da T4 Franquias em alguma zona de Espanha, entra em contacto connosco.","breadcrumb":{"@id":"https:\/\/www.t4franquicias.com\/pt\/junta-te-a-t4-2\/#breadcrumb"},"inLanguage":"es","potentialAction":[{"@type":"ReadAction","target":["https:\/\/www.t4franquicias.com\/pt\/junta-te-a-t4-2\/"]}]},{"@type":"ImageObject","inLanguage":"es","@id":"https:\/\/www.t4franquicias.com\/pt\/junta-te-a-t4-2\/#primaryimage","url":"https:\/\/www.t4franquicias.com\/wp-content\/uploads\/2015\/11\/mapa-sedes-T4.jpg","contentUrl":"https:\/\/www.t4franquicias.com\/wp-content\/uploads\/2015\/11\/mapa-sedes-T4.jpg"},{"@type":"BreadcrumbList","@id":"https:\/\/www.t4franquicias.com\/pt\/junta-te-a-t4-2\/#breadcrumb","itemListElement":[{"@type":"ListItem","position":1,"name":"Portada","item":"https:\/\/www.t4franquicias.com\/pt\/"},{"@type":"ListItem","position":2,"name":"Junta-te \u00e0 T4"}]},{"@type":"WebSite","@id":"https:\/\/www.t4franquicias.com\/pt\/#website","url":"https:\/\/www.t4franquicias.com\/pt\/","name":"T4 Franquicias","description":" Assessores e Consultores de Franquias","publisher":{"@id":"https:\/\/www.t4franquicias.com\/pt\/#organization"},"alternateName":"T4 Franquicias","potentialAction":[{"@type":"SearchAction","target":{"@type":"EntryPoint","urlTemplate":"https:\/\/www.t4franquicias.com\/pt\/?s={search_term_string}"},"query-input":{"@type":"PropertyValueSpecification","valueRequired":true,"valueName":"search_term_string"}}],"inLanguage":"es"},{"@type":"Organization","@id":"https:\/\/www.t4franquicias.com\/pt\/#organization","name":"T4 Fraqnuicias","alternateName":"T4 Franquicias","url":"https:\/\/www.t4franquicias.com\/pt\/","logo":{"@type":"ImageObject","inLanguage":"es","@id":"https:\/\/www.t4franquicias.com\/pt\/#\/schema\/logo\/image\/","url":"https:\/\/www.t4franquicias.com\/wp-content\/uploads\/2018\/04\/t4-logo.svg","contentUrl":"https:\/\/www.t4franquicias.com\/wp-content\/uploads\/2018\/04\/t4-logo.svg","width":1,"height":1,"caption":"T4 Fraqnuicias"},"image":{"@id":"https:\/\/www.t4franquicias.com\/pt\/#\/schema\/logo\/image\/"},"sameAs":["https:\/\/www.facebook.com\/T4-Franquicias-270127153112770\/","https:\/\/x.com\/T4Franquicias","https:\/\/www.instagram.com\/t4franquicias\/","https:\/\/www.linkedin.com\/authwall?trk=gf&amp;amp;amp;amp;amp;trkInfo=AQG83SA0TyN3UQAAAWMYAdeghPMLtp364yC1mwjqOVe3ltdrpkNISDeFPIu5JnOXZabpHhOck9v-kKJi00EkvJPzGLSsSKwe2E0JZHQKhoOz7ZyIDeTOPiKeS5bj4J2m9m1iR_M=&amp;amp;amp;amp;amp;originalReferer=http:\/\/www.t4franquicias.com\/&amp;amp;amp;amp;amp;sessionRedirect=https:\/\/www.linkedin.com\/company\/t4-franquicias?trk=tyah"]}]}},"_links":{"self":[{"href":"https:\/\/www.t4franquicias.com\/pt\/wp-json\/wp\/v2\/pages\/2757","targetHints":{"allow":["GET"]}}],"collection":[{"href":"https:\/\/www.t4franquicias.com\/pt\/wp-json\/wp\/v2\/pages"}],"about":[{"href":"https:\/\/www.t4franquicias.com\/pt\/wp-json\/wp\/v2\/types\/page"}],"author":[{"embeddable":true,"href":"https:\/\/www.t4franquicias.com\/pt\/wp-json\/wp\/v2\/users\/1"}],"replies":[{"embeddable":true,"href":"https:\/\/www.t4franquicias.com\/pt\/wp-json\/wp\/v2\/comments?post=2757"}],"version-history":[{"count":0,"href":"https:\/\/www.t4franquicias.com\/pt\/wp-json\/wp\/v2\/pages\/2757\/revisions"}],"wp:attachment":[{"href":"https:\/\/www.t4franquicias.com\/pt\/wp-json\/wp\/v2\/media?parent=2757"}],"curies":[{"name":"wp","href":"https:\/\/api.w.org\/{rel}","templated":true}]}}