{"id":2160,"date":"2015-06-16T15:50:52","date_gmt":"2015-06-16T13:50:52","guid":{"rendered":"https:\/\/www.t4franquicias.com\/?page_id=2160"},"modified":"2025-04-23T11:19:45","modified_gmt":"2025-04-23T09:19:45","slug":"contrato-de-franquia-12-seccoes-mais-importantes","status":"publish","type":"page","link":"https:\/\/www.t4franquicias.com\/pt\/informacion\/contrato-de-franquia-12-seccoes-mais-importantes\/","title":{"rendered":"Contrato de franquia, as 12 sec\u00e7\u00f5es mais importantes"},"content":{"rendered":"<div id=\"the_content\" class=\"row\"><div class=\"cell bg12\"><h2>O contrato de franquia como pedra angular das rela\u00e7\u00f5es de franquia<\/h2> <p>O contrato de franquia \u00e9 a pe\u00e7a fundamental que regular\u00e1 a rela\u00e7\u00e3o jur\u00eddica entre o franqueador e o franqueado. Em alguns casos, antes da assinatura final do contrato, \u00e9 assinado entre as partes um contrato de pr\u00e9-franquia ou de reserva de \u00e1rea.<\/p> <div id=\"attachment_3995\" style=\"width: 292px\" class=\"wp-caption alignleft\"><a href=\"https:\/\/www.t4franquicias.com\/wp-content\/uploads\/2015\/06\/contrato-de-franquicia.jpg\"><img loading=\"lazy\" decoding=\"async\" aria-describedby=\"caption-attachment-3995\" class=\"wp-image-3995 size-full\" src=\"https:\/\/www.t4franquicias.com\/wp-content\/uploads\/2015\/06\/contrato-de-franquicia.jpg\" alt=\"Contrato de Franquicia\" width=\"282\" height=\"249\" \/><\/a><p id=\"caption-attachment-3995\" class=\"wp-caption-text\">Contrato de Franquicia<\/p><\/div> <ul> <li> <h3><strong>Pre-contrato de franquia.<\/strong><\/h3> <\/li> <\/ul> <p>\u00c9 comum em muitos franchisings a exist\u00eancia de um documento contratual. Como op\u00e7\u00e3o de compra do franchising para o potencial franchisado, permite que as partes avancem na realiza\u00e7\u00e3o de determinadas opera\u00e7\u00f5es e an\u00e1lises, antes da outorga do contrato que se destina a regular o acordo final.<\/p> <p>Este documento pode ser designado por v\u00e1rios nomes: pr\u00e9-contrato, contrato de reserva ou acordo de inten\u00e7\u00f5es. Para o franchisado, significa apenas uma possibilidade preferencial de aderir \u00e0 rede, atrav\u00e9s da explora\u00e7\u00e3o de um centro operacional num mercado a estabelecer previamente.<\/p> <p>No ato de concess\u00e3o do pr\u00e9-contrato, o adquirente pagar\u00e1 ao franqueador um montante por conta do direito de entrada. Isto desde que o franchisador cumpra o disposto no <a href=\"https:\/\/noticias.juridicas.com\/base_datos\/Admin\/rd201-2010.html\">Real Decreto 201\/2010, de 26 de fevereiro.<\/a> <strong>Artigo 3<\/strong>, relativo \u00e0 informa\u00e7\u00e3o pr\u00e9-contratual ao potencial franchisado.<\/p> <ul> <li> <h3><strong>Contrato de franquicia.<\/strong><\/h3> <\/li> <\/ul> <p>O contrato de franquia ser\u00e1 o documento final que regula os direitos e obriga\u00e7\u00f5es do franqueado e do franqueador durante toda a dura\u00e7\u00e3o da rela\u00e7\u00e3o. Este documento expressa a vontade dos signat\u00e1rios em estabelecer uma rela\u00e7\u00e3o comercial atrav\u00e9s do sistema de franchising.<\/p> <p><a href=\"https:\/\/www.t4franquicias.com\/servicios\/servicios-juridicos\/\">O franqueado deve exigir que o documento que assina regule de forma clara e inequ\u00edvoca as obriga\u00e7\u00f5es que o sistema de franquia imp\u00f5e ao franqueador<\/a> e cumpra os requisitos do regulamento.<\/p> <p>Este regulamento \u00e9 aplic\u00e1vel apenas aos contratos de franquia, permitindo o estabelecimento de cl\u00e1usulas cujo conte\u00fado, em contratos que n\u00e3o sejam de franquia, poderia tornar-se nulo por ser contr\u00e1rio \u00e0s regras antitrust.<\/p> <h3>Esta isen\u00e7\u00e3o s\u00f3 \u00e9 aplic\u00e1vel ao que \u00e9 definido como um acordo de franquia e deve necessariamente incluir:<\/h3> <ul> <li>a transfer\u00eancia da marca para o franqueado<\/li> <li>a transfer\u00eancia de Know-How, e<\/li> <li>a presta\u00e7\u00e3o de assist\u00eancia cont\u00ednua ao franqueado durante toda a dura\u00e7\u00e3o do contrato.<\/li> <\/ul> <p><strong>A aus\u00eancia de qualquer um destes tr\u00eas elementos exclui a qualifica\u00e7\u00e3o do acordo em causa como um acordo de franquia.<\/strong> Por todas estas raz\u00f5es, \u00e9 necess\u00e1rio que ambas as partes submetam o contrato a um estudo rigoroso antes da sua celebra\u00e7\u00e3o.<\/p> <p>Esta \u00e9 a melhor maneira de evitar surpresas desagrad\u00e1veis no futuro. A rela\u00e7\u00e3o contratual do contrato de franquia destina-se a durar muito tempo. Um conflito imprevisto pode causar s\u00e9rios danos a ambas as partes.<\/p> <h3>O Contrato de Franquia deve respeitar a legisla\u00e7\u00e3o nacional, a legisla\u00e7\u00e3o comunit\u00e1ria e o C\u00f3digo Deontol\u00f3gico.<\/h3> <ul> <li>O contrato reflectir\u00e1 os interesses dos membros da rede de Franchising. Proteger\u00e1 os direitos de propriedade industrial e intelectual do Franchisador. E manter\u00e1 a identidade comum e a reputa\u00e7\u00e3o da rede de Franchising.<\/li> <li>O Franqueador e os Franqueados est\u00e3o conscientes de que est\u00e3o a colaborar num sistema em que os seus interesses est\u00e3o unidos (tanto a curto como a longo prazo).<\/li> <li>A flexibilidade do sistema e o sentido das responsabilidades de cada um t\u00eam sido a base do sucesso do Franchising.<\/li> <li>A rela\u00e7\u00e3o entre as partes deve, por conseguinte, permitir acompanhar as evolu\u00e7\u00f5es necess\u00e1rias para melhorar o funcionamento da rede de franquias e a satisfa\u00e7\u00e3o dos clientes.<\/li> <li>O Franchisador deve estabelecer no contrato escrito, de forma completa e precisa, os direitos, obriga\u00e7\u00f5es e responsabilidades das partes.<\/li> <li>O acordo deve refletir a estrat\u00e9gia da rede de franquias.<\/li> <li>O contrato n\u00e3o deve impor \u00e0s partes envolvidas restri\u00e7\u00f5es que n\u00e3o sejam necess\u00e1rias para atingir os objectivos.<\/li> <li>O equil\u00edbrio do contrato deve ser avaliado no interesse global da rede de franquias.<\/li> <li>O quadro contratual deve permitir a express\u00e3o de um di\u00e1logo permanente e ser prop\u00edcio a solu\u00e7\u00f5es de concilia\u00e7\u00e3o.<\/li> <li>Todos os contratos e acordos contratuais que regem a rela\u00e7\u00e3o entre o Franchisador e o Franchisado devem ser redigidos ou traduzidos por um tradutor ajuramentado na l\u00edngua oficial do pa\u00eds em que a franquia est\u00e1 estabelecida.<\/li> <li>C\u00f3pias do contrato assinado ser\u00e3o imediatamente enviadas ao Franchisado.<\/li> <\/ul> <p>O acordo de franquia deve estabelecer de forma inequ\u00edvoca as obriga\u00e7\u00f5es e responsabilidades respectivas das partes, bem como quaisquer outros termos materiais da colabora\u00e7\u00e3o.<\/p> <h3>Os pontos essenciais do contrato de franquia s\u00e3o os seguintes:<\/h3> <ol> <li>Os direitos do Franchisador.<\/li> <li>Os direitos do Franchisado.<\/li> <li>Os bens e\/ou servi\u00e7os fornecidos ao Franchisado.<\/li> <li>As obriga\u00e7\u00f5es do Franqueador.<\/li> <li>As obriga\u00e7\u00f5es do Franchisado.<\/li> <li>A dura\u00e7\u00e3o do contrato. Fixada de forma a permitir ao Franchisado amortizar os investimentos espec\u00edficos da franquia.<\/li> <li>As condi\u00e7\u00f5es de renova\u00e7\u00e3o do contrato, se aplic\u00e1vel.<\/li> <li>As possibilidades em que se pode efetuar a cess\u00e3o ou transfer\u00eancia dos direitos decorrentes do contrato, bem como as condi\u00e7\u00f5es de prioridade do Franqueador.<\/li> <li>O modo de utiliza\u00e7\u00e3o pelo Franchisado dos s\u00edmbolos pertencentes ao Franchisador: emblema, marca, marca de servi\u00e7o, log\u00f3tipo e todos os outros s\u00edmbolos carater\u00edsticos.<\/li> <li>O direito do Franchisador de desenvolver o seu conceito de franquia.<\/li> <li>As cl\u00e1usulas de rescis\u00e3o do contrato.<\/li> <li>As cl\u00e1usulas que prev\u00eaem a recupera\u00e7\u00e3o, pelo Franchisador, de qualquer elemento material ou imaterial que lhe perten\u00e7a. Sempre em caso de rescis\u00e3o do contrato antes do termo da sua dura\u00e7\u00e3o.<\/li> <\/ol> <p><strong>O contrato de franquia<\/strong> \u00e9, por conseguinte, a pedra angular da rela\u00e7\u00e3o entre o franqueador e o franqueado.<\/p><\/div><\/div>","protected":false},"excerpt":{"rendered":"<p>O contrato de franquia como pedra angular das rela\u00e7\u00f5es de franquia O contrato de franquia \u00e9 a pe\u00e7a fundamental que regular\u00e1 a rela\u00e7\u00e3o jur\u00eddica entre o franqueador e o franqueado. Em alguns casos, antes da assinatura final do contrato, \u00e9 assinado entre as partes um contrato de pr\u00e9-franquia ou de reserva de \u00e1rea. Pre-contrato de [&hellip;]<\/p>\n","protected":false},"author":1,"featured_media":0,"parent":25,"menu_order":4,"comment_status":"closed","ping_status":"closed","template":"","meta":{"_acf_changed":false,"footnotes":""},"class_list":["post-2160","page","type-page","status-publish","hentry"],"acf":[],"yoast_head":"<!-- This site is optimized with the Yoast SEO Premium plugin v27.2 (Yoast SEO v27.2) - https:\/\/yoast.com\/product\/yoast-seo-premium-wordpress\/ -->\n<title>Contrato de franquia, as 12 sec\u00e7\u00f5es mais importantestantes<\/title>\n<meta name=\"description\" content=\"O contrato de franchising \u00e9 a pe\u00e7a fundamental que regula a rela\u00e7\u00e3o jur\u00eddica entre o franchisador e o franchisado. Conhe\u00e7a o seu conte\u00fado b\u00e1sico.\" \/>\n<meta name=\"robots\" content=\"index, follow, max-snippet:-1, max-image-preview:large, max-video-preview:-1\" \/>\n<link rel=\"canonical\" href=\"https:\/\/www.t4franquicias.com\/pt\/informacion\/contrato-de-franquia-12-seccoes-mais-importantes\/\" \/>\n<meta property=\"og:locale\" content=\"es_ES\" \/>\n<meta property=\"og:type\" content=\"article\" \/>\n<meta property=\"og:title\" content=\"Contrato de franquia, as 12 sec\u00e7\u00f5es mais importantes\" \/>\n<meta property=\"og:description\" content=\"O contrato de franchising \u00e9 a pe\u00e7a fundamental que regula a rela\u00e7\u00e3o jur\u00eddica entre o franchisador e o franchisado. Conhe\u00e7a o seu conte\u00fado b\u00e1sico.\" \/>\n<meta property=\"og:url\" content=\"https:\/\/www.t4franquicias.com\/pt\/informacion\/contrato-de-franquia-12-seccoes-mais-importantes\/\" \/>\n<meta property=\"og:site_name\" content=\"T4franquicias.com [pt]\" \/>\n<meta property=\"article:publisher\" content=\"https:\/\/www.facebook.com\/T4-Franquicias-270127153112770\/\" \/>\n<meta property=\"article:modified_time\" content=\"2025-04-23T09:19:45+00:00\" \/>\n<meta property=\"og:image\" content=\"https:\/\/i0.wp.com\/www.t4franquicias.com\/wp-content\/uploads\/sites\/4\/2015\/06\/contrato-de-franquicia.jpg\" \/>\n\t<meta property=\"og:image:width\" content=\"282\" \/>\n\t<meta property=\"og:image:height\" content=\"249\" \/>\n\t<meta property=\"og:image:type\" content=\"image\/jpeg\" \/>\n<meta name=\"twitter:card\" content=\"summary_large_image\" \/>\n<meta name=\"twitter:site\" content=\"@T4Franquicias\" \/>\n<meta name=\"twitter:label1\" content=\"Tiempo de lectura\" \/>\n\t<meta name=\"twitter:data1\" content=\"5 minutos\" \/>\n<script type=\"application\/ld+json\" class=\"yoast-schema-graph\">{\"@context\":\"https:\/\/schema.org\",\"@graph\":[{\"@type\":\"WebPage\",\"@id\":\"https:\/\/www.t4franquicias.com\/pt\/informacion\/contrato-de-franquia-12-seccoes-mais-importantes\/\",\"url\":\"https:\/\/www.t4franquicias.com\/pt\/informacion\/contrato-de-franquia-12-seccoes-mais-importantes\/\",\"name\":\"Contrato de franquia, as 12 sec\u00e7\u00f5es mais importantestantes\",\"isPartOf\":{\"@id\":\"https:\/\/www.t4franquicias.com\/pt\/#website\"},\"primaryImageOfPage\":{\"@id\":\"https:\/\/www.t4franquicias.com\/pt\/informacion\/contrato-de-franquia-12-seccoes-mais-importantes\/#primaryimage\"},\"image\":{\"@id\":\"https:\/\/www.t4franquicias.com\/pt\/informacion\/contrato-de-franquia-12-seccoes-mais-importantes\/#primaryimage\"},\"thumbnailUrl\":\"https:\/\/www.t4franquicias.com\/wp-content\/uploads\/2015\/06\/contrato-de-franquicia.jpg\",\"datePublished\":\"2015-06-16T13:50:52+00:00\",\"dateModified\":\"2025-04-23T09:19:45+00:00\",\"description\":\"O contrato de franchising \u00e9 a pe\u00e7a fundamental que regula a rela\u00e7\u00e3o jur\u00eddica entre o franchisador e o franchisado. Conhe\u00e7a o seu conte\u00fado b\u00e1sico.\",\"breadcrumb\":{\"@id\":\"https:\/\/www.t4franquicias.com\/pt\/informacion\/contrato-de-franquia-12-seccoes-mais-importantes\/#breadcrumb\"},\"inLanguage\":\"es\",\"potentialAction\":[{\"@type\":\"ReadAction\",\"target\":[\"https:\/\/www.t4franquicias.com\/pt\/informacion\/contrato-de-franquia-12-seccoes-mais-importantes\/\"]}]},{\"@type\":\"ImageObject\",\"inLanguage\":\"es\",\"@id\":\"https:\/\/www.t4franquicias.com\/pt\/informacion\/contrato-de-franquia-12-seccoes-mais-importantes\/#primaryimage\",\"url\":\"https:\/\/www.t4franquicias.com\/wp-content\/uploads\/2015\/06\/contrato-de-franquicia.jpg\",\"contentUrl\":\"https:\/\/www.t4franquicias.com\/wp-content\/uploads\/2015\/06\/contrato-de-franquicia.jpg\"},{\"@type\":\"BreadcrumbList\",\"@id\":\"https:\/\/www.t4franquicias.com\/pt\/informacion\/contrato-de-franquia-12-seccoes-mais-importantes\/#breadcrumb\",\"itemListElement\":[{\"@type\":\"ListItem\",\"position\":1,\"name\":\"Portada\",\"item\":\"https:\/\/www.t4franquicias.com\/pt\/\"},{\"@type\":\"ListItem\",\"position\":2,\"name\":\"Informa\u00e7\u00f5es\",\"item\":\"https:\/\/www.t4franquicias.com\/pt\/informacion\/\"},{\"@type\":\"ListItem\",\"position\":3,\"name\":\"Contrato de franquia, as 12 sec\u00e7\u00f5es mais importantes\"}]},{\"@type\":\"WebSite\",\"@id\":\"https:\/\/www.t4franquicias.com\/pt\/#website\",\"url\":\"https:\/\/www.t4franquicias.com\/pt\/\",\"name\":\"T4 Franquicias\",\"description\":\" Assessores e Consultores de Franquias\",\"publisher\":{\"@id\":\"https:\/\/www.t4franquicias.com\/pt\/#organization\"},\"alternateName\":\"T4 Franquicias\",\"potentialAction\":[{\"@type\":\"SearchAction\",\"target\":{\"@type\":\"EntryPoint\",\"urlTemplate\":\"https:\/\/www.t4franquicias.com\/pt\/?s={search_term_string}\"},\"query-input\":{\"@type\":\"PropertyValueSpecification\",\"valueRequired\":true,\"valueName\":\"search_term_string\"}}],\"inLanguage\":\"es\"},{\"@type\":\"Organization\",\"@id\":\"https:\/\/www.t4franquicias.com\/pt\/#organization\",\"name\":\"T4 Fraqnuicias\",\"alternateName\":\"T4 Franquicias\",\"url\":\"https:\/\/www.t4franquicias.com\/pt\/\",\"logo\":{\"@type\":\"ImageObject\",\"inLanguage\":\"es\",\"@id\":\"https:\/\/www.t4franquicias.com\/pt\/#\/schema\/logo\/image\/\",\"url\":\"https:\/\/www.t4franquicias.com\/wp-content\/uploads\/2018\/04\/t4-logo.svg\",\"contentUrl\":\"https:\/\/www.t4franquicias.com\/wp-content\/uploads\/2018\/04\/t4-logo.svg\",\"width\":1,\"height\":1,\"caption\":\"T4 Fraqnuicias\"},\"image\":{\"@id\":\"https:\/\/www.t4franquicias.com\/pt\/#\/schema\/logo\/image\/\"},\"sameAs\":[\"https:\/\/www.facebook.com\/T4-Franquicias-270127153112770\/\",\"https:\/\/x.com\/T4Franquicias\",\"https:\/\/www.instagram.com\/t4franquicias\/\",\"https:\/\/www.linkedin.com\/authwall?trk=gf&amp;amp;amp;amp;amp;trkInfo=AQG83SA0TyN3UQAAAWMYAdeghPMLtp364yC1mwjqOVe3ltdrpkNISDeFPIu5JnOXZabpHhOck9v-kKJi00EkvJPzGLSsSKwe2E0JZHQKhoOz7ZyIDeTOPiKeS5bj4J2m9m1iR_M=&amp;amp;amp;amp;amp;originalReferer=http:\/\/www.t4franquicias.com\/&amp;amp;amp;amp;amp;sessionRedirect=https:\/\/www.linkedin.com\/company\/t4-franquicias?trk=tyah\"]}]}<\/script>\n<!-- \/ Yoast SEO Premium plugin. -->","yoast_head_json":{"title":"Contrato de franquia, as 12 sec\u00e7\u00f5es mais importantestantes","description":"O contrato de franchising \u00e9 a pe\u00e7a fundamental que regula a rela\u00e7\u00e3o jur\u00eddica entre o franchisador e o franchisado. Conhe\u00e7a o seu conte\u00fado b\u00e1sico.","robots":{"index":"index","follow":"follow","max-snippet":"max-snippet:-1","max-image-preview":"max-image-preview:large","max-video-preview":"max-video-preview:-1"},"canonical":"https:\/\/www.t4franquicias.com\/pt\/informacion\/contrato-de-franquia-12-seccoes-mais-importantes\/","og_locale":"es_ES","og_type":"article","og_title":"Contrato de franquia, as 12 sec\u00e7\u00f5es mais importantes","og_description":"O contrato de franchising \u00e9 a pe\u00e7a fundamental que regula a rela\u00e7\u00e3o jur\u00eddica entre o franchisador e o franchisado. Conhe\u00e7a o seu conte\u00fado b\u00e1sico.","og_url":"https:\/\/www.t4franquicias.com\/pt\/informacion\/contrato-de-franquia-12-seccoes-mais-importantes\/","og_site_name":"T4franquicias.com [pt]","article_publisher":"https:\/\/www.facebook.com\/T4-Franquicias-270127153112770\/","article_modified_time":"2025-04-23T09:19:45+00:00","og_image":[{"width":282,"height":249,"url":"https:\/\/i0.wp.com\/www.t4franquicias.com\/wp-content\/uploads\/sites\/4\/2015\/06\/contrato-de-franquicia.jpg","type":"image\/jpeg"}],"twitter_card":"summary_large_image","twitter_site":"@T4Franquicias","twitter_misc":{"Tiempo de lectura":"5 minutos"},"schema":{"@context":"https:\/\/schema.org","@graph":[{"@type":"WebPage","@id":"https:\/\/www.t4franquicias.com\/pt\/informacion\/contrato-de-franquia-12-seccoes-mais-importantes\/","url":"https:\/\/www.t4franquicias.com\/pt\/informacion\/contrato-de-franquia-12-seccoes-mais-importantes\/","name":"Contrato de franquia, as 12 sec\u00e7\u00f5es mais importantestantes","isPartOf":{"@id":"https:\/\/www.t4franquicias.com\/pt\/#website"},"primaryImageOfPage":{"@id":"https:\/\/www.t4franquicias.com\/pt\/informacion\/contrato-de-franquia-12-seccoes-mais-importantes\/#primaryimage"},"image":{"@id":"https:\/\/www.t4franquicias.com\/pt\/informacion\/contrato-de-franquia-12-seccoes-mais-importantes\/#primaryimage"},"thumbnailUrl":"https:\/\/www.t4franquicias.com\/wp-content\/uploads\/2015\/06\/contrato-de-franquicia.jpg","datePublished":"2015-06-16T13:50:52+00:00","dateModified":"2025-04-23T09:19:45+00:00","description":"O contrato de franchising \u00e9 a pe\u00e7a fundamental que regula a rela\u00e7\u00e3o jur\u00eddica entre o franchisador e o franchisado. Conhe\u00e7a o seu conte\u00fado b\u00e1sico.","breadcrumb":{"@id":"https:\/\/www.t4franquicias.com\/pt\/informacion\/contrato-de-franquia-12-seccoes-mais-importantes\/#breadcrumb"},"inLanguage":"es","potentialAction":[{"@type":"ReadAction","target":["https:\/\/www.t4franquicias.com\/pt\/informacion\/contrato-de-franquia-12-seccoes-mais-importantes\/"]}]},{"@type":"ImageObject","inLanguage":"es","@id":"https:\/\/www.t4franquicias.com\/pt\/informacion\/contrato-de-franquia-12-seccoes-mais-importantes\/#primaryimage","url":"https:\/\/www.t4franquicias.com\/wp-content\/uploads\/2015\/06\/contrato-de-franquicia.jpg","contentUrl":"https:\/\/www.t4franquicias.com\/wp-content\/uploads\/2015\/06\/contrato-de-franquicia.jpg"},{"@type":"BreadcrumbList","@id":"https:\/\/www.t4franquicias.com\/pt\/informacion\/contrato-de-franquia-12-seccoes-mais-importantes\/#breadcrumb","itemListElement":[{"@type":"ListItem","position":1,"name":"Portada","item":"https:\/\/www.t4franquicias.com\/pt\/"},{"@type":"ListItem","position":2,"name":"Informa\u00e7\u00f5es","item":"https:\/\/www.t4franquicias.com\/pt\/informacion\/"},{"@type":"ListItem","position":3,"name":"Contrato de franquia, as 12 sec\u00e7\u00f5es mais importantes"}]},{"@type":"WebSite","@id":"https:\/\/www.t4franquicias.com\/pt\/#website","url":"https:\/\/www.t4franquicias.com\/pt\/","name":"T4 Franquicias","description":" Assessores e Consultores de Franquias","publisher":{"@id":"https:\/\/www.t4franquicias.com\/pt\/#organization"},"alternateName":"T4 Franquicias","potentialAction":[{"@type":"SearchAction","target":{"@type":"EntryPoint","urlTemplate":"https:\/\/www.t4franquicias.com\/pt\/?s={search_term_string}"},"query-input":{"@type":"PropertyValueSpecification","valueRequired":true,"valueName":"search_term_string"}}],"inLanguage":"es"},{"@type":"Organization","@id":"https:\/\/www.t4franquicias.com\/pt\/#organization","name":"T4 Fraqnuicias","alternateName":"T4 Franquicias","url":"https:\/\/www.t4franquicias.com\/pt\/","logo":{"@type":"ImageObject","inLanguage":"es","@id":"https:\/\/www.t4franquicias.com\/pt\/#\/schema\/logo\/image\/","url":"https:\/\/www.t4franquicias.com\/wp-content\/uploads\/2018\/04\/t4-logo.svg","contentUrl":"https:\/\/www.t4franquicias.com\/wp-content\/uploads\/2018\/04\/t4-logo.svg","width":1,"height":1,"caption":"T4 Fraqnuicias"},"image":{"@id":"https:\/\/www.t4franquicias.com\/pt\/#\/schema\/logo\/image\/"},"sameAs":["https:\/\/www.facebook.com\/T4-Franquicias-270127153112770\/","https:\/\/x.com\/T4Franquicias","https:\/\/www.instagram.com\/t4franquicias\/","https:\/\/www.linkedin.com\/authwall?trk=gf&amp;amp;amp;amp;amp;trkInfo=AQG83SA0TyN3UQAAAWMYAdeghPMLtp364yC1mwjqOVe3ltdrpkNISDeFPIu5JnOXZabpHhOck9v-kKJi00EkvJPzGLSsSKwe2E0JZHQKhoOz7ZyIDeTOPiKeS5bj4J2m9m1iR_M=&amp;amp;amp;amp;amp;originalReferer=http:\/\/www.t4franquicias.com\/&amp;amp;amp;amp;amp;sessionRedirect=https:\/\/www.linkedin.com\/company\/t4-franquicias?trk=tyah"]}]}},"_links":{"self":[{"href":"https:\/\/www.t4franquicias.com\/pt\/wp-json\/wp\/v2\/pages\/2160","targetHints":{"allow":["GET"]}}],"collection":[{"href":"https:\/\/www.t4franquicias.com\/pt\/wp-json\/wp\/v2\/pages"}],"about":[{"href":"https:\/\/www.t4franquicias.com\/pt\/wp-json\/wp\/v2\/types\/page"}],"author":[{"embeddable":true,"href":"https:\/\/www.t4franquicias.com\/pt\/wp-json\/wp\/v2\/users\/1"}],"replies":[{"embeddable":true,"href":"https:\/\/www.t4franquicias.com\/pt\/wp-json\/wp\/v2\/comments?post=2160"}],"version-history":[{"count":0,"href":"https:\/\/www.t4franquicias.com\/pt\/wp-json\/wp\/v2\/pages\/2160\/revisions"}],"up":[{"embeddable":true,"href":"https:\/\/www.t4franquicias.com\/pt\/wp-json\/wp\/v2\/pages\/25"}],"wp:attachment":[{"href":"https:\/\/www.t4franquicias.com\/pt\/wp-json\/wp\/v2\/media?parent=2160"}],"curies":[{"name":"wp","href":"https:\/\/api.w.org\/{rel}","templated":true}]}}