{"id":192,"date":"2012-10-16T12:45:55","date_gmt":"2012-10-16T12:45:55","guid":{"rendered":"https:\/\/www.t4franquicias.com\/?page_id=192"},"modified":"2025-05-23T13:39:32","modified_gmt":"2025-05-23T11:39:32","slug":"lafranquicia-es","status":"publish","type":"page","link":"https:\/\/www.t4franquicias.com\/pt\/empresa\/lafranquicia-es\/","title":{"rendered":"laFranquicia.es, l\u00edder em Espanha"},"content":{"rendered":"<div id=\"the_content\" class=\"row\"><div class=\"cell bg12\"><p data-start=\"0\" data-end=\"333\">A T4 Franquias disp\u00f5e do portal de franquias l\u00edder em Espanha, uma das plataformas mais potentes atualmente no mercado internacional para captar candidatos a franchisados. Conta com a melhor e maior base de dados, bem como com as melhores ferramentas e recursos que o ajudar\u00e3o a desenvolver-se e crescer como empresa e como franquia.<\/p> <p data-start=\"335\" data-end=\"448\" data-is-last-node=\"\" data-is-only-node=\"\">O nosso portal de franquias l\u00edder em Espanha: <strong data-start=\"381\" data-end=\"400\">laFranquicia.es<\/strong><br data-start=\"400\" data-end=\"403\" data-is-only-node=\"\" \/>Convidamo-lo a conhecer o nosso portal l\u00edder:<\/p> <p><a href=\"https:\/\/www.lafranquicia.es\/\">www.lafranquicia.es\u00a0<\/a><\/p> <p><a href=\"https:\/\/www.lafranquicia.es\/\"><img loading=\"lazy\" decoding=\"async\" class=\"aligncenter wp-image-4016\" title=\"Portal de Franquicias l\u00edder en Espa\u00f1a laFranquicia.es\" src=\"https:\/\/www.t4franquicias.com\/wp-content\/uploads\/2012\/10\/Portal-la-franquicia-300x141.jpg\" alt=\"Portal de franquicias l\u00edder en Espa\u00f1a laFranquicia.es\" width=\"679\" height=\"319\" srcset=\"https:\/\/www.t4franquicias.com\/pt\/wp-content\/uploads\/sites\/4\/2012\/10\/Portal-la-franquicia-300x141.jpg 300w, https:\/\/www.t4franquicias.com\/pt\/wp-content\/uploads\/sites\/4\/2012\/10\/Portal-la-franquicia-768x360.jpg 768w, https:\/\/www.t4franquicias.com\/pt\/wp-content\/uploads\/sites\/4\/2012\/10\/Portal-la-franquicia-1024x480.jpg 1024w, https:\/\/www.t4franquicias.com\/pt\/wp-content\/uploads\/sites\/4\/2012\/10\/Portal-la-franquicia.jpg 1902w\" sizes=\"auto, (max-width: 679px) 100vw, 679px\" \/><\/a><\/p> <p data-start=\"0\" data-end=\"76\">Entrevistas<br data-start=\"11\" data-end=\"14\" \/>Artigos<br data-start=\"21\" data-end=\"24\" \/>Relat\u00f3rios<br data-start=\"34\" data-end=\"37\" \/>Not\u00edcias<br data-start=\"45\" data-end=\"48\" \/>Informa\u00e7\u00e3o sobre Franquias<\/p> <p data-start=\"78\" data-end=\"93\" data-is-last-node=\"\" data-is-only-node=\"\">&#8230;e muito mais<\/p><\/div><\/div>","protected":false},"excerpt":{"rendered":"<p>A T4 Franquias disp\u00f5e do portal de franquias l\u00edder em Espanha, uma das plataformas mais potentes atualmente no mercado internacional para captar candidatos a franchisados. Conta com a melhor e maior base de dados, bem como com as melhores ferramentas e recursos que o ajudar\u00e3o a desenvolver-se e crescer como empresa e como franquia. O [&hellip;]<\/p>\n","protected":false},"author":1,"featured_media":4016,"parent":27,"menu_order":6,"comment_status":"closed","ping_status":"closed","template":"","meta":{"_acf_changed":false,"footnotes":""},"class_list":["post-192","page","type-page","status-publish","has-post-thumbnail","hentry"],"acf":[],"yoast_head":"<!-- This site is optimized with the Yoast SEO Premium plugin v27.2 (Yoast SEO v27.2) - https:\/\/yoast.com\/product\/yoast-seo-premium-wordpress\/ -->\n<title>Portal de Franquias l\u00edder em Espanha<\/title>\n<meta name=\"description\" content=\"ChatGPT PlusConhe\u00e7a o lafranquicia.es, o portal de franquias l\u00edder em Espanha para captar candidatos a franchisados. A melhor base de dados, ferramentas e recursos para fazer crescer o seu neg\u00f3cio.\" \/>\n<meta name=\"robots\" content=\"index, follow, max-snippet:-1, max-image-preview:large, max-video-preview:-1\" \/>\n<link rel=\"canonical\" href=\"https:\/\/www.t4franquicias.com\/pt\/empresa\/lafranquicia-es\/\" \/>\n<meta property=\"og:locale\" content=\"es_ES\" \/>\n<meta property=\"og:type\" content=\"article\" \/>\n<meta property=\"og:title\" content=\"laFranquicia.es, l\u00edder em Espanha\" \/>\n<meta property=\"og:description\" content=\"ChatGPT PlusConhe\u00e7a o lafranquicia.es, o portal de franquias l\u00edder em Espanha para captar candidatos a franchisados. A melhor base de dados, ferramentas e recursos para fazer crescer o seu neg\u00f3cio.\" \/>\n<meta property=\"og:url\" content=\"https:\/\/www.t4franquicias.com\/pt\/empresa\/lafranquicia-es\/\" \/>\n<meta property=\"og:site_name\" content=\"T4franquicias.com [pt]\" \/>\n<meta property=\"article:publisher\" content=\"https:\/\/www.facebook.com\/T4-Franquicias-270127153112770\/\" \/>\n<meta property=\"article:modified_time\" content=\"2025-05-23T11:39:32+00:00\" \/>\n<meta property=\"og:image\" content=\"https:\/\/www.t4franquicias.com\/pt\/wp-content\/uploads\/sites\/4\/2012\/10\/Portal-la-franquicia.jpg\" \/>\n\t<meta property=\"og:image:width\" content=\"1902\" \/>\n\t<meta property=\"og:image:height\" content=\"892\" \/>\n\t<meta property=\"og:image:type\" content=\"image\/jpeg\" \/>\n<meta name=\"twitter:card\" content=\"summary_large_image\" \/>\n<meta name=\"twitter:site\" content=\"@T4Franquicias\" \/>\n<meta name=\"twitter:label1\" content=\"Tiempo de lectura\" \/>\n\t<meta name=\"twitter:data1\" content=\"1 minuto\" \/>\n<script type=\"application\/ld+json\" class=\"yoast-schema-graph\">{\"@context\":\"https:\/\/schema.org\",\"@graph\":[{\"@type\":\"WebPage\",\"@id\":\"https:\/\/www.t4franquicias.com\/pt\/empresa\/lafranquicia-es\/\",\"url\":\"https:\/\/www.t4franquicias.com\/pt\/empresa\/lafranquicia-es\/\",\"name\":\"Portal de Franquias l\u00edder em Espanha\",\"isPartOf\":{\"@id\":\"https:\/\/www.t4franquicias.com\/pt\/#website\"},\"primaryImageOfPage\":{\"@id\":\"https:\/\/www.t4franquicias.com\/pt\/empresa\/lafranquicia-es\/#primaryimage\"},\"image\":{\"@id\":\"https:\/\/www.t4franquicias.com\/pt\/empresa\/lafranquicia-es\/#primaryimage\"},\"thumbnailUrl\":\"https:\/\/i0.wp.com\/www.t4franquicias.com\/wp-content\/uploads\/sites\/4\/2012\/10\/Portal-la-franquicia.jpg\",\"datePublished\":\"2012-10-16T12:45:55+00:00\",\"dateModified\":\"2025-05-23T11:39:32+00:00\",\"description\":\"ChatGPT PlusConhe\u00e7a o lafranquicia.es, o portal de franquias l\u00edder em Espanha para captar candidatos a franchisados. A melhor base de dados, ferramentas e recursos para fazer crescer o seu neg\u00f3cio.\",\"breadcrumb\":{\"@id\":\"https:\/\/www.t4franquicias.com\/pt\/empresa\/lafranquicia-es\/#breadcrumb\"},\"inLanguage\":\"es\",\"potentialAction\":[{\"@type\":\"ReadAction\",\"target\":[\"https:\/\/www.t4franquicias.com\/pt\/empresa\/lafranquicia-es\/\"]}]},{\"@type\":\"ImageObject\",\"inLanguage\":\"es\",\"@id\":\"https:\/\/www.t4franquicias.com\/pt\/empresa\/lafranquicia-es\/#primaryimage\",\"url\":\"https:\/\/i0.wp.com\/www.t4franquicias.com\/wp-content\/uploads\/sites\/4\/2012\/10\/Portal-la-franquicia.jpg\",\"contentUrl\":\"https:\/\/i0.wp.com\/www.t4franquicias.com\/wp-content\/uploads\/sites\/4\/2012\/10\/Portal-la-franquicia.jpg\",\"width\":1902,\"height\":892,\"caption\":\"la franquicia portal\"},{\"@type\":\"BreadcrumbList\",\"@id\":\"https:\/\/www.t4franquicias.com\/pt\/empresa\/lafranquicia-es\/#breadcrumb\",\"itemListElement\":[{\"@type\":\"ListItem\",\"position\":1,\"name\":\"Portada\",\"item\":\"https:\/\/www.t4franquicias.com\/pt\/\"},{\"@type\":\"ListItem\",\"position\":2,\"name\":\"Empresa\",\"item\":\"https:\/\/www.t4franquicias.com\/pt\/empresa\/\"},{\"@type\":\"ListItem\",\"position\":3,\"name\":\"laFranquicia.es, l\u00edder em Espanha\"}]},{\"@type\":\"WebSite\",\"@id\":\"https:\/\/www.t4franquicias.com\/pt\/#website\",\"url\":\"https:\/\/www.t4franquicias.com\/pt\/\",\"name\":\"T4 Franquicias\",\"description\":\" Assessores e Consultores de Franquias\",\"publisher\":{\"@id\":\"https:\/\/www.t4franquicias.com\/pt\/#organization\"},\"alternateName\":\"T4 Franquicias\",\"potentialAction\":[{\"@type\":\"SearchAction\",\"target\":{\"@type\":\"EntryPoint\",\"urlTemplate\":\"https:\/\/www.t4franquicias.com\/pt\/?s={search_term_string}\"},\"query-input\":{\"@type\":\"PropertyValueSpecification\",\"valueRequired\":true,\"valueName\":\"search_term_string\"}}],\"inLanguage\":\"es\"},{\"@type\":\"Organization\",\"@id\":\"https:\/\/www.t4franquicias.com\/pt\/#organization\",\"name\":\"T4 Fraqnuicias\",\"alternateName\":\"T4 Franquicias\",\"url\":\"https:\/\/www.t4franquicias.com\/pt\/\",\"logo\":{\"@type\":\"ImageObject\",\"inLanguage\":\"es\",\"@id\":\"https:\/\/www.t4franquicias.com\/pt\/#\/schema\/logo\/image\/\",\"url\":\"https:\/\/www.t4franquicias.com\/wp-content\/uploads\/2018\/04\/t4-logo.svg\",\"contentUrl\":\"https:\/\/www.t4franquicias.com\/wp-content\/uploads\/2018\/04\/t4-logo.svg\",\"width\":1,\"height\":1,\"caption\":\"T4 Fraqnuicias\"},\"image\":{\"@id\":\"https:\/\/www.t4franquicias.com\/pt\/#\/schema\/logo\/image\/\"},\"sameAs\":[\"https:\/\/www.facebook.com\/T4-Franquicias-270127153112770\/\",\"https:\/\/x.com\/T4Franquicias\",\"https:\/\/www.instagram.com\/t4franquicias\/\",\"https:\/\/www.linkedin.com\/authwall?trk=gf&amp;amp;amp;amp;amp;trkInfo=AQG83SA0TyN3UQAAAWMYAdeghPMLtp364yC1mwjqOVe3ltdrpkNISDeFPIu5JnOXZabpHhOck9v-kKJi00EkvJPzGLSsSKwe2E0JZHQKhoOz7ZyIDeTOPiKeS5bj4J2m9m1iR_M=&amp;amp;amp;amp;amp;originalReferer=http:\/\/www.t4franquicias.com\/&amp;amp;amp;amp;amp;sessionRedirect=https:\/\/www.linkedin.com\/company\/t4-franquicias?trk=tyah\"]}]}<\/script>\n<!-- \/ Yoast SEO Premium plugin. -->","yoast_head_json":{"title":"Portal de Franquias l\u00edder em Espanha","description":"ChatGPT PlusConhe\u00e7a o lafranquicia.es, o portal de franquias l\u00edder em Espanha para captar candidatos a franchisados. A melhor base de dados, ferramentas e recursos para fazer crescer o seu neg\u00f3cio.","robots":{"index":"index","follow":"follow","max-snippet":"max-snippet:-1","max-image-preview":"max-image-preview:large","max-video-preview":"max-video-preview:-1"},"canonical":"https:\/\/www.t4franquicias.com\/pt\/empresa\/lafranquicia-es\/","og_locale":"es_ES","og_type":"article","og_title":"laFranquicia.es, l\u00edder em Espanha","og_description":"ChatGPT PlusConhe\u00e7a o lafranquicia.es, o portal de franquias l\u00edder em Espanha para captar candidatos a franchisados. A melhor base de dados, ferramentas e recursos para fazer crescer o seu neg\u00f3cio.","og_url":"https:\/\/www.t4franquicias.com\/pt\/empresa\/lafranquicia-es\/","og_site_name":"T4franquicias.com [pt]","article_publisher":"https:\/\/www.facebook.com\/T4-Franquicias-270127153112770\/","article_modified_time":"2025-05-23T11:39:32+00:00","og_image":[{"width":1902,"height":892,"url":"https:\/\/www.t4franquicias.com\/pt\/wp-content\/uploads\/sites\/4\/2012\/10\/Portal-la-franquicia.jpg","type":"image\/jpeg"}],"twitter_card":"summary_large_image","twitter_site":"@T4Franquicias","twitter_misc":{"Tiempo de lectura":"1 minuto"},"schema":{"@context":"https:\/\/schema.org","@graph":[{"@type":"WebPage","@id":"https:\/\/www.t4franquicias.com\/pt\/empresa\/lafranquicia-es\/","url":"https:\/\/www.t4franquicias.com\/pt\/empresa\/lafranquicia-es\/","name":"Portal de Franquias l\u00edder em Espanha","isPartOf":{"@id":"https:\/\/www.t4franquicias.com\/pt\/#website"},"primaryImageOfPage":{"@id":"https:\/\/www.t4franquicias.com\/pt\/empresa\/lafranquicia-es\/#primaryimage"},"image":{"@id":"https:\/\/www.t4franquicias.com\/pt\/empresa\/lafranquicia-es\/#primaryimage"},"thumbnailUrl":"https:\/\/i0.wp.com\/www.t4franquicias.com\/wp-content\/uploads\/sites\/4\/2012\/10\/Portal-la-franquicia.jpg","datePublished":"2012-10-16T12:45:55+00:00","dateModified":"2025-05-23T11:39:32+00:00","description":"ChatGPT PlusConhe\u00e7a o lafranquicia.es, o portal de franquias l\u00edder em Espanha para captar candidatos a franchisados. A melhor base de dados, ferramentas e recursos para fazer crescer o seu neg\u00f3cio.","breadcrumb":{"@id":"https:\/\/www.t4franquicias.com\/pt\/empresa\/lafranquicia-es\/#breadcrumb"},"inLanguage":"es","potentialAction":[{"@type":"ReadAction","target":["https:\/\/www.t4franquicias.com\/pt\/empresa\/lafranquicia-es\/"]}]},{"@type":"ImageObject","inLanguage":"es","@id":"https:\/\/www.t4franquicias.com\/pt\/empresa\/lafranquicia-es\/#primaryimage","url":"https:\/\/i0.wp.com\/www.t4franquicias.com\/wp-content\/uploads\/sites\/4\/2012\/10\/Portal-la-franquicia.jpg","contentUrl":"https:\/\/i0.wp.com\/www.t4franquicias.com\/wp-content\/uploads\/sites\/4\/2012\/10\/Portal-la-franquicia.jpg","width":1902,"height":892,"caption":"la franquicia portal"},{"@type":"BreadcrumbList","@id":"https:\/\/www.t4franquicias.com\/pt\/empresa\/lafranquicia-es\/#breadcrumb","itemListElement":[{"@type":"ListItem","position":1,"name":"Portada","item":"https:\/\/www.t4franquicias.com\/pt\/"},{"@type":"ListItem","position":2,"name":"Empresa","item":"https:\/\/www.t4franquicias.com\/pt\/empresa\/"},{"@type":"ListItem","position":3,"name":"laFranquicia.es, l\u00edder em Espanha"}]},{"@type":"WebSite","@id":"https:\/\/www.t4franquicias.com\/pt\/#website","url":"https:\/\/www.t4franquicias.com\/pt\/","name":"T4 Franquicias","description":" Assessores e Consultores de Franquias","publisher":{"@id":"https:\/\/www.t4franquicias.com\/pt\/#organization"},"alternateName":"T4 Franquicias","potentialAction":[{"@type":"SearchAction","target":{"@type":"EntryPoint","urlTemplate":"https:\/\/www.t4franquicias.com\/pt\/?s={search_term_string}"},"query-input":{"@type":"PropertyValueSpecification","valueRequired":true,"valueName":"search_term_string"}}],"inLanguage":"es"},{"@type":"Organization","@id":"https:\/\/www.t4franquicias.com\/pt\/#organization","name":"T4 Fraqnuicias","alternateName":"T4 Franquicias","url":"https:\/\/www.t4franquicias.com\/pt\/","logo":{"@type":"ImageObject","inLanguage":"es","@id":"https:\/\/www.t4franquicias.com\/pt\/#\/schema\/logo\/image\/","url":"https:\/\/www.t4franquicias.com\/wp-content\/uploads\/2018\/04\/t4-logo.svg","contentUrl":"https:\/\/www.t4franquicias.com\/wp-content\/uploads\/2018\/04\/t4-logo.svg","width":1,"height":1,"caption":"T4 Fraqnuicias"},"image":{"@id":"https:\/\/www.t4franquicias.com\/pt\/#\/schema\/logo\/image\/"},"sameAs":["https:\/\/www.facebook.com\/T4-Franquicias-270127153112770\/","https:\/\/x.com\/T4Franquicias","https:\/\/www.instagram.com\/t4franquicias\/","https:\/\/www.linkedin.com\/authwall?trk=gf&amp;amp;amp;amp;amp;trkInfo=AQG83SA0TyN3UQAAAWMYAdeghPMLtp364yC1mwjqOVe3ltdrpkNISDeFPIu5JnOXZabpHhOck9v-kKJi00EkvJPzGLSsSKwe2E0JZHQKhoOz7ZyIDeTOPiKeS5bj4J2m9m1iR_M=&amp;amp;amp;amp;amp;originalReferer=http:\/\/www.t4franquicias.com\/&amp;amp;amp;amp;amp;sessionRedirect=https:\/\/www.linkedin.com\/company\/t4-franquicias?trk=tyah"]}]}},"_links":{"self":[{"href":"https:\/\/www.t4franquicias.com\/pt\/wp-json\/wp\/v2\/pages\/192","targetHints":{"allow":["GET"]}}],"collection":[{"href":"https:\/\/www.t4franquicias.com\/pt\/wp-json\/wp\/v2\/pages"}],"about":[{"href":"https:\/\/www.t4franquicias.com\/pt\/wp-json\/wp\/v2\/types\/page"}],"author":[{"embeddable":true,"href":"https:\/\/www.t4franquicias.com\/pt\/wp-json\/wp\/v2\/users\/1"}],"replies":[{"embeddable":true,"href":"https:\/\/www.t4franquicias.com\/pt\/wp-json\/wp\/v2\/comments?post=192"}],"version-history":[{"count":0,"href":"https:\/\/www.t4franquicias.com\/pt\/wp-json\/wp\/v2\/pages\/192\/revisions"}],"up":[{"embeddable":true,"href":"https:\/\/www.t4franquicias.com\/pt\/wp-json\/wp\/v2\/pages\/27"}],"wp:featuredmedia":[{"embeddable":true,"href":"https:\/\/www.t4franquicias.com\/pt\/wp-json\/wp\/v2\/media\/4016"}],"wp:attachment":[{"href":"https:\/\/www.t4franquicias.com\/pt\/wp-json\/wp\/v2\/media?parent=192"}],"curies":[{"name":"wp","href":"https:\/\/api.w.org\/{rel}","templated":true}]}}