{"id":189,"date":"2012-10-16T12:43:29","date_gmt":"2012-10-16T12:43:29","guid":{"rendered":"https:\/\/www.t4franquicias.com\/?page_id=189"},"modified":"2025-04-21T13:11:04","modified_gmt":"2025-04-21T11:11:04","slug":"preguntas-mas-frecuentes","status":"publish","type":"page","link":"https:\/\/www.t4franquicias.com\/pt\/informacion\/preguntas-mas-frecuentes\/","title":{"rendered":"Perguntas mais frequentes"},"content":{"rendered":"<div id=\"the_content\" class=\"row\"><div class=\"cell bg12\"><h4>Porqu\u00ea escolher o franchising e n\u00e3o outro m\u00e9todo? Ou, por outras palavras, qual \u00e9 a raz\u00e3o para este sucesso esmagador?<\/h4>\n<p>\u00c9 f\u00e1cil de implementar, tanto a n\u00edvel operacional como financeiro. Adapta-se aos diferentes perfis de empres\u00e1rios, tanto as pequenas como as grandes empresas podem utiliz\u00e1-lo. Do ponto de vista econ\u00f3mico, traz benef\u00edcios inquestion\u00e1veis a diferentes ramos de atividade.<\/p>\n<a href=\"#top\" alt=\"Ir arriba\">Ir arriba<\/a>\n<h4>Quais s\u00e3o as principais carater\u00edsticas dos neg\u00f3cios de franchising de sucesso? \u00c9 necess\u00e1rio operar num determinado sector?<\/h4>\n<p>Existem atualmente mais de 50 sectores de atividade em franchising e este n\u00famero est\u00e1 a aumentar de ano para ano, todos os anos surgem novos modelos de neg\u00f3cio que s\u00e3o pioneiros na cria\u00e7\u00e3o de nichos.<\/p>\n<a href=\"#top\" alt=\"Ir arriba\">Ir arriba<\/a>\n<h4>A minha empresa tem de ter uma dimens\u00e3o m\u00ednima para come\u00e7ar?<\/h4>\n<p>Mais de 90% dos franchisings come\u00e7am com uma ideia simples de um \u00fanico estabelecimento ou mini-rede. A dimens\u00e3o da organiza\u00e7\u00e3o n\u00e3o \u00e9 o mais importante, o que \u00e9 realmente importante \u00e9 ter um modelo de neg\u00f3cio bem sucedido.<\/p>\n<a href=\"#top\" alt=\"Ir arriba\">Ir arriba<\/a>\n<h4>\u00bfQu\u00e9 puedo esperar de la franquicia (resultados)?<\/h4>\n<p>B\u00e1sica y sencillamente la franquicia me va a permitir implantar mi marca en diversos entornos geogr\u00e1ficos a gran velocidad y me a permitir rentabilizar este crecimiento. Adem\u00e1s lo voy a conseguir manteniendo una estructura de personal mucho m\u00e1s ligera, manteniendo una gran capacidad e control y el mayor nivel de protecci\u00f3n de mi marca en el mercado.<br \/>\n<a href=\"#top\" alt=\"Ir arriba\">Ir arriba<\/a><\/p>\n<h4>\u00bfQu\u00e9 necesito para empezar a franquiciar?<\/h4>\n<p>Realizar un proyecto de franquicia (link al bloque 2) Podemos resumir los pasos para franquiciar una empresa en los siguientes:<\/p>\n<ul>\n<li>Disponer de un \u00e9xito comercial<\/li>\n<li>Asegurarnos de que es extrapolable y transmisible a terceros<\/li>\n<li>Crear una estrategia empresarial adaptada al crecimiento en franquicias<\/li>\n<li>Experimentar esta estrategia y comprobar que funciona correctamente<\/li>\n<li>Trasmitir estas experiencias a terceros<\/li>\n<li>A partir de este momento podemos decir que nuestra empresa es una franquicia<\/li>\n<\/ul>\n<a href=\"#top\" alt=\"Ir arriba\">Ir arriba<\/a>\n<h4>O que posso esperar do franchising (resultados)?<\/h4>\n<p>Basicamente e de forma simples, o franchising permitir-me-\u00e1 estabelecer a minha marca em diferentes ambientes geogr\u00e1ficos a uma velocidade elevada e permitir-me-\u00e1 rentabilizar este crescimento. Al\u00e9m disso, conseguirei isto mantendo uma estrutura de pessoal muito mais leve, mantendo um elevado n\u00edvel de controlo e o mais elevado n\u00edvel de prote\u00e7\u00e3o da minha marca no mercado.<\/p>\n<a href=\"#top\" alt=\"Ir arriba\">Ir arriba<\/a>\n<h4>Quanto tempo \u00e9 necess\u00e1rio para o franchising?<\/h4>\n<p>Um projeto de franchising pode demorar entre 2 e 5 meses a ser implementado, a partir da\u00ed \u00e9 um trabalho cont\u00ednuo.<\/p>\n<a href=\"#top\" alt=\"Ir arriba\">Ir arriba<\/a>\n<h4>O franchising \u00e9 caro?<\/h4>\n<p>Claro que n\u00e3o \u00e9, o que \u00e9 realmente caro \u00e9 o custo de oportunidade de n\u00e3o o fazer e n\u00e3o aproveitar as oportunidades que este sistema de crescimento oferece a todos aqueles conceitos de neg\u00f3cio que s\u00e3o verdadeiramente diferenciais.<br \/>\n<a href=\"#top\" alt=\"Ir arriba\">Ir arriba<\/a><\/p>\n<h4>Porqu\u00ea franquear o meu neg\u00f3cio?<\/h4>\n<p>Existem muitas raz\u00f5es pelas quais um empres\u00e1rio deve considerar a possibilidade de expans\u00e3o atrav\u00e9s do modelo de marketing de franchising. Entre elas, a redu\u00e7\u00e3o dos custos de expans\u00e3o \u00e9 a mais importante, mas n\u00e3o \u00e9 a \u00fanica. A amplitude e rapidez deste crescimento, a influ\u00eancia no ambiente empresarial que obteremos tanto em rela\u00e7\u00e3o aos clientes como aos fornecedores e concorrentes e, claro, uma maior rentabilidade deste crescimento, fazem deste modelo de neg\u00f3cio uma op\u00e7\u00e3o a ter em conta para qualquer empresa em processo de expans\u00e3o.<br \/>\n<a href=\"#top\" alt=\"Ir arriba\">Ir arriba<\/a><\/p>\n<h4>Tenho uma empresa e estou a pensar em desenvolv\u00ea-la ao abrigo do sistema, qual \u00e9 a primeira coisa que devo ter em conta para a franchisar?<\/h4>\n<p>Se tem um neg\u00f3cio e quer desenvolv\u00ea-lo sob esta f\u00f3rmula de sucesso, \u00e9 necess\u00e1rio fazer algumas perguntas antes para ver se re\u00fane os requisitos necess\u00e1rios para o fazer.<br \/>\n<a href=\"#top\" alt=\"Ir arriba\">Ir arriba<\/a><\/p>\n<h4>O meu neg\u00f3cio \u00e9 realmente franchis\u00e1vel?<\/h4>\n<p>Preencha o nosso question\u00e1rio de franchisabilidade e responderemos a esta pergunta de forma personalizada e sem compromisso.<br \/>\n<a href=\"#top\" alt=\"Ir arriba\">Ir arriba<\/a><\/p>\n<h4>Como posso franquear a minha atividade?<\/h4>\n<p>Uma vez que \u00e9 claro para n\u00f3s que o nosso neg\u00f3cio \u00e9 franchis\u00e1vel, devemos ter em conta outros aspectos. H\u00e1 uma grande diferen\u00e7a entre criar o seu pr\u00f3prio estabelecimento e deixar que outra pessoa o reproduza em regime de franchising. Para isso, \u00e9 necess\u00e1rio dedicar esfor\u00e7os para converter ou adaptar a sua organiza\u00e7\u00e3o a um novo tipo de neg\u00f3cio, incluindo a normaliza\u00e7\u00e3o de processos e a cria\u00e7\u00e3o de manuais operacionais e a defini\u00e7\u00e3o do perfil do Franchisado.<br \/>\n<a href=\"#top\" alt=\"Ir arriba\">Ir arriba<\/a><\/p>\n<h4>Quais s\u00e3o as vantagens de franchisar o meu neg\u00f3cio?<\/h4>\n<p>S\u00e3o v\u00e1rias as vantagens de franchisar o seu conceito de neg\u00f3cio. Podemos resumi-las essencialmente em tr\u00eas: a sua marca crescer\u00e1 em imagem atrav\u00e9s da abertura de novos pontos, os seus produtos ser\u00e3o distribu\u00eddos em cadeia, com o consequente aumento das vendas e n\u00e3o ter\u00e1 de investir na abertura de novos estabelecimentos.<br \/>\n<a href=\"#top\" alt=\"Ir arriba\">Ir arriba<\/a><\/p>\n<p>Para al\u00e9m destas vantagens gerais, existem algumas mais concretas como a diversidade de receitas, o controlo total na distribui\u00e7\u00e3o do produto, a manuten\u00e7\u00e3o e prote\u00e7\u00e3o de uma imagem comercial homog\u00e9nea, a aus\u00eancia de grandes custos de controlo de gest\u00e3o. Al\u00e9m disso, no franchising n\u00e3o existe uma rela\u00e7\u00e3o laboral, mas sim um contrato espec\u00edfico entre empres\u00e1rios independentes e a rentabiliza\u00e7\u00e3o dos esfor\u00e7os de marketing e comunica\u00e7\u00e3o.<\/p>\n<h4>Quais s\u00e3o as desvantagens de franchisar a minha empresa?<\/h4>\n<p>Devemos ter em conta que a rela\u00e7\u00e3o de franchising tamb\u00e9m gera desvantagens, das quais a principal \u00e9 que o gestor do estabelecimento ser\u00e1 um terceiro, o que significa que as possibilidades de controlo direto s\u00e3o menores do que num estabelecimento pr\u00f3prio.<br \/>\n<a href=\"#top\" alt=\"Ir arriba\">Ir arriba<\/a><\/p>\n<h4>Existem outras alternativas?<\/h4>\n<p>\u00c9 evidente que o franchising \u00e9 apenas uma das alternativas de expans\u00e3o oferecidas ao empres\u00e1rio. Existem v\u00e1rias outras op\u00e7\u00f5es que podem, sem d\u00favida, ser optimizadas de acordo com as necessidades espec\u00edficas da empresa: centros pr\u00f3prios, acordos de distribui\u00e7\u00e3o, concess\u00f5es e bandeiras, cadeias volunt\u00e1rias, centrais de compras, joint ventures, etc&#8230;<br \/>\n<a href=\"#top\" alt=\"Ir arriba\">Ir arriba<\/a><\/p>\n<h4>Qual ser\u00e1 a minha principal fun\u00e7\u00e3o como Franchisador depois de ter criado a cadeia?<\/h4>\n<p>Para al\u00e9m de gerir os seus pr\u00f3prios estabelecimentos, enquanto franchisador, tornar-se-\u00e1 uma empresa de servi\u00e7os para os seus franchisados. Para al\u00e9m de lhes fornecer os produtos, apoi\u00e1-los-\u00e1 com assist\u00eancia t\u00e9cnica e forma\u00e7\u00e3o e controlar\u00e1 os estabelecimentos franchisados para garantir que cumprem as normas.<br \/>\n<a href=\"#top\" alt=\"Ir arriba\">Ir arriba<\/a><\/p>\n<h4>Posso distribuir produtos aos meus franchisados e designar os meus fornecedores?<\/h4>\n<p>O franchisador pode, desde que esteja previsto no contrato de franchising, distribuir os seus produtos e atribuir os seus pr\u00f3prios fornecedores, pois s\u00e3o fun\u00e7\u00f5es pr\u00f3prias do franchisador.<\/p>\n<p>Se tiver outras d\u00favidas ou quest\u00f5es sobre o processo de franchising de uma empresa, pode contactar-nos diretamente atrav\u00e9s do telefone +34 91 626 39 29 ou do e-mail <a href=\"mailto:info@t4franquicias.com.\">info@t4franquicias.com.<\/a><\/p>\n<\/div><\/div>","protected":false},"excerpt":{"rendered":"<p>Porqu\u00ea escolher o franchising e n\u00e3o outro m\u00e9todo? Ou, por outras palavras, qual \u00e9 a raz\u00e3o para este sucesso esmagador? \u00c9 f\u00e1cil de implementar, tanto a n\u00edvel operacional como financeiro. Adapta-se aos diferentes perfis de empres\u00e1rios, tanto as pequenas como as grandes empresas podem utiliz\u00e1-lo. Do ponto de vista econ\u00f3mico, traz benef\u00edcios inquestion\u00e1veis a diferentes [&hellip;]<\/p>\n","protected":false},"author":1,"featured_media":0,"parent":25,"menu_order":6,"comment_status":"closed","ping_status":"closed","template":"","meta":{"_acf_changed":false,"footnotes":""},"class_list":["post-189","page","type-page","status-publish","hentry"],"acf":[],"yoast_head":"<!-- This site is optimized with the Yoast SEO Premium plugin v27.2 (Yoast SEO v27.2) - https:\/\/yoast.com\/product\/yoast-seo-premium-wordpress\/ -->\n<title>Preguntas y dudas m\u00e1s frecuentes sobre franquicia<\/title>\n<meta name=\"description\" content=\"Para qualquer outra d\u00favida sobre o processo de franchising ou aquisi\u00e7\u00e3o de uma franquia, n\u00e3o hesite em contactar-nos\" \/>\n<meta name=\"robots\" content=\"index, follow, max-snippet:-1, max-image-preview:large, max-video-preview:-1\" \/>\n<link rel=\"canonical\" href=\"https:\/\/www.t4franquicias.com\/pt\/informacion\/preguntas-mas-frecuentes\/\" \/>\n<meta property=\"og:locale\" content=\"es_ES\" \/>\n<meta property=\"og:type\" content=\"article\" \/>\n<meta property=\"og:title\" content=\"Perguntas mais frequentes\" \/>\n<meta property=\"og:description\" content=\"Para qualquer outra d\u00favida sobre o processo de franchising ou aquisi\u00e7\u00e3o de uma franquia, n\u00e3o hesite em contactar-nos\" \/>\n<meta property=\"og:url\" content=\"https:\/\/www.t4franquicias.com\/pt\/informacion\/preguntas-mas-frecuentes\/\" \/>\n<meta property=\"og:site_name\" content=\"T4franquicias.com [pt]\" \/>\n<meta property=\"article:publisher\" content=\"https:\/\/www.facebook.com\/T4-Franquicias-270127153112770\/\" \/>\n<meta property=\"article:modified_time\" content=\"2025-04-21T11:11:04+00:00\" \/>\n<meta property=\"og:image\" content=\"https:\/\/i0.wp.com\/www.t4franquicias.com\/wp-content\/uploads\/sites\/4\/2015\/10\/T4FRANQUICIAS_web2.png\" \/>\n\t<meta property=\"og:image:width\" content=\"200\" \/>\n\t<meta property=\"og:image:height\" content=\"176\" \/>\n\t<meta property=\"og:image:type\" content=\"image\/png\" \/>\n<meta name=\"twitter:card\" content=\"summary_large_image\" \/>\n<meta name=\"twitter:site\" content=\"@T4Franquicias\" \/>\n<meta name=\"twitter:label1\" content=\"Tiempo de lectura\" \/>\n\t<meta name=\"twitter:data1\" content=\"5 minutos\" \/>\n<script type=\"application\/ld+json\" class=\"yoast-schema-graph\">{\"@context\":\"https:\/\/schema.org\",\"@graph\":[{\"@type\":\"WebPage\",\"@id\":\"https:\/\/www.t4franquicias.com\/pt\/informacion\/preguntas-mas-frecuentes\/\",\"url\":\"https:\/\/www.t4franquicias.com\/pt\/informacion\/preguntas-mas-frecuentes\/\",\"name\":\"Preguntas y dudas m\u00e1s frecuentes sobre franquicia\",\"isPartOf\":{\"@id\":\"https:\/\/www.t4franquicias.com\/pt\/#website\"},\"datePublished\":\"2012-10-16T12:43:29+00:00\",\"dateModified\":\"2025-04-21T11:11:04+00:00\",\"description\":\"Para qualquer outra d\u00favida sobre o processo de franchising ou aquisi\u00e7\u00e3o de uma franquia, n\u00e3o hesite em contactar-nos\",\"breadcrumb\":{\"@id\":\"https:\/\/www.t4franquicias.com\/pt\/informacion\/preguntas-mas-frecuentes\/#breadcrumb\"},\"inLanguage\":\"es\",\"potentialAction\":[{\"@type\":\"ReadAction\",\"target\":[\"https:\/\/www.t4franquicias.com\/pt\/informacion\/preguntas-mas-frecuentes\/\"]}]},{\"@type\":\"BreadcrumbList\",\"@id\":\"https:\/\/www.t4franquicias.com\/pt\/informacion\/preguntas-mas-frecuentes\/#breadcrumb\",\"itemListElement\":[{\"@type\":\"ListItem\",\"position\":1,\"name\":\"Portada\",\"item\":\"https:\/\/www.t4franquicias.com\/pt\/\"},{\"@type\":\"ListItem\",\"position\":2,\"name\":\"Informa\u00e7\u00f5es\",\"item\":\"https:\/\/www.t4franquicias.com\/pt\/informacion\/\"},{\"@type\":\"ListItem\",\"position\":3,\"name\":\"Perguntas mais frequentes\"}]},{\"@type\":\"WebSite\",\"@id\":\"https:\/\/www.t4franquicias.com\/pt\/#website\",\"url\":\"https:\/\/www.t4franquicias.com\/pt\/\",\"name\":\"T4 Franquicias\",\"description\":\" Assessores e Consultores de Franquias\",\"publisher\":{\"@id\":\"https:\/\/www.t4franquicias.com\/pt\/#organization\"},\"alternateName\":\"T4 Franquicias\",\"potentialAction\":[{\"@type\":\"SearchAction\",\"target\":{\"@type\":\"EntryPoint\",\"urlTemplate\":\"https:\/\/www.t4franquicias.com\/pt\/?s={search_term_string}\"},\"query-input\":{\"@type\":\"PropertyValueSpecification\",\"valueRequired\":true,\"valueName\":\"search_term_string\"}}],\"inLanguage\":\"es\"},{\"@type\":\"Organization\",\"@id\":\"https:\/\/www.t4franquicias.com\/pt\/#organization\",\"name\":\"T4 Fraqnuicias\",\"alternateName\":\"T4 Franquicias\",\"url\":\"https:\/\/www.t4franquicias.com\/pt\/\",\"logo\":{\"@type\":\"ImageObject\",\"inLanguage\":\"es\",\"@id\":\"https:\/\/www.t4franquicias.com\/pt\/#\/schema\/logo\/image\/\",\"url\":\"https:\/\/www.t4franquicias.com\/wp-content\/uploads\/2018\/04\/t4-logo.svg\",\"contentUrl\":\"https:\/\/www.t4franquicias.com\/wp-content\/uploads\/2018\/04\/t4-logo.svg\",\"width\":1,\"height\":1,\"caption\":\"T4 Fraqnuicias\"},\"image\":{\"@id\":\"https:\/\/www.t4franquicias.com\/pt\/#\/schema\/logo\/image\/\"},\"sameAs\":[\"https:\/\/www.facebook.com\/T4-Franquicias-270127153112770\/\",\"https:\/\/x.com\/T4Franquicias\",\"https:\/\/www.instagram.com\/t4franquicias\/\",\"https:\/\/www.linkedin.com\/authwall?trk=gf&amp;amp;amp;amp;amp;trkInfo=AQG83SA0TyN3UQAAAWMYAdeghPMLtp364yC1mwjqOVe3ltdrpkNISDeFPIu5JnOXZabpHhOck9v-kKJi00EkvJPzGLSsSKwe2E0JZHQKhoOz7ZyIDeTOPiKeS5bj4J2m9m1iR_M=&amp;amp;amp;amp;amp;originalReferer=http:\/\/www.t4franquicias.com\/&amp;amp;amp;amp;amp;sessionRedirect=https:\/\/www.linkedin.com\/company\/t4-franquicias?trk=tyah\"]}]}<\/script>\n<!-- \/ Yoast SEO Premium plugin. -->","yoast_head_json":{"title":"Preguntas y dudas m\u00e1s frecuentes sobre franquicia","description":"Para qualquer outra d\u00favida sobre o processo de franchising ou aquisi\u00e7\u00e3o de uma franquia, n\u00e3o hesite em contactar-nos","robots":{"index":"index","follow":"follow","max-snippet":"max-snippet:-1","max-image-preview":"max-image-preview:large","max-video-preview":"max-video-preview:-1"},"canonical":"https:\/\/www.t4franquicias.com\/pt\/informacion\/preguntas-mas-frecuentes\/","og_locale":"es_ES","og_type":"article","og_title":"Perguntas mais frequentes","og_description":"Para qualquer outra d\u00favida sobre o processo de franchising ou aquisi\u00e7\u00e3o de uma franquia, n\u00e3o hesite em contactar-nos","og_url":"https:\/\/www.t4franquicias.com\/pt\/informacion\/preguntas-mas-frecuentes\/","og_site_name":"T4franquicias.com [pt]","article_publisher":"https:\/\/www.facebook.com\/T4-Franquicias-270127153112770\/","article_modified_time":"2025-04-21T11:11:04+00:00","og_image":[{"width":200,"height":176,"url":"https:\/\/i0.wp.com\/www.t4franquicias.com\/wp-content\/uploads\/sites\/4\/2015\/10\/T4FRANQUICIAS_web2.png","type":"image\/png"}],"twitter_card":"summary_large_image","twitter_site":"@T4Franquicias","twitter_misc":{"Tiempo de lectura":"5 minutos"},"schema":{"@context":"https:\/\/schema.org","@graph":[{"@type":"WebPage","@id":"https:\/\/www.t4franquicias.com\/pt\/informacion\/preguntas-mas-frecuentes\/","url":"https:\/\/www.t4franquicias.com\/pt\/informacion\/preguntas-mas-frecuentes\/","name":"Preguntas y dudas m\u00e1s frecuentes sobre franquicia","isPartOf":{"@id":"https:\/\/www.t4franquicias.com\/pt\/#website"},"datePublished":"2012-10-16T12:43:29+00:00","dateModified":"2025-04-21T11:11:04+00:00","description":"Para qualquer outra d\u00favida sobre o processo de franchising ou aquisi\u00e7\u00e3o de uma franquia, n\u00e3o hesite em contactar-nos","breadcrumb":{"@id":"https:\/\/www.t4franquicias.com\/pt\/informacion\/preguntas-mas-frecuentes\/#breadcrumb"},"inLanguage":"es","potentialAction":[{"@type":"ReadAction","target":["https:\/\/www.t4franquicias.com\/pt\/informacion\/preguntas-mas-frecuentes\/"]}]},{"@type":"BreadcrumbList","@id":"https:\/\/www.t4franquicias.com\/pt\/informacion\/preguntas-mas-frecuentes\/#breadcrumb","itemListElement":[{"@type":"ListItem","position":1,"name":"Portada","item":"https:\/\/www.t4franquicias.com\/pt\/"},{"@type":"ListItem","position":2,"name":"Informa\u00e7\u00f5es","item":"https:\/\/www.t4franquicias.com\/pt\/informacion\/"},{"@type":"ListItem","position":3,"name":"Perguntas mais frequentes"}]},{"@type":"WebSite","@id":"https:\/\/www.t4franquicias.com\/pt\/#website","url":"https:\/\/www.t4franquicias.com\/pt\/","name":"T4 Franquicias","description":" Assessores e Consultores de Franquias","publisher":{"@id":"https:\/\/www.t4franquicias.com\/pt\/#organization"},"alternateName":"T4 Franquicias","potentialAction":[{"@type":"SearchAction","target":{"@type":"EntryPoint","urlTemplate":"https:\/\/www.t4franquicias.com\/pt\/?s={search_term_string}"},"query-input":{"@type":"PropertyValueSpecification","valueRequired":true,"valueName":"search_term_string"}}],"inLanguage":"es"},{"@type":"Organization","@id":"https:\/\/www.t4franquicias.com\/pt\/#organization","name":"T4 Fraqnuicias","alternateName":"T4 Franquicias","url":"https:\/\/www.t4franquicias.com\/pt\/","logo":{"@type":"ImageObject","inLanguage":"es","@id":"https:\/\/www.t4franquicias.com\/pt\/#\/schema\/logo\/image\/","url":"https:\/\/www.t4franquicias.com\/wp-content\/uploads\/2018\/04\/t4-logo.svg","contentUrl":"https:\/\/www.t4franquicias.com\/wp-content\/uploads\/2018\/04\/t4-logo.svg","width":1,"height":1,"caption":"T4 Fraqnuicias"},"image":{"@id":"https:\/\/www.t4franquicias.com\/pt\/#\/schema\/logo\/image\/"},"sameAs":["https:\/\/www.facebook.com\/T4-Franquicias-270127153112770\/","https:\/\/x.com\/T4Franquicias","https:\/\/www.instagram.com\/t4franquicias\/","https:\/\/www.linkedin.com\/authwall?trk=gf&amp;amp;amp;amp;amp;trkInfo=AQG83SA0TyN3UQAAAWMYAdeghPMLtp364yC1mwjqOVe3ltdrpkNISDeFPIu5JnOXZabpHhOck9v-kKJi00EkvJPzGLSsSKwe2E0JZHQKhoOz7ZyIDeTOPiKeS5bj4J2m9m1iR_M=&amp;amp;amp;amp;amp;originalReferer=http:\/\/www.t4franquicias.com\/&amp;amp;amp;amp;amp;sessionRedirect=https:\/\/www.linkedin.com\/company\/t4-franquicias?trk=tyah"]}]}},"_links":{"self":[{"href":"https:\/\/www.t4franquicias.com\/pt\/wp-json\/wp\/v2\/pages\/189","targetHints":{"allow":["GET"]}}],"collection":[{"href":"https:\/\/www.t4franquicias.com\/pt\/wp-json\/wp\/v2\/pages"}],"about":[{"href":"https:\/\/www.t4franquicias.com\/pt\/wp-json\/wp\/v2\/types\/page"}],"author":[{"embeddable":true,"href":"https:\/\/www.t4franquicias.com\/pt\/wp-json\/wp\/v2\/users\/1"}],"replies":[{"embeddable":true,"href":"https:\/\/www.t4franquicias.com\/pt\/wp-json\/wp\/v2\/comments?post=189"}],"version-history":[{"count":0,"href":"https:\/\/www.t4franquicias.com\/pt\/wp-json\/wp\/v2\/pages\/189\/revisions"}],"up":[{"embeddable":true,"href":"https:\/\/www.t4franquicias.com\/pt\/wp-json\/wp\/v2\/pages\/25"}],"wp:attachment":[{"href":"https:\/\/www.t4franquicias.com\/pt\/wp-json\/wp\/v2\/media?parent=189"}],"curies":[{"name":"wp","href":"https:\/\/api.w.org\/{rel}","templated":true}]}}