{"id":17,"date":"2012-10-06T21:32:47","date_gmt":"2012-10-06T21:32:47","guid":{"rendered":"https:\/\/www.t4franquicias.com\/?page_id=17"},"modified":"2025-05-29T14:03:54","modified_gmt":"2025-05-29T12:03:54","slug":"servicos-para-franquias","status":"publish","type":"page","link":"https:\/\/www.t4franquicias.com\/pt\/servicos-para-franquias\/","title":{"rendered":"Servi\u00e7os para franquias"},"content":{"rendered":"<div id=\"the_content\" class=\"row\"><div class=\"cell bg12\"><p class=\"\" data-start=\"131\" data-end=\"500\">Na <strong>T4 Franquias<\/strong> dispomos de 10 linhas de servi\u00e7os destinadas a empresas de franquia, organizadas por departamentos, com equipas de trabalho independentes e especializadas. Prestamos apoio a qualquer necessidade que uma empresa que opera ou que pretende operar em regime de franquia possa ter. Tamb\u00e9m oferecemos servi\u00e7os a todo o tipo de empresas com ambi\u00e7\u00e3o de crescer.<\/p>\n<p class=\"\" data-start=\"502\" data-end=\"634\">Consoante o perfil da sua empresa, aconselhamo-lo desde o in\u00edcio sobre quais destes servi\u00e7os se adequam melhor \u00e0s suas necessidades.<\/p>\n<p class=\"\" data-start=\"636\" data-end=\"1054\"><strong data-start=\"636\" data-end=\"661\">FRANQUIAR UMA EMPRESA<\/strong><br data-start=\"661\" data-end=\"664\" \/>Como se transforma uma empresa numa franquia? Atrav\u00e9s de um projeto que sintetiza o plano de trabalho necess\u00e1rio para alcan\u00e7ar essa transforma\u00e7\u00e3o. \u00c9 t\u00e3o simples e categ\u00f3rico como afirmar que, sem um projeto estrat\u00e9gico de franquia, n\u00e3o h\u00e1 franquia \u2014 sem estrat\u00e9gia, sem planeamento, sem calend\u00e1rio, sem know-how e sem contrato, n\u00e3o se pode considerar uma verdadeira organiza\u00e7\u00e3o de franquia.<\/p>\n<p class=\"\" data-start=\"1056\" data-end=\"1228\">Este \u00e9 o verdadeiro pilar sobre o qual assenta o sucesso em franquia, sendo que nenhuma empresa deve considerar entrar neste sistema de neg\u00f3cio sem um projeto que a valide.<\/p>\n<p class=\"\" data-start=\"1230\" data-end=\"1262\">Este servi\u00e7o \u00e9 essencial para:<\/p>\n<ul data-start=\"1263\" data-end=\"1486\">\n<li class=\"\" data-start=\"1263\" data-end=\"1349\">\n<p class=\"\" data-start=\"1265\" data-end=\"1349\">Definir como transformar uma empresa de distribui\u00e7\u00e3o numa organiza\u00e7\u00e3o franqueadora<\/p>\n<\/li>\n<li class=\"\" data-start=\"1350\" data-end=\"1419\">\n<p class=\"\" data-start=\"1352\" data-end=\"1419\">Determinar os tra\u00e7os de identidade da empresa face \u00e0 concorr\u00eancia<\/p>\n<\/li>\n<li class=\"\" data-start=\"1420\" data-end=\"1486\">\n<p class=\"\" data-start=\"1422\" data-end=\"1486\">Indicar ao empres\u00e1rio o que vai fazer, como e quando o vai fazer<\/p>\n<\/li>\n<\/ul>\n<p class=\"\" data-start=\"1488\" data-end=\"1596\"><strong data-start=\"1488\" data-end=\"1524\">CRESCIMENTO DE REDES DE FRANQUIA<\/strong><br data-start=\"1524\" data-end=\"1527\" \/>Como atrair os melhores candidatos para uma marca que est\u00e1 a come\u00e7ar?<\/p>\n<p class=\"\" data-start=\"1598\" data-end=\"2151\">A resposta \u00e9 simples na teoria, mas mais complexa na pr\u00e1tica. \u00c9 fundamental compreender como funciona este mercado e o que procuram os potenciais franqueados, conhecer os canais onde se movimentam, utilizar as mensagens adequadas, aplicar as melhores ferramentas e dispor de argumentos claros e diferenciadores. Para al\u00e9m de fornecer tudo isto aos franqueadores, contamos com plataformas tecnol\u00f3gicas para atrair e selecionar os melhores candidatos. O mais importante \u00e9 que atualizamos constantemente esta metodologia para sermos cada vez mais eficazes.<\/p>\n<p class=\"\" data-start=\"2153\" data-end=\"2852\"><strong data-start=\"2153\" data-end=\"2190\">SERVI\u00c7OS JUR\u00cdDICOS PARA FRANQUIAS<\/strong><br data-start=\"2190\" data-end=\"2193\" \/>O enquadramento legal pode n\u00e3o ser a chave do sucesso de uma rede de franquia, mas \u00e9 sem d\u00favida uma das causas mais frequentes do seu fracasso. A experi\u00eancia ensinou-nos que uma boa base legal fortalece a organiza\u00e7\u00e3o franqueadora, enquanto uma abordagem inadequada a enfraquece e a coloca numa situa\u00e7\u00e3o de risco permanente. Que servi\u00e7os jur\u00eddicos pode precisar um novo franqueador? A diversidade \u00e9 ampla \u2014 desde os servi\u00e7os mais comuns, como a elabora\u00e7\u00e3o de documentos contratuais, at\u00e9 aos menos desej\u00e1veis, como a resolu\u00e7\u00e3o de conflitos ou a adapta\u00e7\u00e3o a novas exig\u00eancias legais. A nossa pol\u00edtica \u00e9 preventiva e o nosso objetivo \u00e9 reduzir os problemas a zero.<\/p>\n<p class=\"\" data-start=\"2854\" data-end=\"2943\"><strong data-start=\"2854\" data-end=\"2889\">MARKETING ONLINE PARA FRANQUIAS<\/strong><br data-start=\"2889\" data-end=\"2892\" \/>Neste ponto, convergem dois conceitos fundamentais:<\/p>\n<p class=\"\" data-start=\"2945\" data-end=\"3206\">O primeiro \u00e9 que, a partir do momento em que uma empresa se torna franquia, o seu p\u00fablico-alvo deixa de ser apenas um e passa a ser tr\u00eas: o cliente tradicional, os potenciais franqueados e os franqueados atuais. Cada um exige uma abordagem de marketing pr\u00f3pria.<\/p>\n<p class=\"\" data-start=\"3208\" data-end=\"3372\">O segundo \u00e9 que a Internet veio transformar profundamente as regras de comunica\u00e7\u00e3o com esses p\u00fablicos, tanto na capta\u00e7\u00e3o de franqueados como na organiza\u00e7\u00e3o da rede.<\/p>\n<p class=\"\" data-start=\"3374\" data-end=\"3623\">Com esta filosofia, desenvolvemos e colocamos \u00e0 disposi\u00e7\u00e3o dos novos franqueadores ferramentas tecnol\u00f3gicas (CRMs, \u00e1reas privadas, redes sociais, websites&#8230;) e m\u00e9todos de trabalho (t\u00e9cnicas de SEO, SEM\u2026) que est\u00e3o entre os mais eficazes do mercado.<\/p>\n<p class=\"\" data-start=\"3625\" data-end=\"3865\"><strong data-start=\"3625\" data-end=\"3667\">MARKETING E COMUNICA\u00c7\u00c3O PARA FRANQUIAS<\/strong><br data-start=\"3667\" data-end=\"3670\" \/>Sem nunca perder de vista o objetivo principal deste servi\u00e7o \u2014 ajudar a marca a crescer e a posicionar-se no setor da franquia \u2014 come\u00e7amos sempre por trabalhar a base e depois damos continuidade.<\/p>\n<p class=\"\" data-start=\"3867\" data-end=\"3996\">Colocamos quest\u00f5es essenciais: Tenho algo para comunicar? Como posso chegar ao p\u00fablico certo? Sei realmente quem \u00e9 o meu p\u00fablico?<\/p>\n<p class=\"\" data-start=\"3998\" data-end=\"4238\">Mensagem, canal e perfil s\u00e3o tr\u00eas pilares fundamentais que, aliados \u00e0 const\u00e2ncia, experi\u00eancia e conhecimento da nossa equipa, proporcionam resultados mensur\u00e1veis \u2014 multiplicamos por mais de 100 o retorno do investimento dos nossos clientes.<\/p>\n<p class=\"\" data-start=\"4240\" data-end=\"4562\"><strong data-start=\"4240\" data-end=\"4281\">SUPORTE \u00c0 GEST\u00c3O DA REDE DE FRANQUIAS<\/strong><br data-start=\"4281\" data-end=\"4284\" \/>Os primeiros passos numa rede de franquia s\u00e3o os mais dif\u00edceis. A nossa proposta \u00e9 acompanh\u00e1-lo de perto nesta etapa, oferecendo apoio e cobertura em tudo o que possa necessitar. Tudo \u00e9 novo, desconhecido e, por vezes, desafiante \u2014 por isso percorremos este caminho ao seu lado.<\/p>\n<p class=\"\" data-start=\"4564\" data-end=\"4904\">Ajudamos na tomada de decis\u00f5es e envolvemo-nos no projeto em \u00e1reas cr\u00edticas como as tens\u00f5es do crescimento, a otimiza\u00e7\u00e3o de or\u00e7amentos, o dimensionamento da estrutura, a implementa\u00e7\u00e3o de novidades ou a rela\u00e7\u00e3o com os primeiros franqueados. N\u00e3o apenas aconselhamos qual o caminho a seguir, como tamb\u00e9m o acompanhamos durante todo o percurso.<\/p>\n<\/div><\/div>","protected":false},"excerpt":{"rendered":"<p>Na T4 Franquias dispomos de 10 linhas de servi\u00e7os destinadas a empresas de franquia, organizadas por departamentos, com equipas de trabalho independentes e especializadas. Prestamos apoio a qualquer necessidade que uma empresa que opera ou que pretende operar em regime de franquia possa ter. Tamb\u00e9m oferecemos servi\u00e7os a todo o tipo de empresas com ambi\u00e7\u00e3o [&hellip;]<\/p>\n","protected":false},"author":1,"featured_media":0,"parent":0,"menu_order":2,"comment_status":"closed","ping_status":"closed","template":"","meta":{"_acf_changed":false,"footnotes":""},"class_list":["post-17","page","type-page","status-publish","hentry"],"acf":[],"yoast_head":"<!-- This site is optimized with the Yoast SEO Premium plugin v27.2 (Yoast SEO v27.2) - https:\/\/yoast.com\/product\/yoast-seo-premium-wordpress\/ -->\n<title>Servi\u00e7os para Franquias \u00b7 Como franquear uma empresa? - T4<\/title>\n<meta name=\"description\" content=\"Como franquear uma empresa? Na T4 Franquias dispomos de 10 linhas de servi\u00e7os para empresas de franquia, com equipas de trabalho especializadas.\" \/>\n<meta name=\"robots\" content=\"index, follow, max-snippet:-1, max-image-preview:large, max-video-preview:-1\" \/>\n<link rel=\"canonical\" href=\"https:\/\/www.t4franquicias.com\/pt\/servicos-para-franquias\/\" \/>\n<meta property=\"og:locale\" content=\"es_ES\" \/>\n<meta property=\"og:type\" content=\"article\" \/>\n<meta property=\"og:title\" content=\"Servi\u00e7os para franquias\" \/>\n<meta property=\"og:description\" content=\"Como franquear uma empresa? Na T4 Franquias dispomos de 10 linhas de servi\u00e7os para empresas de franquia, com equipas de trabalho especializadas.\" \/>\n<meta property=\"og:url\" content=\"https:\/\/www.t4franquicias.com\/pt\/servicos-para-franquias\/\" \/>\n<meta property=\"og:site_name\" content=\"T4franquicias.com [pt]\" \/>\n<meta property=\"article:publisher\" content=\"https:\/\/www.facebook.com\/T4-Franquicias-270127153112770\/\" \/>\n<meta property=\"article:modified_time\" content=\"2025-05-29T12:03:54+00:00\" \/>\n<meta property=\"og:image\" content=\"https:\/\/i0.wp.com\/www.t4franquicias.com\/wp-content\/uploads\/sites\/4\/2015\/10\/T4FRANQUICIAS_web2.png\" \/>\n\t<meta property=\"og:image:width\" content=\"200\" \/>\n\t<meta property=\"og:image:height\" content=\"176\" \/>\n\t<meta property=\"og:image:type\" content=\"image\/png\" \/>\n<meta name=\"twitter:card\" content=\"summary_large_image\" \/>\n<meta name=\"twitter:site\" content=\"@T4Franquicias\" \/>\n<meta name=\"twitter:label1\" content=\"Tiempo de lectura\" \/>\n\t<meta name=\"twitter:data1\" content=\"4 minutos\" \/>\n<script type=\"application\/ld+json\" class=\"yoast-schema-graph\">{\"@context\":\"https:\/\/schema.org\",\"@graph\":[{\"@type\":\"WebPage\",\"@id\":\"https:\/\/www.t4franquicias.com\/pt\/servicos-para-franquias\/\",\"url\":\"https:\/\/www.t4franquicias.com\/pt\/servicos-para-franquias\/\",\"name\":\"Servi\u00e7os para Franquias \u00b7 Como franquear uma empresa? - T4\",\"isPartOf\":{\"@id\":\"https:\/\/www.t4franquicias.com\/pt\/#website\"},\"datePublished\":\"2012-10-06T21:32:47+00:00\",\"dateModified\":\"2025-05-29T12:03:54+00:00\",\"description\":\"Como franquear uma empresa? Na T4 Franquias dispomos de 10 linhas de servi\u00e7os para empresas de franquia, com equipas de trabalho especializadas.\",\"breadcrumb\":{\"@id\":\"https:\/\/www.t4franquicias.com\/pt\/servicos-para-franquias\/#breadcrumb\"},\"inLanguage\":\"es\",\"potentialAction\":[{\"@type\":\"ReadAction\",\"target\":[\"https:\/\/www.t4franquicias.com\/pt\/servicos-para-franquias\/\"]}]},{\"@type\":\"BreadcrumbList\",\"@id\":\"https:\/\/www.t4franquicias.com\/pt\/servicos-para-franquias\/#breadcrumb\",\"itemListElement\":[{\"@type\":\"ListItem\",\"position\":1,\"name\":\"Portada\",\"item\":\"https:\/\/www.t4franquicias.com\/pt\/\"},{\"@type\":\"ListItem\",\"position\":2,\"name\":\"Servi\u00e7os para franquias\"}]},{\"@type\":\"WebSite\",\"@id\":\"https:\/\/www.t4franquicias.com\/pt\/#website\",\"url\":\"https:\/\/www.t4franquicias.com\/pt\/\",\"name\":\"T4 Franquicias\",\"description\":\" Assessores e Consultores de Franquias\",\"publisher\":{\"@id\":\"https:\/\/www.t4franquicias.com\/pt\/#organization\"},\"alternateName\":\"T4 Franquicias\",\"potentialAction\":[{\"@type\":\"SearchAction\",\"target\":{\"@type\":\"EntryPoint\",\"urlTemplate\":\"https:\/\/www.t4franquicias.com\/pt\/?s={search_term_string}\"},\"query-input\":{\"@type\":\"PropertyValueSpecification\",\"valueRequired\":true,\"valueName\":\"search_term_string\"}}],\"inLanguage\":\"es\"},{\"@type\":\"Organization\",\"@id\":\"https:\/\/www.t4franquicias.com\/pt\/#organization\",\"name\":\"T4 Fraqnuicias\",\"alternateName\":\"T4 Franquicias\",\"url\":\"https:\/\/www.t4franquicias.com\/pt\/\",\"logo\":{\"@type\":\"ImageObject\",\"inLanguage\":\"es\",\"@id\":\"https:\/\/www.t4franquicias.com\/pt\/#\/schema\/logo\/image\/\",\"url\":\"https:\/\/www.t4franquicias.com\/wp-content\/uploads\/2018\/04\/t4-logo.svg\",\"contentUrl\":\"https:\/\/www.t4franquicias.com\/wp-content\/uploads\/2018\/04\/t4-logo.svg\",\"width\":1,\"height\":1,\"caption\":\"T4 Fraqnuicias\"},\"image\":{\"@id\":\"https:\/\/www.t4franquicias.com\/pt\/#\/schema\/logo\/image\/\"},\"sameAs\":[\"https:\/\/www.facebook.com\/T4-Franquicias-270127153112770\/\",\"https:\/\/x.com\/T4Franquicias\",\"https:\/\/www.instagram.com\/t4franquicias\/\",\"https:\/\/www.linkedin.com\/authwall?trk=gf&amp;amp;amp;amp;amp;trkInfo=AQG83SA0TyN3UQAAAWMYAdeghPMLtp364yC1mwjqOVe3ltdrpkNISDeFPIu5JnOXZabpHhOck9v-kKJi00EkvJPzGLSsSKwe2E0JZHQKhoOz7ZyIDeTOPiKeS5bj4J2m9m1iR_M=&amp;amp;amp;amp;amp;originalReferer=http:\/\/www.t4franquicias.com\/&amp;amp;amp;amp;amp;sessionRedirect=https:\/\/www.linkedin.com\/company\/t4-franquicias?trk=tyah\"]}]}<\/script>\n<!-- \/ Yoast SEO Premium plugin. -->","yoast_head_json":{"title":"Servi\u00e7os para Franquias \u00b7 Como franquear uma empresa? - T4","description":"Como franquear uma empresa? Na T4 Franquias dispomos de 10 linhas de servi\u00e7os para empresas de franquia, com equipas de trabalho especializadas.","robots":{"index":"index","follow":"follow","max-snippet":"max-snippet:-1","max-image-preview":"max-image-preview:large","max-video-preview":"max-video-preview:-1"},"canonical":"https:\/\/www.t4franquicias.com\/pt\/servicos-para-franquias\/","og_locale":"es_ES","og_type":"article","og_title":"Servi\u00e7os para franquias","og_description":"Como franquear uma empresa? Na T4 Franquias dispomos de 10 linhas de servi\u00e7os para empresas de franquia, com equipas de trabalho especializadas.","og_url":"https:\/\/www.t4franquicias.com\/pt\/servicos-para-franquias\/","og_site_name":"T4franquicias.com [pt]","article_publisher":"https:\/\/www.facebook.com\/T4-Franquicias-270127153112770\/","article_modified_time":"2025-05-29T12:03:54+00:00","og_image":[{"width":200,"height":176,"url":"https:\/\/i0.wp.com\/www.t4franquicias.com\/wp-content\/uploads\/sites\/4\/2015\/10\/T4FRANQUICIAS_web2.png","type":"image\/png"}],"twitter_card":"summary_large_image","twitter_site":"@T4Franquicias","twitter_misc":{"Tiempo de lectura":"4 minutos"},"schema":{"@context":"https:\/\/schema.org","@graph":[{"@type":"WebPage","@id":"https:\/\/www.t4franquicias.com\/pt\/servicos-para-franquias\/","url":"https:\/\/www.t4franquicias.com\/pt\/servicos-para-franquias\/","name":"Servi\u00e7os para Franquias \u00b7 Como franquear uma empresa? - T4","isPartOf":{"@id":"https:\/\/www.t4franquicias.com\/pt\/#website"},"datePublished":"2012-10-06T21:32:47+00:00","dateModified":"2025-05-29T12:03:54+00:00","description":"Como franquear uma empresa? Na T4 Franquias dispomos de 10 linhas de servi\u00e7os para empresas de franquia, com equipas de trabalho especializadas.","breadcrumb":{"@id":"https:\/\/www.t4franquicias.com\/pt\/servicos-para-franquias\/#breadcrumb"},"inLanguage":"es","potentialAction":[{"@type":"ReadAction","target":["https:\/\/www.t4franquicias.com\/pt\/servicos-para-franquias\/"]}]},{"@type":"BreadcrumbList","@id":"https:\/\/www.t4franquicias.com\/pt\/servicos-para-franquias\/#breadcrumb","itemListElement":[{"@type":"ListItem","position":1,"name":"Portada","item":"https:\/\/www.t4franquicias.com\/pt\/"},{"@type":"ListItem","position":2,"name":"Servi\u00e7os para franquias"}]},{"@type":"WebSite","@id":"https:\/\/www.t4franquicias.com\/pt\/#website","url":"https:\/\/www.t4franquicias.com\/pt\/","name":"T4 Franquicias","description":" Assessores e Consultores de Franquias","publisher":{"@id":"https:\/\/www.t4franquicias.com\/pt\/#organization"},"alternateName":"T4 Franquicias","potentialAction":[{"@type":"SearchAction","target":{"@type":"EntryPoint","urlTemplate":"https:\/\/www.t4franquicias.com\/pt\/?s={search_term_string}"},"query-input":{"@type":"PropertyValueSpecification","valueRequired":true,"valueName":"search_term_string"}}],"inLanguage":"es"},{"@type":"Organization","@id":"https:\/\/www.t4franquicias.com\/pt\/#organization","name":"T4 Fraqnuicias","alternateName":"T4 Franquicias","url":"https:\/\/www.t4franquicias.com\/pt\/","logo":{"@type":"ImageObject","inLanguage":"es","@id":"https:\/\/www.t4franquicias.com\/pt\/#\/schema\/logo\/image\/","url":"https:\/\/www.t4franquicias.com\/wp-content\/uploads\/2018\/04\/t4-logo.svg","contentUrl":"https:\/\/www.t4franquicias.com\/wp-content\/uploads\/2018\/04\/t4-logo.svg","width":1,"height":1,"caption":"T4 Fraqnuicias"},"image":{"@id":"https:\/\/www.t4franquicias.com\/pt\/#\/schema\/logo\/image\/"},"sameAs":["https:\/\/www.facebook.com\/T4-Franquicias-270127153112770\/","https:\/\/x.com\/T4Franquicias","https:\/\/www.instagram.com\/t4franquicias\/","https:\/\/www.linkedin.com\/authwall?trk=gf&amp;amp;amp;amp;amp;trkInfo=AQG83SA0TyN3UQAAAWMYAdeghPMLtp364yC1mwjqOVe3ltdrpkNISDeFPIu5JnOXZabpHhOck9v-kKJi00EkvJPzGLSsSKwe2E0JZHQKhoOz7ZyIDeTOPiKeS5bj4J2m9m1iR_M=&amp;amp;amp;amp;amp;originalReferer=http:\/\/www.t4franquicias.com\/&amp;amp;amp;amp;amp;sessionRedirect=https:\/\/www.linkedin.com\/company\/t4-franquicias?trk=tyah"]}]}},"_links":{"self":[{"href":"https:\/\/www.t4franquicias.com\/pt\/wp-json\/wp\/v2\/pages\/17","targetHints":{"allow":["GET"]}}],"collection":[{"href":"https:\/\/www.t4franquicias.com\/pt\/wp-json\/wp\/v2\/pages"}],"about":[{"href":"https:\/\/www.t4franquicias.com\/pt\/wp-json\/wp\/v2\/types\/page"}],"author":[{"embeddable":true,"href":"https:\/\/www.t4franquicias.com\/pt\/wp-json\/wp\/v2\/users\/1"}],"replies":[{"embeddable":true,"href":"https:\/\/www.t4franquicias.com\/pt\/wp-json\/wp\/v2\/comments?post=17"}],"version-history":[{"count":0,"href":"https:\/\/www.t4franquicias.com\/pt\/wp-json\/wp\/v2\/pages\/17\/revisions"}],"wp:attachment":[{"href":"https:\/\/www.t4franquicias.com\/pt\/wp-json\/wp\/v2\/media?parent=17"}],"curies":[{"name":"wp","href":"https:\/\/api.w.org\/{rel}","templated":true}]}}