{"id":120,"date":"2012-10-15T17:56:08","date_gmt":"2012-10-15T15:56:08","guid":{"rendered":"https:\/\/www.t4franquicias.com\/?page_id=120"},"modified":"2025-05-23T13:15:04","modified_gmt":"2025-05-23T11:15:04","slug":"metodo-para-franquear-empresas","status":"publish","type":"page","link":"https:\/\/www.t4franquicias.com\/pt\/empresa\/metodo-para-franquear-empresas\/","title":{"rendered":"M\u00e9todo para franquear empresas"},"content":{"rendered":"<div id=\"the_content\" class=\"row\"><div class=\"cell bg12\"><h2>O nosso m\u00e9todo para franquear empresas<\/h2>\n<article class=\"text-token-text-primary w-full\" dir=\"auto\" data-testid=\"conversation-turn-50\" data-scroll-anchor=\"true\">\n<div class=\"text-base my-auto mx-auto py-5 [--thread-content-margin:--spacing(4)] @[37rem]:[--thread-content-margin:--spacing(6)] @[72rem]:[--thread-content-margin:--spacing(16)] px-(--thread-content-margin)\">\n<div class=\"[--thread-content-max-width:32rem] @[34rem]:[--thread-content-max-width:40rem] @[64rem]:[--thread-content-max-width:48rem] mx-auto flex max-w-(--thread-content-max-width) flex-1 text-base gap-4 md:gap-5 lg:gap-6 group\/turn-messages focus-visible:outline-hidden\" tabindex=\"-1\">\n<div class=\"group\/conversation-turn relative flex w-full min-w-0 flex-col agent-turn\">\n<div class=\"relative flex-col gap-1 md:gap-3\">\n<div class=\"flex max-w-full flex-col grow\">\n<div class=\"min-h-8 text-message relative flex w-full flex-col items-end gap-2 text-start break-words whitespace-normal [.text-message+&amp;]:mt-5\" dir=\"auto\" data-message-author-role=\"assistant\" data-message-id=\"d22ae11b-118e-417c-a626-26efd0d14847\" data-message-model-slug=\"gpt-4o\">\n<div class=\"flex w-full flex-col gap-1 empty:hidden first:pt-[3px]\">\n<div class=\"markdown prose dark:prose-invert w-full break-words light\">\n<p data-start=\"0\" data-end=\"184\">O nosso sistema de trabalho \u2014 o nosso m\u00e9todo para franquear empresas \u2014 comp\u00f5e-se de sete pontos fundamentais. S\u00e3o eles que fazem a diferen\u00e7a para alcan\u00e7ar o sucesso. Vamos conhec\u00ea-los:<\/p>\n<p data-start=\"186\" data-end=\"491\"><strong data-start=\"186\" data-end=\"201\">Diagn\u00f3stico<\/strong>: Desenvolvemos um protocolo exclusivo de an\u00e1lise preliminar. Atrav\u00e9s deste processo, determinamos a situa\u00e7\u00e3o inicial das empresas que come\u00e7am a trabalhar connosco e definimos as a\u00e7\u00f5es necess\u00e1rias. Desta forma, o desenvolvimento do trabalho \u00e9 sempre personalizado e adaptado a cada empresa.<\/p>\n<p data-start=\"493\" data-end=\"711\"><strong data-start=\"493\" data-end=\"506\">Objetivos<\/strong>: Identifica\u00e7\u00e3o clara dos resultados a alcan\u00e7ar e dos prazos necess\u00e1rios para os atingir, definindo as etapas, os meios a utilizar e, o mais importante, assumindo o compromisso de alcan\u00e7ar esses objetivos.<\/p>\n<p data-start=\"713\" data-end=\"891\"><strong data-start=\"713\" data-end=\"723\">Equipa<\/strong>: Atribui\u00e7\u00e3o das pessoas que ir\u00e3o participar no desenvolvimento de cada projeto, conhecendo previamente a sua qualifica\u00e7\u00e3o profissional e o seu historial de resultados.<\/p>\n<p data-start=\"893\" data-end=\"1366\"><strong data-start=\"893\" data-end=\"905\">Forma\u00e7\u00e3o<\/strong>: Todo o processo de franchising \u00e9 acompanhado por conte\u00fados formativos pr\u00e1ticos. Atrav\u00e9s destes programas, a empresa vai conhecendo em detalhe e familiarizando-se com os conceitos essenciais do que significa franquear um neg\u00f3cio. Acreditamos que \u00e9 fundamental que toda empresa que v\u00e1 integrar o sistema de franchising compreenda os elementos b\u00e1sicos, as caracter\u00edsticas e as t\u00e9cnicas necess\u00e1rias para adaptar o modelo de neg\u00f3cio e a sua estrutura organizativa.<\/p>\n<p data-start=\"1368\" data-end=\"1553\"><strong data-start=\"1368\" data-end=\"1397\">Apresenta\u00e7\u00e3o de trabalhos<\/strong>: Sess\u00f5es operativas definidas no in\u00edcio de cada projeto, nas quais se analisam os trabalhos realizados. Posteriormente, estes s\u00e3o validados pelos clientes.<\/p>\n<p data-start=\"1555\" data-end=\"1666\"><strong data-start=\"1555\" data-end=\"1569\">Resultados<\/strong>: Avalia\u00e7\u00e3o do trabalho realizado e do grau de cumprimento dos objetivos estabelecidos no in\u00edcio.<\/p>\n<p data-start=\"1668\" data-end=\"1961\" data-is-last-node=\"\" data-is-only-node=\"\"><strong data-start=\"1668\" data-end=\"1686\">Acompanhamento<\/strong>: Em primeiro lugar, importa destacar que se trata de uma a\u00e7\u00e3o de acompanhamento cont\u00ednuo, uma vez conclu\u00eddos os trabalhos, para apoiar a implementa\u00e7\u00e3o e o arranque dos mesmos, de forma a que os clientes se sintam apoiados nas fases iniciais do lan\u00e7amento das suas franquias.<\/p>\n<\/div>\n<\/div>\n<\/div>\n<\/div>\n<\/div>\n<\/div>\n<\/div>\n<\/div>\n<\/article>\n<h3>Este m\u00e9todo para franquear empresas assenta em tr\u00eas pilares fundamentais. Estes eixos constituem uma combina\u00e7\u00e3o que garante o sucesso dos nossos clientes \u2014 os seus resultados s\u00e3o a nossa satisfa\u00e7\u00e3o.<\/h3>\n<ul>\n<li>\n<p data-start=\"0\" data-end=\"259\"><strong data-start=\"0\" data-end=\"23\">Sistema de trabalho<\/strong>: O nosso sistema assenta em tr\u00eas eixos fundamentais: o planeamento, a an\u00e1lise e a fundamenta\u00e7\u00e3o dos dados. Utilizamos esquemas comprovados ao longo do tempo, sistemas de an\u00e1lise, planos de a\u00e7\u00e3o, propostas e planos de melhoria cont\u00ednua.<\/p>\n<\/li>\n<li>\n<p data-start=\"0\" data-end=\"259\"><strong data-start=\"261\" data-end=\"271\">Equipa<\/strong>: Contamos com os melhores profissionais em franchising, n\u00e3o apenas pela sua forma\u00e7\u00e3o, mas tamb\u00e9m pela sua trajet\u00f3ria e experi\u00eancia. S\u00e3o equipas que conhecer\u00e1 antes de nos contratar e nas quais poder\u00e1 comprovar a sua compet\u00eancia, qualifica\u00e7\u00e3o e conquistas.<\/p>\n<\/li>\n<li>\n<p data-start=\"0\" data-end=\"259\"><strong data-start=\"529\" data-end=\"540\">Valores<\/strong>: Compromisso com o cliente na obten\u00e7\u00e3o de resultados. Rigor, entendido como a capacidade de entregar sempre mais do que o cliente espera. Supera\u00e7\u00e3o constante das expectativas.<\/p>\n<p data-start=\"718\" data-end=\"977\" data-is-last-node=\"\" data-is-only-node=\"\">Atrav\u00e9s do nosso m\u00e9todo de trabalho para franquear empresas, j\u00e1 ajud\u00e1mos mais de 1.000 empres\u00e1rios a transformar os seus neg\u00f3cios em franquias. Com cada um deles desenvolvemos programas espec\u00edficos e personalizados, adaptados \u00e0s suas necessidades e objetivos.<\/p>\n<\/li>\n<\/ul>\n<\/div><\/div>","protected":false},"excerpt":{"rendered":"<p>O nosso m\u00e9todo para franquear empresas O nosso sistema de trabalho \u2014 o nosso m\u00e9todo para franquear empresas \u2014 comp\u00f5e-se de sete pontos fundamentais. S\u00e3o eles que fazem a diferen\u00e7a para alcan\u00e7ar o sucesso. Vamos conhec\u00ea-los: Diagn\u00f3stico: Desenvolvemos um protocolo exclusivo de an\u00e1lise preliminar. Atrav\u00e9s deste processo, determinamos a situa\u00e7\u00e3o inicial das empresas que come\u00e7am [&hellip;]<\/p>\n","protected":false},"author":1,"featured_media":0,"parent":27,"menu_order":4,"comment_status":"closed","ping_status":"closed","template":"","meta":{"_acf_changed":false,"footnotes":""},"class_list":["post-120","page","type-page","status-publish","hentry"],"acf":[],"yoast_head":"<!-- This site is optimized with the Yoast SEO Premium plugin v27.2 (Yoast SEO v27.2) - https:\/\/yoast.com\/product\/yoast-seo-premium-wordpress\/ -->\n<title>O melhor m\u00e9todo para franquear empresas<\/title>\n<meta name=\"description\" content=\"O nosso m\u00e9todo para franquear empresas comp\u00f5e-se de sete pontos que fazem a diferen\u00e7a para alcan\u00e7ar o sucesso no franchising.\" \/>\n<meta name=\"robots\" content=\"index, follow, max-snippet:-1, max-image-preview:large, max-video-preview:-1\" \/>\n<link rel=\"canonical\" href=\"https:\/\/www.t4franquicias.com\/pt\/empresa\/metodo-para-franquear-empresas\/\" \/>\n<meta property=\"og:locale\" content=\"es_ES\" \/>\n<meta property=\"og:type\" content=\"article\" \/>\n<meta property=\"og:title\" content=\"M\u00e9todo para franquear empresas\" \/>\n<meta property=\"og:description\" content=\"O nosso m\u00e9todo para franquear empresas comp\u00f5e-se de sete pontos que fazem a diferen\u00e7a para alcan\u00e7ar o sucesso no franchising.\" \/>\n<meta property=\"og:url\" content=\"https:\/\/www.t4franquicias.com\/pt\/empresa\/metodo-para-franquear-empresas\/\" \/>\n<meta property=\"og:site_name\" content=\"T4franquicias.com [pt]\" \/>\n<meta property=\"article:publisher\" content=\"https:\/\/www.facebook.com\/T4-Franquicias-270127153112770\/\" \/>\n<meta property=\"article:modified_time\" content=\"2025-05-23T11:15:04+00:00\" \/>\n<meta property=\"og:image\" content=\"https:\/\/i0.wp.com\/www.t4franquicias.com\/wp-content\/uploads\/sites\/4\/2015\/10\/T4FRANQUICIAS_web2.png\" \/>\n\t<meta property=\"og:image:width\" content=\"200\" \/>\n\t<meta property=\"og:image:height\" content=\"176\" \/>\n\t<meta property=\"og:image:type\" content=\"image\/png\" \/>\n<meta name=\"twitter:card\" content=\"summary_large_image\" \/>\n<meta name=\"twitter:site\" content=\"@T4Franquicias\" \/>\n<meta name=\"twitter:label1\" content=\"Tiempo de lectura\" \/>\n\t<meta name=\"twitter:data1\" content=\"3 minutos\" \/>\n<script type=\"application\/ld+json\" class=\"yoast-schema-graph\">{\"@context\":\"https:\/\/schema.org\",\"@graph\":[{\"@type\":\"WebPage\",\"@id\":\"https:\/\/www.t4franquicias.com\/pt\/empresa\/metodo-para-franquear-empresas\/\",\"url\":\"https:\/\/www.t4franquicias.com\/pt\/empresa\/metodo-para-franquear-empresas\/\",\"name\":\"O melhor m\u00e9todo para franquear empresas\",\"isPartOf\":{\"@id\":\"https:\/\/www.t4franquicias.com\/pt\/#website\"},\"datePublished\":\"2012-10-15T15:56:08+00:00\",\"dateModified\":\"2025-05-23T11:15:04+00:00\",\"description\":\"O nosso m\u00e9todo para franquear empresas comp\u00f5e-se de sete pontos que fazem a diferen\u00e7a para alcan\u00e7ar o sucesso no franchising.\",\"breadcrumb\":{\"@id\":\"https:\/\/www.t4franquicias.com\/pt\/empresa\/metodo-para-franquear-empresas\/#breadcrumb\"},\"inLanguage\":\"es\",\"potentialAction\":[{\"@type\":\"ReadAction\",\"target\":[\"https:\/\/www.t4franquicias.com\/pt\/empresa\/metodo-para-franquear-empresas\/\"]}]},{\"@type\":\"BreadcrumbList\",\"@id\":\"https:\/\/www.t4franquicias.com\/pt\/empresa\/metodo-para-franquear-empresas\/#breadcrumb\",\"itemListElement\":[{\"@type\":\"ListItem\",\"position\":1,\"name\":\"Portada\",\"item\":\"https:\/\/www.t4franquicias.com\/pt\/\"},{\"@type\":\"ListItem\",\"position\":2,\"name\":\"Empresa\",\"item\":\"https:\/\/www.t4franquicias.com\/pt\/empresa\/\"},{\"@type\":\"ListItem\",\"position\":3,\"name\":\"M\u00e9todo para franquear empresas\"}]},{\"@type\":\"WebSite\",\"@id\":\"https:\/\/www.t4franquicias.com\/pt\/#website\",\"url\":\"https:\/\/www.t4franquicias.com\/pt\/\",\"name\":\"T4 Franquicias\",\"description\":\" Assessores e Consultores de Franquias\",\"publisher\":{\"@id\":\"https:\/\/www.t4franquicias.com\/pt\/#organization\"},\"alternateName\":\"T4 Franquicias\",\"potentialAction\":[{\"@type\":\"SearchAction\",\"target\":{\"@type\":\"EntryPoint\",\"urlTemplate\":\"https:\/\/www.t4franquicias.com\/pt\/?s={search_term_string}\"},\"query-input\":{\"@type\":\"PropertyValueSpecification\",\"valueRequired\":true,\"valueName\":\"search_term_string\"}}],\"inLanguage\":\"es\"},{\"@type\":\"Organization\",\"@id\":\"https:\/\/www.t4franquicias.com\/pt\/#organization\",\"name\":\"T4 Fraqnuicias\",\"alternateName\":\"T4 Franquicias\",\"url\":\"https:\/\/www.t4franquicias.com\/pt\/\",\"logo\":{\"@type\":\"ImageObject\",\"inLanguage\":\"es\",\"@id\":\"https:\/\/www.t4franquicias.com\/pt\/#\/schema\/logo\/image\/\",\"url\":\"https:\/\/www.t4franquicias.com\/wp-content\/uploads\/2018\/04\/t4-logo.svg\",\"contentUrl\":\"https:\/\/www.t4franquicias.com\/wp-content\/uploads\/2018\/04\/t4-logo.svg\",\"width\":1,\"height\":1,\"caption\":\"T4 Fraqnuicias\"},\"image\":{\"@id\":\"https:\/\/www.t4franquicias.com\/pt\/#\/schema\/logo\/image\/\"},\"sameAs\":[\"https:\/\/www.facebook.com\/T4-Franquicias-270127153112770\/\",\"https:\/\/x.com\/T4Franquicias\",\"https:\/\/www.instagram.com\/t4franquicias\/\",\"https:\/\/www.linkedin.com\/authwall?trk=gf&amp;amp;amp;amp;amp;trkInfo=AQG83SA0TyN3UQAAAWMYAdeghPMLtp364yC1mwjqOVe3ltdrpkNISDeFPIu5JnOXZabpHhOck9v-kKJi00EkvJPzGLSsSKwe2E0JZHQKhoOz7ZyIDeTOPiKeS5bj4J2m9m1iR_M=&amp;amp;amp;amp;amp;originalReferer=http:\/\/www.t4franquicias.com\/&amp;amp;amp;amp;amp;sessionRedirect=https:\/\/www.linkedin.com\/company\/t4-franquicias?trk=tyah\"]}]}<\/script>\n<!-- \/ Yoast SEO Premium plugin. -->","yoast_head_json":{"title":"O melhor m\u00e9todo para franquear empresas","description":"O nosso m\u00e9todo para franquear empresas comp\u00f5e-se de sete pontos que fazem a diferen\u00e7a para alcan\u00e7ar o sucesso no franchising.","robots":{"index":"index","follow":"follow","max-snippet":"max-snippet:-1","max-image-preview":"max-image-preview:large","max-video-preview":"max-video-preview:-1"},"canonical":"https:\/\/www.t4franquicias.com\/pt\/empresa\/metodo-para-franquear-empresas\/","og_locale":"es_ES","og_type":"article","og_title":"M\u00e9todo para franquear empresas","og_description":"O nosso m\u00e9todo para franquear empresas comp\u00f5e-se de sete pontos que fazem a diferen\u00e7a para alcan\u00e7ar o sucesso no franchising.","og_url":"https:\/\/www.t4franquicias.com\/pt\/empresa\/metodo-para-franquear-empresas\/","og_site_name":"T4franquicias.com [pt]","article_publisher":"https:\/\/www.facebook.com\/T4-Franquicias-270127153112770\/","article_modified_time":"2025-05-23T11:15:04+00:00","og_image":[{"width":200,"height":176,"url":"https:\/\/i0.wp.com\/www.t4franquicias.com\/wp-content\/uploads\/sites\/4\/2015\/10\/T4FRANQUICIAS_web2.png","type":"image\/png"}],"twitter_card":"summary_large_image","twitter_site":"@T4Franquicias","twitter_misc":{"Tiempo de lectura":"3 minutos"},"schema":{"@context":"https:\/\/schema.org","@graph":[{"@type":"WebPage","@id":"https:\/\/www.t4franquicias.com\/pt\/empresa\/metodo-para-franquear-empresas\/","url":"https:\/\/www.t4franquicias.com\/pt\/empresa\/metodo-para-franquear-empresas\/","name":"O melhor m\u00e9todo para franquear empresas","isPartOf":{"@id":"https:\/\/www.t4franquicias.com\/pt\/#website"},"datePublished":"2012-10-15T15:56:08+00:00","dateModified":"2025-05-23T11:15:04+00:00","description":"O nosso m\u00e9todo para franquear empresas comp\u00f5e-se de sete pontos que fazem a diferen\u00e7a para alcan\u00e7ar o sucesso no franchising.","breadcrumb":{"@id":"https:\/\/www.t4franquicias.com\/pt\/empresa\/metodo-para-franquear-empresas\/#breadcrumb"},"inLanguage":"es","potentialAction":[{"@type":"ReadAction","target":["https:\/\/www.t4franquicias.com\/pt\/empresa\/metodo-para-franquear-empresas\/"]}]},{"@type":"BreadcrumbList","@id":"https:\/\/www.t4franquicias.com\/pt\/empresa\/metodo-para-franquear-empresas\/#breadcrumb","itemListElement":[{"@type":"ListItem","position":1,"name":"Portada","item":"https:\/\/www.t4franquicias.com\/pt\/"},{"@type":"ListItem","position":2,"name":"Empresa","item":"https:\/\/www.t4franquicias.com\/pt\/empresa\/"},{"@type":"ListItem","position":3,"name":"M\u00e9todo para franquear empresas"}]},{"@type":"WebSite","@id":"https:\/\/www.t4franquicias.com\/pt\/#website","url":"https:\/\/www.t4franquicias.com\/pt\/","name":"T4 Franquicias","description":" Assessores e Consultores de Franquias","publisher":{"@id":"https:\/\/www.t4franquicias.com\/pt\/#organization"},"alternateName":"T4 Franquicias","potentialAction":[{"@type":"SearchAction","target":{"@type":"EntryPoint","urlTemplate":"https:\/\/www.t4franquicias.com\/pt\/?s={search_term_string}"},"query-input":{"@type":"PropertyValueSpecification","valueRequired":true,"valueName":"search_term_string"}}],"inLanguage":"es"},{"@type":"Organization","@id":"https:\/\/www.t4franquicias.com\/pt\/#organization","name":"T4 Fraqnuicias","alternateName":"T4 Franquicias","url":"https:\/\/www.t4franquicias.com\/pt\/","logo":{"@type":"ImageObject","inLanguage":"es","@id":"https:\/\/www.t4franquicias.com\/pt\/#\/schema\/logo\/image\/","url":"https:\/\/www.t4franquicias.com\/wp-content\/uploads\/2018\/04\/t4-logo.svg","contentUrl":"https:\/\/www.t4franquicias.com\/wp-content\/uploads\/2018\/04\/t4-logo.svg","width":1,"height":1,"caption":"T4 Fraqnuicias"},"image":{"@id":"https:\/\/www.t4franquicias.com\/pt\/#\/schema\/logo\/image\/"},"sameAs":["https:\/\/www.facebook.com\/T4-Franquicias-270127153112770\/","https:\/\/x.com\/T4Franquicias","https:\/\/www.instagram.com\/t4franquicias\/","https:\/\/www.linkedin.com\/authwall?trk=gf&amp;amp;amp;amp;amp;trkInfo=AQG83SA0TyN3UQAAAWMYAdeghPMLtp364yC1mwjqOVe3ltdrpkNISDeFPIu5JnOXZabpHhOck9v-kKJi00EkvJPzGLSsSKwe2E0JZHQKhoOz7ZyIDeTOPiKeS5bj4J2m9m1iR_M=&amp;amp;amp;amp;amp;originalReferer=http:\/\/www.t4franquicias.com\/&amp;amp;amp;amp;amp;sessionRedirect=https:\/\/www.linkedin.com\/company\/t4-franquicias?trk=tyah"]}]}},"_links":{"self":[{"href":"https:\/\/www.t4franquicias.com\/pt\/wp-json\/wp\/v2\/pages\/120","targetHints":{"allow":["GET"]}}],"collection":[{"href":"https:\/\/www.t4franquicias.com\/pt\/wp-json\/wp\/v2\/pages"}],"about":[{"href":"https:\/\/www.t4franquicias.com\/pt\/wp-json\/wp\/v2\/types\/page"}],"author":[{"embeddable":true,"href":"https:\/\/www.t4franquicias.com\/pt\/wp-json\/wp\/v2\/users\/1"}],"replies":[{"embeddable":true,"href":"https:\/\/www.t4franquicias.com\/pt\/wp-json\/wp\/v2\/comments?post=120"}],"version-history":[{"count":0,"href":"https:\/\/www.t4franquicias.com\/pt\/wp-json\/wp\/v2\/pages\/120\/revisions"}],"up":[{"embeddable":true,"href":"https:\/\/www.t4franquicias.com\/pt\/wp-json\/wp\/v2\/pages\/27"}],"wp:attachment":[{"href":"https:\/\/www.t4franquicias.com\/pt\/wp-json\/wp\/v2\/media?parent=120"}],"curies":[{"name":"wp","href":"https:\/\/api.w.org\/{rel}","templated":true}]}}