{"id":118,"date":"2012-10-15T17:55:56","date_gmt":"2012-10-15T15:55:56","guid":{"rendered":"https:\/\/www.t4franquicias.com\/?page_id=118"},"modified":"2025-05-23T13:23:54","modified_gmt":"2025-05-23T11:23:54","slug":"nossa-visao","status":"publish","type":"page","link":"https:\/\/www.t4franquicias.com\/pt\/empresa\/nossa-visao\/","title":{"rendered":"Porqu\u00ea a T4 Franquicias?"},"content":{"rendered":"<div id=\"the_content\" class=\"row\"><div class=\"cell bg12\"><article class=\"text-token-text-primary w-full\" dir=\"auto\" data-testid=\"conversation-turn-68\" data-scroll-anchor=\"true\">\n<div class=\"text-base my-auto mx-auto py-5 [--thread-content-margin:--spacing(4)] @[37rem]:[--thread-content-margin:--spacing(6)] @[72rem]:[--thread-content-margin:--spacing(16)] px-(--thread-content-margin)\">\n<div class=\"[--thread-content-max-width:32rem] @[34rem]:[--thread-content-max-width:40rem] @[64rem]:[--thread-content-max-width:48rem] mx-auto flex max-w-(--thread-content-max-width) flex-1 text-base gap-4 md:gap-5 lg:gap-6 group\/turn-messages focus-visible:outline-hidden\" tabindex=\"-1\">\n<div class=\"group\/conversation-turn relative flex w-full min-w-0 flex-col agent-turn\">\n<div class=\"relative flex-col gap-1 md:gap-3\">\n<div class=\"flex max-w-full flex-col grow\">\n<div class=\"min-h-8 text-message relative flex w-full flex-col items-end gap-2 text-start break-words whitespace-normal [.text-message+&amp;]:mt-5\" dir=\"auto\" data-message-author-role=\"assistant\" data-message-id=\"2376aed7-055e-4db1-b81d-4909b1852c5d\" data-message-model-slug=\"gpt-4o\">\n<div class=\"flex w-full flex-col gap-1 empty:hidden first:pt-[3px]\">\n<div class=\"markdown prose dark:prose-invert w-full break-words light\">\n<p data-start=\"0\" data-end=\"101\">Queremos proporcionar aos nossos clientes solu\u00e7\u00f5es eficientes e acess\u00edveis para as suas necessidades.<\/p>\n<p data-start=\"103\" data-end=\"204\">O nosso objetivo inicial \u00e9 responder \u00e0 pergunta que pedimos sempre aos nossos clientes que nos fa\u00e7am:<\/p>\n<p data-start=\"206\" data-end=\"290\"><strong data-start=\"206\" data-end=\"290\">O QUE \u00c9 QUE A MINHA EMPRESA VAI GANHAR AO CONTRATAR OS SERVI\u00c7OS DA T4 FRANQUIAS?<\/strong><\/p>\n<p data-start=\"292\" data-end=\"399\">Para maximizar o valor desta resposta, desenh\u00e1mos um processo de trabalho rigoroso e em constante melhoria.<\/p>\n<p data-start=\"401\" data-end=\"561\" data-is-last-node=\"\" data-is-only-node=\"\">Queremos que os clientes tenham claro o que vamos fazer por eles, os resultados que vamos alcan\u00e7ar e que saibam que assumiremos o compromisso de os concretizar.<\/p>\n<\/div>\n<\/div>\n<\/div>\n<\/div>\n<\/div>\n<div class=\"absolute\">\n<div class=\"flex items-center justify-center\"><\/div>\n<\/div>\n<\/div>\n<\/div>\n<\/div>\n<\/article>\n<div class=\"pointer-events-none h-px w-px\" aria-hidden=\"true\" data-edge=\"true\"><\/div>\n<\/div><\/div>","protected":false},"excerpt":{"rendered":"<p>Queremos proporcionar aos nossos clientes solu\u00e7\u00f5es eficientes e acess\u00edveis para as suas necessidades. O nosso objetivo inicial \u00e9 responder \u00e0 pergunta que pedimos sempre aos nossos clientes que nos fa\u00e7am: O QUE \u00c9 QUE A MINHA EMPRESA VAI GANHAR AO CONTRATAR OS SERVI\u00c7OS DA T4 FRANQUIAS? Para maximizar o valor desta resposta, desenh\u00e1mos um processo [&hellip;]<\/p>\n","protected":false},"author":1,"featured_media":0,"parent":27,"menu_order":5,"comment_status":"closed","ping_status":"closed","template":"","meta":{"_acf_changed":false,"footnotes":""},"class_list":["post-118","page","type-page","status-publish","hentry"],"acf":[],"yoast_head":"<!-- This site is optimized with the Yoast SEO Premium plugin v27.2 (Yoast SEO v27.2) - https:\/\/yoast.com\/product\/yoast-seo-premium-wordpress\/ -->\n<title>A nossa vis\u00e3o sobre o mundo do franquia<\/title>\n<meta name=\"description\" content=\"Proporcionamos aos nossos clientes solu\u00e7\u00f5es eficientes e acess\u00edveis para as suas necessidades.O que as empresas obt\u00eam ao contratar os servi\u00e7os da T4 Franquias.\" \/>\n<meta name=\"robots\" content=\"index, follow, max-snippet:-1, max-image-preview:large, max-video-preview:-1\" \/>\n<link rel=\"canonical\" href=\"https:\/\/www.t4franquicias.com\/pt\/empresa\/nossa-visao\/\" \/>\n<meta property=\"og:locale\" content=\"es_ES\" \/>\n<meta property=\"og:type\" content=\"article\" \/>\n<meta property=\"og:title\" content=\"Porqu\u00ea a T4 Franquicias?\" \/>\n<meta property=\"og:description\" content=\"Proporcionamos aos nossos clientes solu\u00e7\u00f5es eficientes e acess\u00edveis para as suas necessidades.O que as empresas obt\u00eam ao contratar os servi\u00e7os da T4 Franquias.\" \/>\n<meta property=\"og:url\" content=\"https:\/\/www.t4franquicias.com\/pt\/empresa\/nossa-visao\/\" \/>\n<meta property=\"og:site_name\" content=\"T4franquicias.com [pt]\" \/>\n<meta property=\"article:publisher\" content=\"https:\/\/www.facebook.com\/T4-Franquicias-270127153112770\/\" \/>\n<meta property=\"article:modified_time\" content=\"2025-05-23T11:23:54+00:00\" \/>\n<meta property=\"og:image\" content=\"https:\/\/i0.wp.com\/www.t4franquicias.com\/wp-content\/uploads\/sites\/4\/2015\/10\/T4FRANQUICIAS_web2.png\" \/>\n\t<meta property=\"og:image:width\" content=\"200\" \/>\n\t<meta property=\"og:image:height\" content=\"176\" \/>\n\t<meta property=\"og:image:type\" content=\"image\/png\" \/>\n<meta name=\"twitter:card\" content=\"summary_large_image\" \/>\n<meta name=\"twitter:site\" content=\"@T4Franquicias\" \/>\n<meta name=\"twitter:label1\" content=\"Tiempo de lectura\" \/>\n\t<meta name=\"twitter:data1\" content=\"1 minuto\" \/>\n<script type=\"application\/ld+json\" class=\"yoast-schema-graph\">{\"@context\":\"https:\/\/schema.org\",\"@graph\":[{\"@type\":\"WebPage\",\"@id\":\"https:\/\/www.t4franquicias.com\/pt\/empresa\/nossa-visao\/\",\"url\":\"https:\/\/www.t4franquicias.com\/pt\/empresa\/nossa-visao\/\",\"name\":\"A nossa vis\u00e3o sobre o mundo do franquia\",\"isPartOf\":{\"@id\":\"https:\/\/www.t4franquicias.com\/pt\/#website\"},\"datePublished\":\"2012-10-15T15:55:56+00:00\",\"dateModified\":\"2025-05-23T11:23:54+00:00\",\"description\":\"Proporcionamos aos nossos clientes solu\u00e7\u00f5es eficientes e acess\u00edveis para as suas necessidades.O que as empresas obt\u00eam ao contratar os servi\u00e7os da T4 Franquias.\",\"breadcrumb\":{\"@id\":\"https:\/\/www.t4franquicias.com\/pt\/empresa\/nossa-visao\/#breadcrumb\"},\"inLanguage\":\"es\",\"potentialAction\":[{\"@type\":\"ReadAction\",\"target\":[\"https:\/\/www.t4franquicias.com\/pt\/empresa\/nossa-visao\/\"]}]},{\"@type\":\"BreadcrumbList\",\"@id\":\"https:\/\/www.t4franquicias.com\/pt\/empresa\/nossa-visao\/#breadcrumb\",\"itemListElement\":[{\"@type\":\"ListItem\",\"position\":1,\"name\":\"Portada\",\"item\":\"https:\/\/www.t4franquicias.com\/pt\/\"},{\"@type\":\"ListItem\",\"position\":2,\"name\":\"Empresa\",\"item\":\"https:\/\/www.t4franquicias.com\/pt\/empresa\/\"},{\"@type\":\"ListItem\",\"position\":3,\"name\":\"Porqu\u00ea a T4 Franquicias?\"}]},{\"@type\":\"WebSite\",\"@id\":\"https:\/\/www.t4franquicias.com\/pt\/#website\",\"url\":\"https:\/\/www.t4franquicias.com\/pt\/\",\"name\":\"T4 Franquicias\",\"description\":\" Assessores e Consultores de Franquias\",\"publisher\":{\"@id\":\"https:\/\/www.t4franquicias.com\/pt\/#organization\"},\"alternateName\":\"T4 Franquicias\",\"potentialAction\":[{\"@type\":\"SearchAction\",\"target\":{\"@type\":\"EntryPoint\",\"urlTemplate\":\"https:\/\/www.t4franquicias.com\/pt\/?s={search_term_string}\"},\"query-input\":{\"@type\":\"PropertyValueSpecification\",\"valueRequired\":true,\"valueName\":\"search_term_string\"}}],\"inLanguage\":\"es\"},{\"@type\":\"Organization\",\"@id\":\"https:\/\/www.t4franquicias.com\/pt\/#organization\",\"name\":\"T4 Fraqnuicias\",\"alternateName\":\"T4 Franquicias\",\"url\":\"https:\/\/www.t4franquicias.com\/pt\/\",\"logo\":{\"@type\":\"ImageObject\",\"inLanguage\":\"es\",\"@id\":\"https:\/\/www.t4franquicias.com\/pt\/#\/schema\/logo\/image\/\",\"url\":\"https:\/\/www.t4franquicias.com\/wp-content\/uploads\/2018\/04\/t4-logo.svg\",\"contentUrl\":\"https:\/\/www.t4franquicias.com\/wp-content\/uploads\/2018\/04\/t4-logo.svg\",\"width\":1,\"height\":1,\"caption\":\"T4 Fraqnuicias\"},\"image\":{\"@id\":\"https:\/\/www.t4franquicias.com\/pt\/#\/schema\/logo\/image\/\"},\"sameAs\":[\"https:\/\/www.facebook.com\/T4-Franquicias-270127153112770\/\",\"https:\/\/x.com\/T4Franquicias\",\"https:\/\/www.instagram.com\/t4franquicias\/\",\"https:\/\/www.linkedin.com\/authwall?trk=gf&amp;amp;amp;amp;amp;trkInfo=AQG83SA0TyN3UQAAAWMYAdeghPMLtp364yC1mwjqOVe3ltdrpkNISDeFPIu5JnOXZabpHhOck9v-kKJi00EkvJPzGLSsSKwe2E0JZHQKhoOz7ZyIDeTOPiKeS5bj4J2m9m1iR_M=&amp;amp;amp;amp;amp;originalReferer=http:\/\/www.t4franquicias.com\/&amp;amp;amp;amp;amp;sessionRedirect=https:\/\/www.linkedin.com\/company\/t4-franquicias?trk=tyah\"]}]}<\/script>\n<!-- \/ Yoast SEO Premium plugin. -->","yoast_head_json":{"title":"A nossa vis\u00e3o sobre o mundo do franquia","description":"Proporcionamos aos nossos clientes solu\u00e7\u00f5es eficientes e acess\u00edveis para as suas necessidades.O que as empresas obt\u00eam ao contratar os servi\u00e7os da T4 Franquias.","robots":{"index":"index","follow":"follow","max-snippet":"max-snippet:-1","max-image-preview":"max-image-preview:large","max-video-preview":"max-video-preview:-1"},"canonical":"https:\/\/www.t4franquicias.com\/pt\/empresa\/nossa-visao\/","og_locale":"es_ES","og_type":"article","og_title":"Porqu\u00ea a T4 Franquicias?","og_description":"Proporcionamos aos nossos clientes solu\u00e7\u00f5es eficientes e acess\u00edveis para as suas necessidades.O que as empresas obt\u00eam ao contratar os servi\u00e7os da T4 Franquias.","og_url":"https:\/\/www.t4franquicias.com\/pt\/empresa\/nossa-visao\/","og_site_name":"T4franquicias.com [pt]","article_publisher":"https:\/\/www.facebook.com\/T4-Franquicias-270127153112770\/","article_modified_time":"2025-05-23T11:23:54+00:00","og_image":[{"width":200,"height":176,"url":"https:\/\/i0.wp.com\/www.t4franquicias.com\/wp-content\/uploads\/sites\/4\/2015\/10\/T4FRANQUICIAS_web2.png","type":"image\/png"}],"twitter_card":"summary_large_image","twitter_site":"@T4Franquicias","twitter_misc":{"Tiempo de lectura":"1 minuto"},"schema":{"@context":"https:\/\/schema.org","@graph":[{"@type":"WebPage","@id":"https:\/\/www.t4franquicias.com\/pt\/empresa\/nossa-visao\/","url":"https:\/\/www.t4franquicias.com\/pt\/empresa\/nossa-visao\/","name":"A nossa vis\u00e3o sobre o mundo do franquia","isPartOf":{"@id":"https:\/\/www.t4franquicias.com\/pt\/#website"},"datePublished":"2012-10-15T15:55:56+00:00","dateModified":"2025-05-23T11:23:54+00:00","description":"Proporcionamos aos nossos clientes solu\u00e7\u00f5es eficientes e acess\u00edveis para as suas necessidades.O que as empresas obt\u00eam ao contratar os servi\u00e7os da T4 Franquias.","breadcrumb":{"@id":"https:\/\/www.t4franquicias.com\/pt\/empresa\/nossa-visao\/#breadcrumb"},"inLanguage":"es","potentialAction":[{"@type":"ReadAction","target":["https:\/\/www.t4franquicias.com\/pt\/empresa\/nossa-visao\/"]}]},{"@type":"BreadcrumbList","@id":"https:\/\/www.t4franquicias.com\/pt\/empresa\/nossa-visao\/#breadcrumb","itemListElement":[{"@type":"ListItem","position":1,"name":"Portada","item":"https:\/\/www.t4franquicias.com\/pt\/"},{"@type":"ListItem","position":2,"name":"Empresa","item":"https:\/\/www.t4franquicias.com\/pt\/empresa\/"},{"@type":"ListItem","position":3,"name":"Porqu\u00ea a T4 Franquicias?"}]},{"@type":"WebSite","@id":"https:\/\/www.t4franquicias.com\/pt\/#website","url":"https:\/\/www.t4franquicias.com\/pt\/","name":"T4 Franquicias","description":" Assessores e Consultores de Franquias","publisher":{"@id":"https:\/\/www.t4franquicias.com\/pt\/#organization"},"alternateName":"T4 Franquicias","potentialAction":[{"@type":"SearchAction","target":{"@type":"EntryPoint","urlTemplate":"https:\/\/www.t4franquicias.com\/pt\/?s={search_term_string}"},"query-input":{"@type":"PropertyValueSpecification","valueRequired":true,"valueName":"search_term_string"}}],"inLanguage":"es"},{"@type":"Organization","@id":"https:\/\/www.t4franquicias.com\/pt\/#organization","name":"T4 Fraqnuicias","alternateName":"T4 Franquicias","url":"https:\/\/www.t4franquicias.com\/pt\/","logo":{"@type":"ImageObject","inLanguage":"es","@id":"https:\/\/www.t4franquicias.com\/pt\/#\/schema\/logo\/image\/","url":"https:\/\/www.t4franquicias.com\/wp-content\/uploads\/2018\/04\/t4-logo.svg","contentUrl":"https:\/\/www.t4franquicias.com\/wp-content\/uploads\/2018\/04\/t4-logo.svg","width":1,"height":1,"caption":"T4 Fraqnuicias"},"image":{"@id":"https:\/\/www.t4franquicias.com\/pt\/#\/schema\/logo\/image\/"},"sameAs":["https:\/\/www.facebook.com\/T4-Franquicias-270127153112770\/","https:\/\/x.com\/T4Franquicias","https:\/\/www.instagram.com\/t4franquicias\/","https:\/\/www.linkedin.com\/authwall?trk=gf&amp;amp;amp;amp;amp;trkInfo=AQG83SA0TyN3UQAAAWMYAdeghPMLtp364yC1mwjqOVe3ltdrpkNISDeFPIu5JnOXZabpHhOck9v-kKJi00EkvJPzGLSsSKwe2E0JZHQKhoOz7ZyIDeTOPiKeS5bj4J2m9m1iR_M=&amp;amp;amp;amp;amp;originalReferer=http:\/\/www.t4franquicias.com\/&amp;amp;amp;amp;amp;sessionRedirect=https:\/\/www.linkedin.com\/company\/t4-franquicias?trk=tyah"]}]}},"_links":{"self":[{"href":"https:\/\/www.t4franquicias.com\/pt\/wp-json\/wp\/v2\/pages\/118","targetHints":{"allow":["GET"]}}],"collection":[{"href":"https:\/\/www.t4franquicias.com\/pt\/wp-json\/wp\/v2\/pages"}],"about":[{"href":"https:\/\/www.t4franquicias.com\/pt\/wp-json\/wp\/v2\/types\/page"}],"author":[{"embeddable":true,"href":"https:\/\/www.t4franquicias.com\/pt\/wp-json\/wp\/v2\/users\/1"}],"replies":[{"embeddable":true,"href":"https:\/\/www.t4franquicias.com\/pt\/wp-json\/wp\/v2\/comments?post=118"}],"version-history":[{"count":0,"href":"https:\/\/www.t4franquicias.com\/pt\/wp-json\/wp\/v2\/pages\/118\/revisions"}],"up":[{"embeddable":true,"href":"https:\/\/www.t4franquicias.com\/pt\/wp-json\/wp\/v2\/pages\/27"}],"wp:attachment":[{"href":"https:\/\/www.t4franquicias.com\/pt\/wp-json\/wp\/v2\/media?parent=118"}],"curies":[{"name":"wp","href":"https:\/\/api.w.org\/{rel}","templated":true}]}}