{"id":116,"date":"2012-10-15T17:55:43","date_gmt":"2012-10-15T15:55:43","guid":{"rendered":"https:\/\/www.t4franquicias.com\/?page_id=116"},"modified":"2025-05-23T12:57:26","modified_gmt":"2025-05-23T10:57:26","slug":"os-nossos-escritorios","status":"publish","type":"page","link":"https:\/\/www.t4franquicias.com\/pt\/empresa\/os-nossos-escritorios\/","title":{"rendered":"Os Nossos Escrit\u00f3rios"},"content":{"rendered":"<div id=\"the_content\" class=\"row\"><div class=\"cell bg12\"><h3>Somos mais de 30 profissionais, com v\u00e1rios anos de sucesso no mundo do franchising, e contamos com 9 delega\u00e7\u00f5es distribu\u00eddas por toda a geografia espanhola.<\/h3> <p><!--[one_third]--><div class=\"custom\" style=\"width:40%;\"><\/p> <div style=\"text-align: center;\"> <h4 style=\"margin-bottom: 5px;\"><span style=\"font-size: 30px; color: #e00000;\">Estuctura<\/span><\/h4> <h5 style=\"margin-bottom: 5px;\"><span style=\"font-size: 24px; color: #e00000;\">\u00c1reas de Atividade<\/span><span style=\"font-size: 14px; color: #ffffff;\">\/mo<\/span><\/h5> <\/div> <p><!--&#091;custom_list style=\"list-2\"&#093;--><\/p> <ul> <li>Estrat\u00e9gia<\/li> <li>Comunica\u00e7\u00e3o e Marketing<\/li> <li>Comercializa\u00e7\u00e3o de Franquias<\/li> <li>Marketing Online<\/li> <li>Internet<\/li> <li>Jur\u00eddico<\/li> <li>Rela\u00e7\u00f5es P\u00fablicas e Comunica\u00e7\u00e3o<\/li> <\/ul> <a alt=\"m\u00e1s info\" class=\"button\" text=\"Con\u00f3cenos\" title=\"Conoce a nuestro equipo\" url=\"https:\/\/www.t4franquicias.com\/empresa\/quienes-somos\/\" href=\"https:\/\/www.t4franquicias.com\/empresa\/quienes-somos\/\" size=\"medium\" bg_color=\"#e7212b\" text_color=\"#FFFFFF\" align=\"left\" target=\"_self\" >Con\u00f3cenos<\/a> <p><\/div><!--[\/one_third]--><\/p> <p data-start=\"0\" data-end=\"208\">Cada uma das pessoas que fazem parte da nossa organiza\u00e7\u00e3o contribui com o mais elevado n\u00edvel de conhecimento e desempenho que se pode encontrar atualmente no sistema de franchising, nas suas diferentes \u00e1reas.<\/p> <p data-start=\"210\" data-end=\"477\">Dispomos das melhores ferramentas e m\u00e9todos de trabalho para captar franchisados, para publicitar e posicionar marcas, para desenvolver redes de franchising \u2014 em suma, para acrescentar valor a cada um dos nossos clientes e oferecer solu\u00e7\u00f5es em forma de rentabilidade.<\/p> <p data-start=\"479\" data-end=\"695\" data-is-last-node=\"\" data-is-only-node=\"\">Somos, sem qualquer d\u00favida, a equipa profissional que mais projetos realizou a n\u00edvel nacional, e fizemo-lo atrav\u00e9s de um sistema de trabalho altamente apurado e adaptado \u00e0s novas necessidades e exig\u00eancias do mercado.<\/p> <h3>Escrit\u00f3rios e delega\u00e7\u00f5es da T4 Franquias<\/h3> <p>A T4 Franquias conta com escrit\u00f3rios em Madrid e Barcelona, e delega\u00e7\u00f5es distribu\u00eddas por toda a geografia espanhola. Visita-nos!<\/p> \n\t<div id=\"crr_1_9436\" class=\"row crr post play wjs\">\n\t\t<div class=\"cell bg12 crop\">\n\t\t\t<div class=\"carrousel row\" style=\"width:1100%;\"><div class=\"cell\" style=\"width:9.0909090909091%;\"><div class=\"row diapo gr1\"><img decoding=\"async\" src=\"https:\/\/i0.wp.com\/www.t4franquicias.com\/wp-content\/uploads\/2023\/01\/DSC02082.jpg\"><\/div><\/div><div class=\"cell\" style=\"width:9.0909090909091%;\"><div class=\"row diapo gr1\"><img decoding=\"async\" src=\"https:\/\/i0.wp.com\/www.t4franquicias.com\/wp-content\/uploads\/2023\/01\/DSC02097-scaled.jpg\"><\/div><\/div><div class=\"cell\" style=\"width:9.0909090909091%;\"><div class=\"row diapo gr1\"><img decoding=\"async\" src=\"https:\/\/i0.wp.com\/www.t4franquicias.com\/wp-content\/uploads\/2023\/01\/DSC02105.jpg\"><\/div><\/div><div class=\"cell\" style=\"width:9.0909090909091%;\"><div class=\"row diapo gr1\"><img decoding=\"async\" src=\"https:\/\/i0.wp.com\/www.t4franquicias.com\/wp-content\/uploads\/2023\/01\/DSC02114-scaled.jpg\"><\/div><\/div><div class=\"cell\" style=\"width:9.0909090909091%;\"><div class=\"row diapo gr1\"><img decoding=\"async\" src=\"https:\/\/i0.wp.com\/www.t4franquicias.com\/wp-content\/uploads\/2023\/01\/DSC02117-scaled.jpg\"><\/div><\/div><div class=\"cell\" style=\"width:9.0909090909091%;\"><div class=\"row diapo gr1\"><img decoding=\"async\" src=\"https:\/\/i0.wp.com\/www.t4franquicias.com\/wp-content\/uploads\/2023\/01\/DSC02089-scaled.jpg\"><\/div><\/div><div class=\"cell\" style=\"width:9.0909090909091%;\"><div class=\"row diapo gr1\"><img decoding=\"async\" src=\"https:\/\/i0.wp.com\/www.t4franquicias.com\/wp-content\/uploads\/2023\/01\/DSC02095-scaled.jpg\"><\/div><\/div><div class=\"cell\" style=\"width:9.0909090909091%;\"><div class=\"row diapo gr1\"><img decoding=\"async\" src=\"https:\/\/i0.wp.com\/www.t4franquicias.com\/wp-content\/uploads\/2023\/01\/DSC02072-scaled.jpg\"><\/div><\/div><div class=\"cell\" style=\"width:9.0909090909091%;\"><div class=\"row diapo gr1\"><img decoding=\"async\" src=\"https:\/\/i0.wp.com\/www.t4franquicias.com\/wp-content\/uploads\/2023\/01\/DSC02064-scaled.jpg\"><\/div><\/div><div class=\"cell\" style=\"width:9.0909090909091%;\"><div class=\"row diapo gr1\"><img decoding=\"async\" src=\"https:\/\/i0.wp.com\/www.t4franquicias.com\/wp-content\/uploads\/2023\/01\/DSC02086-scaled.jpg\"><\/div><\/div><div class=\"cell\" style=\"width:9.0909090909091%;\"><div class=\"row diapo gr1\"><img decoding=\"async\" src=\"https:\/\/i0.wp.com\/www.t4franquicias.com\/wp-content\/uploads\/2023\/01\/DSC02082.jpg\"><\/div><\/div>\n\t\t\t<\/div>\n\t\t<\/div>\n            <div class=\"cell bg12 control\"><a url=\"#left\">Previous<\/a><a class=\"\" url=\"0\" style=\"animation-delay:0s;\">*<\/a><a class=\"\" url=\"1\" style=\"animation-delay:4s;\">*<\/a><a class=\"\" url=\"2\" style=\"animation-delay:8s;\">*<\/a><a class=\"\" url=\"3\" style=\"animation-delay:12s;\">*<\/a><a class=\"\" url=\"4\" style=\"animation-delay:16s;\">*<\/a><a class=\"\" url=\"5\" style=\"animation-delay:20s;\">*<\/a><a class=\"\" url=\"6\" style=\"animation-delay:24s;\">*<\/a><a class=\"\" url=\"7\" style=\"animation-delay:28s;\">*<\/a><a class=\"\" url=\"8\" style=\"animation-delay:32s;\">*<\/a><a class=\"\" url=\"9\" style=\"animation-delay:36s;\">*<\/a><a url=\"#right\">Next<\/a>\n            <\/div>\n\t<\/div> <p><!--[--gallery columns=\"4\" size=\"full\" ids=\"11750,11754,11755,11756,11757,11752,11753,11748,11747,11751\"--]--><\/p><\/div><\/div>","protected":false},"excerpt":{"rendered":"<p>Somos mais de 30 profissionais, com v\u00e1rios anos de sucesso no mundo do franchising, e contamos com 9 delega\u00e7\u00f5es distribu\u00eddas por toda a geografia espanhola. Cada uma das pessoas que fazem parte da nossa organiza\u00e7\u00e3o contribui com o mais elevado n\u00edvel de conhecimento e desempenho que se pode encontrar atualmente no sistema de franchising, nas [&hellip;]<\/p>\n","protected":false},"author":1,"featured_media":0,"parent":27,"menu_order":2,"comment_status":"closed","ping_status":"closed","template":"","meta":{"_acf_changed":false,"footnotes":""},"class_list":["post-116","page","type-page","status-publish","hentry"],"acf":[],"yoast_head":"<!-- This site is optimized with the Yoast SEO Premium plugin v27.2 (Yoast SEO v27.2) - https:\/\/yoast.com\/product\/yoast-seo-premium-wordpress\/ -->\n<title>Os Nossos Escrit\u00f3rios<\/title>\n<meta name=\"description\" content=\"A T4 Franquias conta com escrit\u00f3rios em Madrid e Barcelona e 9 delega\u00e7\u00f5es distribu\u00eddas por toda a geografia espanhola. Visita-nos!\" \/>\n<meta name=\"robots\" content=\"index, follow, max-snippet:-1, max-image-preview:large, max-video-preview:-1\" \/>\n<link rel=\"canonical\" href=\"https:\/\/www.t4franquicias.com\/pt\/empresa\/os-nossos-escritorios\/\" \/>\n<meta property=\"og:locale\" content=\"es_ES\" \/>\n<meta property=\"og:type\" content=\"article\" \/>\n<meta property=\"og:title\" content=\"Os Nossos Escrit\u00f3rios\" \/>\n<meta property=\"og:description\" content=\"A T4 Franquias conta com escrit\u00f3rios em Madrid e Barcelona e 9 delega\u00e7\u00f5es distribu\u00eddas por toda a geografia espanhola. Visita-nos!\" \/>\n<meta property=\"og:url\" content=\"https:\/\/www.t4franquicias.com\/pt\/empresa\/os-nossos-escritorios\/\" \/>\n<meta property=\"og:site_name\" content=\"T4franquicias.com [pt]\" \/>\n<meta property=\"article:publisher\" content=\"https:\/\/www.facebook.com\/T4-Franquicias-270127153112770\/\" \/>\n<meta property=\"article:modified_time\" content=\"2025-05-23T10:57:26+00:00\" \/>\n<meta property=\"og:image\" content=\"https:\/\/i0.wp.com\/www.t4franquicias.com\/wp-content\/uploads\/2023\/01\/DSC02082.jpg\" \/>\n<meta name=\"twitter:card\" content=\"summary_large_image\" \/>\n<meta name=\"twitter:site\" content=\"@T4Franquicias\" \/>\n<meta name=\"twitter:label1\" content=\"Tiempo de lectura\" \/>\n\t<meta name=\"twitter:data1\" content=\"3 minutos\" \/>\n<script type=\"application\/ld+json\" class=\"yoast-schema-graph\">{\"@context\":\"https:\/\/schema.org\",\"@graph\":[{\"@type\":\"WebPage\",\"@id\":\"https:\/\/www.t4franquicias.com\/pt\/empresa\/os-nossos-escritorios\/\",\"url\":\"https:\/\/www.t4franquicias.com\/pt\/empresa\/os-nossos-escritorios\/\",\"name\":\"Os Nossos Escrit\u00f3rios\",\"isPartOf\":{\"@id\":\"https:\/\/www.t4franquicias.com\/pt\/#website\"},\"primaryImageOfPage\":{\"@id\":\"https:\/\/www.t4franquicias.com\/pt\/empresa\/os-nossos-escritorios\/#primaryimage\"},\"image\":{\"@id\":\"https:\/\/www.t4franquicias.com\/pt\/empresa\/os-nossos-escritorios\/#primaryimage\"},\"thumbnailUrl\":\"https:\/\/i0.wp.com\/www.t4franquicias.com\/wp-content\/uploads\/2023\/01\/DSC02082.jpg\",\"datePublished\":\"2012-10-15T15:55:43+00:00\",\"dateModified\":\"2025-05-23T10:57:26+00:00\",\"description\":\"A T4 Franquias conta com escrit\u00f3rios em Madrid e Barcelona e 9 delega\u00e7\u00f5es distribu\u00eddas por toda a geografia espanhola. Visita-nos!\",\"breadcrumb\":{\"@id\":\"https:\/\/www.t4franquicias.com\/pt\/empresa\/os-nossos-escritorios\/#breadcrumb\"},\"inLanguage\":\"es\",\"potentialAction\":[{\"@type\":\"ReadAction\",\"target\":[\"https:\/\/www.t4franquicias.com\/pt\/empresa\/os-nossos-escritorios\/\"]}]},{\"@type\":\"ImageObject\",\"inLanguage\":\"es\",\"@id\":\"https:\/\/www.t4franquicias.com\/pt\/empresa\/os-nossos-escritorios\/#primaryimage\",\"url\":\"https:\/\/i0.wp.com\/www.t4franquicias.com\/wp-content\/uploads\/2023\/01\/DSC02082.jpg\",\"contentUrl\":\"https:\/\/i0.wp.com\/www.t4franquicias.com\/wp-content\/uploads\/2023\/01\/DSC02082.jpg\"},{\"@type\":\"BreadcrumbList\",\"@id\":\"https:\/\/www.t4franquicias.com\/pt\/empresa\/os-nossos-escritorios\/#breadcrumb\",\"itemListElement\":[{\"@type\":\"ListItem\",\"position\":1,\"name\":\"Portada\",\"item\":\"https:\/\/www.t4franquicias.com\/pt\/\"},{\"@type\":\"ListItem\",\"position\":2,\"name\":\"Empresa\",\"item\":\"https:\/\/www.t4franquicias.com\/pt\/empresa\/\"},{\"@type\":\"ListItem\",\"position\":3,\"name\":\"Os Nossos Escrit\u00f3rios\"}]},{\"@type\":\"WebSite\",\"@id\":\"https:\/\/www.t4franquicias.com\/pt\/#website\",\"url\":\"https:\/\/www.t4franquicias.com\/pt\/\",\"name\":\"T4 Franquicias\",\"description\":\" Assessores e Consultores de Franquias\",\"publisher\":{\"@id\":\"https:\/\/www.t4franquicias.com\/pt\/#organization\"},\"alternateName\":\"T4 Franquicias\",\"potentialAction\":[{\"@type\":\"SearchAction\",\"target\":{\"@type\":\"EntryPoint\",\"urlTemplate\":\"https:\/\/www.t4franquicias.com\/pt\/?s={search_term_string}\"},\"query-input\":{\"@type\":\"PropertyValueSpecification\",\"valueRequired\":true,\"valueName\":\"search_term_string\"}}],\"inLanguage\":\"es\"},{\"@type\":\"Organization\",\"@id\":\"https:\/\/www.t4franquicias.com\/pt\/#organization\",\"name\":\"T4 Fraqnuicias\",\"alternateName\":\"T4 Franquicias\",\"url\":\"https:\/\/www.t4franquicias.com\/pt\/\",\"logo\":{\"@type\":\"ImageObject\",\"inLanguage\":\"es\",\"@id\":\"https:\/\/www.t4franquicias.com\/pt\/#\/schema\/logo\/image\/\",\"url\":\"https:\/\/www.t4franquicias.com\/wp-content\/uploads\/2018\/04\/t4-logo.svg\",\"contentUrl\":\"https:\/\/www.t4franquicias.com\/wp-content\/uploads\/2018\/04\/t4-logo.svg\",\"width\":1,\"height\":1,\"caption\":\"T4 Fraqnuicias\"},\"image\":{\"@id\":\"https:\/\/www.t4franquicias.com\/pt\/#\/schema\/logo\/image\/\"},\"sameAs\":[\"https:\/\/www.facebook.com\/T4-Franquicias-270127153112770\/\",\"https:\/\/x.com\/T4Franquicias\",\"https:\/\/www.instagram.com\/t4franquicias\/\",\"https:\/\/www.linkedin.com\/authwall?trk=gf&amp;amp;amp;amp;amp;trkInfo=AQG83SA0TyN3UQAAAWMYAdeghPMLtp364yC1mwjqOVe3ltdrpkNISDeFPIu5JnOXZabpHhOck9v-kKJi00EkvJPzGLSsSKwe2E0JZHQKhoOz7ZyIDeTOPiKeS5bj4J2m9m1iR_M=&amp;amp;amp;amp;amp;originalReferer=http:\/\/www.t4franquicias.com\/&amp;amp;amp;amp;amp;sessionRedirect=https:\/\/www.linkedin.com\/company\/t4-franquicias?trk=tyah\"]}]}<\/script>\n<!-- \/ Yoast SEO Premium plugin. -->","yoast_head_json":{"title":"Os Nossos Escrit\u00f3rios","description":"A T4 Franquias conta com escrit\u00f3rios em Madrid e Barcelona e 9 delega\u00e7\u00f5es distribu\u00eddas por toda a geografia espanhola. Visita-nos!","robots":{"index":"index","follow":"follow","max-snippet":"max-snippet:-1","max-image-preview":"max-image-preview:large","max-video-preview":"max-video-preview:-1"},"canonical":"https:\/\/www.t4franquicias.com\/pt\/empresa\/os-nossos-escritorios\/","og_locale":"es_ES","og_type":"article","og_title":"Os Nossos Escrit\u00f3rios","og_description":"A T4 Franquias conta com escrit\u00f3rios em Madrid e Barcelona e 9 delega\u00e7\u00f5es distribu\u00eddas por toda a geografia espanhola. Visita-nos!","og_url":"https:\/\/www.t4franquicias.com\/pt\/empresa\/os-nossos-escritorios\/","og_site_name":"T4franquicias.com [pt]","article_publisher":"https:\/\/www.facebook.com\/T4-Franquicias-270127153112770\/","article_modified_time":"2025-05-23T10:57:26+00:00","og_image":[{"url":"https:\/\/i0.wp.com\/www.t4franquicias.com\/wp-content\/uploads\/2023\/01\/DSC02082.jpg","type":"","width":"","height":""}],"twitter_card":"summary_large_image","twitter_site":"@T4Franquicias","twitter_misc":{"Tiempo de lectura":"3 minutos"},"schema":{"@context":"https:\/\/schema.org","@graph":[{"@type":"WebPage","@id":"https:\/\/www.t4franquicias.com\/pt\/empresa\/os-nossos-escritorios\/","url":"https:\/\/www.t4franquicias.com\/pt\/empresa\/os-nossos-escritorios\/","name":"Os Nossos Escrit\u00f3rios","isPartOf":{"@id":"https:\/\/www.t4franquicias.com\/pt\/#website"},"primaryImageOfPage":{"@id":"https:\/\/www.t4franquicias.com\/pt\/empresa\/os-nossos-escritorios\/#primaryimage"},"image":{"@id":"https:\/\/www.t4franquicias.com\/pt\/empresa\/os-nossos-escritorios\/#primaryimage"},"thumbnailUrl":"https:\/\/i0.wp.com\/www.t4franquicias.com\/wp-content\/uploads\/2023\/01\/DSC02082.jpg","datePublished":"2012-10-15T15:55:43+00:00","dateModified":"2025-05-23T10:57:26+00:00","description":"A T4 Franquias conta com escrit\u00f3rios em Madrid e Barcelona e 9 delega\u00e7\u00f5es distribu\u00eddas por toda a geografia espanhola. Visita-nos!","breadcrumb":{"@id":"https:\/\/www.t4franquicias.com\/pt\/empresa\/os-nossos-escritorios\/#breadcrumb"},"inLanguage":"es","potentialAction":[{"@type":"ReadAction","target":["https:\/\/www.t4franquicias.com\/pt\/empresa\/os-nossos-escritorios\/"]}]},{"@type":"ImageObject","inLanguage":"es","@id":"https:\/\/www.t4franquicias.com\/pt\/empresa\/os-nossos-escritorios\/#primaryimage","url":"https:\/\/i0.wp.com\/www.t4franquicias.com\/wp-content\/uploads\/2023\/01\/DSC02082.jpg","contentUrl":"https:\/\/i0.wp.com\/www.t4franquicias.com\/wp-content\/uploads\/2023\/01\/DSC02082.jpg"},{"@type":"BreadcrumbList","@id":"https:\/\/www.t4franquicias.com\/pt\/empresa\/os-nossos-escritorios\/#breadcrumb","itemListElement":[{"@type":"ListItem","position":1,"name":"Portada","item":"https:\/\/www.t4franquicias.com\/pt\/"},{"@type":"ListItem","position":2,"name":"Empresa","item":"https:\/\/www.t4franquicias.com\/pt\/empresa\/"},{"@type":"ListItem","position":3,"name":"Os Nossos Escrit\u00f3rios"}]},{"@type":"WebSite","@id":"https:\/\/www.t4franquicias.com\/pt\/#website","url":"https:\/\/www.t4franquicias.com\/pt\/","name":"T4 Franquicias","description":" Assessores e Consultores de Franquias","publisher":{"@id":"https:\/\/www.t4franquicias.com\/pt\/#organization"},"alternateName":"T4 Franquicias","potentialAction":[{"@type":"SearchAction","target":{"@type":"EntryPoint","urlTemplate":"https:\/\/www.t4franquicias.com\/pt\/?s={search_term_string}"},"query-input":{"@type":"PropertyValueSpecification","valueRequired":true,"valueName":"search_term_string"}}],"inLanguage":"es"},{"@type":"Organization","@id":"https:\/\/www.t4franquicias.com\/pt\/#organization","name":"T4 Fraqnuicias","alternateName":"T4 Franquicias","url":"https:\/\/www.t4franquicias.com\/pt\/","logo":{"@type":"ImageObject","inLanguage":"es","@id":"https:\/\/www.t4franquicias.com\/pt\/#\/schema\/logo\/image\/","url":"https:\/\/www.t4franquicias.com\/wp-content\/uploads\/2018\/04\/t4-logo.svg","contentUrl":"https:\/\/www.t4franquicias.com\/wp-content\/uploads\/2018\/04\/t4-logo.svg","width":1,"height":1,"caption":"T4 Fraqnuicias"},"image":{"@id":"https:\/\/www.t4franquicias.com\/pt\/#\/schema\/logo\/image\/"},"sameAs":["https:\/\/www.facebook.com\/T4-Franquicias-270127153112770\/","https:\/\/x.com\/T4Franquicias","https:\/\/www.instagram.com\/t4franquicias\/","https:\/\/www.linkedin.com\/authwall?trk=gf&amp;amp;amp;amp;amp;trkInfo=AQG83SA0TyN3UQAAAWMYAdeghPMLtp364yC1mwjqOVe3ltdrpkNISDeFPIu5JnOXZabpHhOck9v-kKJi00EkvJPzGLSsSKwe2E0JZHQKhoOz7ZyIDeTOPiKeS5bj4J2m9m1iR_M=&amp;amp;amp;amp;amp;originalReferer=http:\/\/www.t4franquicias.com\/&amp;amp;amp;amp;amp;sessionRedirect=https:\/\/www.linkedin.com\/company\/t4-franquicias?trk=tyah"]}]}},"_links":{"self":[{"href":"https:\/\/www.t4franquicias.com\/pt\/wp-json\/wp\/v2\/pages\/116","targetHints":{"allow":["GET"]}}],"collection":[{"href":"https:\/\/www.t4franquicias.com\/pt\/wp-json\/wp\/v2\/pages"}],"about":[{"href":"https:\/\/www.t4franquicias.com\/pt\/wp-json\/wp\/v2\/types\/page"}],"author":[{"embeddable":true,"href":"https:\/\/www.t4franquicias.com\/pt\/wp-json\/wp\/v2\/users\/1"}],"replies":[{"embeddable":true,"href":"https:\/\/www.t4franquicias.com\/pt\/wp-json\/wp\/v2\/comments?post=116"}],"version-history":[{"count":0,"href":"https:\/\/www.t4franquicias.com\/pt\/wp-json\/wp\/v2\/pages\/116\/revisions"}],"up":[{"embeddable":true,"href":"https:\/\/www.t4franquicias.com\/pt\/wp-json\/wp\/v2\/pages\/27"}],"wp:attachment":[{"href":"https:\/\/www.t4franquicias.com\/pt\/wp-json\/wp\/v2\/media?parent=116"}],"curies":[{"name":"wp","href":"https:\/\/api.w.org\/{rel}","templated":true}]}}