{"id":1072,"date":"2013-11-04T16:47:16","date_gmt":"2013-11-04T15:47:16","guid":{"rendered":"https:\/\/www.t4franquicias.com\/?page_id=1072"},"modified":"2025-05-23T13:01:16","modified_gmt":"2025-05-23T11:01:16","slug":"internacionalizar-franquia","status":"publish","type":"page","link":"https:\/\/www.t4franquicias.com\/pt\/empresa\/internacionalizar-franquia\/","title":{"rendered":"T4 Internacional"},"content":{"rendered":"<div id=\"the_content\" class=\"row\"><div class=\"cell bg12\"><p><a href=\"https:\/\/www.t4franquicias.com\/wp-content\/uploads\/2021\/11\/Conoce-las-franquicias-ma\u0301s-rentables-y-econo\u0301micas-en-lafranquicia.es_.png\"><img loading=\"lazy\" decoding=\"async\" class=\"aligncenter wp-image-10705\" src=\"https:\/\/www.t4franquicias.com\/wp-content\/uploads\/2021\/11\/Conoce-las-franquicias-ma\u0301s-rentables-y-econo\u0301micas-en-lafranquicia.es_-1024x279.png\" alt=\"Internacionalizar franquicias T4 Franquicias\" width=\"800\" height=\"218\" srcset=\"https:\/\/www.t4franquicias.com\/pt\/wp-content\/uploads\/sites\/4\/2021\/11\/Conoce-las-franquicias-ma\u0301s-rentables-y-econo\u0301micas-en-lafranquicia.es_-1024x279.png 1024w, https:\/\/www.t4franquicias.com\/pt\/wp-content\/uploads\/sites\/4\/2021\/11\/Conoce-las-franquicias-ma\u0301s-rentables-y-econo\u0301micas-en-lafranquicia.es_-300x82.png 300w, https:\/\/www.t4franquicias.com\/pt\/wp-content\/uploads\/sites\/4\/2021\/11\/Conoce-las-franquicias-ma\u0301s-rentables-y-econo\u0301micas-en-lafranquicia.es_-768x209.png 768w, https:\/\/www.t4franquicias.com\/pt\/wp-content\/uploads\/sites\/4\/2021\/11\/Conoce-las-franquicias-ma\u0301s-rentables-y-econo\u0301micas-en-lafranquicia.es_.png 1100w\" sizes=\"auto, (max-width: 800px) 100vw, 800px\" \/><\/a><\/p> <p data-start=\"0\" data-end=\"198\">A T4 Franquias tem uma clara voca\u00e7\u00e3o para apoiar o crescimento internacional das franquias espanholas. Investimos no desenvolvimento de ferramentas e m\u00e9todos de trabalho que facilitam esta expans\u00e3o.<\/p> <p data-start=\"200\" data-end=\"481\">Complement\u00e1mos tudo isto atrav\u00e9s de acordos com escrit\u00f3rios associados nos mercados mais relevantes para as marcas espanholas, que podem servir de ponte em cada pa\u00eds, bem como com a cria\u00e7\u00e3o de plataformas online que tornam poss\u00edvel a capta\u00e7\u00e3o de investidores em diferentes regi\u00f5es.<\/p> <p data-start=\"483\" data-end=\"778\" data-is-last-node=\"\" data-is-only-node=\"\">A nossa metodologia permite-nos identificar os mercados mais interessantes e acess\u00edveis, assim como as diferentes f\u00f3rmulas de entrada nesses mercados. Todo este conjunto, aliado \u00e0 equipa mais experiente em processos de internacionaliza\u00e7\u00e3o, torna poss\u00edvel levar marcas a todos os cantos do mundo.<\/p> <h2><strong>Internacionalizar franquias<\/strong><\/h2> <blockquote class=\"wp-embedded-content\" data-secret=\"OGYAzMFT1e\"><p><a href=\"https:\/\/www.t4franquicias.com\/acuerdo\/indonesia-consulting\/\">Indonesia Consulting<\/a><\/p><\/blockquote> <p><iframe loading=\"lazy\" class=\"wp-embedded-content\" sandbox=\"allow-scripts\" security=\"restricted\" style=\"position: absolute; clip: rect(1px, 1px, 1px, 1px);\" title=\"\u00abIndonesia Consulting\u00bb \u2014 T4franquicias.com\" src=\"https:\/\/www.t4franquicias.com\/acuerdo\/indonesia-consulting\/embed\/#?secret=Gjtr9yLDyU#?secret=OGYAzMFT1e\" data-secret=\"OGYAzMFT1e\" width=\"500\" height=\"282\" frameborder=\"0\" marginwidth=\"0\" marginheight=\"0\" scrolling=\"no\"><\/iframe><\/p> <p>Se desejar mais informa\u00e7\u00f5es, n\u00e3o hesite em entrar em contacto connosco.<\/p><\/div><\/div>","protected":false},"excerpt":{"rendered":"<p>A T4 Franquias tem uma clara voca\u00e7\u00e3o para apoiar o crescimento internacional das franquias espanholas. Investimos no desenvolvimento de ferramentas e m\u00e9todos de trabalho que facilitam esta expans\u00e3o. Complement\u00e1mos tudo isto atrav\u00e9s de acordos com escrit\u00f3rios associados nos mercados mais relevantes para as marcas espanholas, que podem servir de ponte em cada pa\u00eds, bem como [&hellip;]<\/p>\n","protected":false},"author":1,"featured_media":10700,"parent":27,"menu_order":3,"comment_status":"closed","ping_status":"closed","template":"","meta":{"_acf_changed":false,"footnotes":""},"class_list":["post-1072","page","type-page","status-publish","has-post-thumbnail","hentry"],"acf":[],"yoast_head":"<!-- This site is optimized with the Yoast SEO Premium plugin v27.2 (Yoast SEO v27.2) - https:\/\/yoast.com\/product\/yoast-seo-premium-wordpress\/ -->\n<title>Internacionalizar e exportar franquias com a T4 Franquicias<\/title>\n<meta name=\"description\" content=\"Se quer internacionalizar a sua franquia, a T4 Franquias oferece-lhe a metodologia, as ferramentas e o acesso a investidores que facilitam esta expans\u00e3o.\" \/>\n<meta name=\"robots\" content=\"index, follow, max-snippet:-1, max-image-preview:large, max-video-preview:-1\" \/>\n<link rel=\"canonical\" href=\"https:\/\/www.t4franquicias.com\/pt\/empresa\/internacionalizar-franquia\/\" \/>\n<meta property=\"og:locale\" content=\"es_ES\" \/>\n<meta property=\"og:type\" content=\"article\" \/>\n<meta property=\"og:title\" content=\"T4 Internacional\" \/>\n<meta property=\"og:description\" content=\"Se quer internacionalizar a sua franquia, a T4 Franquias oferece-lhe a metodologia, as ferramentas e o acesso a investidores que facilitam esta expans\u00e3o.\" \/>\n<meta property=\"og:url\" content=\"https:\/\/www.t4franquicias.com\/pt\/empresa\/internacionalizar-franquia\/\" \/>\n<meta property=\"og:site_name\" content=\"T4franquicias.com [pt]\" \/>\n<meta property=\"article:publisher\" content=\"https:\/\/www.facebook.com\/T4-Franquicias-270127153112770\/\" \/>\n<meta property=\"article:modified_time\" content=\"2025-05-23T11:01:16+00:00\" \/>\n<meta property=\"og:image\" content=\"https:\/\/www.t4franquicias.com\/pt\/wp-content\/uploads\/sites\/4\/2021\/11\/Twitter-1-1024x576.png\" \/>\n\t<meta property=\"og:image:width\" content=\"1024\" \/>\n\t<meta property=\"og:image:height\" content=\"576\" \/>\n\t<meta property=\"og:image:type\" content=\"image\/png\" \/>\n<meta name=\"twitter:card\" content=\"summary_large_image\" \/>\n<meta name=\"twitter:site\" content=\"@T4Franquicias\" \/>\n<meta name=\"twitter:label1\" content=\"Tiempo de lectura\" \/>\n\t<meta name=\"twitter:data1\" content=\"1 minuto\" \/>\n<script type=\"application\/ld+json\" class=\"yoast-schema-graph\">{\"@context\":\"https:\/\/schema.org\",\"@graph\":[{\"@type\":\"WebPage\",\"@id\":\"https:\/\/www.t4franquicias.com\/pt\/empresa\/internacionalizar-franquia\/\",\"url\":\"https:\/\/www.t4franquicias.com\/pt\/empresa\/internacionalizar-franquia\/\",\"name\":\"Internacionalizar e exportar franquias com a T4 Franquicias\",\"isPartOf\":{\"@id\":\"https:\/\/www.t4franquicias.com\/pt\/#website\"},\"primaryImageOfPage\":{\"@id\":\"https:\/\/www.t4franquicias.com\/pt\/empresa\/internacionalizar-franquia\/#primaryimage\"},\"image\":{\"@id\":\"https:\/\/www.t4franquicias.com\/pt\/empresa\/internacionalizar-franquia\/#primaryimage\"},\"thumbnailUrl\":\"https:\/\/i0.wp.com\/www.t4franquicias.com\/wp-content\/uploads\/sites\/4\/2021\/11\/Twitter-1.png\",\"datePublished\":\"2013-11-04T15:47:16+00:00\",\"dateModified\":\"2025-05-23T11:01:16+00:00\",\"description\":\"Se quer internacionalizar a sua franquia, a T4 Franquias oferece-lhe a metodologia, as ferramentas e o acesso a investidores que facilitam esta expans\u00e3o.\",\"breadcrumb\":{\"@id\":\"https:\/\/www.t4franquicias.com\/pt\/empresa\/internacionalizar-franquia\/#breadcrumb\"},\"inLanguage\":\"es\",\"potentialAction\":[{\"@type\":\"ReadAction\",\"target\":[\"https:\/\/www.t4franquicias.com\/pt\/empresa\/internacionalizar-franquia\/\"]}]},{\"@type\":\"ImageObject\",\"inLanguage\":\"es\",\"@id\":\"https:\/\/www.t4franquicias.com\/pt\/empresa\/internacionalizar-franquia\/#primaryimage\",\"url\":\"https:\/\/i0.wp.com\/www.t4franquicias.com\/wp-content\/uploads\/sites\/4\/2021\/11\/Twitter-1.png\",\"contentUrl\":\"https:\/\/i0.wp.com\/www.t4franquicias.com\/wp-content\/uploads\/sites\/4\/2021\/11\/Twitter-1.png\",\"width\":1600,\"height\":900,\"caption\":\"Internacionalizar franquicias T4\"},{\"@type\":\"BreadcrumbList\",\"@id\":\"https:\/\/www.t4franquicias.com\/pt\/empresa\/internacionalizar-franquia\/#breadcrumb\",\"itemListElement\":[{\"@type\":\"ListItem\",\"position\":1,\"name\":\"Portada\",\"item\":\"https:\/\/www.t4franquicias.com\/pt\/\"},{\"@type\":\"ListItem\",\"position\":2,\"name\":\"Empresa\",\"item\":\"https:\/\/www.t4franquicias.com\/pt\/empresa\/\"},{\"@type\":\"ListItem\",\"position\":3,\"name\":\"T4 Internacional\"}]},{\"@type\":\"WebSite\",\"@id\":\"https:\/\/www.t4franquicias.com\/pt\/#website\",\"url\":\"https:\/\/www.t4franquicias.com\/pt\/\",\"name\":\"T4 Franquicias\",\"description\":\" Assessores e Consultores de Franquias\",\"publisher\":{\"@id\":\"https:\/\/www.t4franquicias.com\/pt\/#organization\"},\"alternateName\":\"T4 Franquicias\",\"potentialAction\":[{\"@type\":\"SearchAction\",\"target\":{\"@type\":\"EntryPoint\",\"urlTemplate\":\"https:\/\/www.t4franquicias.com\/pt\/?s={search_term_string}\"},\"query-input\":{\"@type\":\"PropertyValueSpecification\",\"valueRequired\":true,\"valueName\":\"search_term_string\"}}],\"inLanguage\":\"es\"},{\"@type\":\"Organization\",\"@id\":\"https:\/\/www.t4franquicias.com\/pt\/#organization\",\"name\":\"T4 Fraqnuicias\",\"alternateName\":\"T4 Franquicias\",\"url\":\"https:\/\/www.t4franquicias.com\/pt\/\",\"logo\":{\"@type\":\"ImageObject\",\"inLanguage\":\"es\",\"@id\":\"https:\/\/www.t4franquicias.com\/pt\/#\/schema\/logo\/image\/\",\"url\":\"https:\/\/www.t4franquicias.com\/wp-content\/uploads\/2018\/04\/t4-logo.svg\",\"contentUrl\":\"https:\/\/www.t4franquicias.com\/wp-content\/uploads\/2018\/04\/t4-logo.svg\",\"width\":1,\"height\":1,\"caption\":\"T4 Fraqnuicias\"},\"image\":{\"@id\":\"https:\/\/www.t4franquicias.com\/pt\/#\/schema\/logo\/image\/\"},\"sameAs\":[\"https:\/\/www.facebook.com\/T4-Franquicias-270127153112770\/\",\"https:\/\/x.com\/T4Franquicias\",\"https:\/\/www.instagram.com\/t4franquicias\/\",\"https:\/\/www.linkedin.com\/authwall?trk=gf&amp;amp;amp;amp;amp;trkInfo=AQG83SA0TyN3UQAAAWMYAdeghPMLtp364yC1mwjqOVe3ltdrpkNISDeFPIu5JnOXZabpHhOck9v-kKJi00EkvJPzGLSsSKwe2E0JZHQKhoOz7ZyIDeTOPiKeS5bj4J2m9m1iR_M=&amp;amp;amp;amp;amp;originalReferer=http:\/\/www.t4franquicias.com\/&amp;amp;amp;amp;amp;sessionRedirect=https:\/\/www.linkedin.com\/company\/t4-franquicias?trk=tyah\"]}]}<\/script>\n<!-- \/ Yoast SEO Premium plugin. -->","yoast_head_json":{"title":"Internacionalizar e exportar franquias com a T4 Franquicias","description":"Se quer internacionalizar a sua franquia, a T4 Franquias oferece-lhe a metodologia, as ferramentas e o acesso a investidores que facilitam esta expans\u00e3o.","robots":{"index":"index","follow":"follow","max-snippet":"max-snippet:-1","max-image-preview":"max-image-preview:large","max-video-preview":"max-video-preview:-1"},"canonical":"https:\/\/www.t4franquicias.com\/pt\/empresa\/internacionalizar-franquia\/","og_locale":"es_ES","og_type":"article","og_title":"T4 Internacional","og_description":"Se quer internacionalizar a sua franquia, a T4 Franquias oferece-lhe a metodologia, as ferramentas e o acesso a investidores que facilitam esta expans\u00e3o.","og_url":"https:\/\/www.t4franquicias.com\/pt\/empresa\/internacionalizar-franquia\/","og_site_name":"T4franquicias.com [pt]","article_publisher":"https:\/\/www.facebook.com\/T4-Franquicias-270127153112770\/","article_modified_time":"2025-05-23T11:01:16+00:00","og_image":[{"width":1024,"height":576,"url":"https:\/\/www.t4franquicias.com\/pt\/wp-content\/uploads\/sites\/4\/2021\/11\/Twitter-1-1024x576.png","type":"image\/png"}],"twitter_card":"summary_large_image","twitter_site":"@T4Franquicias","twitter_misc":{"Tiempo de lectura":"1 minuto"},"schema":{"@context":"https:\/\/schema.org","@graph":[{"@type":"WebPage","@id":"https:\/\/www.t4franquicias.com\/pt\/empresa\/internacionalizar-franquia\/","url":"https:\/\/www.t4franquicias.com\/pt\/empresa\/internacionalizar-franquia\/","name":"Internacionalizar e exportar franquias com a T4 Franquicias","isPartOf":{"@id":"https:\/\/www.t4franquicias.com\/pt\/#website"},"primaryImageOfPage":{"@id":"https:\/\/www.t4franquicias.com\/pt\/empresa\/internacionalizar-franquia\/#primaryimage"},"image":{"@id":"https:\/\/www.t4franquicias.com\/pt\/empresa\/internacionalizar-franquia\/#primaryimage"},"thumbnailUrl":"https:\/\/i0.wp.com\/www.t4franquicias.com\/wp-content\/uploads\/sites\/4\/2021\/11\/Twitter-1.png","datePublished":"2013-11-04T15:47:16+00:00","dateModified":"2025-05-23T11:01:16+00:00","description":"Se quer internacionalizar a sua franquia, a T4 Franquias oferece-lhe a metodologia, as ferramentas e o acesso a investidores que facilitam esta expans\u00e3o.","breadcrumb":{"@id":"https:\/\/www.t4franquicias.com\/pt\/empresa\/internacionalizar-franquia\/#breadcrumb"},"inLanguage":"es","potentialAction":[{"@type":"ReadAction","target":["https:\/\/www.t4franquicias.com\/pt\/empresa\/internacionalizar-franquia\/"]}]},{"@type":"ImageObject","inLanguage":"es","@id":"https:\/\/www.t4franquicias.com\/pt\/empresa\/internacionalizar-franquia\/#primaryimage","url":"https:\/\/i0.wp.com\/www.t4franquicias.com\/wp-content\/uploads\/sites\/4\/2021\/11\/Twitter-1.png","contentUrl":"https:\/\/i0.wp.com\/www.t4franquicias.com\/wp-content\/uploads\/sites\/4\/2021\/11\/Twitter-1.png","width":1600,"height":900,"caption":"Internacionalizar franquicias T4"},{"@type":"BreadcrumbList","@id":"https:\/\/www.t4franquicias.com\/pt\/empresa\/internacionalizar-franquia\/#breadcrumb","itemListElement":[{"@type":"ListItem","position":1,"name":"Portada","item":"https:\/\/www.t4franquicias.com\/pt\/"},{"@type":"ListItem","position":2,"name":"Empresa","item":"https:\/\/www.t4franquicias.com\/pt\/empresa\/"},{"@type":"ListItem","position":3,"name":"T4 Internacional"}]},{"@type":"WebSite","@id":"https:\/\/www.t4franquicias.com\/pt\/#website","url":"https:\/\/www.t4franquicias.com\/pt\/","name":"T4 Franquicias","description":" Assessores e Consultores de Franquias","publisher":{"@id":"https:\/\/www.t4franquicias.com\/pt\/#organization"},"alternateName":"T4 Franquicias","potentialAction":[{"@type":"SearchAction","target":{"@type":"EntryPoint","urlTemplate":"https:\/\/www.t4franquicias.com\/pt\/?s={search_term_string}"},"query-input":{"@type":"PropertyValueSpecification","valueRequired":true,"valueName":"search_term_string"}}],"inLanguage":"es"},{"@type":"Organization","@id":"https:\/\/www.t4franquicias.com\/pt\/#organization","name":"T4 Fraqnuicias","alternateName":"T4 Franquicias","url":"https:\/\/www.t4franquicias.com\/pt\/","logo":{"@type":"ImageObject","inLanguage":"es","@id":"https:\/\/www.t4franquicias.com\/pt\/#\/schema\/logo\/image\/","url":"https:\/\/www.t4franquicias.com\/wp-content\/uploads\/2018\/04\/t4-logo.svg","contentUrl":"https:\/\/www.t4franquicias.com\/wp-content\/uploads\/2018\/04\/t4-logo.svg","width":1,"height":1,"caption":"T4 Fraqnuicias"},"image":{"@id":"https:\/\/www.t4franquicias.com\/pt\/#\/schema\/logo\/image\/"},"sameAs":["https:\/\/www.facebook.com\/T4-Franquicias-270127153112770\/","https:\/\/x.com\/T4Franquicias","https:\/\/www.instagram.com\/t4franquicias\/","https:\/\/www.linkedin.com\/authwall?trk=gf&amp;amp;amp;amp;amp;trkInfo=AQG83SA0TyN3UQAAAWMYAdeghPMLtp364yC1mwjqOVe3ltdrpkNISDeFPIu5JnOXZabpHhOck9v-kKJi00EkvJPzGLSsSKwe2E0JZHQKhoOz7ZyIDeTOPiKeS5bj4J2m9m1iR_M=&amp;amp;amp;amp;amp;originalReferer=http:\/\/www.t4franquicias.com\/&amp;amp;amp;amp;amp;sessionRedirect=https:\/\/www.linkedin.com\/company\/t4-franquicias?trk=tyah"]}]}},"_links":{"self":[{"href":"https:\/\/www.t4franquicias.com\/pt\/wp-json\/wp\/v2\/pages\/1072","targetHints":{"allow":["GET"]}}],"collection":[{"href":"https:\/\/www.t4franquicias.com\/pt\/wp-json\/wp\/v2\/pages"}],"about":[{"href":"https:\/\/www.t4franquicias.com\/pt\/wp-json\/wp\/v2\/types\/page"}],"author":[{"embeddable":true,"href":"https:\/\/www.t4franquicias.com\/pt\/wp-json\/wp\/v2\/users\/1"}],"replies":[{"embeddable":true,"href":"https:\/\/www.t4franquicias.com\/pt\/wp-json\/wp\/v2\/comments?post=1072"}],"version-history":[{"count":0,"href":"https:\/\/www.t4franquicias.com\/pt\/wp-json\/wp\/v2\/pages\/1072\/revisions"}],"up":[{"embeddable":true,"href":"https:\/\/www.t4franquicias.com\/pt\/wp-json\/wp\/v2\/pages\/27"}],"wp:featuredmedia":[{"embeddable":true,"href":"https:\/\/www.t4franquicias.com\/pt\/wp-json\/wp\/v2\/media\/10700"}],"wp:attachment":[{"href":"https:\/\/www.t4franquicias.com\/pt\/wp-json\/wp\/v2\/media?parent=1072"}],"curies":[{"name":"wp","href":"https:\/\/api.w.org\/{rel}","templated":true}]}}