{"id":107,"date":"2012-10-15T17:53:18","date_gmt":"2012-10-15T15:53:18","guid":{"rendered":"https:\/\/www.t4franquicias.com\/?page_id=107"},"modified":"2025-05-23T14:34:21","modified_gmt":"2025-05-23T12:34:21","slug":"marketing-online-para-franquias","status":"publish","type":"page","link":"https:\/\/www.t4franquicias.com\/pt\/servicos-para-franquias\/marketing-online-para-franquias\/","title":{"rendered":"Marketing online para franquias"},"content":{"rendered":"<div id=\"the_content\" class=\"row\"><div class=\"cell bg12\"><div class=\"flex max-w-full flex-col grow\">\n<div class=\"min-h-8 text-message relative flex w-full flex-col items-end gap-2 text-start break-words whitespace-normal [.text-message+&amp;]:mt-5\" dir=\"auto\" data-message-author-role=\"assistant\" data-message-id=\"cc91c114-f165-42b4-8f86-0a568e8abbdc\" data-message-model-slug=\"gpt-4o\">\n<div class=\"flex w-full flex-col gap-1 empty:hidden first:pt-[3px]\">\n<div class=\"markdown prose dark:prose-invert w-full break-words light\">\n<p data-start=\"0\" data-end=\"37\"><strong data-start=\"0\" data-end=\"37\">Marketing online para franquicias<\/strong><\/p>\n<p data-start=\"39\" data-end=\"315\">Desde nuestro departamento de marketing online para franquicias, nos encargamos de todas las acciones en el \u00e1mbito digital que permiten mejorar el posicionamiento de la marca en Internet, con el objetivo de captar m\u00e1s clientes y atraer m\u00e1s y mejores candidatos a franquiciado.<\/p>\n<p data-start=\"317\" data-end=\"611\">Actualmente, ninguna red de franquicias puede crecer de forma significativa sin una estrategia s\u00f3lida de marketing online. Por ello, desarrollamos propuestas flexibles y personalizadas para cada empresa, siempre con el compromiso de mejorar los resultados actuales en par\u00e1metros tangibles como:<\/p>\n<ul data-start=\"613\" data-end=\"729\">\n<li data-start=\"613\" data-end=\"647\">\n<p data-start=\"615\" data-end=\"647\">N\u00famero de visitas al sitio web<\/p>\n<\/li>\n<li data-start=\"648\" data-end=\"684\">\n<p data-start=\"650\" data-end=\"684\">Volumen de referencias obtenidas<\/p>\n<\/li>\n<li data-start=\"685\" data-end=\"729\">\n<p data-start=\"687\" data-end=\"729\">Posicionamiento en los motores de b\u00fasqueda<\/p>\n<\/li>\n<\/ul>\n<p data-start=\"731\" data-end=\"830\">Para alcanzar estos objetivos, nuestra metodolog\u00eda de trabajo se basa en cuatro ejes fundamentales:<\/p>\n<p data-start=\"832\" data-end=\"1053\"><strong data-start=\"832\" data-end=\"849\">1. P\u00e1gina web<\/strong><br data-start=\"849\" data-end=\"852\" \/>Desarrollamos sitios web adaptados a los est\u00e1ndares de la web 2.0, con un trabajo intensivo de optimizaci\u00f3n SEO para mejorar el posicionamiento en los principales motores de b\u00fasqueda (Google, Bing&#8230;).<\/p>\n<p data-start=\"1055\" data-end=\"1242\"><strong data-start=\"1055\" data-end=\"1081\">2. Posicionamiento SEO<\/strong><br data-start=\"1081\" data-end=\"1084\" \/>Implementamos estrategias SEO para posicionar la p\u00e1gina en los primeros resultados de b\u00fasqueda sin coste por clic, garantizando visibilidad de forma org\u00e1nica.<\/p>\n<p data-start=\"1244\" data-end=\"1346\"><strong data-start=\"1244\" data-end=\"1273\">3. Social Media Marketing<\/strong><br data-start=\"1273\" data-end=\"1276\" \/>Aplicamos estrategias eficaces en redes sociales con un doble enfoque:<\/p>\n<ul data-start=\"1348\" data-end=\"1461\">\n<li data-start=\"1348\" data-end=\"1381\">\n<p data-start=\"1350\" data-end=\"1381\">Captaci\u00f3n de clientes finales<\/p>\n<\/li>\n<li data-start=\"1382\" data-end=\"1461\">\n<p data-start=\"1384\" data-end=\"1461\">Captaci\u00f3n de franquiciados<br data-start=\"1410\" data-end=\"1413\" \/>Cada una con objetivos y contenidos espec\u00edficos.<\/p>\n<\/li>\n<\/ul>\n<p data-start=\"1463\" data-end=\"1707\"><strong data-start=\"1463\" data-end=\"1487\">4. Community Manager<\/strong><br data-start=\"1487\" data-end=\"1490\" \/>Ofrecemos, de forma externalizada, servicios de gesti\u00f3n de redes sociales (Community Management) para redes de franquicias, obteniendo mejores resultados a un coste menor que el de incorporar este perfil en plantilla.<\/p>\n<p data-start=\"1709\" data-end=\"1802\">Adem\u00e1s, desarrollamos otras acciones espec\u00edficas seg\u00fan las necesidades de cada cliente, como:<\/p>\n<ul data-start=\"1804\" data-end=\"1880\">\n<li data-start=\"1804\" data-end=\"1831\">\n<p data-start=\"1806\" data-end=\"1831\">Publicidad online (SEM)<\/p>\n<\/li>\n<li data-start=\"1832\" data-end=\"1851\">\n<p data-start=\"1834\" data-end=\"1851\">Email Marketing<\/p>\n<\/li>\n<li data-start=\"1852\" data-end=\"1861\">\n<p data-start=\"1854\" data-end=\"1861\">Blogs<\/p>\n<\/li>\n<li data-start=\"1862\" data-end=\"1880\">\n<p data-start=\"1864\" data-end=\"1880\">Mobile Marketing<\/p>\n<\/li>\n<\/ul>\n<p data-start=\"1882\" data-end=\"2080\" data-is-last-node=\"\" data-is-only-node=\"\">En <strong data-start=\"1885\" data-end=\"1903\">T4 Franquicias<\/strong> disponemos de las herramientas tecnol\u00f3gicas y de la metodolog\u00eda de trabajo m\u00e1s eficaz del mercado para garantizar el crecimiento de tu red de franquicias en el entorno digital.<\/p>\n<\/div>\n<\/div>\n<\/div>\n<\/div>\n<\/div><\/div>","protected":false},"excerpt":{"rendered":"<p>Marketing online para franquicias Desde nuestro departamento de marketing online para franquicias, nos encargamos de todas las acciones en el \u00e1mbito digital que permiten mejorar el posicionamiento de la marca en Internet, con el objetivo de captar m\u00e1s clientes y atraer m\u00e1s y mejores candidatos a franquiciado. Actualmente, ninguna red de franquicias puede crecer de [&hellip;]<\/p>\n","protected":false},"author":1,"featured_media":0,"parent":17,"menu_order":5,"comment_status":"closed","ping_status":"closed","template":"","meta":{"_acf_changed":false,"footnotes":""},"class_list":["post-107","page","type-page","status-publish","hentry"],"acf":[],"yoast_head":"<!-- This site is optimized with the Yoast SEO Premium plugin v27.2 (Yoast SEO v27.2) - https:\/\/yoast.com\/product\/yoast-seo-premium-wordpress\/ -->\n<title>Servi\u00e7os de Marketing Online e Internet para Franquias<\/title>\n<meta name=\"description\" content=\"As franquias n\u00e3o crescem sem uma estrat\u00e9gia s\u00f3lida de Internet e marketing online. Desenvolvemos abordagens espec\u00edficas para melhorar o posicionamento nos motores de busca, aumentar o n\u00famero de visitas ao site e potenciar o volume de refer\u00eancias geradas.\" \/>\n<meta name=\"robots\" content=\"index, follow, max-snippet:-1, max-image-preview:large, max-video-preview:-1\" \/>\n<link rel=\"canonical\" href=\"https:\/\/www.t4franquicias.com\/pt\/servicos-para-franquias\/marketing-online-para-franquias\/\" \/>\n<meta property=\"og:locale\" content=\"es_ES\" \/>\n<meta property=\"og:type\" content=\"article\" \/>\n<meta property=\"og:title\" content=\"Marketing online para franquias\" \/>\n<meta property=\"og:description\" content=\"As franquias n\u00e3o crescem sem uma estrat\u00e9gia s\u00f3lida de Internet e marketing online. Desenvolvemos abordagens espec\u00edficas para melhorar o posicionamento nos motores de busca, aumentar o n\u00famero de visitas ao site e potenciar o volume de refer\u00eancias geradas.\" \/>\n<meta property=\"og:url\" content=\"https:\/\/www.t4franquicias.com\/pt\/servicos-para-franquias\/marketing-online-para-franquias\/\" \/>\n<meta property=\"og:site_name\" content=\"T4franquicias.com [pt]\" \/>\n<meta property=\"article:publisher\" content=\"https:\/\/www.facebook.com\/T4-Franquicias-270127153112770\/\" \/>\n<meta property=\"article:modified_time\" content=\"2025-05-23T12:34:21+00:00\" \/>\n<meta property=\"og:image\" content=\"https:\/\/i0.wp.com\/www.t4franquicias.com\/wp-content\/uploads\/sites\/4\/2015\/10\/T4FRANQUICIAS_web2.png\" \/>\n\t<meta property=\"og:image:width\" content=\"200\" \/>\n\t<meta property=\"og:image:height\" content=\"176\" \/>\n\t<meta property=\"og:image:type\" content=\"image\/png\" \/>\n<meta name=\"twitter:card\" content=\"summary_large_image\" \/>\n<meta name=\"twitter:site\" content=\"@T4Franquicias\" \/>\n<meta name=\"twitter:label1\" content=\"Tiempo de lectura\" \/>\n\t<meta name=\"twitter:data1\" content=\"2 minutos\" \/>\n<script type=\"application\/ld+json\" class=\"yoast-schema-graph\">{\"@context\":\"https:\/\/schema.org\",\"@graph\":[{\"@type\":\"WebPage\",\"@id\":\"https:\/\/www.t4franquicias.com\/pt\/servicos-para-franquias\/marketing-online-para-franquias\/\",\"url\":\"https:\/\/www.t4franquicias.com\/pt\/servicos-para-franquias\/marketing-online-para-franquias\/\",\"name\":\"Servi\u00e7os de Marketing Online e Internet para Franquias\",\"isPartOf\":{\"@id\":\"https:\/\/www.t4franquicias.com\/pt\/#website\"},\"datePublished\":\"2012-10-15T15:53:18+00:00\",\"dateModified\":\"2025-05-23T12:34:21+00:00\",\"description\":\"As franquias n\u00e3o crescem sem uma estrat\u00e9gia s\u00f3lida de Internet e marketing online. Desenvolvemos abordagens espec\u00edficas para melhorar o posicionamento nos motores de busca, aumentar o n\u00famero de visitas ao site e potenciar o volume de refer\u00eancias geradas.\",\"breadcrumb\":{\"@id\":\"https:\/\/www.t4franquicias.com\/pt\/servicos-para-franquias\/marketing-online-para-franquias\/#breadcrumb\"},\"inLanguage\":\"es\",\"potentialAction\":[{\"@type\":\"ReadAction\",\"target\":[\"https:\/\/www.t4franquicias.com\/pt\/servicos-para-franquias\/marketing-online-para-franquias\/\"]}]},{\"@type\":\"BreadcrumbList\",\"@id\":\"https:\/\/www.t4franquicias.com\/pt\/servicos-para-franquias\/marketing-online-para-franquias\/#breadcrumb\",\"itemListElement\":[{\"@type\":\"ListItem\",\"position\":1,\"name\":\"Portada\",\"item\":\"https:\/\/www.t4franquicias.com\/pt\/\"},{\"@type\":\"ListItem\",\"position\":2,\"name\":\"Servi\u00e7os para franquias\",\"item\":\"https:\/\/www.t4franquicias.com\/pt\/servicos-para-franquias\/\"},{\"@type\":\"ListItem\",\"position\":3,\"name\":\"Marketing online para franquias\"}]},{\"@type\":\"WebSite\",\"@id\":\"https:\/\/www.t4franquicias.com\/pt\/#website\",\"url\":\"https:\/\/www.t4franquicias.com\/pt\/\",\"name\":\"T4 Franquicias\",\"description\":\" Assessores e Consultores de Franquias\",\"publisher\":{\"@id\":\"https:\/\/www.t4franquicias.com\/pt\/#organization\"},\"alternateName\":\"T4 Franquicias\",\"potentialAction\":[{\"@type\":\"SearchAction\",\"target\":{\"@type\":\"EntryPoint\",\"urlTemplate\":\"https:\/\/www.t4franquicias.com\/pt\/?s={search_term_string}\"},\"query-input\":{\"@type\":\"PropertyValueSpecification\",\"valueRequired\":true,\"valueName\":\"search_term_string\"}}],\"inLanguage\":\"es\"},{\"@type\":\"Organization\",\"@id\":\"https:\/\/www.t4franquicias.com\/pt\/#organization\",\"name\":\"T4 Fraqnuicias\",\"alternateName\":\"T4 Franquicias\",\"url\":\"https:\/\/www.t4franquicias.com\/pt\/\",\"logo\":{\"@type\":\"ImageObject\",\"inLanguage\":\"es\",\"@id\":\"https:\/\/www.t4franquicias.com\/pt\/#\/schema\/logo\/image\/\",\"url\":\"https:\/\/www.t4franquicias.com\/wp-content\/uploads\/2018\/04\/t4-logo.svg\",\"contentUrl\":\"https:\/\/www.t4franquicias.com\/wp-content\/uploads\/2018\/04\/t4-logo.svg\",\"width\":1,\"height\":1,\"caption\":\"T4 Fraqnuicias\"},\"image\":{\"@id\":\"https:\/\/www.t4franquicias.com\/pt\/#\/schema\/logo\/image\/\"},\"sameAs\":[\"https:\/\/www.facebook.com\/T4-Franquicias-270127153112770\/\",\"https:\/\/x.com\/T4Franquicias\",\"https:\/\/www.instagram.com\/t4franquicias\/\",\"https:\/\/www.linkedin.com\/authwall?trk=gf&amp;amp;amp;amp;amp;trkInfo=AQG83SA0TyN3UQAAAWMYAdeghPMLtp364yC1mwjqOVe3ltdrpkNISDeFPIu5JnOXZabpHhOck9v-kKJi00EkvJPzGLSsSKwe2E0JZHQKhoOz7ZyIDeTOPiKeS5bj4J2m9m1iR_M=&amp;amp;amp;amp;amp;originalReferer=http:\/\/www.t4franquicias.com\/&amp;amp;amp;amp;amp;sessionRedirect=https:\/\/www.linkedin.com\/company\/t4-franquicias?trk=tyah\"]}]}<\/script>\n<!-- \/ Yoast SEO Premium plugin. -->","yoast_head_json":{"title":"Servi\u00e7os de Marketing Online e Internet para Franquias","description":"As franquias n\u00e3o crescem sem uma estrat\u00e9gia s\u00f3lida de Internet e marketing online. Desenvolvemos abordagens espec\u00edficas para melhorar o posicionamento nos motores de busca, aumentar o n\u00famero de visitas ao site e potenciar o volume de refer\u00eancias geradas.","robots":{"index":"index","follow":"follow","max-snippet":"max-snippet:-1","max-image-preview":"max-image-preview:large","max-video-preview":"max-video-preview:-1"},"canonical":"https:\/\/www.t4franquicias.com\/pt\/servicos-para-franquias\/marketing-online-para-franquias\/","og_locale":"es_ES","og_type":"article","og_title":"Marketing online para franquias","og_description":"As franquias n\u00e3o crescem sem uma estrat\u00e9gia s\u00f3lida de Internet e marketing online. Desenvolvemos abordagens espec\u00edficas para melhorar o posicionamento nos motores de busca, aumentar o n\u00famero de visitas ao site e potenciar o volume de refer\u00eancias geradas.","og_url":"https:\/\/www.t4franquicias.com\/pt\/servicos-para-franquias\/marketing-online-para-franquias\/","og_site_name":"T4franquicias.com [pt]","article_publisher":"https:\/\/www.facebook.com\/T4-Franquicias-270127153112770\/","article_modified_time":"2025-05-23T12:34:21+00:00","og_image":[{"width":200,"height":176,"url":"https:\/\/i0.wp.com\/www.t4franquicias.com\/wp-content\/uploads\/sites\/4\/2015\/10\/T4FRANQUICIAS_web2.png","type":"image\/png"}],"twitter_card":"summary_large_image","twitter_site":"@T4Franquicias","twitter_misc":{"Tiempo de lectura":"2 minutos"},"schema":{"@context":"https:\/\/schema.org","@graph":[{"@type":"WebPage","@id":"https:\/\/www.t4franquicias.com\/pt\/servicos-para-franquias\/marketing-online-para-franquias\/","url":"https:\/\/www.t4franquicias.com\/pt\/servicos-para-franquias\/marketing-online-para-franquias\/","name":"Servi\u00e7os de Marketing Online e Internet para Franquias","isPartOf":{"@id":"https:\/\/www.t4franquicias.com\/pt\/#website"},"datePublished":"2012-10-15T15:53:18+00:00","dateModified":"2025-05-23T12:34:21+00:00","description":"As franquias n\u00e3o crescem sem uma estrat\u00e9gia s\u00f3lida de Internet e marketing online. Desenvolvemos abordagens espec\u00edficas para melhorar o posicionamento nos motores de busca, aumentar o n\u00famero de visitas ao site e potenciar o volume de refer\u00eancias geradas.","breadcrumb":{"@id":"https:\/\/www.t4franquicias.com\/pt\/servicos-para-franquias\/marketing-online-para-franquias\/#breadcrumb"},"inLanguage":"es","potentialAction":[{"@type":"ReadAction","target":["https:\/\/www.t4franquicias.com\/pt\/servicos-para-franquias\/marketing-online-para-franquias\/"]}]},{"@type":"BreadcrumbList","@id":"https:\/\/www.t4franquicias.com\/pt\/servicos-para-franquias\/marketing-online-para-franquias\/#breadcrumb","itemListElement":[{"@type":"ListItem","position":1,"name":"Portada","item":"https:\/\/www.t4franquicias.com\/pt\/"},{"@type":"ListItem","position":2,"name":"Servi\u00e7os para franquias","item":"https:\/\/www.t4franquicias.com\/pt\/servicos-para-franquias\/"},{"@type":"ListItem","position":3,"name":"Marketing online para franquias"}]},{"@type":"WebSite","@id":"https:\/\/www.t4franquicias.com\/pt\/#website","url":"https:\/\/www.t4franquicias.com\/pt\/","name":"T4 Franquicias","description":" Assessores e Consultores de Franquias","publisher":{"@id":"https:\/\/www.t4franquicias.com\/pt\/#organization"},"alternateName":"T4 Franquicias","potentialAction":[{"@type":"SearchAction","target":{"@type":"EntryPoint","urlTemplate":"https:\/\/www.t4franquicias.com\/pt\/?s={search_term_string}"},"query-input":{"@type":"PropertyValueSpecification","valueRequired":true,"valueName":"search_term_string"}}],"inLanguage":"es"},{"@type":"Organization","@id":"https:\/\/www.t4franquicias.com\/pt\/#organization","name":"T4 Fraqnuicias","alternateName":"T4 Franquicias","url":"https:\/\/www.t4franquicias.com\/pt\/","logo":{"@type":"ImageObject","inLanguage":"es","@id":"https:\/\/www.t4franquicias.com\/pt\/#\/schema\/logo\/image\/","url":"https:\/\/www.t4franquicias.com\/wp-content\/uploads\/2018\/04\/t4-logo.svg","contentUrl":"https:\/\/www.t4franquicias.com\/wp-content\/uploads\/2018\/04\/t4-logo.svg","width":1,"height":1,"caption":"T4 Fraqnuicias"},"image":{"@id":"https:\/\/www.t4franquicias.com\/pt\/#\/schema\/logo\/image\/"},"sameAs":["https:\/\/www.facebook.com\/T4-Franquicias-270127153112770\/","https:\/\/x.com\/T4Franquicias","https:\/\/www.instagram.com\/t4franquicias\/","https:\/\/www.linkedin.com\/authwall?trk=gf&amp;amp;amp;amp;amp;trkInfo=AQG83SA0TyN3UQAAAWMYAdeghPMLtp364yC1mwjqOVe3ltdrpkNISDeFPIu5JnOXZabpHhOck9v-kKJi00EkvJPzGLSsSKwe2E0JZHQKhoOz7ZyIDeTOPiKeS5bj4J2m9m1iR_M=&amp;amp;amp;amp;amp;originalReferer=http:\/\/www.t4franquicias.com\/&amp;amp;amp;amp;amp;sessionRedirect=https:\/\/www.linkedin.com\/company\/t4-franquicias?trk=tyah"]}]}},"_links":{"self":[{"href":"https:\/\/www.t4franquicias.com\/pt\/wp-json\/wp\/v2\/pages\/107","targetHints":{"allow":["GET"]}}],"collection":[{"href":"https:\/\/www.t4franquicias.com\/pt\/wp-json\/wp\/v2\/pages"}],"about":[{"href":"https:\/\/www.t4franquicias.com\/pt\/wp-json\/wp\/v2\/types\/page"}],"author":[{"embeddable":true,"href":"https:\/\/www.t4franquicias.com\/pt\/wp-json\/wp\/v2\/users\/1"}],"replies":[{"embeddable":true,"href":"https:\/\/www.t4franquicias.com\/pt\/wp-json\/wp\/v2\/comments?post=107"}],"version-history":[{"count":0,"href":"https:\/\/www.t4franquicias.com\/pt\/wp-json\/wp\/v2\/pages\/107\/revisions"}],"up":[{"embeddable":true,"href":"https:\/\/www.t4franquicias.com\/pt\/wp-json\/wp\/v2\/pages\/17"}],"wp:attachment":[{"href":"https:\/\/www.t4franquicias.com\/pt\/wp-json\/wp\/v2\/media?parent=107"}],"curies":[{"name":"wp","href":"https:\/\/api.w.org\/{rel}","templated":true}]}}