{"id":10570,"date":"2021-10-05T10:50:50","date_gmt":"2021-10-05T08:50:50","guid":{"rendered":"https:\/\/www.t4franquicias.com\/?page_id=10570"},"modified":"2025-05-29T13:38:17","modified_gmt":"2025-05-29T11:38:17","slug":"departamento-de-design-de-interiores-e-remodelacao","status":"publish","type":"page","link":"https:\/\/www.t4franquicias.com\/pt\/departamento-de-design-de-interiores-e-remodelacao\/","title":{"rendered":"Departamento de design de interiores e remodela\u00e7\u00e3o de espa\u00e7os comerciais"},"content":{"rendered":"<div id=\"the_content\" class=\"row\"><div class=\"cell bg12\"><p><a href=\"https:\/\/www.t4franquicias.com\/wp-content\/uploads\/2021\/08\/Blog.png\"><img loading=\"lazy\" decoding=\"async\" class=\"aligncenter wp-image-10450 size-full\" src=\"https:\/\/www.t4franquicias.com\/wp-content\/uploads\/2021\/08\/Blog.png\" alt=\"T4 Franquicias departamento de interiorismo y reforma de locales\" width=\"1200\" height=\"628\" srcset=\"https:\/\/www.t4franquicias.com\/pt\/wp-content\/uploads\/sites\/4\/2021\/08\/Blog.png 1200w, https:\/\/www.t4franquicias.com\/pt\/wp-content\/uploads\/sites\/4\/2021\/08\/Blog-300x157.png 300w, https:\/\/www.t4franquicias.com\/pt\/wp-content\/uploads\/sites\/4\/2021\/08\/Blog-1024x536.png 1024w, https:\/\/www.t4franquicias.com\/pt\/wp-content\/uploads\/sites\/4\/2021\/08\/Blog-768x402.png 768w\" sizes=\"auto, (max-width: 1200px) 100vw, 1200px\" \/><\/a><\/p> <p data-start=\"58\" data-end=\"436\"><strong data-start=\"58\" data-end=\"436\">O departamento de design de interiores e remodela\u00e7\u00e3o de espa\u00e7os comerciais da T4 Franquias coloca \u00e0 sua disposi\u00e7\u00e3o uma equipa especializada e altamente qualificada na planifica\u00e7\u00e3o e execu\u00e7\u00e3o de obras, fabrico de mobili\u00e1rio e design de interiores. A sua s\u00f3lida trajet\u00f3ria em projetos nacionais e internacionais representa um valor acrescentado fundamental para o seu neg\u00f3cio.<\/strong><\/p> <h3 data-start=\"438\" data-end=\"471\">Um servi\u00e7o com cobertura 360\u00ba<\/h3> <p data-start=\"473\" data-end=\"779\">Os profissionais do departamento de design de interiores e remodela\u00e7\u00e3o da T4 Franquias acompanham os clientes na aventura de criar o seu espa\u00e7o comercial \u2014 desde a defini\u00e7\u00e3o do conceito, propondo diferentes solu\u00e7\u00f5es de design de interiores, decora\u00e7\u00e3o, arquitetura e remodela\u00e7\u00f5es integrais <strong data-start=\"762\" data-end=\"778\">chave na m\u00e3o<\/strong>.<\/p> <p data-start=\"781\" data-end=\"1119\">Durante todo o processo, o cliente recebe <strong data-start=\"823\" data-end=\"870\">apoio e assessoria totalmente personalizada<\/strong>, com o objetivo de garantir o sucesso comercial, sempre com o aval de profissionais reconhecidos do setor e com o acompanhamento da T4 Franquias. A nossa miss\u00e3o \u00e9 assegurar a <strong data-start=\"1046\" data-end=\"1119\">qualidade, o cumprimento de prazos e a m\u00e1xima efici\u00eancia corporativa.<\/strong><\/p> <p data-start=\"1121\" data-end=\"1176\" data-is-last-node=\"\" data-is-only-node=\"\">Para mais informa\u00e7\u00f5es, <strong data-start=\"1144\" data-end=\"1176\" data-is-last-node=\"\">n\u00e3o hesite em contactar-nos.<\/strong><\/p><\/div><\/div>","protected":false},"excerpt":{"rendered":"<p>O departamento de design de interiores e remodela\u00e7\u00e3o de espa\u00e7os comerciais da T4 Franquias coloca \u00e0 sua disposi\u00e7\u00e3o uma equipa especializada e altamente qualificada na planifica\u00e7\u00e3o e execu\u00e7\u00e3o de obras, fabrico de mobili\u00e1rio e design de interiores. A sua s\u00f3lida trajet\u00f3ria em projetos nacionais e internacionais representa um valor acrescentado fundamental para o seu neg\u00f3cio. [&hellip;]<\/p>\n","protected":false},"author":5,"featured_media":10450,"parent":0,"menu_order":0,"comment_status":"closed","ping_status":"closed","template":"","meta":{"_acf_changed":false,"footnotes":""},"class_list":["post-10570","page","type-page","status-publish","has-post-thumbnail","hentry"],"acf":[],"yoast_head":"<!-- This site is optimized with the Yoast SEO Premium plugin v27.2 (Yoast SEO v27.2) - https:\/\/yoast.com\/product\/yoast-seo-premium-wordpress\/ -->\n<title>Departamento de design de interiores e remodela\u00e7\u00e3o de espa\u00e7os comerciais - T4franquicias.com [pt]<\/title>\n<meta name=\"description\" content=\"A T4 Franquias coloca \u00e0 tua disposi\u00e7\u00e3o o seu novo departamento de design de interiores e remodela\u00e7\u00e3o de espa\u00e7os comerciais, com uma equipa especializada ao teu lado.\" \/>\n<meta name=\"robots\" content=\"index, follow, max-snippet:-1, max-image-preview:large, max-video-preview:-1\" \/>\n<link rel=\"canonical\" href=\"https:\/\/www.t4franquicias.com\/pt\/departamento-de-design-de-interiores-e-remodelacao\/\" \/>\n<meta property=\"og:locale\" content=\"es_ES\" \/>\n<meta property=\"og:type\" content=\"article\" \/>\n<meta property=\"og:title\" content=\"Departamento de design de interiores e remodela\u00e7\u00e3o de espa\u00e7os comerciais\" \/>\n<meta property=\"og:description\" content=\"A T4 Franquias coloca \u00e0 tua disposi\u00e7\u00e3o o seu novo departamento de design de interiores e remodela\u00e7\u00e3o de espa\u00e7os comerciais, com uma equipa especializada ao teu lado.\" \/>\n<meta property=\"og:url\" content=\"https:\/\/www.t4franquicias.com\/pt\/departamento-de-design-de-interiores-e-remodelacao\/\" \/>\n<meta property=\"og:site_name\" content=\"T4franquicias.com [pt]\" \/>\n<meta property=\"article:publisher\" content=\"https:\/\/www.facebook.com\/T4-Franquicias-270127153112770\/\" \/>\n<meta property=\"article:modified_time\" content=\"2025-05-29T11:38:17+00:00\" \/>\n<meta property=\"og:image\" content=\"https:\/\/www.t4franquicias.com\/pt\/wp-content\/uploads\/sites\/4\/2021\/08\/Blog.png\" \/>\n\t<meta property=\"og:image:width\" content=\"1200\" \/>\n\t<meta property=\"og:image:height\" content=\"628\" \/>\n\t<meta property=\"og:image:type\" content=\"image\/png\" \/>\n<meta name=\"twitter:card\" content=\"summary_large_image\" \/>\n<meta name=\"twitter:site\" content=\"@T4Franquicias\" \/>\n<meta name=\"twitter:label1\" content=\"Tiempo de lectura\" \/>\n\t<meta name=\"twitter:data1\" content=\"2 minutos\" \/>\n<script type=\"application\/ld+json\" class=\"yoast-schema-graph\">{\"@context\":\"https:\/\/schema.org\",\"@graph\":[{\"@type\":\"WebPage\",\"@id\":\"https:\/\/www.t4franquicias.com\/pt\/departamento-de-design-de-interiores-e-remodelacao\/\",\"url\":\"https:\/\/www.t4franquicias.com\/pt\/departamento-de-design-de-interiores-e-remodelacao\/\",\"name\":\"Departamento de design de interiores e remodela\u00e7\u00e3o de espa\u00e7os comerciais - T4franquicias.com [pt]\",\"isPartOf\":{\"@id\":\"https:\/\/www.t4franquicias.com\/pt\/#website\"},\"primaryImageOfPage\":{\"@id\":\"https:\/\/www.t4franquicias.com\/pt\/departamento-de-design-de-interiores-e-remodelacao\/#primaryimage\"},\"image\":{\"@id\":\"https:\/\/www.t4franquicias.com\/pt\/departamento-de-design-de-interiores-e-remodelacao\/#primaryimage\"},\"thumbnailUrl\":\"https:\/\/i0.wp.com\/www.t4franquicias.com\/wp-content\/uploads\/sites\/4\/2021\/08\/Blog.png\",\"datePublished\":\"2021-10-05T08:50:50+00:00\",\"dateModified\":\"2025-05-29T11:38:17+00:00\",\"description\":\"A T4 Franquias coloca \u00e0 tua disposi\u00e7\u00e3o o seu novo departamento de design de interiores e remodela\u00e7\u00e3o de espa\u00e7os comerciais, com uma equipa especializada ao teu lado.\",\"breadcrumb\":{\"@id\":\"https:\/\/www.t4franquicias.com\/pt\/departamento-de-design-de-interiores-e-remodelacao\/#breadcrumb\"},\"inLanguage\":\"es\",\"potentialAction\":[{\"@type\":\"ReadAction\",\"target\":[\"https:\/\/www.t4franquicias.com\/pt\/departamento-de-design-de-interiores-e-remodelacao\/\"]}]},{\"@type\":\"ImageObject\",\"inLanguage\":\"es\",\"@id\":\"https:\/\/www.t4franquicias.com\/pt\/departamento-de-design-de-interiores-e-remodelacao\/#primaryimage\",\"url\":\"https:\/\/i0.wp.com\/www.t4franquicias.com\/wp-content\/uploads\/sites\/4\/2021\/08\/Blog.png\",\"contentUrl\":\"https:\/\/i0.wp.com\/www.t4franquicias.com\/wp-content\/uploads\/sites\/4\/2021\/08\/Blog.png\",\"width\":1200,\"height\":628,\"caption\":\"T4 Franquicias departamento de interiorismo y reforma de locales\"},{\"@type\":\"BreadcrumbList\",\"@id\":\"https:\/\/www.t4franquicias.com\/pt\/departamento-de-design-de-interiores-e-remodelacao\/#breadcrumb\",\"itemListElement\":[{\"@type\":\"ListItem\",\"position\":1,\"name\":\"Portada\",\"item\":\"https:\/\/www.t4franquicias.com\/pt\/\"},{\"@type\":\"ListItem\",\"position\":2,\"name\":\"Departamento de design de interiores e remodela\u00e7\u00e3o de espa\u00e7os comerciais\"}]},{\"@type\":\"WebSite\",\"@id\":\"https:\/\/www.t4franquicias.com\/pt\/#website\",\"url\":\"https:\/\/www.t4franquicias.com\/pt\/\",\"name\":\"T4 Franquicias\",\"description\":\" Assessores e Consultores de Franquias\",\"publisher\":{\"@id\":\"https:\/\/www.t4franquicias.com\/pt\/#organization\"},\"alternateName\":\"T4 Franquicias\",\"potentialAction\":[{\"@type\":\"SearchAction\",\"target\":{\"@type\":\"EntryPoint\",\"urlTemplate\":\"https:\/\/www.t4franquicias.com\/pt\/?s={search_term_string}\"},\"query-input\":{\"@type\":\"PropertyValueSpecification\",\"valueRequired\":true,\"valueName\":\"search_term_string\"}}],\"inLanguage\":\"es\"},{\"@type\":\"Organization\",\"@id\":\"https:\/\/www.t4franquicias.com\/pt\/#organization\",\"name\":\"T4 Fraqnuicias\",\"alternateName\":\"T4 Franquicias\",\"url\":\"https:\/\/www.t4franquicias.com\/pt\/\",\"logo\":{\"@type\":\"ImageObject\",\"inLanguage\":\"es\",\"@id\":\"https:\/\/www.t4franquicias.com\/pt\/#\/schema\/logo\/image\/\",\"url\":\"https:\/\/www.t4franquicias.com\/wp-content\/uploads\/2018\/04\/t4-logo.svg\",\"contentUrl\":\"https:\/\/www.t4franquicias.com\/wp-content\/uploads\/2018\/04\/t4-logo.svg\",\"width\":1,\"height\":1,\"caption\":\"T4 Fraqnuicias\"},\"image\":{\"@id\":\"https:\/\/www.t4franquicias.com\/pt\/#\/schema\/logo\/image\/\"},\"sameAs\":[\"https:\/\/www.facebook.com\/T4-Franquicias-270127153112770\/\",\"https:\/\/x.com\/T4Franquicias\",\"https:\/\/www.instagram.com\/t4franquicias\/\",\"https:\/\/www.linkedin.com\/authwall?trk=gf&amp;amp;amp;amp;amp;trkInfo=AQG83SA0TyN3UQAAAWMYAdeghPMLtp364yC1mwjqOVe3ltdrpkNISDeFPIu5JnOXZabpHhOck9v-kKJi00EkvJPzGLSsSKwe2E0JZHQKhoOz7ZyIDeTOPiKeS5bj4J2m9m1iR_M=&amp;amp;amp;amp;amp;originalReferer=http:\/\/www.t4franquicias.com\/&amp;amp;amp;amp;amp;sessionRedirect=https:\/\/www.linkedin.com\/company\/t4-franquicias?trk=tyah\"]}]}<\/script>\n<!-- \/ Yoast SEO Premium plugin. -->","yoast_head_json":{"title":"Departamento de design de interiores e remodela\u00e7\u00e3o de espa\u00e7os comerciais - T4franquicias.com [pt]","description":"A T4 Franquias coloca \u00e0 tua disposi\u00e7\u00e3o o seu novo departamento de design de interiores e remodela\u00e7\u00e3o de espa\u00e7os comerciais, com uma equipa especializada ao teu lado.","robots":{"index":"index","follow":"follow","max-snippet":"max-snippet:-1","max-image-preview":"max-image-preview:large","max-video-preview":"max-video-preview:-1"},"canonical":"https:\/\/www.t4franquicias.com\/pt\/departamento-de-design-de-interiores-e-remodelacao\/","og_locale":"es_ES","og_type":"article","og_title":"Departamento de design de interiores e remodela\u00e7\u00e3o de espa\u00e7os comerciais","og_description":"A T4 Franquias coloca \u00e0 tua disposi\u00e7\u00e3o o seu novo departamento de design de interiores e remodela\u00e7\u00e3o de espa\u00e7os comerciais, com uma equipa especializada ao teu lado.","og_url":"https:\/\/www.t4franquicias.com\/pt\/departamento-de-design-de-interiores-e-remodelacao\/","og_site_name":"T4franquicias.com [pt]","article_publisher":"https:\/\/www.facebook.com\/T4-Franquicias-270127153112770\/","article_modified_time":"2025-05-29T11:38:17+00:00","og_image":[{"width":1200,"height":628,"url":"https:\/\/www.t4franquicias.com\/pt\/wp-content\/uploads\/sites\/4\/2021\/08\/Blog.png","type":"image\/png"}],"twitter_card":"summary_large_image","twitter_site":"@T4Franquicias","twitter_misc":{"Tiempo de lectura":"2 minutos"},"schema":{"@context":"https:\/\/schema.org","@graph":[{"@type":"WebPage","@id":"https:\/\/www.t4franquicias.com\/pt\/departamento-de-design-de-interiores-e-remodelacao\/","url":"https:\/\/www.t4franquicias.com\/pt\/departamento-de-design-de-interiores-e-remodelacao\/","name":"Departamento de design de interiores e remodela\u00e7\u00e3o de espa\u00e7os comerciais - T4franquicias.com [pt]","isPartOf":{"@id":"https:\/\/www.t4franquicias.com\/pt\/#website"},"primaryImageOfPage":{"@id":"https:\/\/www.t4franquicias.com\/pt\/departamento-de-design-de-interiores-e-remodelacao\/#primaryimage"},"image":{"@id":"https:\/\/www.t4franquicias.com\/pt\/departamento-de-design-de-interiores-e-remodelacao\/#primaryimage"},"thumbnailUrl":"https:\/\/i0.wp.com\/www.t4franquicias.com\/wp-content\/uploads\/sites\/4\/2021\/08\/Blog.png","datePublished":"2021-10-05T08:50:50+00:00","dateModified":"2025-05-29T11:38:17+00:00","description":"A T4 Franquias coloca \u00e0 tua disposi\u00e7\u00e3o o seu novo departamento de design de interiores e remodela\u00e7\u00e3o de espa\u00e7os comerciais, com uma equipa especializada ao teu lado.","breadcrumb":{"@id":"https:\/\/www.t4franquicias.com\/pt\/departamento-de-design-de-interiores-e-remodelacao\/#breadcrumb"},"inLanguage":"es","potentialAction":[{"@type":"ReadAction","target":["https:\/\/www.t4franquicias.com\/pt\/departamento-de-design-de-interiores-e-remodelacao\/"]}]},{"@type":"ImageObject","inLanguage":"es","@id":"https:\/\/www.t4franquicias.com\/pt\/departamento-de-design-de-interiores-e-remodelacao\/#primaryimage","url":"https:\/\/i0.wp.com\/www.t4franquicias.com\/wp-content\/uploads\/sites\/4\/2021\/08\/Blog.png","contentUrl":"https:\/\/i0.wp.com\/www.t4franquicias.com\/wp-content\/uploads\/sites\/4\/2021\/08\/Blog.png","width":1200,"height":628,"caption":"T4 Franquicias departamento de interiorismo y reforma de locales"},{"@type":"BreadcrumbList","@id":"https:\/\/www.t4franquicias.com\/pt\/departamento-de-design-de-interiores-e-remodelacao\/#breadcrumb","itemListElement":[{"@type":"ListItem","position":1,"name":"Portada","item":"https:\/\/www.t4franquicias.com\/pt\/"},{"@type":"ListItem","position":2,"name":"Departamento de design de interiores e remodela\u00e7\u00e3o de espa\u00e7os comerciais"}]},{"@type":"WebSite","@id":"https:\/\/www.t4franquicias.com\/pt\/#website","url":"https:\/\/www.t4franquicias.com\/pt\/","name":"T4 Franquicias","description":" Assessores e Consultores de Franquias","publisher":{"@id":"https:\/\/www.t4franquicias.com\/pt\/#organization"},"alternateName":"T4 Franquicias","potentialAction":[{"@type":"SearchAction","target":{"@type":"EntryPoint","urlTemplate":"https:\/\/www.t4franquicias.com\/pt\/?s={search_term_string}"},"query-input":{"@type":"PropertyValueSpecification","valueRequired":true,"valueName":"search_term_string"}}],"inLanguage":"es"},{"@type":"Organization","@id":"https:\/\/www.t4franquicias.com\/pt\/#organization","name":"T4 Fraqnuicias","alternateName":"T4 Franquicias","url":"https:\/\/www.t4franquicias.com\/pt\/","logo":{"@type":"ImageObject","inLanguage":"es","@id":"https:\/\/www.t4franquicias.com\/pt\/#\/schema\/logo\/image\/","url":"https:\/\/www.t4franquicias.com\/wp-content\/uploads\/2018\/04\/t4-logo.svg","contentUrl":"https:\/\/www.t4franquicias.com\/wp-content\/uploads\/2018\/04\/t4-logo.svg","width":1,"height":1,"caption":"T4 Fraqnuicias"},"image":{"@id":"https:\/\/www.t4franquicias.com\/pt\/#\/schema\/logo\/image\/"},"sameAs":["https:\/\/www.facebook.com\/T4-Franquicias-270127153112770\/","https:\/\/x.com\/T4Franquicias","https:\/\/www.instagram.com\/t4franquicias\/","https:\/\/www.linkedin.com\/authwall?trk=gf&amp;amp;amp;amp;amp;trkInfo=AQG83SA0TyN3UQAAAWMYAdeghPMLtp364yC1mwjqOVe3ltdrpkNISDeFPIu5JnOXZabpHhOck9v-kKJi00EkvJPzGLSsSKwe2E0JZHQKhoOz7ZyIDeTOPiKeS5bj4J2m9m1iR_M=&amp;amp;amp;amp;amp;originalReferer=http:\/\/www.t4franquicias.com\/&amp;amp;amp;amp;amp;sessionRedirect=https:\/\/www.linkedin.com\/company\/t4-franquicias?trk=tyah"]}]}},"_links":{"self":[{"href":"https:\/\/www.t4franquicias.com\/pt\/wp-json\/wp\/v2\/pages\/10570","targetHints":{"allow":["GET"]}}],"collection":[{"href":"https:\/\/www.t4franquicias.com\/pt\/wp-json\/wp\/v2\/pages"}],"about":[{"href":"https:\/\/www.t4franquicias.com\/pt\/wp-json\/wp\/v2\/types\/page"}],"author":[{"embeddable":true,"href":"https:\/\/www.t4franquicias.com\/pt\/wp-json\/wp\/v2\/users\/5"}],"replies":[{"embeddable":true,"href":"https:\/\/www.t4franquicias.com\/pt\/wp-json\/wp\/v2\/comments?post=10570"}],"version-history":[{"count":0,"href":"https:\/\/www.t4franquicias.com\/pt\/wp-json\/wp\/v2\/pages\/10570\/revisions"}],"wp:featuredmedia":[{"embeddable":true,"href":"https:\/\/www.t4franquicias.com\/pt\/wp-json\/wp\/v2\/media\/10450"}],"wp:attachment":[{"href":"https:\/\/www.t4franquicias.com\/pt\/wp-json\/wp\/v2\/media?parent=10570"}],"curies":[{"name":"wp","href":"https:\/\/api.w.org\/{rel}","templated":true}]}}