{"id":10569,"date":"2021-10-05T10:50:52","date_gmt":"2021-10-05T08:50:52","guid":{"rendered":"https:\/\/www.t4franquicias.com\/?page_id=10569"},"modified":"2025-05-29T10:33:40","modified_gmt":"2025-05-29T08:33:40","slug":"departamento-de-recrutamento-executivo","status":"publish","type":"page","link":"https:\/\/www.t4franquicias.com\/pt\/departamento-de-recrutamento-executivo\/","title":{"rendered":"Departamento de Recrutamento Executivo"},"content":{"rendered":"<div id=\"the_content\" class=\"row\"><div class=\"cell bg12\"><p><a href=\"https:\/\/www.t4franquicias.com\/wp-content\/uploads\/2021\/04\/Blog-4-1.png\"><img loading=\"lazy\" decoding=\"async\" class=\"aligncenter size-full wp-image-10174\" src=\"https:\/\/www.t4franquicias.com\/wp-content\/uploads\/2021\/04\/Blog-4-1.png\" alt=\"T4 Franquicias sdepartamento de headhunting\" width=\"1200\" height=\"628\" srcset=\"https:\/\/www.t4franquicias.com\/pt\/wp-content\/uploads\/sites\/4\/2021\/04\/Blog-4-1.png 1200w, https:\/\/www.t4franquicias.com\/pt\/wp-content\/uploads\/sites\/4\/2021\/04\/Blog-4-1-300x157.png 300w, https:\/\/www.t4franquicias.com\/pt\/wp-content\/uploads\/sites\/4\/2021\/04\/Blog-4-1-1024x536.png 1024w, https:\/\/www.t4franquicias.com\/pt\/wp-content\/uploads\/sites\/4\/2021\/04\/Blog-4-1-768x402.png 768w\" sizes=\"auto, (max-width: 1200px) 100vw, 1200px\" \/><\/a><\/p> <p data-start=\"58\" data-end=\"320\">Existem vagas em cargos de dire\u00e7\u00e3o, lideran\u00e7a ou em posi\u00e7\u00f5es t\u00e9cnicas que necessitam ser preenchidas de forma especializada. Na T4 Franquicias colocamos \u00e0 sua disposi\u00e7\u00e3o o nosso <strong data-start=\"234\" data-end=\"290\">Departamento de Recrutamento Executivo (Headhunting)<\/strong> para facilitar este processo.<\/p> <p data-start=\"322\" data-end=\"872\">Trabalhamos com um sistema pr\u00f3prio de sele\u00e7\u00e3o de pessoal que permite apoiar os nossos clientes e parceiros no acesso a uma ampla base de dados de profissionais experientes em diversas \u00e1reas. Atrav\u00e9s do headhunting, realizamos <strong data-start=\"548\" data-end=\"587\">buscas ativas de perfis espec\u00edficos<\/strong>, sem recorrer \u00e0s t\u00e9cnicas tradicionais de recrutamento passivo. Al\u00e9m disso, o Departamento de Recrutamento Executivo avalia as <strong data-start=\"715\" data-end=\"782\">aptid\u00f5es, compet\u00eancias de lideran\u00e7a e capacidades profissionais<\/strong> dos candidatos, indo al\u00e9m dos seus conhecimentos t\u00e9cnicos ou da sua experi\u00eancia anterior.<\/p> <p data-start=\"874\" data-end=\"1193\">Contratar uma consultora com uma s\u00f3lida trajet\u00f3ria como a T4 Franquias representa um <strong data-start=\"959\" data-end=\"980\">valor fundamental<\/strong> na hora de integrar certos perfis profissionais numa empresa. A T4 Franquicias encarrega-se de encontrar o perfil ideal, cumprindo os requisitos da fun\u00e7\u00e3o e garantindo a <strong data-start=\"1149\" data-end=\"1180\">m\u00e1xima efici\u00eancia e rapidez<\/strong> no processo.<\/p> <p data-start=\"1195\" data-end=\"1250\" data-is-last-node=\"\" data-is-only-node=\"\">Para mais informa\u00e7\u00f5es, <strong data-start=\"1218\" data-end=\"1249\">n\u00e3o hesite em contactar-nos<\/strong>.<\/p><\/div><\/div>","protected":false},"excerpt":{"rendered":"<p>Existem vagas em cargos de dire\u00e7\u00e3o, lideran\u00e7a ou em posi\u00e7\u00f5es t\u00e9cnicas que necessitam ser preenchidas de forma especializada. Na T4 Franquicias colocamos \u00e0 sua disposi\u00e7\u00e3o o nosso Departamento de Recrutamento Executivo (Headhunting) para facilitar este processo. Trabalhamos com um sistema pr\u00f3prio de sele\u00e7\u00e3o de pessoal que permite apoiar os nossos clientes e parceiros no acesso [&hellip;]<\/p>\n","protected":false},"author":5,"featured_media":10174,"parent":0,"menu_order":0,"comment_status":"closed","ping_status":"closed","template":"","meta":{"_acf_changed":false,"footnotes":""},"class_list":["post-10569","page","type-page","status-publish","has-post-thumbnail","hentry"],"acf":[],"yoast_head":"<!-- This site is optimized with the Yoast SEO Premium plugin v27.2 (Yoast SEO v27.2) - https:\/\/yoast.com\/product\/yoast-seo-premium-wordpress\/ -->\n<title>Departamento de Recrutamento Executivo - T4franquicias.com [pt]<\/title>\n<meta name=\"description\" content=\"Conhece o novo Departamento de Recrutamento Executivo da T4: acesso r\u00e1pido e eficaz a profissionais especializados em diversas \u00e1reas.\" \/>\n<meta name=\"robots\" content=\"index, follow, max-snippet:-1, max-image-preview:large, max-video-preview:-1\" \/>\n<link rel=\"canonical\" href=\"https:\/\/www.t4franquicias.com\/pt\/departamento-de-recrutamento-executivo\/\" \/>\n<meta property=\"og:locale\" content=\"es_ES\" \/>\n<meta property=\"og:type\" content=\"article\" \/>\n<meta property=\"og:title\" content=\"Departamento de Recrutamento Executivo\" \/>\n<meta property=\"og:description\" content=\"Conhece o novo Departamento de Recrutamento Executivo da T4: acesso r\u00e1pido e eficaz a profissionais especializados em diversas \u00e1reas.\" \/>\n<meta property=\"og:url\" content=\"https:\/\/www.t4franquicias.com\/pt\/departamento-de-recrutamento-executivo\/\" \/>\n<meta property=\"og:site_name\" content=\"T4franquicias.com [pt]\" \/>\n<meta property=\"article:publisher\" content=\"https:\/\/www.facebook.com\/T4-Franquicias-270127153112770\/\" \/>\n<meta property=\"article:modified_time\" content=\"2025-05-29T08:33:40+00:00\" \/>\n<meta property=\"og:image\" content=\"https:\/\/www.t4franquicias.com\/pt\/wp-content\/uploads\/sites\/4\/2021\/04\/Blog-4-1.png\" \/>\n\t<meta property=\"og:image:width\" content=\"1200\" \/>\n\t<meta property=\"og:image:height\" content=\"628\" \/>\n\t<meta property=\"og:image:type\" content=\"image\/png\" \/>\n<meta name=\"twitter:card\" content=\"summary_large_image\" \/>\n<meta name=\"twitter:site\" content=\"@T4Franquicias\" \/>\n<meta name=\"twitter:label1\" content=\"Tiempo de lectura\" \/>\n\t<meta name=\"twitter:data1\" content=\"2 minutos\" \/>\n<script type=\"application\/ld+json\" class=\"yoast-schema-graph\">{\"@context\":\"https:\/\/schema.org\",\"@graph\":[{\"@type\":\"WebPage\",\"@id\":\"https:\/\/www.t4franquicias.com\/pt\/departamento-de-recrutamento-executivo\/\",\"url\":\"https:\/\/www.t4franquicias.com\/pt\/departamento-de-recrutamento-executivo\/\",\"name\":\"Departamento de Recrutamento Executivo - T4franquicias.com [pt]\",\"isPartOf\":{\"@id\":\"https:\/\/www.t4franquicias.com\/pt\/#website\"},\"primaryImageOfPage\":{\"@id\":\"https:\/\/www.t4franquicias.com\/pt\/departamento-de-recrutamento-executivo\/#primaryimage\"},\"image\":{\"@id\":\"https:\/\/www.t4franquicias.com\/pt\/departamento-de-recrutamento-executivo\/#primaryimage\"},\"thumbnailUrl\":\"https:\/\/i0.wp.com\/www.t4franquicias.com\/wp-content\/uploads\/sites\/4\/2021\/04\/Blog-4-1.png\",\"datePublished\":\"2021-10-05T08:50:52+00:00\",\"dateModified\":\"2025-05-29T08:33:40+00:00\",\"description\":\"Conhece o novo Departamento de Recrutamento Executivo da T4: acesso r\u00e1pido e eficaz a profissionais especializados em diversas \u00e1reas.\",\"breadcrumb\":{\"@id\":\"https:\/\/www.t4franquicias.com\/pt\/departamento-de-recrutamento-executivo\/#breadcrumb\"},\"inLanguage\":\"es\",\"potentialAction\":[{\"@type\":\"ReadAction\",\"target\":[\"https:\/\/www.t4franquicias.com\/pt\/departamento-de-recrutamento-executivo\/\"]}]},{\"@type\":\"ImageObject\",\"inLanguage\":\"es\",\"@id\":\"https:\/\/www.t4franquicias.com\/pt\/departamento-de-recrutamento-executivo\/#primaryimage\",\"url\":\"https:\/\/i0.wp.com\/www.t4franquicias.com\/wp-content\/uploads\/sites\/4\/2021\/04\/Blog-4-1.png\",\"contentUrl\":\"https:\/\/i0.wp.com\/www.t4franquicias.com\/wp-content\/uploads\/sites\/4\/2021\/04\/Blog-4-1.png\",\"width\":1200,\"height\":628,\"caption\":\"T4 Franquicias sdepartamento de headhunting\"},{\"@type\":\"BreadcrumbList\",\"@id\":\"https:\/\/www.t4franquicias.com\/pt\/departamento-de-recrutamento-executivo\/#breadcrumb\",\"itemListElement\":[{\"@type\":\"ListItem\",\"position\":1,\"name\":\"Portada\",\"item\":\"https:\/\/www.t4franquicias.com\/pt\/\"},{\"@type\":\"ListItem\",\"position\":2,\"name\":\"Departamento de Recrutamento Executivo\"}]},{\"@type\":\"WebSite\",\"@id\":\"https:\/\/www.t4franquicias.com\/pt\/#website\",\"url\":\"https:\/\/www.t4franquicias.com\/pt\/\",\"name\":\"T4 Franquicias\",\"description\":\" Assessores e Consultores de Franquias\",\"publisher\":{\"@id\":\"https:\/\/www.t4franquicias.com\/pt\/#organization\"},\"alternateName\":\"T4 Franquicias\",\"potentialAction\":[{\"@type\":\"SearchAction\",\"target\":{\"@type\":\"EntryPoint\",\"urlTemplate\":\"https:\/\/www.t4franquicias.com\/pt\/?s={search_term_string}\"},\"query-input\":{\"@type\":\"PropertyValueSpecification\",\"valueRequired\":true,\"valueName\":\"search_term_string\"}}],\"inLanguage\":\"es\"},{\"@type\":\"Organization\",\"@id\":\"https:\/\/www.t4franquicias.com\/pt\/#organization\",\"name\":\"T4 Fraqnuicias\",\"alternateName\":\"T4 Franquicias\",\"url\":\"https:\/\/www.t4franquicias.com\/pt\/\",\"logo\":{\"@type\":\"ImageObject\",\"inLanguage\":\"es\",\"@id\":\"https:\/\/www.t4franquicias.com\/pt\/#\/schema\/logo\/image\/\",\"url\":\"https:\/\/www.t4franquicias.com\/wp-content\/uploads\/2018\/04\/t4-logo.svg\",\"contentUrl\":\"https:\/\/www.t4franquicias.com\/wp-content\/uploads\/2018\/04\/t4-logo.svg\",\"width\":1,\"height\":1,\"caption\":\"T4 Fraqnuicias\"},\"image\":{\"@id\":\"https:\/\/www.t4franquicias.com\/pt\/#\/schema\/logo\/image\/\"},\"sameAs\":[\"https:\/\/www.facebook.com\/T4-Franquicias-270127153112770\/\",\"https:\/\/x.com\/T4Franquicias\",\"https:\/\/www.instagram.com\/t4franquicias\/\",\"https:\/\/www.linkedin.com\/authwall?trk=gf&amp;amp;amp;amp;amp;trkInfo=AQG83SA0TyN3UQAAAWMYAdeghPMLtp364yC1mwjqOVe3ltdrpkNISDeFPIu5JnOXZabpHhOck9v-kKJi00EkvJPzGLSsSKwe2E0JZHQKhoOz7ZyIDeTOPiKeS5bj4J2m9m1iR_M=&amp;amp;amp;amp;amp;originalReferer=http:\/\/www.t4franquicias.com\/&amp;amp;amp;amp;amp;sessionRedirect=https:\/\/www.linkedin.com\/company\/t4-franquicias?trk=tyah\"]}]}<\/script>\n<!-- \/ Yoast SEO Premium plugin. -->","yoast_head_json":{"title":"Departamento de Recrutamento Executivo - T4franquicias.com [pt]","description":"Conhece o novo Departamento de Recrutamento Executivo da T4: acesso r\u00e1pido e eficaz a profissionais especializados em diversas \u00e1reas.","robots":{"index":"index","follow":"follow","max-snippet":"max-snippet:-1","max-image-preview":"max-image-preview:large","max-video-preview":"max-video-preview:-1"},"canonical":"https:\/\/www.t4franquicias.com\/pt\/departamento-de-recrutamento-executivo\/","og_locale":"es_ES","og_type":"article","og_title":"Departamento de Recrutamento Executivo","og_description":"Conhece o novo Departamento de Recrutamento Executivo da T4: acesso r\u00e1pido e eficaz a profissionais especializados em diversas \u00e1reas.","og_url":"https:\/\/www.t4franquicias.com\/pt\/departamento-de-recrutamento-executivo\/","og_site_name":"T4franquicias.com [pt]","article_publisher":"https:\/\/www.facebook.com\/T4-Franquicias-270127153112770\/","article_modified_time":"2025-05-29T08:33:40+00:00","og_image":[{"width":1200,"height":628,"url":"https:\/\/www.t4franquicias.com\/pt\/wp-content\/uploads\/sites\/4\/2021\/04\/Blog-4-1.png","type":"image\/png"}],"twitter_card":"summary_large_image","twitter_site":"@T4Franquicias","twitter_misc":{"Tiempo de lectura":"2 minutos"},"schema":{"@context":"https:\/\/schema.org","@graph":[{"@type":"WebPage","@id":"https:\/\/www.t4franquicias.com\/pt\/departamento-de-recrutamento-executivo\/","url":"https:\/\/www.t4franquicias.com\/pt\/departamento-de-recrutamento-executivo\/","name":"Departamento de Recrutamento Executivo - T4franquicias.com [pt]","isPartOf":{"@id":"https:\/\/www.t4franquicias.com\/pt\/#website"},"primaryImageOfPage":{"@id":"https:\/\/www.t4franquicias.com\/pt\/departamento-de-recrutamento-executivo\/#primaryimage"},"image":{"@id":"https:\/\/www.t4franquicias.com\/pt\/departamento-de-recrutamento-executivo\/#primaryimage"},"thumbnailUrl":"https:\/\/i0.wp.com\/www.t4franquicias.com\/wp-content\/uploads\/sites\/4\/2021\/04\/Blog-4-1.png","datePublished":"2021-10-05T08:50:52+00:00","dateModified":"2025-05-29T08:33:40+00:00","description":"Conhece o novo Departamento de Recrutamento Executivo da T4: acesso r\u00e1pido e eficaz a profissionais especializados em diversas \u00e1reas.","breadcrumb":{"@id":"https:\/\/www.t4franquicias.com\/pt\/departamento-de-recrutamento-executivo\/#breadcrumb"},"inLanguage":"es","potentialAction":[{"@type":"ReadAction","target":["https:\/\/www.t4franquicias.com\/pt\/departamento-de-recrutamento-executivo\/"]}]},{"@type":"ImageObject","inLanguage":"es","@id":"https:\/\/www.t4franquicias.com\/pt\/departamento-de-recrutamento-executivo\/#primaryimage","url":"https:\/\/i0.wp.com\/www.t4franquicias.com\/wp-content\/uploads\/sites\/4\/2021\/04\/Blog-4-1.png","contentUrl":"https:\/\/i0.wp.com\/www.t4franquicias.com\/wp-content\/uploads\/sites\/4\/2021\/04\/Blog-4-1.png","width":1200,"height":628,"caption":"T4 Franquicias sdepartamento de headhunting"},{"@type":"BreadcrumbList","@id":"https:\/\/www.t4franquicias.com\/pt\/departamento-de-recrutamento-executivo\/#breadcrumb","itemListElement":[{"@type":"ListItem","position":1,"name":"Portada","item":"https:\/\/www.t4franquicias.com\/pt\/"},{"@type":"ListItem","position":2,"name":"Departamento de Recrutamento Executivo"}]},{"@type":"WebSite","@id":"https:\/\/www.t4franquicias.com\/pt\/#website","url":"https:\/\/www.t4franquicias.com\/pt\/","name":"T4 Franquicias","description":" Assessores e Consultores de Franquias","publisher":{"@id":"https:\/\/www.t4franquicias.com\/pt\/#organization"},"alternateName":"T4 Franquicias","potentialAction":[{"@type":"SearchAction","target":{"@type":"EntryPoint","urlTemplate":"https:\/\/www.t4franquicias.com\/pt\/?s={search_term_string}"},"query-input":{"@type":"PropertyValueSpecification","valueRequired":true,"valueName":"search_term_string"}}],"inLanguage":"es"},{"@type":"Organization","@id":"https:\/\/www.t4franquicias.com\/pt\/#organization","name":"T4 Fraqnuicias","alternateName":"T4 Franquicias","url":"https:\/\/www.t4franquicias.com\/pt\/","logo":{"@type":"ImageObject","inLanguage":"es","@id":"https:\/\/www.t4franquicias.com\/pt\/#\/schema\/logo\/image\/","url":"https:\/\/www.t4franquicias.com\/wp-content\/uploads\/2018\/04\/t4-logo.svg","contentUrl":"https:\/\/www.t4franquicias.com\/wp-content\/uploads\/2018\/04\/t4-logo.svg","width":1,"height":1,"caption":"T4 Fraqnuicias"},"image":{"@id":"https:\/\/www.t4franquicias.com\/pt\/#\/schema\/logo\/image\/"},"sameAs":["https:\/\/www.facebook.com\/T4-Franquicias-270127153112770\/","https:\/\/x.com\/T4Franquicias","https:\/\/www.instagram.com\/t4franquicias\/","https:\/\/www.linkedin.com\/authwall?trk=gf&amp;amp;amp;amp;amp;trkInfo=AQG83SA0TyN3UQAAAWMYAdeghPMLtp364yC1mwjqOVe3ltdrpkNISDeFPIu5JnOXZabpHhOck9v-kKJi00EkvJPzGLSsSKwe2E0JZHQKhoOz7ZyIDeTOPiKeS5bj4J2m9m1iR_M=&amp;amp;amp;amp;amp;originalReferer=http:\/\/www.t4franquicias.com\/&amp;amp;amp;amp;amp;sessionRedirect=https:\/\/www.linkedin.com\/company\/t4-franquicias?trk=tyah"]}]}},"_links":{"self":[{"href":"https:\/\/www.t4franquicias.com\/pt\/wp-json\/wp\/v2\/pages\/10569","targetHints":{"allow":["GET"]}}],"collection":[{"href":"https:\/\/www.t4franquicias.com\/pt\/wp-json\/wp\/v2\/pages"}],"about":[{"href":"https:\/\/www.t4franquicias.com\/pt\/wp-json\/wp\/v2\/types\/page"}],"author":[{"embeddable":true,"href":"https:\/\/www.t4franquicias.com\/pt\/wp-json\/wp\/v2\/users\/5"}],"replies":[{"embeddable":true,"href":"https:\/\/www.t4franquicias.com\/pt\/wp-json\/wp\/v2\/comments?post=10569"}],"version-history":[{"count":0,"href":"https:\/\/www.t4franquicias.com\/pt\/wp-json\/wp\/v2\/pages\/10569\/revisions"}],"wp:featuredmedia":[{"embeddable":true,"href":"https:\/\/www.t4franquicias.com\/pt\/wp-json\/wp\/v2\/media\/10174"}],"wp:attachment":[{"href":"https:\/\/www.t4franquicias.com\/pt\/wp-json\/wp\/v2\/media?parent=10569"}],"curies":[{"name":"wp","href":"https:\/\/api.w.org\/{rel}","templated":true}]}}