{"id":105,"date":"2012-10-15T17:53:10","date_gmt":"2012-10-15T15:53:10","guid":{"rendered":"https:\/\/www.t4franquicias.com\/?page_id=105"},"modified":"2025-05-29T13:53:31","modified_gmt":"2025-05-29T11:53:31","slug":"marketing-e-comunicacao-para-franquias","status":"publish","type":"page","link":"https:\/\/www.t4franquicias.com\/pt\/servicos-para-franquias\/marketing-e-comunicacao-para-franquias\/","title":{"rendered":"Marketing e Comunica\u00e7\u00e3o para franquias"},"content":{"rendered":"<div id=\"the_content\" class=\"row\"><div class=\"cell bg12\"><p data-start=\"0\" data-end=\"42\"><strong data-start=\"0\" data-end=\"42\">Marketing e Comunica\u00e7\u00e3o para franquias<\/strong><\/p>\n<p data-start=\"44\" data-end=\"191\">Somos especialistas em marketing e comunica\u00e7\u00e3o para franquias, porque acreditamos que as empresas que sabem comunicar s\u00e3o as empresas que triunfam.<\/p>\n<p data-start=\"193\" data-end=\"565\"><strong data-start=\"193\" data-end=\"235\">Marketing e comunica\u00e7\u00e3o para franquias<\/strong><br data-start=\"235\" data-end=\"238\" \/>No mundo do franchising, onde as rela\u00e7\u00f5es se baseiam na confian\u00e7a, uma das chaves do sucesso \u00e9 ser capaz de transmitir as mensagens certas ao nosso p\u00fablico-alvo: investidores e empreendedores. Num mercado com mais de 1.000 marcas que procuram exatamente o mesmo, \u00e9 essencial contar com as melhores estrat\u00e9gias para destacar-se.<\/p>\n<p data-start=\"567\" data-end=\"750\">Atualmente, a comunica\u00e7\u00e3o abrange um conjunto vasto e diversificado de \u00e1reas. Por isso, torna-se cada vez mais necess\u00e1rio dispor de cobertura especializada em tr\u00eas temas fundamentais:<\/p>\n<p data-start=\"757\" data-end=\"1117\"><strong data-start=\"757\" data-end=\"797\">1. Cria\u00e7\u00e3o de Identidade Corporativa<\/strong><br data-start=\"797\" data-end=\"800\" \/>Para qualquer empresa, a identidade corporativa \u00e9 o seu cart\u00e3o de visita perante o setor, o p\u00fablico-alvo, os colaboradores e qualquer pessoa que interaja com a marca. Cada elemento desta identidade contribui para construir a imagem que o p\u00fablico tem da empresa, afetando diretamente a rela\u00e7\u00e3o atual ou futura com ela.<\/p>\n<p data-start=\"1119\" data-end=\"1367\">No caso das redes de distribui\u00e7\u00e3o, este ponto \u00e9 ainda mais crucial. A central de franquias precisa de uma imagem firme, coerente, homog\u00e9nea e reconhec\u00edvel em qualquer parte do mundo, que garanta diferencia\u00e7\u00e3o e o posicionamento desejado no mercado.<\/p>\n<p data-start=\"1374\" data-end=\"1738\"><strong data-start=\"1374\" data-end=\"1440\">2. Planeamento e Desenvolvimento de Estrat\u00e9gias de Comunica\u00e7\u00e3o<\/strong><br data-start=\"1440\" data-end=\"1443\" \/>O objetivo de qualquer empresa em expans\u00e3o \u00e9 dar-se a conhecer atrav\u00e9s do maior n\u00famero de canais poss\u00edvel. Quanto mais o mercado conhecer a marca, os produtos e servi\u00e7os que oferece, maior ser\u00e1 o interesse gerado junto do p\u00fablico-alvo e melhor ser\u00e1 a sua imagem em compara\u00e7\u00e3o com a concorr\u00eancia.<\/p>\n<p data-start=\"1740\" data-end=\"1836\">Para isso, \u00e9 essencial desenvolver um plano de marketing, publicidade e comunica\u00e7\u00e3o que permita:<\/p>\n<ul data-start=\"1837\" data-end=\"2174\">\n<li data-start=\"1837\" data-end=\"1908\">\n<p data-start=\"1839\" data-end=\"1908\">Definir uma estrat\u00e9gia clara e alinhada com os objetivos comerciais<\/p>\n<\/li>\n<li data-start=\"1909\" data-end=\"1987\">\n<p data-start=\"1911\" data-end=\"1987\">Apresentar uma comunica\u00e7\u00e3o uniforme e coerente para os diferentes p\u00fablicos<\/p>\n<\/li>\n<li data-start=\"1988\" data-end=\"2068\">\n<p data-start=\"1990\" data-end=\"2068\">Oferecer solu\u00e7\u00f5es com base na experi\u00eancia e na gest\u00e3o de recursos da central<\/p>\n<\/li>\n<li data-start=\"2069\" data-end=\"2174\">\n<p data-start=\"2071\" data-end=\"2174\">Centralizar os processos criativos, de design, produ\u00e7\u00e3o e negocia\u00e7\u00e3o num \u00fanico fornecedor especializado<\/p>\n<\/li>\n<\/ul>\n<p data-start=\"2181\" data-end=\"2381\"><strong data-start=\"2181\" data-end=\"2208\">3. Gabinete de Imprensa<\/strong><br data-start=\"2208\" data-end=\"2211\" \/>O Departamento de Comunica\u00e7\u00e3o e Rela\u00e7\u00f5es P\u00fablicas da T4 Franquias conta com anos de experi\u00eancia em expans\u00e3o empresarial e comunica\u00e7\u00e3o corporativa no setor do franchising.<\/p>\n<p data-start=\"2383\" data-end=\"2619\">Esta \u00e1rea gere a comunica\u00e7\u00e3o de dezenas de empresas de diversos setores e \u00e9 especializada em gerar um alto n\u00edvel de visibilidade dos seus clientes na imprensa generalista, econ\u00f3mica e especializada, tanto a n\u00edvel nacional como regional.<\/p>\n<\/div><\/div>","protected":false},"excerpt":{"rendered":"<p>Marketing e Comunica\u00e7\u00e3o para franquias Somos especialistas em marketing e comunica\u00e7\u00e3o para franquias, porque acreditamos que as empresas que sabem comunicar s\u00e3o as empresas que triunfam. Marketing e comunica\u00e7\u00e3o para franquiasNo mundo do franchising, onde as rela\u00e7\u00f5es se baseiam na confian\u00e7a, uma das chaves do sucesso \u00e9 ser capaz de transmitir as mensagens certas ao [&hellip;]<\/p>\n","protected":false},"author":1,"featured_media":0,"parent":17,"menu_order":4,"comment_status":"closed","ping_status":"closed","template":"","meta":{"_acf_changed":false,"footnotes":""},"class_list":["post-105","page","type-page","status-publish","hentry"],"acf":[],"yoast_head":"<!-- This site is optimized with the Yoast SEO Premium plugin v27.2 (Yoast SEO v27.2) - https:\/\/yoast.com\/product\/yoast-seo-premium-wordpress\/ -->\n<title>Servi\u00e7os de Marketing e Comunica\u00e7\u00e3o para franquias<\/title>\n<meta name=\"description\" content=\"Somos especialistas em marketing e comunica\u00e7\u00e3o para franquias, orientados para o investidor \u2014 porque as empresas que sabem comunicar s\u00e3o as empresas que triunfam.\" \/>\n<meta name=\"robots\" content=\"index, follow, max-snippet:-1, max-image-preview:large, max-video-preview:-1\" \/>\n<link rel=\"canonical\" href=\"https:\/\/www.t4franquicias.com\/pt\/servicos-para-franquias\/marketing-e-comunicacao-para-franquias\/\" \/>\n<meta property=\"og:locale\" content=\"es_ES\" \/>\n<meta property=\"og:type\" content=\"article\" \/>\n<meta property=\"og:title\" content=\"Marketing e Comunica\u00e7\u00e3o para franquias\" \/>\n<meta property=\"og:description\" content=\"Somos especialistas em marketing e comunica\u00e7\u00e3o para franquias, orientados para o investidor \u2014 porque as empresas que sabem comunicar s\u00e3o as empresas que triunfam.\" \/>\n<meta property=\"og:url\" content=\"https:\/\/www.t4franquicias.com\/pt\/servicos-para-franquias\/marketing-e-comunicacao-para-franquias\/\" \/>\n<meta property=\"og:site_name\" content=\"T4franquicias.com [pt]\" \/>\n<meta property=\"article:publisher\" content=\"https:\/\/www.facebook.com\/T4-Franquicias-270127153112770\/\" \/>\n<meta property=\"article:modified_time\" content=\"2025-05-29T11:53:31+00:00\" \/>\n<meta property=\"og:image\" content=\"https:\/\/i0.wp.com\/www.t4franquicias.com\/wp-content\/uploads\/sites\/4\/2015\/10\/T4FRANQUICIAS_web2.png\" \/>\n\t<meta property=\"og:image:width\" content=\"200\" \/>\n\t<meta property=\"og:image:height\" content=\"176\" \/>\n\t<meta property=\"og:image:type\" content=\"image\/png\" \/>\n<meta name=\"twitter:card\" content=\"summary_large_image\" \/>\n<meta name=\"twitter:site\" content=\"@T4Franquicias\" \/>\n<meta name=\"twitter:label1\" content=\"Tiempo de lectura\" \/>\n\t<meta name=\"twitter:data1\" content=\"2 minutos\" \/>\n<script type=\"application\/ld+json\" class=\"yoast-schema-graph\">{\"@context\":\"https:\/\/schema.org\",\"@graph\":[{\"@type\":\"WebPage\",\"@id\":\"https:\/\/www.t4franquicias.com\/pt\/servicos-para-franquias\/marketing-e-comunicacao-para-franquias\/\",\"url\":\"https:\/\/www.t4franquicias.com\/pt\/servicos-para-franquias\/marketing-e-comunicacao-para-franquias\/\",\"name\":\"Servi\u00e7os de Marketing e Comunica\u00e7\u00e3o para franquias\",\"isPartOf\":{\"@id\":\"https:\/\/www.t4franquicias.com\/pt\/#website\"},\"datePublished\":\"2012-10-15T15:53:10+00:00\",\"dateModified\":\"2025-05-29T11:53:31+00:00\",\"description\":\"Somos especialistas em marketing e comunica\u00e7\u00e3o para franquias, orientados para o investidor \u2014 porque as empresas que sabem comunicar s\u00e3o as empresas que triunfam.\",\"breadcrumb\":{\"@id\":\"https:\/\/www.t4franquicias.com\/pt\/servicos-para-franquias\/marketing-e-comunicacao-para-franquias\/#breadcrumb\"},\"inLanguage\":\"es\",\"potentialAction\":[{\"@type\":\"ReadAction\",\"target\":[\"https:\/\/www.t4franquicias.com\/pt\/servicos-para-franquias\/marketing-e-comunicacao-para-franquias\/\"]}]},{\"@type\":\"BreadcrumbList\",\"@id\":\"https:\/\/www.t4franquicias.com\/pt\/servicos-para-franquias\/marketing-e-comunicacao-para-franquias\/#breadcrumb\",\"itemListElement\":[{\"@type\":\"ListItem\",\"position\":1,\"name\":\"Portada\",\"item\":\"https:\/\/www.t4franquicias.com\/pt\/\"},{\"@type\":\"ListItem\",\"position\":2,\"name\":\"Servi\u00e7os para franquias\",\"item\":\"https:\/\/www.t4franquicias.com\/pt\/servicos-para-franquias\/\"},{\"@type\":\"ListItem\",\"position\":3,\"name\":\"Marketing e Comunica\u00e7\u00e3o para franquias\"}]},{\"@type\":\"WebSite\",\"@id\":\"https:\/\/www.t4franquicias.com\/pt\/#website\",\"url\":\"https:\/\/www.t4franquicias.com\/pt\/\",\"name\":\"T4 Franquicias\",\"description\":\" Assessores e Consultores de Franquias\",\"publisher\":{\"@id\":\"https:\/\/www.t4franquicias.com\/pt\/#organization\"},\"alternateName\":\"T4 Franquicias\",\"potentialAction\":[{\"@type\":\"SearchAction\",\"target\":{\"@type\":\"EntryPoint\",\"urlTemplate\":\"https:\/\/www.t4franquicias.com\/pt\/?s={search_term_string}\"},\"query-input\":{\"@type\":\"PropertyValueSpecification\",\"valueRequired\":true,\"valueName\":\"search_term_string\"}}],\"inLanguage\":\"es\"},{\"@type\":\"Organization\",\"@id\":\"https:\/\/www.t4franquicias.com\/pt\/#organization\",\"name\":\"T4 Fraqnuicias\",\"alternateName\":\"T4 Franquicias\",\"url\":\"https:\/\/www.t4franquicias.com\/pt\/\",\"logo\":{\"@type\":\"ImageObject\",\"inLanguage\":\"es\",\"@id\":\"https:\/\/www.t4franquicias.com\/pt\/#\/schema\/logo\/image\/\",\"url\":\"https:\/\/www.t4franquicias.com\/wp-content\/uploads\/2018\/04\/t4-logo.svg\",\"contentUrl\":\"https:\/\/www.t4franquicias.com\/wp-content\/uploads\/2018\/04\/t4-logo.svg\",\"width\":1,\"height\":1,\"caption\":\"T4 Fraqnuicias\"},\"image\":{\"@id\":\"https:\/\/www.t4franquicias.com\/pt\/#\/schema\/logo\/image\/\"},\"sameAs\":[\"https:\/\/www.facebook.com\/T4-Franquicias-270127153112770\/\",\"https:\/\/x.com\/T4Franquicias\",\"https:\/\/www.instagram.com\/t4franquicias\/\",\"https:\/\/www.linkedin.com\/authwall?trk=gf&amp;amp;amp;amp;amp;trkInfo=AQG83SA0TyN3UQAAAWMYAdeghPMLtp364yC1mwjqOVe3ltdrpkNISDeFPIu5JnOXZabpHhOck9v-kKJi00EkvJPzGLSsSKwe2E0JZHQKhoOz7ZyIDeTOPiKeS5bj4J2m9m1iR_M=&amp;amp;amp;amp;amp;originalReferer=http:\/\/www.t4franquicias.com\/&amp;amp;amp;amp;amp;sessionRedirect=https:\/\/www.linkedin.com\/company\/t4-franquicias?trk=tyah\"]}]}<\/script>\n<!-- \/ Yoast SEO Premium plugin. -->","yoast_head_json":{"title":"Servi\u00e7os de Marketing e Comunica\u00e7\u00e3o para franquias","description":"Somos especialistas em marketing e comunica\u00e7\u00e3o para franquias, orientados para o investidor \u2014 porque as empresas que sabem comunicar s\u00e3o as empresas que triunfam.","robots":{"index":"index","follow":"follow","max-snippet":"max-snippet:-1","max-image-preview":"max-image-preview:large","max-video-preview":"max-video-preview:-1"},"canonical":"https:\/\/www.t4franquicias.com\/pt\/servicos-para-franquias\/marketing-e-comunicacao-para-franquias\/","og_locale":"es_ES","og_type":"article","og_title":"Marketing e Comunica\u00e7\u00e3o para franquias","og_description":"Somos especialistas em marketing e comunica\u00e7\u00e3o para franquias, orientados para o investidor \u2014 porque as empresas que sabem comunicar s\u00e3o as empresas que triunfam.","og_url":"https:\/\/www.t4franquicias.com\/pt\/servicos-para-franquias\/marketing-e-comunicacao-para-franquias\/","og_site_name":"T4franquicias.com [pt]","article_publisher":"https:\/\/www.facebook.com\/T4-Franquicias-270127153112770\/","article_modified_time":"2025-05-29T11:53:31+00:00","og_image":[{"width":200,"height":176,"url":"https:\/\/i0.wp.com\/www.t4franquicias.com\/wp-content\/uploads\/sites\/4\/2015\/10\/T4FRANQUICIAS_web2.png","type":"image\/png"}],"twitter_card":"summary_large_image","twitter_site":"@T4Franquicias","twitter_misc":{"Tiempo de lectura":"2 minutos"},"schema":{"@context":"https:\/\/schema.org","@graph":[{"@type":"WebPage","@id":"https:\/\/www.t4franquicias.com\/pt\/servicos-para-franquias\/marketing-e-comunicacao-para-franquias\/","url":"https:\/\/www.t4franquicias.com\/pt\/servicos-para-franquias\/marketing-e-comunicacao-para-franquias\/","name":"Servi\u00e7os de Marketing e Comunica\u00e7\u00e3o para franquias","isPartOf":{"@id":"https:\/\/www.t4franquicias.com\/pt\/#website"},"datePublished":"2012-10-15T15:53:10+00:00","dateModified":"2025-05-29T11:53:31+00:00","description":"Somos especialistas em marketing e comunica\u00e7\u00e3o para franquias, orientados para o investidor \u2014 porque as empresas que sabem comunicar s\u00e3o as empresas que triunfam.","breadcrumb":{"@id":"https:\/\/www.t4franquicias.com\/pt\/servicos-para-franquias\/marketing-e-comunicacao-para-franquias\/#breadcrumb"},"inLanguage":"es","potentialAction":[{"@type":"ReadAction","target":["https:\/\/www.t4franquicias.com\/pt\/servicos-para-franquias\/marketing-e-comunicacao-para-franquias\/"]}]},{"@type":"BreadcrumbList","@id":"https:\/\/www.t4franquicias.com\/pt\/servicos-para-franquias\/marketing-e-comunicacao-para-franquias\/#breadcrumb","itemListElement":[{"@type":"ListItem","position":1,"name":"Portada","item":"https:\/\/www.t4franquicias.com\/pt\/"},{"@type":"ListItem","position":2,"name":"Servi\u00e7os para franquias","item":"https:\/\/www.t4franquicias.com\/pt\/servicos-para-franquias\/"},{"@type":"ListItem","position":3,"name":"Marketing e Comunica\u00e7\u00e3o para franquias"}]},{"@type":"WebSite","@id":"https:\/\/www.t4franquicias.com\/pt\/#website","url":"https:\/\/www.t4franquicias.com\/pt\/","name":"T4 Franquicias","description":" Assessores e Consultores de Franquias","publisher":{"@id":"https:\/\/www.t4franquicias.com\/pt\/#organization"},"alternateName":"T4 Franquicias","potentialAction":[{"@type":"SearchAction","target":{"@type":"EntryPoint","urlTemplate":"https:\/\/www.t4franquicias.com\/pt\/?s={search_term_string}"},"query-input":{"@type":"PropertyValueSpecification","valueRequired":true,"valueName":"search_term_string"}}],"inLanguage":"es"},{"@type":"Organization","@id":"https:\/\/www.t4franquicias.com\/pt\/#organization","name":"T4 Fraqnuicias","alternateName":"T4 Franquicias","url":"https:\/\/www.t4franquicias.com\/pt\/","logo":{"@type":"ImageObject","inLanguage":"es","@id":"https:\/\/www.t4franquicias.com\/pt\/#\/schema\/logo\/image\/","url":"https:\/\/www.t4franquicias.com\/wp-content\/uploads\/2018\/04\/t4-logo.svg","contentUrl":"https:\/\/www.t4franquicias.com\/wp-content\/uploads\/2018\/04\/t4-logo.svg","width":1,"height":1,"caption":"T4 Fraqnuicias"},"image":{"@id":"https:\/\/www.t4franquicias.com\/pt\/#\/schema\/logo\/image\/"},"sameAs":["https:\/\/www.facebook.com\/T4-Franquicias-270127153112770\/","https:\/\/x.com\/T4Franquicias","https:\/\/www.instagram.com\/t4franquicias\/","https:\/\/www.linkedin.com\/authwall?trk=gf&amp;amp;amp;amp;amp;trkInfo=AQG83SA0TyN3UQAAAWMYAdeghPMLtp364yC1mwjqOVe3ltdrpkNISDeFPIu5JnOXZabpHhOck9v-kKJi00EkvJPzGLSsSKwe2E0JZHQKhoOz7ZyIDeTOPiKeS5bj4J2m9m1iR_M=&amp;amp;amp;amp;amp;originalReferer=http:\/\/www.t4franquicias.com\/&amp;amp;amp;amp;amp;sessionRedirect=https:\/\/www.linkedin.com\/company\/t4-franquicias?trk=tyah"]}]}},"_links":{"self":[{"href":"https:\/\/www.t4franquicias.com\/pt\/wp-json\/wp\/v2\/pages\/105","targetHints":{"allow":["GET"]}}],"collection":[{"href":"https:\/\/www.t4franquicias.com\/pt\/wp-json\/wp\/v2\/pages"}],"about":[{"href":"https:\/\/www.t4franquicias.com\/pt\/wp-json\/wp\/v2\/types\/page"}],"author":[{"embeddable":true,"href":"https:\/\/www.t4franquicias.com\/pt\/wp-json\/wp\/v2\/users\/1"}],"replies":[{"embeddable":true,"href":"https:\/\/www.t4franquicias.com\/pt\/wp-json\/wp\/v2\/comments?post=105"}],"version-history":[{"count":0,"href":"https:\/\/www.t4franquicias.com\/pt\/wp-json\/wp\/v2\/pages\/105\/revisions"}],"up":[{"embeddable":true,"href":"https:\/\/www.t4franquicias.com\/pt\/wp-json\/wp\/v2\/pages\/17"}],"wp:attachment":[{"href":"https:\/\/www.t4franquicias.com\/pt\/wp-json\/wp\/v2\/media?parent=105"}],"curies":[{"name":"wp","href":"https:\/\/api.w.org\/{rel}","templated":true}]}}