{"id":103,"date":"2012-10-15T17:52:57","date_gmt":"2012-10-15T15:52:57","guid":{"rendered":"https:\/\/www.t4franquicias.com\/?page_id=103"},"modified":"2025-05-23T14:39:24","modified_gmt":"2025-05-23T12:39:24","slug":"gestao-rede-franquias","status":"publish","type":"page","link":"https:\/\/www.t4franquicias.com\/pt\/servicos-para-franquias\/gestao-rede-franquias\/","title":{"rendered":"Gest\u00e3o da rede de franquias"},"content":{"rendered":"<div id=\"the_content\" class=\"row\"><div class=\"cell bg12\"><p data-start=\"0\" data-end=\"31\"><strong data-start=\"0\" data-end=\"31\">Gest\u00e3o da rede de franquias<\/strong><\/p>\n<p data-start=\"33\" data-end=\"296\">A gest\u00e3o da rede de franquias \u00e9 um conceito essencial que afeta tanto as grandes redes como aquelas que se encontram nas fases iniciais de desenvolvimento. Todas as redes que gerem corretamente as suas unidades obt\u00eam uma rentabilidade significativamente superior.<\/p>\n<p data-start=\"298\" data-end=\"488\">Durante muito tempo, foi comum que as empresas se focassem quase exclusivamente na expans\u00e3o, negligenciando ou dedicando poucos recursos \u00e0 gest\u00e3o das suas redes \u2014 com consequ\u00eancias vis\u00edveis.<\/p>\n<p data-start=\"490\" data-end=\"771\">Os tempos mudaram, e o franchising tamb\u00e9m. Atualmente, \u00e9 dif\u00edcil sustentar um crescimento saud\u00e1vel sem uma gest\u00e3o eficaz da rede. Fazer tudo ao mesmo tempo n\u00e3o \u00e9 f\u00e1cil, mas a diferen\u00e7a \u00e9 clara: <strong data-start=\"684\" data-end=\"771\">fazer bem \u00e9 muito rent\u00e1vel, ficar a meio caminho gera instabilidade e preocupa\u00e7\u00f5es.<\/strong><\/p>\n<h3 data-start=\"778\" data-end=\"824\"><strong data-start=\"782\" data-end=\"824\">O que \u00e9 a Gest\u00e3o de Redes de Franquia?<\/strong><\/h3>\n<ul data-start=\"826\" data-end=\"1216\">\n<li data-start=\"826\" data-end=\"917\">\n<p data-start=\"828\" data-end=\"917\">\u00c9 garantir, de forma cont\u00ednua e crescente, a <strong data-start=\"873\" data-end=\"906\">rentabilidade de cada unidade<\/strong> da rede.<\/p>\n<\/li>\n<li data-start=\"918\" data-end=\"1012\">\n<p data-start=\"920\" data-end=\"1012\">\u00c9 compreender que <strong data-start=\"938\" data-end=\"962\">os lucros da central<\/strong> s\u00e3o o somat\u00f3rio dos lucros de cada franchisado.<\/p>\n<\/li>\n<li data-start=\"1013\" data-end=\"1216\">\n<p data-start=\"1015\" data-end=\"1089\">\u00c9 adaptar as mudan\u00e7as necess\u00e1rias para que uma boa gest\u00e3o de rede permita:<\/p>\n<ul data-start=\"1092\" data-end=\"1216\">\n<li data-start=\"1092\" data-end=\"1146\">\n<p data-start=\"1094\" data-end=\"1146\">Rentabilidade desde o in\u00edcio com cada nova unidade<\/p>\n<\/li>\n<li data-start=\"1149\" data-end=\"1179\">\n<p data-start=\"1151\" data-end=\"1179\">Coes\u00e3o e lideran\u00e7a interna<\/p>\n<\/li>\n<li data-start=\"1182\" data-end=\"1216\">\n<p data-start=\"1184\" data-end=\"1216\">Crescimento empresarial s\u00f3lido<\/p>\n<\/li>\n<\/ul>\n<\/li>\n<\/ul>\n<p data-start=\"1218\" data-end=\"1310\"><strong data-start=\"1218\" data-end=\"1310\">Mas, acima de tudo, \u00e9 gerar valor como empresa e garantir a sua sustentabilidade futura.<\/strong><\/p>\n<h3 data-start=\"1317\" data-end=\"1344\"><strong data-start=\"1321\" data-end=\"1344\">COMO ALCAN\u00c7AR ISSO?<\/strong><\/h3>\n<p data-start=\"1346\" data-end=\"1482\">A \u00fanica forma de o conseguir \u00e9 com uma <strong data-start=\"1385\" data-end=\"1424\">estrat\u00e9gia bem definida e integrada<\/strong> pela dire\u00e7\u00e3o, com um plano que contemple simultaneamente:<\/p>\n<ul data-start=\"1484\" data-end=\"1575\">\n<li data-start=\"1484\" data-end=\"1516\">\n<p data-start=\"1486\" data-end=\"1516\"><strong data-start=\"1486\" data-end=\"1514\">Desenvolvimento da Marca<\/strong><\/p>\n<\/li>\n<li data-start=\"1517\" data-end=\"1541\">\n<p data-start=\"1519\" data-end=\"1541\"><strong data-start=\"1519\" data-end=\"1539\">Expans\u00e3o da Rede<\/strong><\/p>\n<\/li>\n<li data-start=\"1542\" data-end=\"1575\">\n<p data-start=\"1544\" data-end=\"1575\"><strong data-start=\"1544\" data-end=\"1575\">Manuten\u00e7\u00e3o e Suporte \u00e0 Rede<\/strong><\/p>\n<\/li>\n<\/ul>\n<h3 data-start=\"1582\" data-end=\"1608\"><strong data-start=\"1586\" data-end=\"1606\">A NOSSA PROPOSTA<\/strong><\/h3>\n<p data-start=\"1609\" data-end=\"1803\">Aumentar a rentabilidade conjunta da rede, a sua solidez e posicionamento no mercado desde a integra\u00e7\u00e3o de cada novo franchisado, aplicando <strong data-start=\"1749\" data-end=\"1802\">crit\u00e9rios rigorosos de gest\u00e3o de rede de franquia<\/strong>.<\/p>\n<h3 data-start=\"1810\" data-end=\"1866\"><strong data-start=\"1814\" data-end=\"1866\">O NOSSO TRABALHO ESTRUTURA-SE DA SEGUINTE FORMA:<\/strong><\/h3>\n<ul data-start=\"1868\" data-end=\"2226\">\n<li data-start=\"1868\" data-end=\"1979\">\n<p data-start=\"1870\" data-end=\"1979\"><strong data-start=\"1870\" data-end=\"1907\">Relat\u00f3rio de Diagn\u00f3stico da Rede:<\/strong><br data-start=\"1907\" data-end=\"1910\" \/>An\u00e1lise da central, dos franchisados e do mercado onde a rede atua.<\/p>\n<\/li>\n<li data-start=\"1981\" data-end=\"2092\">\n<p data-start=\"1983\" data-end=\"2092\"><strong data-start=\"1983\" data-end=\"2006\">Plano de Melhorias:<\/strong><br data-start=\"2006\" data-end=\"2009\" \/>Propostas concretas de a\u00e7\u00f5es a implementar, com defini\u00e7\u00e3o de fases e prioridades.<\/p>\n<\/li>\n<li data-start=\"2094\" data-end=\"2226\">\n<p data-start=\"2096\" data-end=\"2226\"><strong data-start=\"2096\" data-end=\"2125\">Acompanhamento e Suporte:<\/strong><br data-start=\"2125\" data-end=\"2128\" \/>Apoio cont\u00ednuo na execu\u00e7\u00e3o de todas as a\u00e7\u00f5es propostas, assegurando a sua correta implementa\u00e7\u00e3o.<\/p>\n<\/li>\n<\/ul>\n<p data-start=\"2233\" data-end=\"2384\" data-is-last-node=\"\" data-is-only-node=\"\">Na <strong data-start=\"2236\" data-end=\"2252\">T4 Franquias<\/strong>, ajudamos as marcas a crescer com uma base s\u00f3lida, apoiando-as na constru\u00e7\u00e3o de redes coesas, rent\u00e1veis e preparadas para o futuro.<\/p>\n<\/div><\/div>","protected":false},"excerpt":{"rendered":"<p>Gest\u00e3o da rede de franquias A gest\u00e3o da rede de franquias \u00e9 um conceito essencial que afeta tanto as grandes redes como aquelas que se encontram nas fases iniciais de desenvolvimento. Todas as redes que gerem corretamente as suas unidades obt\u00eam uma rentabilidade significativamente superior. Durante muito tempo, foi comum que as empresas se focassem [&hellip;]<\/p>\n","protected":false},"author":1,"featured_media":0,"parent":17,"menu_order":6,"comment_status":"closed","ping_status":"closed","template":"","meta":{"_acf_changed":false,"footnotes":""},"class_list":["post-103","page","type-page","status-publish","hentry"],"acf":[],"yoast_head":"<!-- This site is optimized with the Yoast SEO Premium plugin v27.2 (Yoast SEO v27.2) - https:\/\/yoast.com\/product\/yoast-seo-premium-wordpress\/ -->\n<title>Servi\u00e7os de gest\u00e3o da rede de franquias<\/title>\n<meta name=\"description\" content=\"A gest\u00e3o de franquia afeta tanto as grandes redes como aquelas que est\u00e3o em fase inicial. As redes que gerem adequadamente os seus franchisados alcan\u00e7am uma elevada rentabilidade.\" \/>\n<meta name=\"robots\" content=\"index, follow, max-snippet:-1, max-image-preview:large, max-video-preview:-1\" \/>\n<link rel=\"canonical\" href=\"https:\/\/www.t4franquicias.com\/pt\/servicos-para-franquias\/gestao-rede-franquias\/\" \/>\n<meta property=\"og:locale\" content=\"es_ES\" \/>\n<meta property=\"og:type\" content=\"article\" \/>\n<meta property=\"og:title\" content=\"Gest\u00e3o da rede de franquias\" \/>\n<meta property=\"og:description\" content=\"A gest\u00e3o de franquia afeta tanto as grandes redes como aquelas que est\u00e3o em fase inicial. As redes que gerem adequadamente os seus franchisados alcan\u00e7am uma elevada rentabilidade.\" \/>\n<meta property=\"og:url\" content=\"https:\/\/www.t4franquicias.com\/pt\/servicos-para-franquias\/gestao-rede-franquias\/\" \/>\n<meta property=\"og:site_name\" content=\"T4franquicias.com [pt]\" \/>\n<meta property=\"article:publisher\" content=\"https:\/\/www.facebook.com\/T4-Franquicias-270127153112770\/\" \/>\n<meta property=\"article:modified_time\" content=\"2025-05-23T12:39:24+00:00\" \/>\n<meta property=\"og:image\" content=\"https:\/\/i0.wp.com\/www.t4franquicias.com\/wp-content\/uploads\/sites\/4\/2015\/10\/T4FRANQUICIAS_web2.png\" \/>\n\t<meta property=\"og:image:width\" content=\"200\" \/>\n\t<meta property=\"og:image:height\" content=\"176\" \/>\n\t<meta property=\"og:image:type\" content=\"image\/png\" \/>\n<meta name=\"twitter:card\" content=\"summary_large_image\" \/>\n<meta name=\"twitter:site\" content=\"@T4Franquicias\" \/>\n<meta name=\"twitter:label1\" content=\"Tiempo de lectura\" \/>\n\t<meta name=\"twitter:data1\" content=\"2 minutos\" \/>\n<script type=\"application\/ld+json\" class=\"yoast-schema-graph\">{\"@context\":\"https:\/\/schema.org\",\"@graph\":[{\"@type\":\"WebPage\",\"@id\":\"https:\/\/www.t4franquicias.com\/pt\/servicos-para-franquias\/gestao-rede-franquias\/\",\"url\":\"https:\/\/www.t4franquicias.com\/pt\/servicos-para-franquias\/gestao-rede-franquias\/\",\"name\":\"Servi\u00e7os de gest\u00e3o da rede de franquias\",\"isPartOf\":{\"@id\":\"https:\/\/www.t4franquicias.com\/pt\/#website\"},\"datePublished\":\"2012-10-15T15:52:57+00:00\",\"dateModified\":\"2025-05-23T12:39:24+00:00\",\"description\":\"A gest\u00e3o de franquia afeta tanto as grandes redes como aquelas que est\u00e3o em fase inicial. As redes que gerem adequadamente os seus franchisados alcan\u00e7am uma elevada rentabilidade.\",\"breadcrumb\":{\"@id\":\"https:\/\/www.t4franquicias.com\/pt\/servicos-para-franquias\/gestao-rede-franquias\/#breadcrumb\"},\"inLanguage\":\"es\",\"potentialAction\":[{\"@type\":\"ReadAction\",\"target\":[\"https:\/\/www.t4franquicias.com\/pt\/servicos-para-franquias\/gestao-rede-franquias\/\"]}]},{\"@type\":\"BreadcrumbList\",\"@id\":\"https:\/\/www.t4franquicias.com\/pt\/servicos-para-franquias\/gestao-rede-franquias\/#breadcrumb\",\"itemListElement\":[{\"@type\":\"ListItem\",\"position\":1,\"name\":\"Portada\",\"item\":\"https:\/\/www.t4franquicias.com\/pt\/\"},{\"@type\":\"ListItem\",\"position\":2,\"name\":\"Servi\u00e7os para franquias\",\"item\":\"https:\/\/www.t4franquicias.com\/pt\/servicos-para-franquias\/\"},{\"@type\":\"ListItem\",\"position\":3,\"name\":\"Gest\u00e3o da rede de franquias\"}]},{\"@type\":\"WebSite\",\"@id\":\"https:\/\/www.t4franquicias.com\/pt\/#website\",\"url\":\"https:\/\/www.t4franquicias.com\/pt\/\",\"name\":\"T4 Franquicias\",\"description\":\" Assessores e Consultores de Franquias\",\"publisher\":{\"@id\":\"https:\/\/www.t4franquicias.com\/pt\/#organization\"},\"alternateName\":\"T4 Franquicias\",\"potentialAction\":[{\"@type\":\"SearchAction\",\"target\":{\"@type\":\"EntryPoint\",\"urlTemplate\":\"https:\/\/www.t4franquicias.com\/pt\/?s={search_term_string}\"},\"query-input\":{\"@type\":\"PropertyValueSpecification\",\"valueRequired\":true,\"valueName\":\"search_term_string\"}}],\"inLanguage\":\"es\"},{\"@type\":\"Organization\",\"@id\":\"https:\/\/www.t4franquicias.com\/pt\/#organization\",\"name\":\"T4 Fraqnuicias\",\"alternateName\":\"T4 Franquicias\",\"url\":\"https:\/\/www.t4franquicias.com\/pt\/\",\"logo\":{\"@type\":\"ImageObject\",\"inLanguage\":\"es\",\"@id\":\"https:\/\/www.t4franquicias.com\/pt\/#\/schema\/logo\/image\/\",\"url\":\"https:\/\/www.t4franquicias.com\/wp-content\/uploads\/2018\/04\/t4-logo.svg\",\"contentUrl\":\"https:\/\/www.t4franquicias.com\/wp-content\/uploads\/2018\/04\/t4-logo.svg\",\"width\":1,\"height\":1,\"caption\":\"T4 Fraqnuicias\"},\"image\":{\"@id\":\"https:\/\/www.t4franquicias.com\/pt\/#\/schema\/logo\/image\/\"},\"sameAs\":[\"https:\/\/www.facebook.com\/T4-Franquicias-270127153112770\/\",\"https:\/\/x.com\/T4Franquicias\",\"https:\/\/www.instagram.com\/t4franquicias\/\",\"https:\/\/www.linkedin.com\/authwall?trk=gf&amp;amp;amp;amp;amp;trkInfo=AQG83SA0TyN3UQAAAWMYAdeghPMLtp364yC1mwjqOVe3ltdrpkNISDeFPIu5JnOXZabpHhOck9v-kKJi00EkvJPzGLSsSKwe2E0JZHQKhoOz7ZyIDeTOPiKeS5bj4J2m9m1iR_M=&amp;amp;amp;amp;amp;originalReferer=http:\/\/www.t4franquicias.com\/&amp;amp;amp;amp;amp;sessionRedirect=https:\/\/www.linkedin.com\/company\/t4-franquicias?trk=tyah\"]}]}<\/script>\n<!-- \/ Yoast SEO Premium plugin. -->","yoast_head_json":{"title":"Servi\u00e7os de gest\u00e3o da rede de franquias","description":"A gest\u00e3o de franquia afeta tanto as grandes redes como aquelas que est\u00e3o em fase inicial. As redes que gerem adequadamente os seus franchisados alcan\u00e7am uma elevada rentabilidade.","robots":{"index":"index","follow":"follow","max-snippet":"max-snippet:-1","max-image-preview":"max-image-preview:large","max-video-preview":"max-video-preview:-1"},"canonical":"https:\/\/www.t4franquicias.com\/pt\/servicos-para-franquias\/gestao-rede-franquias\/","og_locale":"es_ES","og_type":"article","og_title":"Gest\u00e3o da rede de franquias","og_description":"A gest\u00e3o de franquia afeta tanto as grandes redes como aquelas que est\u00e3o em fase inicial. As redes que gerem adequadamente os seus franchisados alcan\u00e7am uma elevada rentabilidade.","og_url":"https:\/\/www.t4franquicias.com\/pt\/servicos-para-franquias\/gestao-rede-franquias\/","og_site_name":"T4franquicias.com [pt]","article_publisher":"https:\/\/www.facebook.com\/T4-Franquicias-270127153112770\/","article_modified_time":"2025-05-23T12:39:24+00:00","og_image":[{"width":200,"height":176,"url":"https:\/\/i0.wp.com\/www.t4franquicias.com\/wp-content\/uploads\/sites\/4\/2015\/10\/T4FRANQUICIAS_web2.png","type":"image\/png"}],"twitter_card":"summary_large_image","twitter_site":"@T4Franquicias","twitter_misc":{"Tiempo de lectura":"2 minutos"},"schema":{"@context":"https:\/\/schema.org","@graph":[{"@type":"WebPage","@id":"https:\/\/www.t4franquicias.com\/pt\/servicos-para-franquias\/gestao-rede-franquias\/","url":"https:\/\/www.t4franquicias.com\/pt\/servicos-para-franquias\/gestao-rede-franquias\/","name":"Servi\u00e7os de gest\u00e3o da rede de franquias","isPartOf":{"@id":"https:\/\/www.t4franquicias.com\/pt\/#website"},"datePublished":"2012-10-15T15:52:57+00:00","dateModified":"2025-05-23T12:39:24+00:00","description":"A gest\u00e3o de franquia afeta tanto as grandes redes como aquelas que est\u00e3o em fase inicial. As redes que gerem adequadamente os seus franchisados alcan\u00e7am uma elevada rentabilidade.","breadcrumb":{"@id":"https:\/\/www.t4franquicias.com\/pt\/servicos-para-franquias\/gestao-rede-franquias\/#breadcrumb"},"inLanguage":"es","potentialAction":[{"@type":"ReadAction","target":["https:\/\/www.t4franquicias.com\/pt\/servicos-para-franquias\/gestao-rede-franquias\/"]}]},{"@type":"BreadcrumbList","@id":"https:\/\/www.t4franquicias.com\/pt\/servicos-para-franquias\/gestao-rede-franquias\/#breadcrumb","itemListElement":[{"@type":"ListItem","position":1,"name":"Portada","item":"https:\/\/www.t4franquicias.com\/pt\/"},{"@type":"ListItem","position":2,"name":"Servi\u00e7os para franquias","item":"https:\/\/www.t4franquicias.com\/pt\/servicos-para-franquias\/"},{"@type":"ListItem","position":3,"name":"Gest\u00e3o da rede de franquias"}]},{"@type":"WebSite","@id":"https:\/\/www.t4franquicias.com\/pt\/#website","url":"https:\/\/www.t4franquicias.com\/pt\/","name":"T4 Franquicias","description":" Assessores e Consultores de Franquias","publisher":{"@id":"https:\/\/www.t4franquicias.com\/pt\/#organization"},"alternateName":"T4 Franquicias","potentialAction":[{"@type":"SearchAction","target":{"@type":"EntryPoint","urlTemplate":"https:\/\/www.t4franquicias.com\/pt\/?s={search_term_string}"},"query-input":{"@type":"PropertyValueSpecification","valueRequired":true,"valueName":"search_term_string"}}],"inLanguage":"es"},{"@type":"Organization","@id":"https:\/\/www.t4franquicias.com\/pt\/#organization","name":"T4 Fraqnuicias","alternateName":"T4 Franquicias","url":"https:\/\/www.t4franquicias.com\/pt\/","logo":{"@type":"ImageObject","inLanguage":"es","@id":"https:\/\/www.t4franquicias.com\/pt\/#\/schema\/logo\/image\/","url":"https:\/\/www.t4franquicias.com\/wp-content\/uploads\/2018\/04\/t4-logo.svg","contentUrl":"https:\/\/www.t4franquicias.com\/wp-content\/uploads\/2018\/04\/t4-logo.svg","width":1,"height":1,"caption":"T4 Fraqnuicias"},"image":{"@id":"https:\/\/www.t4franquicias.com\/pt\/#\/schema\/logo\/image\/"},"sameAs":["https:\/\/www.facebook.com\/T4-Franquicias-270127153112770\/","https:\/\/x.com\/T4Franquicias","https:\/\/www.instagram.com\/t4franquicias\/","https:\/\/www.linkedin.com\/authwall?trk=gf&amp;amp;amp;amp;amp;trkInfo=AQG83SA0TyN3UQAAAWMYAdeghPMLtp364yC1mwjqOVe3ltdrpkNISDeFPIu5JnOXZabpHhOck9v-kKJi00EkvJPzGLSsSKwe2E0JZHQKhoOz7ZyIDeTOPiKeS5bj4J2m9m1iR_M=&amp;amp;amp;amp;amp;originalReferer=http:\/\/www.t4franquicias.com\/&amp;amp;amp;amp;amp;sessionRedirect=https:\/\/www.linkedin.com\/company\/t4-franquicias?trk=tyah"]}]}},"_links":{"self":[{"href":"https:\/\/www.t4franquicias.com\/pt\/wp-json\/wp\/v2\/pages\/103","targetHints":{"allow":["GET"]}}],"collection":[{"href":"https:\/\/www.t4franquicias.com\/pt\/wp-json\/wp\/v2\/pages"}],"about":[{"href":"https:\/\/www.t4franquicias.com\/pt\/wp-json\/wp\/v2\/types\/page"}],"author":[{"embeddable":true,"href":"https:\/\/www.t4franquicias.com\/pt\/wp-json\/wp\/v2\/users\/1"}],"replies":[{"embeddable":true,"href":"https:\/\/www.t4franquicias.com\/pt\/wp-json\/wp\/v2\/comments?post=103"}],"version-history":[{"count":0,"href":"https:\/\/www.t4franquicias.com\/pt\/wp-json\/wp\/v2\/pages\/103\/revisions"}],"up":[{"embeddable":true,"href":"https:\/\/www.t4franquicias.com\/pt\/wp-json\/wp\/v2\/pages\/17"}],"wp:attachment":[{"href":"https:\/\/www.t4franquicias.com\/pt\/wp-json\/wp\/v2\/media?parent=103"}],"curies":[{"name":"wp","href":"https:\/\/api.w.org\/{rel}","templated":true}]}}