{"id":101,"date":"2012-10-15T17:52:44","date_gmt":"2012-10-15T15:52:44","guid":{"rendered":"https:\/\/www.t4franquicias.com\/?page_id=101"},"modified":"2025-05-29T14:03:04","modified_gmt":"2025-05-29T12:03:04","slug":"outros-servicos","status":"publish","type":"page","link":"https:\/\/www.t4franquicias.com\/pt\/servicos-para-franquias\/outros-servicos\/","title":{"rendered":"Outros servi\u00e7os"},"content":{"rendered":"<div id=\"the_content\" class=\"row\"><div class=\"cell bg12\"><blockquote><p><em>Para al\u00e9m de termos um conjunto de servi\u00e7os muito espec\u00edfico e orientado para novos franchisadores, ao longo de v\u00e1rios anos de experi\u00eancia, apoi\u00e1mos empresas de franchising em fase de arranque com servi\u00e7os muito \u00fanicos e espec\u00edficos.<\/em><\/p><\/blockquote>\n<p>Todos os nossos servi\u00e7os respondem \u00e0s necessidades espec\u00edficas dos nossos clientes, pelo que a maioria dos nossos servi\u00e7os responde a um leque muito alargado de solicita\u00e7\u00f5es dos nossos clientes e, nesse sentido, desenvolvemos tamb\u00e9m linhas de trabalho para apoiar solicita\u00e7\u00f5es muito espec\u00edficas de empresas franchisadas que est\u00e3o a iniciar-se ou que pretendem avaliar se o franchising \u00e9 a f\u00f3rmula mais adequada para o crescimento da sua empresa.<\/p>\n<p>A este respeito, podemos referir, de forma n\u00e3o exaustiva, o seguinte:<\/p>\n<ul>\n<li>An\u00e1lise de viabilidade<\/li>\n<li>Elabora\u00e7\u00e3o e revis\u00e3o dos argumentos de venda<\/li>\n<li>Melhoria e otimiza\u00e7\u00e3o do modelo comercial<\/li>\n<li>Planos de comunica\u00e7\u00e3o social<\/li>\n<li>Planos comerciais, etc.<\/li>\n<\/ul>\n<p>Se a sua empresa tem uma necessidade espec\u00edfica e precisa de saber se o podemos ajudar, n\u00e3o hesite em contactar-nos.<\/p>\n<\/div><\/div>","protected":false},"excerpt":{"rendered":"<p>Para al\u00e9m de termos um conjunto de servi\u00e7os muito espec\u00edfico e orientado para novos franchisadores, ao longo de v\u00e1rios anos de experi\u00eancia, apoi\u00e1mos empresas de franchising em fase de arranque com servi\u00e7os muito \u00fanicos e espec\u00edficos. Todos os nossos servi\u00e7os respondem \u00e0s necessidades espec\u00edficas dos nossos clientes, pelo que a maioria dos nossos servi\u00e7os responde [&hellip;]<\/p>\n","protected":false},"author":1,"featured_media":0,"parent":17,"menu_order":10,"comment_status":"closed","ping_status":"closed","template":"","meta":{"_acf_changed":false,"footnotes":""},"class_list":["post-101","page","type-page","status-publish","hentry"],"acf":[],"yoast_head":"<!-- This site is optimized with the Yoast SEO Premium plugin v27.2 (Yoast SEO v27.2) - https:\/\/yoast.com\/product\/yoast-seo-premium-wordpress\/ -->\n<title>Outros servi\u00e7os para franchisados e franchisados - T4 Franquicias<\/title>\n<meta name=\"description\" content=\"Temos servi\u00e7os muito espec\u00edficos e localizados dispon\u00edveis para novos franchisadores, apoi\u00e1mos empresas de franchising com servi\u00e7os espec\u00edficos\" \/>\n<meta name=\"robots\" content=\"index, follow, max-snippet:-1, max-image-preview:large, max-video-preview:-1\" \/>\n<link rel=\"canonical\" href=\"https:\/\/www.t4franquicias.com\/pt\/servicos-para-franquias\/outros-servicos\/\" \/>\n<meta property=\"og:locale\" content=\"es_ES\" \/>\n<meta property=\"og:type\" content=\"article\" \/>\n<meta property=\"og:title\" content=\"Outros servi\u00e7os\" \/>\n<meta property=\"og:description\" content=\"Temos servi\u00e7os muito espec\u00edficos e localizados dispon\u00edveis para novos franchisadores, apoi\u00e1mos empresas de franchising com servi\u00e7os espec\u00edficos\" \/>\n<meta property=\"og:url\" content=\"https:\/\/www.t4franquicias.com\/pt\/servicos-para-franquias\/outros-servicos\/\" \/>\n<meta property=\"og:site_name\" content=\"T4franquicias.com [pt]\" \/>\n<meta property=\"article:publisher\" content=\"https:\/\/www.facebook.com\/T4-Franquicias-270127153112770\/\" \/>\n<meta property=\"article:modified_time\" content=\"2025-05-29T12:03:04+00:00\" \/>\n<meta property=\"og:image\" content=\"https:\/\/i0.wp.com\/www.t4franquicias.com\/wp-content\/uploads\/sites\/4\/2015\/10\/T4FRANQUICIAS_web2.png\" \/>\n\t<meta property=\"og:image:width\" content=\"200\" \/>\n\t<meta property=\"og:image:height\" content=\"176\" \/>\n\t<meta property=\"og:image:type\" content=\"image\/png\" \/>\n<meta name=\"twitter:card\" content=\"summary_large_image\" \/>\n<meta name=\"twitter:site\" content=\"@T4Franquicias\" \/>\n<meta name=\"twitter:label1\" content=\"Tiempo de lectura\" \/>\n\t<meta name=\"twitter:data1\" content=\"1 minuto\" \/>\n<script type=\"application\/ld+json\" class=\"yoast-schema-graph\">{\"@context\":\"https:\/\/schema.org\",\"@graph\":[{\"@type\":\"WebPage\",\"@id\":\"https:\/\/www.t4franquicias.com\/pt\/servicos-para-franquias\/outros-servicos\/\",\"url\":\"https:\/\/www.t4franquicias.com\/pt\/servicos-para-franquias\/outros-servicos\/\",\"name\":\"Outros servi\u00e7os para franchisados e franchisados - T4 Franquicias\",\"isPartOf\":{\"@id\":\"https:\/\/www.t4franquicias.com\/pt\/#website\"},\"datePublished\":\"2012-10-15T15:52:44+00:00\",\"dateModified\":\"2025-05-29T12:03:04+00:00\",\"description\":\"Temos servi\u00e7os muito espec\u00edficos e localizados dispon\u00edveis para novos franchisadores, apoi\u00e1mos empresas de franchising com servi\u00e7os espec\u00edficos\",\"breadcrumb\":{\"@id\":\"https:\/\/www.t4franquicias.com\/pt\/servicos-para-franquias\/outros-servicos\/#breadcrumb\"},\"inLanguage\":\"es\",\"potentialAction\":[{\"@type\":\"ReadAction\",\"target\":[\"https:\/\/www.t4franquicias.com\/pt\/servicos-para-franquias\/outros-servicos\/\"]}]},{\"@type\":\"BreadcrumbList\",\"@id\":\"https:\/\/www.t4franquicias.com\/pt\/servicos-para-franquias\/outros-servicos\/#breadcrumb\",\"itemListElement\":[{\"@type\":\"ListItem\",\"position\":1,\"name\":\"Portada\",\"item\":\"https:\/\/www.t4franquicias.com\/pt\/\"},{\"@type\":\"ListItem\",\"position\":2,\"name\":\"Servi\u00e7os para franquias\",\"item\":\"https:\/\/www.t4franquicias.com\/pt\/servicos-para-franquias\/\"},{\"@type\":\"ListItem\",\"position\":3,\"name\":\"Outros servi\u00e7os\"}]},{\"@type\":\"WebSite\",\"@id\":\"https:\/\/www.t4franquicias.com\/pt\/#website\",\"url\":\"https:\/\/www.t4franquicias.com\/pt\/\",\"name\":\"T4 Franquicias\",\"description\":\" Assessores e Consultores de Franquias\",\"publisher\":{\"@id\":\"https:\/\/www.t4franquicias.com\/pt\/#organization\"},\"alternateName\":\"T4 Franquicias\",\"potentialAction\":[{\"@type\":\"SearchAction\",\"target\":{\"@type\":\"EntryPoint\",\"urlTemplate\":\"https:\/\/www.t4franquicias.com\/pt\/?s={search_term_string}\"},\"query-input\":{\"@type\":\"PropertyValueSpecification\",\"valueRequired\":true,\"valueName\":\"search_term_string\"}}],\"inLanguage\":\"es\"},{\"@type\":\"Organization\",\"@id\":\"https:\/\/www.t4franquicias.com\/pt\/#organization\",\"name\":\"T4 Fraqnuicias\",\"alternateName\":\"T4 Franquicias\",\"url\":\"https:\/\/www.t4franquicias.com\/pt\/\",\"logo\":{\"@type\":\"ImageObject\",\"inLanguage\":\"es\",\"@id\":\"https:\/\/www.t4franquicias.com\/pt\/#\/schema\/logo\/image\/\",\"url\":\"https:\/\/www.t4franquicias.com\/wp-content\/uploads\/2018\/04\/t4-logo.svg\",\"contentUrl\":\"https:\/\/www.t4franquicias.com\/wp-content\/uploads\/2018\/04\/t4-logo.svg\",\"width\":1,\"height\":1,\"caption\":\"T4 Fraqnuicias\"},\"image\":{\"@id\":\"https:\/\/www.t4franquicias.com\/pt\/#\/schema\/logo\/image\/\"},\"sameAs\":[\"https:\/\/www.facebook.com\/T4-Franquicias-270127153112770\/\",\"https:\/\/x.com\/T4Franquicias\",\"https:\/\/www.instagram.com\/t4franquicias\/\",\"https:\/\/www.linkedin.com\/authwall?trk=gf&amp;amp;amp;amp;amp;trkInfo=AQG83SA0TyN3UQAAAWMYAdeghPMLtp364yC1mwjqOVe3ltdrpkNISDeFPIu5JnOXZabpHhOck9v-kKJi00EkvJPzGLSsSKwe2E0JZHQKhoOz7ZyIDeTOPiKeS5bj4J2m9m1iR_M=&amp;amp;amp;amp;amp;originalReferer=http:\/\/www.t4franquicias.com\/&amp;amp;amp;amp;amp;sessionRedirect=https:\/\/www.linkedin.com\/company\/t4-franquicias?trk=tyah\"]}]}<\/script>\n<!-- \/ Yoast SEO Premium plugin. -->","yoast_head_json":{"title":"Outros servi\u00e7os para franchisados e franchisados - T4 Franquicias","description":"Temos servi\u00e7os muito espec\u00edficos e localizados dispon\u00edveis para novos franchisadores, apoi\u00e1mos empresas de franchising com servi\u00e7os espec\u00edficos","robots":{"index":"index","follow":"follow","max-snippet":"max-snippet:-1","max-image-preview":"max-image-preview:large","max-video-preview":"max-video-preview:-1"},"canonical":"https:\/\/www.t4franquicias.com\/pt\/servicos-para-franquias\/outros-servicos\/","og_locale":"es_ES","og_type":"article","og_title":"Outros servi\u00e7os","og_description":"Temos servi\u00e7os muito espec\u00edficos e localizados dispon\u00edveis para novos franchisadores, apoi\u00e1mos empresas de franchising com servi\u00e7os espec\u00edficos","og_url":"https:\/\/www.t4franquicias.com\/pt\/servicos-para-franquias\/outros-servicos\/","og_site_name":"T4franquicias.com [pt]","article_publisher":"https:\/\/www.facebook.com\/T4-Franquicias-270127153112770\/","article_modified_time":"2025-05-29T12:03:04+00:00","og_image":[{"width":200,"height":176,"url":"https:\/\/i0.wp.com\/www.t4franquicias.com\/wp-content\/uploads\/sites\/4\/2015\/10\/T4FRANQUICIAS_web2.png","type":"image\/png"}],"twitter_card":"summary_large_image","twitter_site":"@T4Franquicias","twitter_misc":{"Tiempo de lectura":"1 minuto"},"schema":{"@context":"https:\/\/schema.org","@graph":[{"@type":"WebPage","@id":"https:\/\/www.t4franquicias.com\/pt\/servicos-para-franquias\/outros-servicos\/","url":"https:\/\/www.t4franquicias.com\/pt\/servicos-para-franquias\/outros-servicos\/","name":"Outros servi\u00e7os para franchisados e franchisados - T4 Franquicias","isPartOf":{"@id":"https:\/\/www.t4franquicias.com\/pt\/#website"},"datePublished":"2012-10-15T15:52:44+00:00","dateModified":"2025-05-29T12:03:04+00:00","description":"Temos servi\u00e7os muito espec\u00edficos e localizados dispon\u00edveis para novos franchisadores, apoi\u00e1mos empresas de franchising com servi\u00e7os espec\u00edficos","breadcrumb":{"@id":"https:\/\/www.t4franquicias.com\/pt\/servicos-para-franquias\/outros-servicos\/#breadcrumb"},"inLanguage":"es","potentialAction":[{"@type":"ReadAction","target":["https:\/\/www.t4franquicias.com\/pt\/servicos-para-franquias\/outros-servicos\/"]}]},{"@type":"BreadcrumbList","@id":"https:\/\/www.t4franquicias.com\/pt\/servicos-para-franquias\/outros-servicos\/#breadcrumb","itemListElement":[{"@type":"ListItem","position":1,"name":"Portada","item":"https:\/\/www.t4franquicias.com\/pt\/"},{"@type":"ListItem","position":2,"name":"Servi\u00e7os para franquias","item":"https:\/\/www.t4franquicias.com\/pt\/servicos-para-franquias\/"},{"@type":"ListItem","position":3,"name":"Outros servi\u00e7os"}]},{"@type":"WebSite","@id":"https:\/\/www.t4franquicias.com\/pt\/#website","url":"https:\/\/www.t4franquicias.com\/pt\/","name":"T4 Franquicias","description":" Assessores e Consultores de Franquias","publisher":{"@id":"https:\/\/www.t4franquicias.com\/pt\/#organization"},"alternateName":"T4 Franquicias","potentialAction":[{"@type":"SearchAction","target":{"@type":"EntryPoint","urlTemplate":"https:\/\/www.t4franquicias.com\/pt\/?s={search_term_string}"},"query-input":{"@type":"PropertyValueSpecification","valueRequired":true,"valueName":"search_term_string"}}],"inLanguage":"es"},{"@type":"Organization","@id":"https:\/\/www.t4franquicias.com\/pt\/#organization","name":"T4 Fraqnuicias","alternateName":"T4 Franquicias","url":"https:\/\/www.t4franquicias.com\/pt\/","logo":{"@type":"ImageObject","inLanguage":"es","@id":"https:\/\/www.t4franquicias.com\/pt\/#\/schema\/logo\/image\/","url":"https:\/\/www.t4franquicias.com\/wp-content\/uploads\/2018\/04\/t4-logo.svg","contentUrl":"https:\/\/www.t4franquicias.com\/wp-content\/uploads\/2018\/04\/t4-logo.svg","width":1,"height":1,"caption":"T4 Fraqnuicias"},"image":{"@id":"https:\/\/www.t4franquicias.com\/pt\/#\/schema\/logo\/image\/"},"sameAs":["https:\/\/www.facebook.com\/T4-Franquicias-270127153112770\/","https:\/\/x.com\/T4Franquicias","https:\/\/www.instagram.com\/t4franquicias\/","https:\/\/www.linkedin.com\/authwall?trk=gf&amp;amp;amp;amp;amp;trkInfo=AQG83SA0TyN3UQAAAWMYAdeghPMLtp364yC1mwjqOVe3ltdrpkNISDeFPIu5JnOXZabpHhOck9v-kKJi00EkvJPzGLSsSKwe2E0JZHQKhoOz7ZyIDeTOPiKeS5bj4J2m9m1iR_M=&amp;amp;amp;amp;amp;originalReferer=http:\/\/www.t4franquicias.com\/&amp;amp;amp;amp;amp;sessionRedirect=https:\/\/www.linkedin.com\/company\/t4-franquicias?trk=tyah"]}]}},"_links":{"self":[{"href":"https:\/\/www.t4franquicias.com\/pt\/wp-json\/wp\/v2\/pages\/101","targetHints":{"allow":["GET"]}}],"collection":[{"href":"https:\/\/www.t4franquicias.com\/pt\/wp-json\/wp\/v2\/pages"}],"about":[{"href":"https:\/\/www.t4franquicias.com\/pt\/wp-json\/wp\/v2\/types\/page"}],"author":[{"embeddable":true,"href":"https:\/\/www.t4franquicias.com\/pt\/wp-json\/wp\/v2\/users\/1"}],"replies":[{"embeddable":true,"href":"https:\/\/www.t4franquicias.com\/pt\/wp-json\/wp\/v2\/comments?post=101"}],"version-history":[{"count":0,"href":"https:\/\/www.t4franquicias.com\/pt\/wp-json\/wp\/v2\/pages\/101\/revisions"}],"up":[{"embeddable":true,"href":"https:\/\/www.t4franquicias.com\/pt\/wp-json\/wp\/v2\/pages\/17"}],"wp:attachment":[{"href":"https:\/\/www.t4franquicias.com\/pt\/wp-json\/wp\/v2\/media?parent=101"}],"curies":[{"name":"wp","href":"https:\/\/api.w.org\/{rel}","templated":true}]}}